{"id":329,"date":"2020-10-13T13:22:52","date_gmt":"2020-10-13T11:22:52","guid":{"rendered":"http:\/\/anber.es\/web\/?page_id=329"},"modified":"2021-03-26T13:38:15","modified_gmt":"2021-03-26T11:38:15","slug":"servicios","status":"publish","type":"page","link":"https:\/\/anber.es\/web\/servicios\/","title":{"rendered":"Servicios"},"content":{"rendered":"\t\t<div data-elementor-type=\"wp-page\" data-elementor-id=\"329\" class=\"elementor elementor-329\" data-elementor-post-type=\"page\">\n\t\t\t\t\t\t\t\t\t<section class=\"elementor-section elementor-top-section elementor-element elementor-element-6c76970e elementor-section-height-min-height elementor-section-items-stretch elementor-section-boxed elementor-section-height-default\" data-id=\"6c76970e\" data-element_type=\"section\" data-settings=\"{&quot;background_background&quot;:&quot;classic&quot;}\">\n\t\t\t\t\t\t\t<div class=\"elementor-background-overlay\"><\/div>\n\t\t\t\t\t\t\t<div class=\"elementor-container elementor-column-gap-default\">\n\t\t\t\t\t<div class=\"elementor-column elementor-col-100 elementor-top-column elementor-element elementor-element-14e4ffb7\" data-id=\"14e4ffb7\" data-element_type=\"column\">\n\t\t\t<div class=\"elementor-widget-wrap elementor-element-populated\">\n\t\t\t\t\t\t\t\t<section class=\"elementor-section elementor-inner-section elementor-element elementor-element-48609673 elementor-section-boxed elementor-section-height-default elementor-section-height-default\" data-id=\"48609673\" data-element_type=\"section\">\n\t\t\t\t\t\t<div class=\"elementor-container elementor-column-gap-default\">\n\t\t\t\t\t<div class=\"elementor-column elementor-col-50 elementor-inner-column elementor-element elementor-element-1053c4d1\" data-id=\"1053c4d1\" data-element_type=\"column\">\n\t\t\t<div class=\"elementor-widget-wrap\">\n\t\t\t\t\t\t\t\t\t<\/div>\n\t\t<\/div>\n\t\t\t\t<div class=\"elementor-column elementor-col-50 elementor-inner-column elementor-element elementor-element-289538c9\" data-id=\"289538c9\" data-element_type=\"column\">\n\t\t\t<div class=\"elementor-widget-wrap\">\n\t\t\t\t\t\t\t\t\t<\/div>\n\t\t<\/div>\n\t\t\t\t\t\t\t<\/div>\n\t\t<\/section>\n\t\t\t\t<section class=\"elementor-section elementor-inner-section elementor-element elementor-element-73b59ab3 elementor-section-boxed elementor-section-height-default elementor-section-height-default\" data-id=\"73b59ab3\" data-element_type=\"section\">\n\t\t\t\t\t\t<div class=\"elementor-container elementor-column-gap-default\">\n\t\t\t\t\t<div class=\"elementor-column elementor-col-50 elementor-inner-column elementor-element elementor-element-40a86f6e\" data-id=\"40a86f6e\" data-element_type=\"column\">\n\t\t\t<div class=\"elementor-widget-wrap\">\n\t\t\t\t\t\t\t\t\t<\/div>\n\t\t<\/div>\n\t\t\t\t<div class=\"elementor-column elementor-col-50 elementor-inner-column elementor-element elementor-element-2158b97a\" data-id=\"2158b97a\" data-element_type=\"column\">\n\t\t\t<div class=\"elementor-widget-wrap elementor-element-populated\">\n\t\t\t\t\t\t\t\t<div class=\"elementor-element elementor-element-184eae5a elementor-widget elementor-widget-woocommerce-breadcrumb\" data-id=\"184eae5a\" data-element_type=\"widget\" data-widget_type=\"woocommerce-breadcrumb.default\">\n\t\t\t\t<div class=\"elementor-widget-container\">\n\t\t\t<nav class=\"woocommerce-breadcrumb\">Inicio<\/nav>\t\t<\/div>\n\t\t\t\t<\/div>\n\t\t\t\t\t<\/div>\n\t\t<\/div>\n\t\t\t\t\t\t\t<\/div>\n\t\t<\/section>\n\t\t\t\t\t<\/div>\n\t\t<\/div>\n\t\t\t\t\t\t\t<\/div>\n\t\t<\/section>\n\t\t\t\t<section class=\"elementor-section elementor-top-section elementor-element elementor-element-2d9989f5 elementor-section-stretched elementor-section-boxed elementor-section-height-default elementor-section-height-default\" data-id=\"2d9989f5\" data-element_type=\"section\" data-settings=\"{&quot;stretch_section&quot;:&quot;section-stretched&quot;}\">\n\t\t\t\t\t\t<div class=\"elementor-container elementor-column-gap-default\">\n\t\t\t\t\t<div class=\"elementor-column elementor-col-100 elementor-top-column elementor-element elementor-element-2ad256c3\" data-id=\"2ad256c3\" data-element_type=\"column\">\n\t\t\t<div class=\"elementor-widget-wrap elementor-element-populated\">\n\t\t\t\t\t\t\t\t<div class=\"elementor-element elementor-element-30f9f627 elementor-widget elementor-widget-heading\" data-id=\"30f9f627\" data-element_type=\"widget\" data-widget_type=\"heading.default\">\n\t\t\t\t<div class=\"elementor-widget-container\">\n\t\t\t<h1 class=\"elementor-heading-title elementor-size-default\">Servicio y atenci\u00f3n <br>\npersonalizada<\/h1>\t\t<\/div>\n\t\t\t\t<\/div>\n\t\t\t\t<div class=\"elementor-element elementor-element-4feed8f2 elementor-widget elementor-widget-text-editor\" data-id=\"4feed8f2\" data-element_type=\"widget\" data-widget_type=\"text-editor.default\">\n\t\t\t\t<div class=\"elementor-widget-container\">\n\t\t\t\t\t\t\tUna instalaci\u00f3n contra incendios es una tarea compleja y que requiere un alto grado de eficacia, sabemos, que para ti no es suficiente disponer de todo el material a tiempo para que la planificaci\u00f3n de tu jornada vaya como una seda. Con ANBER, tienes mucho m\u00e1s que esto, un asesor que estar\u00e1 a tu lado, para ayudarte con todas las dudas que puedan surgir con los materiales y equipos, antes y durante la instalaci\u00f3n.<\/p>\t\t\t\t\t\t<\/div>\n\t\t\t\t<\/div>\n\t\t\t\t\t<\/div>\n\t\t<\/div>\n\t\t\t\t\t\t\t<\/div>\n\t\t<\/section>\n\t\t\t\t<section class=\"elementor-section elementor-top-section elementor-element elementor-element-29ed5426 elementor-section-stretched elementor-section-full_width elementor-section-height-min-height elementor-section-height-default elementor-section-items-middle\" data-id=\"29ed5426\" data-element_type=\"section\" data-settings=\"{&quot;stretch_section&quot;:&quot;section-stretched&quot;,&quot;background_background&quot;:&quot;classic&quot;}\">\n\t\t\t\t\t\t<div class=\"elementor-container elementor-column-gap-no\">\n\t\t\t\t\t<div class=\"elementor-column elementor-col-100 elementor-top-column elementor-element elementor-element-1badb83\" data-id=\"1badb83\" data-element_type=\"column\">\n\t\t\t<div class=\"elementor-widget-wrap\">\n\t\t\t\t\t\t\t\t\t<\/div>\n\t\t<\/div>\n\t\t\t\t\t\t\t<\/div>\n\t\t<\/section>\n\t\t\t\t<section class=\"elementor-section elementor-top-section elementor-element elementor-element-1e00893b elementor-section-stretched elementor-section-boxed elementor-section-height-default elementor-section-height-default\" data-id=\"1e00893b\" data-element_type=\"section\" data-settings=\"{&quot;stretch_section&quot;:&quot;section-stretched&quot;}\">\n\t\t\t\t\t\t<div class=\"elementor-container elementor-column-gap-default\">\n\t\t\t\t\t<div class=\"elementor-column elementor-col-100 elementor-top-column elementor-element elementor-element-5321fa00\" data-id=\"5321fa00\" data-element_type=\"column\">\n\t\t\t<div class=\"elementor-widget-wrap elementor-element-populated\">\n\t\t\t\t\t\t\t\t<div class=\"elementor-element elementor-element-54b1cb82 elementor-widget elementor-widget-heading\" data-id=\"54b1cb82\" data-element_type=\"widget\" data-widget_type=\"heading.default\">\n\t\t\t\t<div class=\"elementor-widget-container\">\n\t\t\t<h1 class=\"elementor-heading-title elementor-size-default\">Profesionales <br>\naltamente cualificados<\/h1>\t\t<\/div>\n\t\t\t\t<\/div>\n\t\t\t\t<div class=\"elementor-element elementor-element-7f9d14d elementor-widget elementor-widget-text-editor\" data-id=\"7f9d14d\" data-element_type=\"widget\" data-widget_type=\"text-editor.default\">\n\t\t\t\t<div class=\"elementor-widget-container\">\n\t\t\t\t\t\t\t<p>Como instalador, sabes que acompa\u00f1arte de expertos en multitud de los m\u00e9todos de extinci\u00f3n, sin duda, te ayudar\u00e1 en cada caso a escoger la soluci\u00f3n m\u00e1s eficiente y rentable.<\/p>\t\t\t\t\t\t<\/div>\n\t\t\t\t<\/div>\n\t\t\t\t\t<\/div>\n\t\t<\/div>\n\t\t\t\t\t\t\t<\/div>\n\t\t<\/section>\n\t\t\t\t<section class=\"elementor-section elementor-top-section elementor-element elementor-element-66b49793 elementor-section-boxed elementor-section-height-default elementor-section-height-default\" data-id=\"66b49793\" data-element_type=\"section\">\n\t\t\t\t\t\t<div class=\"elementor-container elementor-column-gap-default\">\n\t\t\t\t\t<div class=\"elementor-column elementor-col-33 elementor-top-column elementor-element elementor-element-174320fe\" data-id=\"174320fe\" data-element_type=\"column\">\n\t\t\t<div class=\"elementor-widget-wrap elementor-element-populated\">\n\t\t\t\t\t\t\t\t<div class=\"elementor-element elementor-element-53dd2b6f elementor-position-top elementor-widget elementor-widget-image-box\" data-id=\"53dd2b6f\" data-element_type=\"widget\" data-widget_type=\"image-box.default\">\n\t\t\t\t<div class=\"elementor-widget-container\">\n\t\t\t<div class=\"elementor-image-box-wrapper\"><figure class=\"elementor-image-box-img\"><img loading=\"lazy\" decoding=\"async\" width=\"211\" height=\"351\" src=\"https:\/\/anber.es\/web\/wp-content\/uploads\/2020\/08\/fire-hydrant-black.png\" class=\"attachment-full size-full wp-image-246\" alt=\"icono Hidrante\" srcset=\"https:\/\/anber.es\/web\/wp-content\/uploads\/2020\/08\/fire-hydrant-black.png 211w, https:\/\/anber.es\/web\/wp-content\/uploads\/2020\/08\/fire-hydrant-black-180x300.png 180w\" sizes=\"(max-width: 211px) 100vw, 211px\" \/><\/figure><div class=\"elementor-image-box-content\"><h3 class=\"elementor-image-box-title\">M\u00e1s de 35 a\u00f1os fabricando y suministrando equipos y sistemas de prevenci\u00f3n y extinci\u00f3n de incendios.<\/h3><\/div><\/div>\t\t<\/div>\n\t\t\t\t<\/div>\n\t\t\t\t\t<\/div>\n\t\t<\/div>\n\t\t\t\t<div class=\"elementor-column elementor-col-33 elementor-top-column elementor-element elementor-element-6be8fed9\" data-id=\"6be8fed9\" data-element_type=\"column\">\n\t\t\t<div class=\"elementor-widget-wrap elementor-element-populated\">\n\t\t\t\t\t\t\t\t<div class=\"elementor-element elementor-element-3ab74ff elementor-position-top elementor-widget elementor-widget-image-box\" data-id=\"3ab74ff\" data-element_type=\"widget\" data-widget_type=\"image-box.default\">\n\t\t\t\t<div class=\"elementor-widget-container\">\n\t\t\t<div class=\"elementor-image-box-wrapper\"><figure class=\"elementor-image-box-img\"><img loading=\"lazy\" decoding=\"async\" width=\"328\" height=\"351\" src=\"https:\/\/anber.es\/web\/wp-content\/uploads\/2020\/08\/firefighter.png\" class=\"attachment-full size-full wp-image-248\" alt=\"Icono bombero\" srcset=\"https:\/\/anber.es\/web\/wp-content\/uploads\/2020\/08\/firefighter.png 328w, https:\/\/anber.es\/web\/wp-content\/uploads\/2020\/08\/firefighter-280x300.png 280w\" sizes=\"(max-width: 328px) 100vw, 328px\" \/><\/figure><div class=\"elementor-image-box-content\"><h3 class=\"elementor-image-box-title\">Profesionales altamente cualificados te ayudar\u00e1n en todo lo que necesites.<\/h3><\/div><\/div>\t\t<\/div>\n\t\t\t\t<\/div>\n\t\t\t\t\t<\/div>\n\t\t<\/div>\n\t\t\t\t<div class=\"elementor-column elementor-col-33 elementor-top-column elementor-element elementor-element-c4a1901\" data-id=\"c4a1901\" data-element_type=\"column\">\n\t\t\t<div class=\"elementor-widget-wrap elementor-element-populated\">\n\t\t\t\t\t\t\t\t<div class=\"elementor-element elementor-element-3edd9b81 elementor-position-top elementor-widget elementor-widget-image-box\" data-id=\"3edd9b81\" data-element_type=\"widget\" data-widget_type=\"image-box.default\">\n\t\t\t\t<div class=\"elementor-widget-container\">\n\t\t\t<div class=\"elementor-image-box-wrapper\"><figure class=\"elementor-image-box-img\"><img loading=\"lazy\" decoding=\"async\" width=\"299\" height=\"321\" src=\"https:\/\/anber.es\/web\/wp-content\/uploads\/2020\/10\/fire_aql-04.png\" class=\"attachment-full size-full wp-image-392\" alt=\"Icono fuego\" srcset=\"https:\/\/anber.es\/web\/wp-content\/uploads\/2020\/10\/fire_aql-04.png 299w, https:\/\/anber.es\/web\/wp-content\/uploads\/2020\/10\/fire_aql-04-279x300.png 279w\" sizes=\"(max-width: 299px) 100vw, 299px\" \/><\/figure><div class=\"elementor-image-box-content\"><h3 class=\"elementor-image-box-title\">Ofrecemos el stock m\u00e1s grande del mercado para la protecci\u00f3n contra incendios.<\/h3><\/div><\/div>\t\t<\/div>\n\t\t\t\t<\/div>\n\t\t\t\t\t<\/div>\n\t\t<\/div>\n\t\t\t\t\t\t\t<\/div>\n\t\t<\/section>\n\t\t\t\t<section class=\"elementor-section elementor-top-section elementor-element elementor-element-4baf5d39 elementor-section-boxed elementor-section-height-default elementor-section-height-default\" data-id=\"4baf5d39\" data-element_type=\"section\">\n\t\t\t\t\t\t<div class=\"elementor-container elementor-column-gap-default\">\n\t\t\t\t\t<div class=\"elementor-column elementor-col-33 elementor-top-column elementor-element elementor-element-751ddb9\" data-id=\"751ddb9\" data-element_type=\"column\">\n\t\t\t<div class=\"elementor-widget-wrap elementor-element-populated\">\n\t\t\t\t\t\t\t\t<div class=\"elementor-element elementor-element-112e7343 elementor-position-top elementor-widget elementor-widget-image-box\" data-id=\"112e7343\" data-element_type=\"widget\" data-widget_type=\"image-box.default\">\n\t\t\t\t<div class=\"elementor-widget-container\">\n\t\t\t<div class=\"elementor-image-box-wrapper\"><figure class=\"elementor-image-box-img\"><img loading=\"lazy\" decoding=\"async\" width=\"131\" height=\"131\" src=\"https:\/\/anber.es\/web\/wp-content\/uploads\/2020\/11\/catalogo.png\" class=\"attachment-full size-full wp-image-952\" alt=\"Icono cat\u00e1logo\" srcset=\"https:\/\/anber.es\/web\/wp-content\/uploads\/2020\/11\/catalogo.png 131w, https:\/\/anber.es\/web\/wp-content\/uploads\/2020\/11\/catalogo-100x100.png 100w\" sizes=\"(max-width: 131px) 100vw, 131px\" \/><\/figure><div class=\"elementor-image-box-content\"><h3 class=\"elementor-image-box-title\">Amplio cat\u00e1logo de referencias<\/h3><\/div><\/div>\t\t<\/div>\n\t\t\t\t<\/div>\n\t\t\t\t\t<\/div>\n\t\t<\/div>\n\t\t\t\t<div class=\"elementor-column elementor-col-33 elementor-top-column elementor-element elementor-element-358546a9\" data-id=\"358546a9\" data-element_type=\"column\">\n\t\t\t<div class=\"elementor-widget-wrap elementor-element-populated\">\n\t\t\t\t\t\t\t\t<div class=\"elementor-element elementor-element-ce6e139 elementor-position-top elementor-widget elementor-widget-image-box\" data-id=\"ce6e139\" data-element_type=\"widget\" data-widget_type=\"image-box.default\">\n\t\t\t\t<div class=\"elementor-widget-container\">\n\t\t\t<div class=\"elementor-image-box-wrapper\"><figure class=\"elementor-image-box-img\"><img loading=\"lazy\" decoding=\"async\" width=\"276\" height=\"350\" src=\"https:\/\/anber.es\/web\/wp-content\/uploads\/2020\/10\/service-aql.png\" class=\"attachment-full size-full wp-image-393\" alt=\"Icono servicio\" srcset=\"https:\/\/anber.es\/web\/wp-content\/uploads\/2020\/10\/service-aql.png 276w, https:\/\/anber.es\/web\/wp-content\/uploads\/2020\/10\/service-aql-237x300.png 237w\" sizes=\"(max-width: 276px) 100vw, 276px\" \/><\/figure><div class=\"elementor-image-box-content\"><h3 class=\"elementor-image-box-title\">Atenci\u00f3n personalizada. Te asignamos un asesor personal.<\/h3><\/div><\/div>\t\t<\/div>\n\t\t\t\t<\/div>\n\t\t\t\t\t<\/div>\n\t\t<\/div>\n\t\t\t\t<div class=\"elementor-column elementor-col-33 elementor-top-column elementor-element elementor-element-2cd555f9\" data-id=\"2cd555f9\" data-element_type=\"column\">\n\t\t\t<div class=\"elementor-widget-wrap elementor-element-populated\">\n\t\t\t\t\t\t\t\t<div class=\"elementor-element elementor-element-2726f523 elementor-position-top elementor-widget elementor-widget-image-box\" data-id=\"2726f523\" data-element_type=\"widget\" data-widget_type=\"image-box.default\">\n\t\t\t\t<div class=\"elementor-widget-container\">\n\t\t\t<div class=\"elementor-image-box-wrapper\"><figure class=\"elementor-image-box-img\"><img loading=\"lazy\" decoding=\"async\" width=\"294\" height=\"351\" src=\"https:\/\/anber.es\/web\/wp-content\/uploads\/2020\/08\/thumbs-up-black.png\" class=\"attachment-full size-full wp-image-244\" alt=\"Icono OKEY\" srcset=\"https:\/\/anber.es\/web\/wp-content\/uploads\/2020\/08\/thumbs-up-black.png 294w, https:\/\/anber.es\/web\/wp-content\/uploads\/2020\/08\/thumbs-up-black-251x300.png 251w\" sizes=\"(max-width: 294px) 100vw, 294px\" \/><\/figure><div class=\"elementor-image-box-content\"><h3 class=\"elementor-image-box-title\">Entender tus necesidades<br> nos convierte en tu mejor<br> opci\u00f3n.<\/h3><\/div><\/div>\t\t<\/div>\n\t\t\t\t<\/div>\n\t\t\t\t\t<\/div>\n\t\t<\/div>\n\t\t\t\t\t\t\t<\/div>\n\t\t<\/section>\n\t\t\t\t<section class=\"elementor-section elementor-top-section elementor-element elementor-element-6967840 elementor-section-stretched elementor-section-full_width elementor-section-height-min-height elementor-section-height-default elementor-section-items-middle\" data-id=\"6967840\" data-element_type=\"section\" data-settings=\"{&quot;stretch_section&quot;:&quot;section-stretched&quot;,&quot;background_background&quot;:&quot;classic&quot;}\">\n\t\t\t\t\t\t<div class=\"elementor-container elementor-column-gap-no\">\n\t\t\t\t\t<div class=\"elementor-column elementor-col-100 elementor-top-column elementor-element elementor-element-1ed83d2\" data-id=\"1ed83d2\" data-element_type=\"column\">\n\t\t\t<div class=\"elementor-widget-wrap\">\n\t\t\t\t\t\t\t\t\t<\/div>\n\t\t<\/div>\n\t\t\t\t\t\t\t<\/div>\n\t\t<\/section>\n\t\t\t\t<section class=\"elementor-section elementor-top-section elementor-element elementor-element-53f6a89 elementor-section-boxed elementor-section-height-default elementor-section-height-default\" data-id=\"53f6a89\" data-element_type=\"section\">\n\t\t\t\t\t\t<div class=\"elementor-container elementor-column-gap-default\">\n\t\t\t\t\t<div class=\"elementor-column elementor-col-100 elementor-top-column elementor-element elementor-element-6dd81910\" data-id=\"6dd81910\" data-element_type=\"column\">\n\t\t\t<div class=\"elementor-widget-wrap elementor-element-populated\">\n\t\t\t\t\t\t\t\t<div class=\"elementor-element elementor-element-2abf2cae elementor-widget elementor-widget-heading\" data-id=\"2abf2cae\" data-element_type=\"widget\" data-widget_type=\"heading.default\">\n\t\t\t\t<div class=\"elementor-widget-container\">\n\t\t\t<h1 class=\"elementor-heading-title elementor-size-default\">Estamos a tu lado<br>\ncada minuto del d\u00eda<\/h1>\t\t<\/div>\n\t\t\t\t<\/div>\n\t\t\t\t<div class=\"elementor-element elementor-element-eef2d61 elementor-widget elementor-widget-text-editor\" data-id=\"eef2d61\" data-element_type=\"widget\" data-widget_type=\"text-editor.default\">\n\t\t\t\t<div class=\"elementor-widget-container\">\n\t\t\t\t\t\t\t<p>Asesorar, resolver, acompa\u00f1arte forma parte de nuestro adn.<br \/>Sean cuales sean las dimensiones y caracter\u00edsticas de tu proyecto contra incendios, nuestro equipo de profesionales te ayudar\u00e1 a seleccionar los materiales m\u00e1s id\u00f3neos para llevar a cabo tu instalaci\u00f3n, sin incidencias ni interrupciones por rotura de stock o retrasos en las entregas.<\/p>\t\t\t\t\t\t<\/div>\n\t\t\t\t<\/div>\n\t\t\t\t\t<\/div>\n\t\t<\/div>\n\t\t\t\t\t\t\t<\/div>\n\t\t<\/section>\n\t\t\t\t\t\t\t<\/div>\n\t\t","protected":false},"excerpt":{"rendered":"<p>Servicio y atenci\u00f3n personalizada Una instalaci\u00f3n contra incendios es una tarea compleja y que requiere un alto grado de eficacia, sabemos, que para ti no es suficiente disponer de todo el material a tiempo para que la planificaci\u00f3n de tu jornada vaya como una seda. Con ANBER, tienes mucho m\u00e1s que esto, un asesor que &#8230; <a title=\"Servicios\" class=\"read-more\" href=\"https:\/\/anber.es\/web\/servicios\/\" aria-label=\"M\u00e1s en Servicios\">Leer m\u00e1s<\/a><\/p>\n","protected":false},"author":2,"featured_media":0,"parent":0,"menu_order":0,"comment_status":"closed","ping_status":"closed","template":"elementor_header_footer","meta":{"footnotes":""},"yoast_head":"<!-- This site is optimized with the Yoast SEO plugin v22.1 - https:\/\/yoast.com\/wordpress\/plugins\/seo\/ -->\n<title>Servicios - Anber<\/title>\n<meta name=\"robots\" content=\"index, follow, max-snippet:-1, max-image-preview:large, max-video-preview:-1\" \/>\n<link rel=\"canonical\" href=\"https:\/\/anber.es\/web\/servicios\/\" \/>\n<meta property=\"og:locale\" content=\"es_ES\" \/>\n<meta property=\"og:type\" content=\"article\" \/>\n<meta property=\"og:title\" content=\"Servicios - Anber\" \/>\n<meta property=\"og:description\" content=\"Servicio y atenci\u00f3n personalizada Una instalaci\u00f3n contra incendios es una tarea compleja y que requiere un alto grado de eficacia, sabemos, que para ti no es suficiente disponer de todo el material a tiempo para que la planificaci\u00f3n de tu jornada vaya como una seda. Con ANBER, tienes mucho m\u00e1s que esto, un asesor que ... Leer m\u00e1s\" \/>\n<meta property=\"og:url\" content=\"https:\/\/anber.es\/web\/servicios\/\" \/>\n<meta property=\"og:site_name\" content=\"Anber\" \/>\n<meta property=\"article:modified_time\" content=\"2021-03-26T11:38:15+00:00\" \/>\n<meta property=\"og:image\" content=\"https:\/\/anber.es\/web\/wp-content\/uploads\/2020\/08\/fire-hydrant-black.png\" \/>\n<meta name=\"twitter:card\" content=\"summary_large_image\" \/>\n<meta name=\"twitter:label1\" content=\"Tiempo de lectura\" \/>\n\t<meta name=\"twitter:data1\" content=\"3 minutos\" \/>\n<script type=\"application\/ld+json\" class=\"yoast-schema-graph\">{\"@context\":\"https:\/\/schema.org\",\"@graph\":[{\"@type\":\"WebPage\",\"@id\":\"https:\/\/anber.es\/web\/servicios\/\",\"url\":\"https:\/\/anber.es\/web\/servicios\/\",\"name\":\"Servicios - Anber\",\"isPartOf\":{\"@id\":\"https:\/\/anber.es\/web\/#website\"},\"datePublished\":\"2020-10-13T11:22:52+00:00\",\"dateModified\":\"2021-03-26T11:38:15+00:00\",\"breadcrumb\":{\"@id\":\"https:\/\/anber.es\/web\/servicios\/#breadcrumb\"},\"inLanguage\":\"es\",\"potentialAction\":[{\"@type\":\"ReadAction\",\"target\":[\"https:\/\/anber.es\/web\/servicios\/\"]}]},{\"@type\":\"BreadcrumbList\",\"@id\":\"https:\/\/anber.es\/web\/servicios\/#breadcrumb\",\"itemListElement\":[{\"@type\":\"ListItem\",\"position\":1,\"name\":\"Portada\",\"item\":\"https:\/\/anber.es\/web\/\"},{\"@type\":\"ListItem\",\"position\":2,\"name\":\"Servicios\"}]},{\"@type\":\"WebSite\",\"@id\":\"https:\/\/anber.es\/web\/#website\",\"url\":\"https:\/\/anber.es\/web\/\",\"name\":\"Anber\",\"description\":\"Sistemas de protecci\u00f3n contra incendios\",\"publisher\":{\"@id\":\"https:\/\/anber.es\/web\/#organization\"},\"potentialAction\":[{\"@type\":\"SearchAction\",\"target\":{\"@type\":\"EntryPoint\",\"urlTemplate\":\"https:\/\/anber.es\/web\/?s={search_term_string}\"},\"query-input\":\"required name=search_term_string\"}],\"inLanguage\":\"es\"},{\"@type\":\"Organization\",\"@id\":\"https:\/\/anber.es\/web\/#organization\",\"name\":\"Anber\",\"url\":\"https:\/\/anber.es\/web\/\",\"logo\":{\"@type\":\"ImageObject\",\"inLanguage\":\"es\",\"@id\":\"https:\/\/anber.es\/web\/#\/schema\/logo\/image\/\",\"url\":\"https:\/\/anber.es\/web\/wp-content\/uploads\/2021\/03\/logo-anber.png\",\"contentUrl\":\"https:\/\/anber.es\/web\/wp-content\/uploads\/2021\/03\/logo-anber.png\",\"width\":2208,\"height\":500,\"caption\":\"Anber\"},\"image\":{\"@id\":\"https:\/\/anber.es\/web\/#\/schema\/logo\/image\/\"}}]}<\/script>\n<!-- \/ Yoast SEO plugin. -->","yoast_head_json":{"title":"Servicios - Anber","robots":{"index":"index","follow":"follow","max-snippet":"max-snippet:-1","max-image-preview":"max-image-preview:large","max-video-preview":"max-video-preview:-1"},"canonical":"https:\/\/anber.es\/web\/servicios\/","og_locale":"es_ES","og_type":"article","og_title":"Servicios - Anber","og_description":"Servicio y atenci\u00f3n personalizada Una instalaci\u00f3n contra incendios es una tarea compleja y que requiere un alto grado de eficacia, sabemos, que para ti no es suficiente disponer de todo el material a tiempo para que la planificaci\u00f3n de tu jornada vaya como una seda. Con ANBER, tienes mucho m\u00e1s que esto, un asesor que ... Leer m\u00e1s","og_url":"https:\/\/anber.es\/web\/servicios\/","og_site_name":"Anber","article_modified_time":"2021-03-26T11:38:15+00:00","og_image":[{"url":"https:\/\/anber.es\/web\/wp-content\/uploads\/2020\/08\/fire-hydrant-black.png"}],"twitter_card":"summary_large_image","twitter_misc":{"Tiempo de lectura":"3 minutos"},"schema":{"@context":"https:\/\/schema.org","@graph":[{"@type":"WebPage","@id":"https:\/\/anber.es\/web\/servicios\/","url":"https:\/\/anber.es\/web\/servicios\/","name":"Servicios - Anber","isPartOf":{"@id":"https:\/\/anber.es\/web\/#website"},"datePublished":"2020-10-13T11:22:52+00:00","dateModified":"2021-03-26T11:38:15+00:00","breadcrumb":{"@id":"https:\/\/anber.es\/web\/servicios\/#breadcrumb"},"inLanguage":"es","potentialAction":[{"@type":"ReadAction","target":["https:\/\/anber.es\/web\/servicios\/"]}]},{"@type":"BreadcrumbList","@id":"https:\/\/anber.es\/web\/servicios\/#breadcrumb","itemListElement":[{"@type":"ListItem","position":1,"name":"Portada","item":"https:\/\/anber.es\/web\/"},{"@type":"ListItem","position":2,"name":"Servicios"}]},{"@type":"WebSite","@id":"https:\/\/anber.es\/web\/#website","url":"https:\/\/anber.es\/web\/","name":"Anber","description":"Sistemas de protecci\u00f3n contra incendios","publisher":{"@id":"https:\/\/anber.es\/web\/#organization"},"potentialAction":[{"@type":"SearchAction","target":{"@type":"EntryPoint","urlTemplate":"https:\/\/anber.es\/web\/?s={search_term_string}"},"query-input":"required name=search_term_string"}],"inLanguage":"es"},{"@type":"Organization","@id":"https:\/\/anber.es\/web\/#organization","name":"Anber","url":"https:\/\/anber.es\/web\/","logo":{"@type":"ImageObject","inLanguage":"es","@id":"https:\/\/anber.es\/web\/#\/schema\/logo\/image\/","url":"https:\/\/anber.es\/web\/wp-content\/uploads\/2021\/03\/logo-anber.png","contentUrl":"https:\/\/anber.es\/web\/wp-content\/uploads\/2021\/03\/logo-anber.png","width":2208,"height":500,"caption":"Anber"},"image":{"@id":"https:\/\/anber.es\/web\/#\/schema\/logo\/image\/"}}]}},"_links":{"self":[{"href":"https:\/\/anber.es\/web\/wp-json\/wp\/v2\/pages\/329"}],"collection":[{"href":"https:\/\/anber.es\/web\/wp-json\/wp\/v2\/pages"}],"about":[{"href":"https:\/\/anber.es\/web\/wp-json\/wp\/v2\/types\/page"}],"author":[{"embeddable":true,"href":"https:\/\/anber.es\/web\/wp-json\/wp\/v2\/users\/2"}],"replies":[{"embeddable":true,"href":"https:\/\/anber.es\/web\/wp-json\/wp\/v2\/comments?post=329"}],"version-history":[{"count":82,"href":"https:\/\/anber.es\/web\/wp-json\/wp\/v2\/pages\/329\/revisions"}],"predecessor-version":[{"id":2878,"href":"https:\/\/anber.es\/web\/wp-json\/wp\/v2\/pages\/329\/revisions\/2878"}],"wp:attachment":[{"href":"https:\/\/anber.es\/web\/wp-json\/wp\/v2\/media?parent=329"}],"curies":[{"name":"wp","href":"https:\/\/api.w.org\/{rel}","templated":true}]}}