{"id":331,"date":"2020-10-13T13:23:09","date_gmt":"2020-10-13T11:23:09","guid":{"rendered":"http:\/\/anber.es\/web\/?page_id=331"},"modified":"2021-05-20T11:52:00","modified_gmt":"2021-05-20T09:52:00","slug":"calidad","status":"publish","type":"page","link":"https:\/\/anber.es\/web\/calidad\/","title":{"rendered":"Calidad"},"content":{"rendered":"\t\t<div data-elementor-type=\"wp-page\" data-elementor-id=\"331\" class=\"elementor elementor-331\" data-elementor-post-type=\"page\">\n\t\t\t\t\t\t\t\t\t<section class=\"elementor-section elementor-top-section elementor-element elementor-element-2022d9b6 elementor-section-height-min-height elementor-section-items-stretch elementor-section-boxed elementor-section-height-default\" data-id=\"2022d9b6\" data-element_type=\"section\" data-settings=\"{&quot;background_background&quot;:&quot;classic&quot;}\">\n\t\t\t\t\t\t\t<div class=\"elementor-background-overlay\"><\/div>\n\t\t\t\t\t\t\t<div class=\"elementor-container elementor-column-gap-default\">\n\t\t\t\t\t<div class=\"elementor-column elementor-col-100 elementor-top-column elementor-element elementor-element-74d4b0b2\" data-id=\"74d4b0b2\" data-element_type=\"column\">\n\t\t\t<div class=\"elementor-widget-wrap elementor-element-populated\">\n\t\t\t\t\t\t\t\t<div class=\"elementor-element elementor-element-548618c elementor-hidden-desktop elementor-hidden-phone elementor-widget elementor-widget-spacer\" data-id=\"548618c\" data-element_type=\"widget\" data-widget_type=\"spacer.default\">\n\t\t\t\t<div class=\"elementor-widget-container\">\n\t\t\t\t\t<div class=\"elementor-spacer\">\n\t\t\t<div class=\"elementor-spacer-inner\"><\/div>\n\t\t<\/div>\n\t\t\t\t<\/div>\n\t\t\t\t<\/div>\n\t\t\t\t<section class=\"elementor-section elementor-inner-section elementor-element elementor-element-70c33776 elementor-section-boxed elementor-section-height-default elementor-section-height-default\" data-id=\"70c33776\" data-element_type=\"section\">\n\t\t\t\t\t\t<div class=\"elementor-container elementor-column-gap-default\">\n\t\t\t\t\t<div class=\"elementor-column elementor-col-50 elementor-inner-column elementor-element elementor-element-1d437671\" data-id=\"1d437671\" data-element_type=\"column\">\n\t\t\t<div class=\"elementor-widget-wrap\">\n\t\t\t\t\t\t\t\t\t<\/div>\n\t\t<\/div>\n\t\t\t\t<div class=\"elementor-column elementor-col-50 elementor-inner-column elementor-element elementor-element-36de64ef\" data-id=\"36de64ef\" data-element_type=\"column\">\n\t\t\t<div class=\"elementor-widget-wrap\">\n\t\t\t\t\t\t\t\t\t<\/div>\n\t\t<\/div>\n\t\t\t\t\t\t\t<\/div>\n\t\t<\/section>\n\t\t\t\t<section class=\"elementor-section elementor-inner-section elementor-element elementor-element-279cbf7a elementor-section-boxed elementor-section-height-default elementor-section-height-default\" data-id=\"279cbf7a\" data-element_type=\"section\">\n\t\t\t\t\t\t<div class=\"elementor-container elementor-column-gap-default\">\n\t\t\t\t\t<div class=\"elementor-column elementor-col-50 elementor-inner-column elementor-element elementor-element-a0bd564\" data-id=\"a0bd564\" data-element_type=\"column\">\n\t\t\t<div class=\"elementor-widget-wrap\">\n\t\t\t\t\t\t\t\t\t<\/div>\n\t\t<\/div>\n\t\t\t\t<div class=\"elementor-column elementor-col-50 elementor-inner-column elementor-element elementor-element-40a88f12\" data-id=\"40a88f12\" data-element_type=\"column\">\n\t\t\t<div class=\"elementor-widget-wrap elementor-element-populated\">\n\t\t\t\t\t\t\t\t<div class=\"elementor-element elementor-element-5c95040f elementor-widget elementor-widget-woocommerce-breadcrumb\" data-id=\"5c95040f\" data-element_type=\"widget\" data-widget_type=\"woocommerce-breadcrumb.default\">\n\t\t\t\t<div class=\"elementor-widget-container\">\n\t\t\t<nav class=\"woocommerce-breadcrumb\">Inicio<\/nav>\t\t<\/div>\n\t\t\t\t<\/div>\n\t\t\t\t\t<\/div>\n\t\t<\/div>\n\t\t\t\t\t\t\t<\/div>\n\t\t<\/section>\n\t\t\t\t\t<\/div>\n\t\t<\/div>\n\t\t\t\t\t\t\t<\/div>\n\t\t<\/section>\n\t\t\t\t<section class=\"elementor-section elementor-top-section elementor-element elementor-element-5309aa24 elementor-section-stretched elementor-section-boxed elementor-section-height-default elementor-section-height-default\" data-id=\"5309aa24\" data-element_type=\"section\" data-settings=\"{&quot;stretch_section&quot;:&quot;section-stretched&quot;}\">\n\t\t\t\t\t\t<div class=\"elementor-container elementor-column-gap-default\">\n\t\t\t\t\t<div class=\"elementor-column elementor-col-100 elementor-top-column elementor-element elementor-element-972ca8d\" data-id=\"972ca8d\" data-element_type=\"column\">\n\t\t\t<div class=\"elementor-widget-wrap elementor-element-populated\">\n\t\t\t\t\t\t\t\t<div class=\"elementor-element elementor-element-7c6c87c4 elementor-widget elementor-widget-heading\" data-id=\"7c6c87c4\" data-element_type=\"widget\" data-widget_type=\"heading.default\">\n\t\t\t\t<div class=\"elementor-widget-container\">\n\t\t\t<h1 class=\"elementor-heading-title elementor-size-default\">Calidad a prueba de fuego<\/h1>\t\t<\/div>\n\t\t\t\t<\/div>\n\t\t\t\t<div class=\"elementor-element elementor-element-33c54712 elementor-widget elementor-widget-text-editor\" data-id=\"33c54712\" data-element_type=\"widget\" data-widget_type=\"text-editor.default\">\n\t\t\t\t<div class=\"elementor-widget-container\">\n\t\t\t\t\t\t\t<p>En ANBER nos preocupa la calidad de los productos que suministramos, por este motivo, nuestro departamento de calidad se ocupa y se esfuerza por garantizar que nuestros materiales cumplan las m\u00e1s estrictas normativas a nivel nacional y europeo.<\/p>\n<p>El alto compromiso adquirido por ANBER de mantener su est\u00e1ndares de calidad, hace que se sigan rigurosos procedimientos en cada uno de nuestros procesos desde la recepci\u00f3n de la mercanc\u00eda, en cada uno de sus procesos de fabricaci\u00f3n, su preparaci\u00f3n como pedido y embalaje, su env\u00edo y terminando en nuestro servicio postventa y satisfacci\u00f3n de nuestro cliente.<\/p>\t\t\t\t\t\t<\/div>\n\t\t\t\t<\/div>\n\t\t\t\t<div class=\"elementor-element elementor-element-7f0c894 elementor-align-center elementor-widget elementor-widget-button\" data-id=\"7f0c894\" data-element_type=\"widget\" data-widget_type=\"button.default\">\n\t\t\t\t<div class=\"elementor-widget-container\">\n\t\t\t\t\t<div class=\"elementor-button-wrapper\">\n\t\t\t<a class=\"elementor-button elementor-button-link elementor-size-sm\" href=\"https:\/\/anber.es\/web\/wp-content\/uploads\/2021\/05\/politica_calidad.pdf\" target=\"_blank\">\n\t\t\t\t\t\t<span class=\"elementor-button-content-wrapper\">\n\t\t\t\t\t\t<span class=\"elementor-button-text\">Descargue la pol\u00edtica de calidad<\/span>\n\t\t<\/span>\n\t\t\t\t\t<\/a>\n\t\t<\/div>\n\t\t\t\t<\/div>\n\t\t\t\t<\/div>\n\t\t\t\t\t<\/div>\n\t\t<\/div>\n\t\t\t\t\t\t\t<\/div>\n\t\t<\/section>\n\t\t\t\t<section class=\"elementor-section elementor-top-section elementor-element elementor-element-3a95aab3 elementor-section-stretched elementor-section-full_width elementor-section-height-min-height elementor-section-height-default elementor-section-items-middle\" data-id=\"3a95aab3\" data-element_type=\"section\" data-settings=\"{&quot;stretch_section&quot;:&quot;section-stretched&quot;}\">\n\t\t\t\t\t\t<div class=\"elementor-container elementor-column-gap-no\">\n\t\t\t\t\t<div class=\"elementor-column elementor-col-100 elementor-top-column elementor-element elementor-element-360d7305\" data-id=\"360d7305\" data-element_type=\"column\">\n\t\t\t<div class=\"elementor-widget-wrap elementor-element-populated\">\n\t\t\t\t\t\t\t\t<div class=\"elementor-element elementor-element-3165a88 elementor-widget elementor-widget-image\" data-id=\"3165a88\" data-element_type=\"widget\" data-widget_type=\"image.default\">\n\t\t\t\t<div class=\"elementor-widget-container\">\n\t\t\t\t\t\t\t\t\t\t\t\t\t\t\t<img loading=\"lazy\" decoding=\"async\" width=\"2000\" height=\"963\" src=\"https:\/\/anber.es\/web\/wp-content\/uploads\/2020\/10\/aql-calidad-a-prueba-de-fuego-.jpg\" class=\"attachment-full size-full wp-image-660\" alt=\"Nuestra calidad es a prueba de fuego\" srcset=\"https:\/\/anber.es\/web\/wp-content\/uploads\/2020\/10\/aql-calidad-a-prueba-de-fuego-.jpg 2000w, https:\/\/anber.es\/web\/wp-content\/uploads\/2020\/10\/aql-calidad-a-prueba-de-fuego--300x144.jpg 300w, https:\/\/anber.es\/web\/wp-content\/uploads\/2020\/10\/aql-calidad-a-prueba-de-fuego--1024x493.jpg 1024w, https:\/\/anber.es\/web\/wp-content\/uploads\/2020\/10\/aql-calidad-a-prueba-de-fuego--768x370.jpg 768w, https:\/\/anber.es\/web\/wp-content\/uploads\/2020\/10\/aql-calidad-a-prueba-de-fuego--1536x740.jpg 1536w, https:\/\/anber.es\/web\/wp-content\/uploads\/2020\/10\/aql-calidad-a-prueba-de-fuego--600x289.jpg 600w\" sizes=\"(max-width: 2000px) 100vw, 2000px\" \/>\t\t\t\t\t\t\t\t\t\t\t\t\t\t\t<\/div>\n\t\t\t\t<\/div>\n\t\t\t\t\t<\/div>\n\t\t<\/div>\n\t\t\t\t\t\t\t<\/div>\n\t\t<\/section>\n\t\t\t\t<section class=\"elementor-section elementor-top-section elementor-element elementor-element-186ba6eb elementor-section-stretched elementor-section-boxed elementor-section-height-default elementor-section-height-default\" data-id=\"186ba6eb\" data-element_type=\"section\" data-settings=\"{&quot;stretch_section&quot;:&quot;section-stretched&quot;}\">\n\t\t\t\t\t\t<div class=\"elementor-container elementor-column-gap-default\">\n\t\t\t\t\t<div class=\"elementor-column elementor-col-100 elementor-top-column elementor-element elementor-element-2a4985c3\" data-id=\"2a4985c3\" data-element_type=\"column\">\n\t\t\t<div class=\"elementor-widget-wrap elementor-element-populated\">\n\t\t\t\t\t\t\t\t<div class=\"elementor-element elementor-element-77293232 elementor-widget elementor-widget-heading\" data-id=\"77293232\" data-element_type=\"widget\" data-widget_type=\"heading.default\">\n\t\t\t\t<div class=\"elementor-widget-container\">\n\t\t\t<h1 class=\"elementor-heading-title elementor-size-default\">Te ofrecemos <br>\nla m\u00e1xima calidad<\/h1>\t\t<\/div>\n\t\t\t\t<\/div>\n\t\t\t\t<div class=\"elementor-element elementor-element-65dd361f elementor-widget elementor-widget-text-editor\" data-id=\"65dd361f\" data-element_type=\"widget\" data-widget_type=\"text-editor.default\">\n\t\t\t\t<div class=\"elementor-widget-container\">\n\t\t\t\t\t\t\t<p>La calidad se manifiesta tambi\u00e9n en el servicio, dando asesoramiento profesional en el desarrollo del proyecto, aconsejando al instalador acerca de que equipos o productos resuelven mejor las necesidades de su proyecto. Naturalmente, el servicio se extiende con una atenci\u00f3n postventa.<\/p>\t\t\t\t\t\t<\/div>\n\t\t\t\t<\/div>\n\t\t\t\t\t<\/div>\n\t\t<\/div>\n\t\t\t\t\t\t\t<\/div>\n\t\t<\/section>\n\t\t\t\t<section class=\"elementor-section elementor-top-section elementor-element elementor-element-23c8001 elementor-section-stretched elementor-section-full_width elementor-section-height-min-height elementor-section-height-default elementor-section-items-middle\" data-id=\"23c8001\" data-element_type=\"section\" data-settings=\"{&quot;stretch_section&quot;:&quot;section-stretched&quot;}\">\n\t\t\t\t\t\t<div class=\"elementor-container elementor-column-gap-no\">\n\t\t\t\t\t<div class=\"elementor-column elementor-col-100 elementor-top-column elementor-element elementor-element-93fa729\" data-id=\"93fa729\" data-element_type=\"column\">\n\t\t\t<div class=\"elementor-widget-wrap elementor-element-populated\">\n\t\t\t\t\t\t\t\t<div class=\"elementor-element elementor-element-a0f62c2 elementor-widget elementor-widget-image\" data-id=\"a0f62c2\" data-element_type=\"widget\" data-widget_type=\"image.default\">\n\t\t\t\t<div class=\"elementor-widget-container\">\n\t\t\t\t\t\t\t\t\t\t\t\t\t\t\t<img loading=\"lazy\" decoding=\"async\" width=\"2000\" height=\"954\" src=\"https:\/\/anber.es\/web\/wp-content\/uploads\/2020\/10\/aql-maxima-calidad-hidrantes-anber-.jpg\" class=\"attachment-full size-full wp-image-662\" alt=\"Hidrantes fabricados por ANBER\" srcset=\"https:\/\/anber.es\/web\/wp-content\/uploads\/2020\/10\/aql-maxima-calidad-hidrantes-anber-.jpg 2000w, https:\/\/anber.es\/web\/wp-content\/uploads\/2020\/10\/aql-maxima-calidad-hidrantes-anber--300x143.jpg 300w, https:\/\/anber.es\/web\/wp-content\/uploads\/2020\/10\/aql-maxima-calidad-hidrantes-anber--1024x488.jpg 1024w, https:\/\/anber.es\/web\/wp-content\/uploads\/2020\/10\/aql-maxima-calidad-hidrantes-anber--768x366.jpg 768w, https:\/\/anber.es\/web\/wp-content\/uploads\/2020\/10\/aql-maxima-calidad-hidrantes-anber--1536x733.jpg 1536w, https:\/\/anber.es\/web\/wp-content\/uploads\/2020\/10\/aql-maxima-calidad-hidrantes-anber--600x286.jpg 600w\" sizes=\"(max-width: 2000px) 100vw, 2000px\" \/>\t\t\t\t\t\t\t\t\t\t\t\t\t\t\t<\/div>\n\t\t\t\t<\/div>\n\t\t\t\t\t<\/div>\n\t\t<\/div>\n\t\t\t\t\t\t\t<\/div>\n\t\t<\/section>\n\t\t\t\t\t\t\t<\/div>\n\t\t","protected":false},"excerpt":{"rendered":"<p>Calidad a prueba de fuego En ANBER nos preocupa la calidad de los productos que suministramos, por este motivo, nuestro departamento de calidad se ocupa y se esfuerza por garantizar que nuestros materiales cumplan las m\u00e1s estrictas normativas a nivel nacional y europeo. El alto compromiso adquirido por ANBER de mantener su est\u00e1ndares de calidad, &#8230; <a title=\"Calidad\" class=\"read-more\" href=\"https:\/\/anber.es\/web\/calidad\/\" aria-label=\"M\u00e1s en Calidad\">Leer m\u00e1s<\/a><\/p>\n","protected":false},"author":2,"featured_media":0,"parent":0,"menu_order":0,"comment_status":"closed","ping_status":"closed","template":"elementor_header_footer","meta":{"footnotes":""},"yoast_head":"<!-- This site is optimized with the Yoast SEO plugin v22.1 - https:\/\/yoast.com\/wordpress\/plugins\/seo\/ -->\n<title>Calidad - Anber<\/title>\n<meta name=\"robots\" content=\"index, follow, max-snippet:-1, max-image-preview:large, max-video-preview:-1\" \/>\n<link rel=\"canonical\" href=\"https:\/\/anber.es\/web\/calidad\/\" \/>\n<meta property=\"og:locale\" content=\"es_ES\" \/>\n<meta property=\"og:type\" content=\"article\" \/>\n<meta property=\"og:title\" content=\"Calidad - Anber\" \/>\n<meta property=\"og:description\" content=\"Calidad a prueba de fuego En ANBER nos preocupa la calidad de los productos que suministramos, por este motivo, nuestro departamento de calidad se ocupa y se esfuerza por garantizar que nuestros materiales cumplan las m\u00e1s estrictas normativas a nivel nacional y europeo. El alto compromiso adquirido por ANBER de mantener su est\u00e1ndares de calidad, ... Leer m\u00e1s\" \/>\n<meta property=\"og:url\" content=\"https:\/\/anber.es\/web\/calidad\/\" \/>\n<meta property=\"og:site_name\" content=\"Anber\" \/>\n<meta property=\"article:modified_time\" content=\"2021-05-20T09:52:00+00:00\" \/>\n<meta property=\"og:image\" content=\"https:\/\/anber.es\/web\/wp-content\/uploads\/2020\/10\/aql-calidad-a-prueba-de-fuego-.jpg\" \/>\n<meta name=\"twitter:card\" content=\"summary_large_image\" \/>\n<meta name=\"twitter:label1\" content=\"Tiempo de lectura\" \/>\n\t<meta name=\"twitter:data1\" content=\"2 minutos\" \/>\n<script type=\"application\/ld+json\" class=\"yoast-schema-graph\">{\"@context\":\"https:\/\/schema.org\",\"@graph\":[{\"@type\":\"WebPage\",\"@id\":\"https:\/\/anber.es\/web\/calidad\/\",\"url\":\"https:\/\/anber.es\/web\/calidad\/\",\"name\":\"Calidad - Anber\",\"isPartOf\":{\"@id\":\"https:\/\/anber.es\/web\/#website\"},\"datePublished\":\"2020-10-13T11:23:09+00:00\",\"dateModified\":\"2021-05-20T09:52:00+00:00\",\"breadcrumb\":{\"@id\":\"https:\/\/anber.es\/web\/calidad\/#breadcrumb\"},\"inLanguage\":\"es\",\"potentialAction\":[{\"@type\":\"ReadAction\",\"target\":[\"https:\/\/anber.es\/web\/calidad\/\"]}]},{\"@type\":\"BreadcrumbList\",\"@id\":\"https:\/\/anber.es\/web\/calidad\/#breadcrumb\",\"itemListElement\":[{\"@type\":\"ListItem\",\"position\":1,\"name\":\"Portada\",\"item\":\"https:\/\/anber.es\/web\/\"},{\"@type\":\"ListItem\",\"position\":2,\"name\":\"Calidad\"}]},{\"@type\":\"WebSite\",\"@id\":\"https:\/\/anber.es\/web\/#website\",\"url\":\"https:\/\/anber.es\/web\/\",\"name\":\"Anber\",\"description\":\"Sistemas de protecci\u00f3n contra incendios\",\"publisher\":{\"@id\":\"https:\/\/anber.es\/web\/#organization\"},\"potentialAction\":[{\"@type\":\"SearchAction\",\"target\":{\"@type\":\"EntryPoint\",\"urlTemplate\":\"https:\/\/anber.es\/web\/?s={search_term_string}\"},\"query-input\":\"required name=search_term_string\"}],\"inLanguage\":\"es\"},{\"@type\":\"Organization\",\"@id\":\"https:\/\/anber.es\/web\/#organization\",\"name\":\"Anber\",\"url\":\"https:\/\/anber.es\/web\/\",\"logo\":{\"@type\":\"ImageObject\",\"inLanguage\":\"es\",\"@id\":\"https:\/\/anber.es\/web\/#\/schema\/logo\/image\/\",\"url\":\"https:\/\/anber.es\/web\/wp-content\/uploads\/2021\/03\/logo-anber.png\",\"contentUrl\":\"https:\/\/anber.es\/web\/wp-content\/uploads\/2021\/03\/logo-anber.png\",\"width\":2208,\"height\":500,\"caption\":\"Anber\"},\"image\":{\"@id\":\"https:\/\/anber.es\/web\/#\/schema\/logo\/image\/\"}}]}<\/script>\n<!-- \/ Yoast SEO plugin. -->","yoast_head_json":{"title":"Calidad - Anber","robots":{"index":"index","follow":"follow","max-snippet":"max-snippet:-1","max-image-preview":"max-image-preview:large","max-video-preview":"max-video-preview:-1"},"canonical":"https:\/\/anber.es\/web\/calidad\/","og_locale":"es_ES","og_type":"article","og_title":"Calidad - Anber","og_description":"Calidad a prueba de fuego En ANBER nos preocupa la calidad de los productos que suministramos, por este motivo, nuestro departamento de calidad se ocupa y se esfuerza por garantizar que nuestros materiales cumplan las m\u00e1s estrictas normativas a nivel nacional y europeo. El alto compromiso adquirido por ANBER de mantener su est\u00e1ndares de calidad, ... Leer m\u00e1s","og_url":"https:\/\/anber.es\/web\/calidad\/","og_site_name":"Anber","article_modified_time":"2021-05-20T09:52:00+00:00","og_image":[{"url":"https:\/\/anber.es\/web\/wp-content\/uploads\/2020\/10\/aql-calidad-a-prueba-de-fuego-.jpg"}],"twitter_card":"summary_large_image","twitter_misc":{"Tiempo de lectura":"2 minutos"},"schema":{"@context":"https:\/\/schema.org","@graph":[{"@type":"WebPage","@id":"https:\/\/anber.es\/web\/calidad\/","url":"https:\/\/anber.es\/web\/calidad\/","name":"Calidad - Anber","isPartOf":{"@id":"https:\/\/anber.es\/web\/#website"},"datePublished":"2020-10-13T11:23:09+00:00","dateModified":"2021-05-20T09:52:00+00:00","breadcrumb":{"@id":"https:\/\/anber.es\/web\/calidad\/#breadcrumb"},"inLanguage":"es","potentialAction":[{"@type":"ReadAction","target":["https:\/\/anber.es\/web\/calidad\/"]}]},{"@type":"BreadcrumbList","@id":"https:\/\/anber.es\/web\/calidad\/#breadcrumb","itemListElement":[{"@type":"ListItem","position":1,"name":"Portada","item":"https:\/\/anber.es\/web\/"},{"@type":"ListItem","position":2,"name":"Calidad"}]},{"@type":"WebSite","@id":"https:\/\/anber.es\/web\/#website","url":"https:\/\/anber.es\/web\/","name":"Anber","description":"Sistemas de protecci\u00f3n contra incendios","publisher":{"@id":"https:\/\/anber.es\/web\/#organization"},"potentialAction":[{"@type":"SearchAction","target":{"@type":"EntryPoint","urlTemplate":"https:\/\/anber.es\/web\/?s={search_term_string}"},"query-input":"required name=search_term_string"}],"inLanguage":"es"},{"@type":"Organization","@id":"https:\/\/anber.es\/web\/#organization","name":"Anber","url":"https:\/\/anber.es\/web\/","logo":{"@type":"ImageObject","inLanguage":"es","@id":"https:\/\/anber.es\/web\/#\/schema\/logo\/image\/","url":"https:\/\/anber.es\/web\/wp-content\/uploads\/2021\/03\/logo-anber.png","contentUrl":"https:\/\/anber.es\/web\/wp-content\/uploads\/2021\/03\/logo-anber.png","width":2208,"height":500,"caption":"Anber"},"image":{"@id":"https:\/\/anber.es\/web\/#\/schema\/logo\/image\/"}}]}},"_links":{"self":[{"href":"https:\/\/anber.es\/web\/wp-json\/wp\/v2\/pages\/331"}],"collection":[{"href":"https:\/\/anber.es\/web\/wp-json\/wp\/v2\/pages"}],"about":[{"href":"https:\/\/anber.es\/web\/wp-json\/wp\/v2\/types\/page"}],"author":[{"embeddable":true,"href":"https:\/\/anber.es\/web\/wp-json\/wp\/v2\/users\/2"}],"replies":[{"embeddable":true,"href":"https:\/\/anber.es\/web\/wp-json\/wp\/v2\/comments?post=331"}],"version-history":[{"count":69,"href":"https:\/\/anber.es\/web\/wp-json\/wp\/v2\/pages\/331\/revisions"}],"predecessor-version":[{"id":3029,"href":"https:\/\/anber.es\/web\/wp-json\/wp\/v2\/pages\/331\/revisions\/3029"}],"wp:attachment":[{"href":"https:\/\/anber.es\/web\/wp-json\/wp\/v2\/media?parent=331"}],"curies":[{"name":"wp","href":"https:\/\/api.w.org\/{rel}","templated":true}]}}