{"id":10296,"date":"2025-09-04T13:05:54","date_gmt":"2025-09-04T11:05:54","guid":{"rendered":"https:\/\/anber.es\/web\/?post_type=product&#038;p=10296"},"modified":"2025-11-20T11:40:22","modified_gmt":"2025-11-20T09:40:22","slug":"estera-contraincendios","status":"publish","type":"product","link":"https:\/\/anber.es\/web\/producto\/estera-contraincendios\/","title":{"rendered":"Estera contraincendios"},"content":{"rendered":"<p>La <strong>estera contraincendios <\/strong>es una protecci\u00f3n para los conductos de suministro de aire met\u00e1licos. Est\u00e1 fabricada en lana de roca acolchada, con revestimiento externo de aluminio y una malla met\u00e1lica. Las juntas transversales deben cubrirse con cinta adhesiva aluminizada (JVBBAA000000).<\/p>\n<p>Gracias a su reducido espesor de 30 mm, permite una f\u00e1cil aplicaci\u00f3n en perfiles curvos y no sobrecargar las varillas de sujeci\u00f3n.<\/p>\n<p>\u00b7 Dimensiones: <b>6000 x 1000 x 30 mm<\/b>. Se suministra en rollos de 6 m.<\/p>\n<p>Certificado CE.<\/p>\n<p>Referencia: JVEF0.<\/p>\n<p><a href=\"\/web\/wp-content\/uploads\/2025\/11\/Ficha_tecnica-estera_contraincendios.pdf\" target=\"_blank\" rel=\"noopener noreferrer\"><button>Descarga ficha<\/button><\/a><br \/>\n<a class=\"insta-link\" href=\"https:\/\/www.instagram.com\/aqlproteccion\/?hl=es\" target=\"_blank\" rel=\"noopener noreferrer\">Instagram<\/a><\/p>\n","protected":false},"excerpt":{"rendered":"<p>La estera contraincendios es una protecci\u00f3n para los conductos de suministro de aire met\u00e1licos. Est\u00e1 fabricada en lana de roca acolchada, con revestimiento externo de aluminio y una malla met\u00e1lica. Las juntas transversales deben cubrirse con cinta adhesiva aluminizada (JVBBAA000000).<\/p>\n","protected":false},"featured_media":10294,"template":"","meta":[],"product_cat":[223],"product_tag":[215],"yoast_head":"<!-- This site is optimized with the Yoast SEO plugin v22.1 - https:\/\/yoast.com\/wordpress\/plugins\/seo\/ -->\n<title>Estera contraincendios - Anber<\/title>\n<meta name=\"description\" content=\"La estera contraincendios es una protecci\u00f3n para los conductos de suministro de aire met\u00e1licos. Est\u00e1 fabricada en lana de roca acolchada\" \/>\n<meta name=\"robots\" content=\"index, follow, max-snippet:-1, max-image-preview:large, max-video-preview:-1\" \/>\n<link rel=\"canonical\" href=\"https:\/\/anber.es\/web\/producto\/estera-contraincendios\/\" \/>\n<meta property=\"og:locale\" content=\"es_ES\" \/>\n<meta property=\"og:type\" content=\"article\" \/>\n<meta property=\"og:title\" content=\"Estera contraincendios - Anber\" \/>\n<meta property=\"og:description\" content=\"La estera contraincendios es una protecci\u00f3n para los conductos de suministro de aire met\u00e1licos. Est\u00e1 fabricada en lana de roca acolchada\" \/>\n<meta property=\"og:url\" content=\"https:\/\/anber.es\/web\/producto\/estera-contraincendios\/\" \/>\n<meta property=\"og:site_name\" content=\"Anber\" \/>\n<meta property=\"article:modified_time\" content=\"2025-11-20T09:40:22+00:00\" \/>\n<meta property=\"og:image\" content=\"https:\/\/anber.es\/web\/wp-content\/uploads\/2025\/09\/estera_contra_incendios.webp\" \/>\n\t<meta property=\"og:image:width\" content=\"1000\" \/>\n\t<meta property=\"og:image:height\" content=\"1000\" \/>\n\t<meta property=\"og:image:type\" content=\"image\/webp\" \/>\n<meta name=\"twitter:card\" content=\"summary_large_image\" \/>\n<meta name=\"twitter:label1\" content=\"Tiempo de lectura\" \/>\n\t<meta name=\"twitter:data1\" content=\"1 minuto\" \/>\n<script type=\"application\/ld+json\" class=\"yoast-schema-graph\">{\"@context\":\"https:\/\/schema.org\",\"@graph\":[{\"@type\":\"WebPage\",\"@id\":\"https:\/\/anber.es\/web\/producto\/estera-contraincendios\/\",\"url\":\"https:\/\/anber.es\/web\/producto\/estera-contraincendios\/\",\"name\":\"Estera contraincendios - Anber\",\"isPartOf\":{\"@id\":\"https:\/\/anber.es\/web\/#website\"},\"datePublished\":\"2025-09-04T11:05:54+00:00\",\"dateModified\":\"2025-11-20T09:40:22+00:00\",\"description\":\"La estera contraincendios es una protecci\u00f3n para los conductos de suministro de aire met\u00e1licos. Est\u00e1 fabricada en lana de roca acolchada\",\"breadcrumb\":{\"@id\":\"https:\/\/anber.es\/web\/producto\/estera-contraincendios\/#breadcrumb\"},\"inLanguage\":\"es\",\"potentialAction\":[{\"@type\":\"ReadAction\",\"target\":[\"https:\/\/anber.es\/web\/producto\/estera-contraincendios\/\"]}]},{\"@type\":\"BreadcrumbList\",\"@id\":\"https:\/\/anber.es\/web\/producto\/estera-contraincendios\/#breadcrumb\",\"itemListElement\":[{\"@type\":\"ListItem\",\"position\":1,\"name\":\"Portada\",\"item\":\"https:\/\/anber.es\/web\/\"},{\"@type\":\"ListItem\",\"position\":2,\"name\":\"Productos\",\"item\":\"https:\/\/anber.es\/web\/productos\/\"},{\"@type\":\"ListItem\",\"position\":3,\"name\":\"Estera contraincendios\"}]},{\"@type\":\"WebSite\",\"@id\":\"https:\/\/anber.es\/web\/#website\",\"url\":\"https:\/\/anber.es\/web\/\",\"name\":\"Anber\",\"description\":\"Sistemas de protecci\u00f3n contra incendios\",\"publisher\":{\"@id\":\"https:\/\/anber.es\/web\/#organization\"},\"potentialAction\":[{\"@type\":\"SearchAction\",\"target\":{\"@type\":\"EntryPoint\",\"urlTemplate\":\"https:\/\/anber.es\/web\/?s={search_term_string}\"},\"query-input\":\"required name=search_term_string\"}],\"inLanguage\":\"es\"},{\"@type\":\"Organization\",\"@id\":\"https:\/\/anber.es\/web\/#organization\",\"name\":\"Anber\",\"url\":\"https:\/\/anber.es\/web\/\",\"logo\":{\"@type\":\"ImageObject\",\"inLanguage\":\"es\",\"@id\":\"https:\/\/anber.es\/web\/#\/schema\/logo\/image\/\",\"url\":\"https:\/\/anber.es\/web\/wp-content\/uploads\/2021\/03\/logo-anber.png\",\"contentUrl\":\"https:\/\/anber.es\/web\/wp-content\/uploads\/2021\/03\/logo-anber.png\",\"width\":2208,\"height\":500,\"caption\":\"Anber\"},\"image\":{\"@id\":\"https:\/\/anber.es\/web\/#\/schema\/logo\/image\/\"}}]}<\/script>\n<!-- \/ Yoast SEO plugin. -->","yoast_head_json":{"title":"Estera contraincendios - Anber","description":"La estera contraincendios es una protecci\u00f3n para los conductos de suministro de aire met\u00e1licos. Est\u00e1 fabricada en lana de roca acolchada","robots":{"index":"index","follow":"follow","max-snippet":"max-snippet:-1","max-image-preview":"max-image-preview:large","max-video-preview":"max-video-preview:-1"},"canonical":"https:\/\/anber.es\/web\/producto\/estera-contraincendios\/","og_locale":"es_ES","og_type":"article","og_title":"Estera contraincendios - Anber","og_description":"La estera contraincendios es una protecci\u00f3n para los conductos de suministro de aire met\u00e1licos. Est\u00e1 fabricada en lana de roca acolchada","og_url":"https:\/\/anber.es\/web\/producto\/estera-contraincendios\/","og_site_name":"Anber","article_modified_time":"2025-11-20T09:40:22+00:00","og_image":[{"width":1000,"height":1000,"url":"https:\/\/anber.es\/web\/wp-content\/uploads\/2025\/09\/estera_contra_incendios.webp","type":"image\/webp"}],"twitter_card":"summary_large_image","twitter_misc":{"Tiempo de lectura":"1 minuto"},"schema":{"@context":"https:\/\/schema.org","@graph":[{"@type":"WebPage","@id":"https:\/\/anber.es\/web\/producto\/estera-contraincendios\/","url":"https:\/\/anber.es\/web\/producto\/estera-contraincendios\/","name":"Estera contraincendios - Anber","isPartOf":{"@id":"https:\/\/anber.es\/web\/#website"},"datePublished":"2025-09-04T11:05:54+00:00","dateModified":"2025-11-20T09:40:22+00:00","description":"La estera contraincendios es una protecci\u00f3n para los conductos de suministro de aire met\u00e1licos. Est\u00e1 fabricada en lana de roca acolchada","breadcrumb":{"@id":"https:\/\/anber.es\/web\/producto\/estera-contraincendios\/#breadcrumb"},"inLanguage":"es","potentialAction":[{"@type":"ReadAction","target":["https:\/\/anber.es\/web\/producto\/estera-contraincendios\/"]}]},{"@type":"BreadcrumbList","@id":"https:\/\/anber.es\/web\/producto\/estera-contraincendios\/#breadcrumb","itemListElement":[{"@type":"ListItem","position":1,"name":"Portada","item":"https:\/\/anber.es\/web\/"},{"@type":"ListItem","position":2,"name":"Productos","item":"https:\/\/anber.es\/web\/productos\/"},{"@type":"ListItem","position":3,"name":"Estera contraincendios"}]},{"@type":"WebSite","@id":"https:\/\/anber.es\/web\/#website","url":"https:\/\/anber.es\/web\/","name":"Anber","description":"Sistemas de protecci\u00f3n contra incendios","publisher":{"@id":"https:\/\/anber.es\/web\/#organization"},"potentialAction":[{"@type":"SearchAction","target":{"@type":"EntryPoint","urlTemplate":"https:\/\/anber.es\/web\/?s={search_term_string}"},"query-input":"required name=search_term_string"}],"inLanguage":"es"},{"@type":"Organization","@id":"https:\/\/anber.es\/web\/#organization","name":"Anber","url":"https:\/\/anber.es\/web\/","logo":{"@type":"ImageObject","inLanguage":"es","@id":"https:\/\/anber.es\/web\/#\/schema\/logo\/image\/","url":"https:\/\/anber.es\/web\/wp-content\/uploads\/2021\/03\/logo-anber.png","contentUrl":"https:\/\/anber.es\/web\/wp-content\/uploads\/2021\/03\/logo-anber.png","width":2208,"height":500,"caption":"Anber"},"image":{"@id":"https:\/\/anber.es\/web\/#\/schema\/logo\/image\/"}}]}},"_links":{"self":[{"href":"https:\/\/anber.es\/web\/wp-json\/wp\/v2\/product\/10296"}],"collection":[{"href":"https:\/\/anber.es\/web\/wp-json\/wp\/v2\/product"}],"about":[{"href":"https:\/\/anber.es\/web\/wp-json\/wp\/v2\/types\/product"}],"wp:featuredmedia":[{"embeddable":true,"href":"https:\/\/anber.es\/web\/wp-json\/wp\/v2\/media\/10294"}],"wp:attachment":[{"href":"https:\/\/anber.es\/web\/wp-json\/wp\/v2\/media?parent=10296"}],"wp:term":[{"taxonomy":"product_cat","embeddable":true,"href":"https:\/\/anber.es\/web\/wp-json\/wp\/v2\/product_cat?post=10296"},{"taxonomy":"product_tag","embeddable":true,"href":"https:\/\/anber.es\/web\/wp-json\/wp\/v2\/product_tag?post=10296"}],"curies":[{"name":"wp","href":"https:\/\/api.w.org\/{rel}","templated":true}]}}