{"id":10299,"date":"2025-09-08T11:01:46","date_gmt":"2025-09-08T09:01:46","guid":{"rendered":"https:\/\/anber.es\/web\/?post_type=product&#038;p=10299"},"modified":"2025-11-20T13:45:52","modified_gmt":"2025-11-20T11:45:52","slug":"sellador-acrilico","status":"publish","type":"product","link":"https:\/\/anber.es\/web\/producto\/sellador-acrilico\/","title":{"rendered":"Sellador acr\u00edlico"},"content":{"rendered":"<p>El <strong>sellador acr\u00edlico<\/strong> es un producto complementario para el sellado de pasos de cables y tuber\u00edas, pero tambi\u00e9n se puede usar para la protecci\u00f3n de peque\u00f1as juntas, orificios de los encofrados y peque\u00f1os pasos de cables.<\/p>\n<p>Se suministra en diferentes formatos, seg\u00fan la capacidad.<\/p>\n<p>\u00b7 Envases disponibles: De<b> 300 ml hasta 20 kg<\/b>.<br \/>\n\u00b7 Aspecto: Masilla tixotr\u00f3pica.<br \/>\n\u00b7 Color: Blanco.<br \/>\n\u00b7 Tiempo sin impresi\u00f3n (sin dejar huellas): 1 hora.<br \/>\n\u00b7 Endurecimiento completo: <b>3,5 mm\/24horas<\/b>.<br \/>\n\u00b7 Temperatura de funcionamiento: <b> -10 \u00baC\/65 \u00baC<\/b>.<\/p>\n<p>Referencia: JVSE.<\/p>\n<p><a href=\"\/web\/wp-content\/uploads\/2025\/11\/Ficha_tecnica-sellador_acrilico.pdf\" target=\"_blank\" rel=\"noopener noreferrer\"><button>Descarga ficha<\/button><\/a><br \/>\n<a class=\"insta-link\" href=\"https:\/\/www.instagram.com\/aqlproteccion\/?hl=es\" target=\"_blank\" rel=\"noopener noreferrer\">Instagram<\/a><\/p>\n","protected":false},"excerpt":{"rendered":"<p>El sellador acr\u00edlico es un producto complementario para el sellado de pasos de cables y tuber\u00edas, pero tambi\u00e9n se puede usar para la protecci\u00f3n de peque\u00f1as juntas, orificios de los encofrados y peque\u00f1os pasos de cables.<\/p>\n","protected":false},"featured_media":10472,"template":"","meta":[],"product_cat":[223],"product_tag":[215],"yoast_head":"<!-- This site is optimized with the Yoast SEO plugin v22.1 - https:\/\/yoast.com\/wordpress\/plugins\/seo\/ -->\n<title>Sellador acr\u00edlico - Anber<\/title>\n<meta name=\"description\" content=\"El sellador acr\u00edlico es un producto complementario para el sellado de pasos de cables y tuber\u00edas, pero tambi\u00e9n se puede usar para\" \/>\n<meta name=\"robots\" content=\"index, follow, max-snippet:-1, max-image-preview:large, max-video-preview:-1\" \/>\n<link rel=\"canonical\" href=\"https:\/\/anber.es\/web\/producto\/sellador-acrilico\/\" \/>\n<meta property=\"og:locale\" content=\"es_ES\" \/>\n<meta property=\"og:type\" content=\"article\" \/>\n<meta property=\"og:title\" content=\"Sellador acr\u00edlico - Anber\" \/>\n<meta property=\"og:description\" content=\"El sellador acr\u00edlico es un producto complementario para el sellado de pasos de cables y tuber\u00edas, pero tambi\u00e9n se puede usar para\" \/>\n<meta property=\"og:url\" content=\"https:\/\/anber.es\/web\/producto\/sellador-acrilico\/\" \/>\n<meta property=\"og:site_name\" content=\"Anber\" \/>\n<meta property=\"article:modified_time\" content=\"2025-11-20T11:45:52+00:00\" \/>\n<meta property=\"og:image\" content=\"https:\/\/anber.es\/web\/wp-content\/uploads\/2025\/11\/sellador_acrilico.webp\" \/>\n\t<meta property=\"og:image:width\" content=\"1000\" \/>\n\t<meta property=\"og:image:height\" content=\"1000\" \/>\n\t<meta property=\"og:image:type\" content=\"image\/webp\" \/>\n<meta name=\"twitter:card\" content=\"summary_large_image\" \/>\n<meta name=\"twitter:label1\" content=\"Tiempo de lectura\" \/>\n\t<meta name=\"twitter:data1\" content=\"1 minuto\" \/>\n<script type=\"application\/ld+json\" class=\"yoast-schema-graph\">{\"@context\":\"https:\/\/schema.org\",\"@graph\":[{\"@type\":\"WebPage\",\"@id\":\"https:\/\/anber.es\/web\/producto\/sellador-acrilico\/\",\"url\":\"https:\/\/anber.es\/web\/producto\/sellador-acrilico\/\",\"name\":\"Sellador acr\u00edlico - Anber\",\"isPartOf\":{\"@id\":\"https:\/\/anber.es\/web\/#website\"},\"datePublished\":\"2025-09-08T09:01:46+00:00\",\"dateModified\":\"2025-11-20T11:45:52+00:00\",\"description\":\"El sellador acr\u00edlico es un producto complementario para el sellado de pasos de cables y tuber\u00edas, pero tambi\u00e9n se puede usar para\",\"breadcrumb\":{\"@id\":\"https:\/\/anber.es\/web\/producto\/sellador-acrilico\/#breadcrumb\"},\"inLanguage\":\"es\",\"potentialAction\":[{\"@type\":\"ReadAction\",\"target\":[\"https:\/\/anber.es\/web\/producto\/sellador-acrilico\/\"]}]},{\"@type\":\"BreadcrumbList\",\"@id\":\"https:\/\/anber.es\/web\/producto\/sellador-acrilico\/#breadcrumb\",\"itemListElement\":[{\"@type\":\"ListItem\",\"position\":1,\"name\":\"Portada\",\"item\":\"https:\/\/anber.es\/web\/\"},{\"@type\":\"ListItem\",\"position\":2,\"name\":\"Productos\",\"item\":\"https:\/\/anber.es\/web\/productos\/\"},{\"@type\":\"ListItem\",\"position\":3,\"name\":\"Sellador acr\u00edlico\"}]},{\"@type\":\"WebSite\",\"@id\":\"https:\/\/anber.es\/web\/#website\",\"url\":\"https:\/\/anber.es\/web\/\",\"name\":\"Anber\",\"description\":\"Sistemas de protecci\u00f3n contra incendios\",\"publisher\":{\"@id\":\"https:\/\/anber.es\/web\/#organization\"},\"potentialAction\":[{\"@type\":\"SearchAction\",\"target\":{\"@type\":\"EntryPoint\",\"urlTemplate\":\"https:\/\/anber.es\/web\/?s={search_term_string}\"},\"query-input\":\"required name=search_term_string\"}],\"inLanguage\":\"es\"},{\"@type\":\"Organization\",\"@id\":\"https:\/\/anber.es\/web\/#organization\",\"name\":\"Anber\",\"url\":\"https:\/\/anber.es\/web\/\",\"logo\":{\"@type\":\"ImageObject\",\"inLanguage\":\"es\",\"@id\":\"https:\/\/anber.es\/web\/#\/schema\/logo\/image\/\",\"url\":\"https:\/\/anber.es\/web\/wp-content\/uploads\/2021\/03\/logo-anber.png\",\"contentUrl\":\"https:\/\/anber.es\/web\/wp-content\/uploads\/2021\/03\/logo-anber.png\",\"width\":2208,\"height\":500,\"caption\":\"Anber\"},\"image\":{\"@id\":\"https:\/\/anber.es\/web\/#\/schema\/logo\/image\/\"}}]}<\/script>\n<!-- \/ Yoast SEO plugin. -->","yoast_head_json":{"title":"Sellador acr\u00edlico - Anber","description":"El sellador acr\u00edlico es un producto complementario para el sellado de pasos de cables y tuber\u00edas, pero tambi\u00e9n se puede usar para","robots":{"index":"index","follow":"follow","max-snippet":"max-snippet:-1","max-image-preview":"max-image-preview:large","max-video-preview":"max-video-preview:-1"},"canonical":"https:\/\/anber.es\/web\/producto\/sellador-acrilico\/","og_locale":"es_ES","og_type":"article","og_title":"Sellador acr\u00edlico - Anber","og_description":"El sellador acr\u00edlico es un producto complementario para el sellado de pasos de cables y tuber\u00edas, pero tambi\u00e9n se puede usar para","og_url":"https:\/\/anber.es\/web\/producto\/sellador-acrilico\/","og_site_name":"Anber","article_modified_time":"2025-11-20T11:45:52+00:00","og_image":[{"width":1000,"height":1000,"url":"https:\/\/anber.es\/web\/wp-content\/uploads\/2025\/11\/sellador_acrilico.webp","type":"image\/webp"}],"twitter_card":"summary_large_image","twitter_misc":{"Tiempo de lectura":"1 minuto"},"schema":{"@context":"https:\/\/schema.org","@graph":[{"@type":"WebPage","@id":"https:\/\/anber.es\/web\/producto\/sellador-acrilico\/","url":"https:\/\/anber.es\/web\/producto\/sellador-acrilico\/","name":"Sellador acr\u00edlico - Anber","isPartOf":{"@id":"https:\/\/anber.es\/web\/#website"},"datePublished":"2025-09-08T09:01:46+00:00","dateModified":"2025-11-20T11:45:52+00:00","description":"El sellador acr\u00edlico es un producto complementario para el sellado de pasos de cables y tuber\u00edas, pero tambi\u00e9n se puede usar para","breadcrumb":{"@id":"https:\/\/anber.es\/web\/producto\/sellador-acrilico\/#breadcrumb"},"inLanguage":"es","potentialAction":[{"@type":"ReadAction","target":["https:\/\/anber.es\/web\/producto\/sellador-acrilico\/"]}]},{"@type":"BreadcrumbList","@id":"https:\/\/anber.es\/web\/producto\/sellador-acrilico\/#breadcrumb","itemListElement":[{"@type":"ListItem","position":1,"name":"Portada","item":"https:\/\/anber.es\/web\/"},{"@type":"ListItem","position":2,"name":"Productos","item":"https:\/\/anber.es\/web\/productos\/"},{"@type":"ListItem","position":3,"name":"Sellador acr\u00edlico"}]},{"@type":"WebSite","@id":"https:\/\/anber.es\/web\/#website","url":"https:\/\/anber.es\/web\/","name":"Anber","description":"Sistemas de protecci\u00f3n contra incendios","publisher":{"@id":"https:\/\/anber.es\/web\/#organization"},"potentialAction":[{"@type":"SearchAction","target":{"@type":"EntryPoint","urlTemplate":"https:\/\/anber.es\/web\/?s={search_term_string}"},"query-input":"required name=search_term_string"}],"inLanguage":"es"},{"@type":"Organization","@id":"https:\/\/anber.es\/web\/#organization","name":"Anber","url":"https:\/\/anber.es\/web\/","logo":{"@type":"ImageObject","inLanguage":"es","@id":"https:\/\/anber.es\/web\/#\/schema\/logo\/image\/","url":"https:\/\/anber.es\/web\/wp-content\/uploads\/2021\/03\/logo-anber.png","contentUrl":"https:\/\/anber.es\/web\/wp-content\/uploads\/2021\/03\/logo-anber.png","width":2208,"height":500,"caption":"Anber"},"image":{"@id":"https:\/\/anber.es\/web\/#\/schema\/logo\/image\/"}}]}},"_links":{"self":[{"href":"https:\/\/anber.es\/web\/wp-json\/wp\/v2\/product\/10299"}],"collection":[{"href":"https:\/\/anber.es\/web\/wp-json\/wp\/v2\/product"}],"about":[{"href":"https:\/\/anber.es\/web\/wp-json\/wp\/v2\/types\/product"}],"wp:featuredmedia":[{"embeddable":true,"href":"https:\/\/anber.es\/web\/wp-json\/wp\/v2\/media\/10472"}],"wp:attachment":[{"href":"https:\/\/anber.es\/web\/wp-json\/wp\/v2\/media?parent=10299"}],"wp:term":[{"taxonomy":"product_cat","embeddable":true,"href":"https:\/\/anber.es\/web\/wp-json\/wp\/v2\/product_cat?post=10299"},{"taxonomy":"product_tag","embeddable":true,"href":"https:\/\/anber.es\/web\/wp-json\/wp\/v2\/product_tag?post=10299"}],"curies":[{"name":"wp","href":"https:\/\/api.w.org\/{rel}","templated":true}]}}