{"id":10306,"date":"2025-09-08T12:09:21","date_gmt":"2025-09-08T10:09:21","guid":{"rendered":"https:\/\/anber.es\/web\/?post_type=product&#038;p=10306"},"modified":"2025-11-20T13:10:06","modified_gmt":"2025-11-20T11:10:06","slug":"pintura-autoextinguible","status":"publish","type":"product","link":"https:\/\/anber.es\/web\/producto\/pintura-autoextinguible\/","title":{"rendered":"Pintura autoextinguible"},"content":{"rendered":"<p>La <strong>pintura autoextinguible <\/strong>es una pintura contraincendios a base de agua dise\u00f1ada para retrasar la propagaci\u00f3n del fuego en cables el\u00e9ctricos. Al contacto con la llama, libera vapor de agua que reduce la temperatura y deja un residuo incombustible que bloquea el avance del fuego. Su elasticidad permite adaptarse a movimientos por temperatura o vibraci\u00f3n. Es ideal para centrales el\u00e9ctricas, salas de control, y cualquier espacio con gran cantidad de cableado, limitando los da\u00f1os en caso incendio.<\/p>\n<p>Se suministra en cubos de <b>20 kg<\/b>.<\/p>\n<p>\u00b7 Sin impresi\u00f3n (sin dejar huellas): 60 minutos.<br \/>\n\u00b7 Endurecimiento: 1,5 mm\/24 horas a 20 \u00baC.<br \/>\n\u00b7 Contenido seco: >70% p.p.<br \/>\n\u00b7 Limpieza de las herramientas: Agua.<br \/>\n\u00b7 Temperatura de aplicaci\u00f3n: <b>5 \u00baC\/40 \u00baC<\/b>.<\/p>\n<p>Referencia: JVPINT20KG.<\/p>\n<p><a href=\"\/web\/wp-content\/uploads\/2025\/11\/Ficha_tecnica-pintura_autoextinguible.pdf\" target=\"_blank\" rel=\"noopener noreferrer\"><button>Descarga ficha<\/button><\/a><br \/>\n<a class=\"insta-link\" href=\"https:\/\/www.instagram.com\/aqlproteccion\/?hl=es\" target=\"_blank\" rel=\"noopener noreferrer\">Instagram<\/a><\/p>\n","protected":false},"excerpt":{"rendered":"<p>La pintura autoextinguible es una pintura contraincendios a base de agua dise\u00f1ada para retrasar la propagaci\u00f3n del fuego en cables el\u00e9ctricos. Al contacto con la llama, libera vapor de agua que reduce la temperatura y deja un residuo incombustible que bloquea el avance del fuego.<\/p>\n","protected":false},"featured_media":10305,"template":"","meta":[],"product_cat":[223],"product_tag":[215],"yoast_head":"<!-- This site is optimized with the Yoast SEO plugin v22.1 - https:\/\/yoast.com\/wordpress\/plugins\/seo\/ -->\n<title>Pintura autoextinguible - Anber<\/title>\n<meta name=\"description\" content=\"La pintura autoextinguible es una pintura contraincendios a base de agua dise\u00f1ada para retrasar la propagaci\u00f3n del fuego en cables el\u00e9ctricos.\" \/>\n<meta name=\"robots\" content=\"index, follow, max-snippet:-1, max-image-preview:large, max-video-preview:-1\" \/>\n<link rel=\"canonical\" href=\"https:\/\/anber.es\/web\/producto\/pintura-autoextinguible\/\" \/>\n<meta property=\"og:locale\" content=\"es_ES\" \/>\n<meta property=\"og:type\" content=\"article\" \/>\n<meta property=\"og:title\" content=\"Pintura autoextinguible - Anber\" \/>\n<meta property=\"og:description\" content=\"La pintura autoextinguible es una pintura contraincendios a base de agua dise\u00f1ada para retrasar la propagaci\u00f3n del fuego en cables el\u00e9ctricos.\" \/>\n<meta property=\"og:url\" content=\"https:\/\/anber.es\/web\/producto\/pintura-autoextinguible\/\" \/>\n<meta property=\"og:site_name\" content=\"Anber\" \/>\n<meta property=\"article:modified_time\" content=\"2025-11-20T11:10:06+00:00\" \/>\n<meta property=\"og:image\" content=\"https:\/\/anber.es\/web\/wp-content\/uploads\/2025\/09\/pintura_autoextinguible.webp\" \/>\n\t<meta property=\"og:image:width\" content=\"1000\" \/>\n\t<meta property=\"og:image:height\" content=\"1000\" \/>\n\t<meta property=\"og:image:type\" content=\"image\/webp\" \/>\n<meta name=\"twitter:card\" content=\"summary_large_image\" \/>\n<meta name=\"twitter:label1\" content=\"Tiempo de lectura\" \/>\n\t<meta name=\"twitter:data1\" content=\"1 minuto\" \/>\n<script type=\"application\/ld+json\" class=\"yoast-schema-graph\">{\"@context\":\"https:\/\/schema.org\",\"@graph\":[{\"@type\":\"WebPage\",\"@id\":\"https:\/\/anber.es\/web\/producto\/pintura-autoextinguible\/\",\"url\":\"https:\/\/anber.es\/web\/producto\/pintura-autoextinguible\/\",\"name\":\"Pintura autoextinguible - Anber\",\"isPartOf\":{\"@id\":\"https:\/\/anber.es\/web\/#website\"},\"datePublished\":\"2025-09-08T10:09:21+00:00\",\"dateModified\":\"2025-11-20T11:10:06+00:00\",\"description\":\"La pintura autoextinguible es una pintura contraincendios a base de agua dise\u00f1ada para retrasar la propagaci\u00f3n del fuego en cables el\u00e9ctricos.\",\"breadcrumb\":{\"@id\":\"https:\/\/anber.es\/web\/producto\/pintura-autoextinguible\/#breadcrumb\"},\"inLanguage\":\"es\",\"potentialAction\":[{\"@type\":\"ReadAction\",\"target\":[\"https:\/\/anber.es\/web\/producto\/pintura-autoextinguible\/\"]}]},{\"@type\":\"BreadcrumbList\",\"@id\":\"https:\/\/anber.es\/web\/producto\/pintura-autoextinguible\/#breadcrumb\",\"itemListElement\":[{\"@type\":\"ListItem\",\"position\":1,\"name\":\"Portada\",\"item\":\"https:\/\/anber.es\/web\/\"},{\"@type\":\"ListItem\",\"position\":2,\"name\":\"Productos\",\"item\":\"https:\/\/anber.es\/web\/productos\/\"},{\"@type\":\"ListItem\",\"position\":3,\"name\":\"Pintura autoextinguible\"}]},{\"@type\":\"WebSite\",\"@id\":\"https:\/\/anber.es\/web\/#website\",\"url\":\"https:\/\/anber.es\/web\/\",\"name\":\"Anber\",\"description\":\"Sistemas de protecci\u00f3n contra incendios\",\"publisher\":{\"@id\":\"https:\/\/anber.es\/web\/#organization\"},\"potentialAction\":[{\"@type\":\"SearchAction\",\"target\":{\"@type\":\"EntryPoint\",\"urlTemplate\":\"https:\/\/anber.es\/web\/?s={search_term_string}\"},\"query-input\":\"required name=search_term_string\"}],\"inLanguage\":\"es\"},{\"@type\":\"Organization\",\"@id\":\"https:\/\/anber.es\/web\/#organization\",\"name\":\"Anber\",\"url\":\"https:\/\/anber.es\/web\/\",\"logo\":{\"@type\":\"ImageObject\",\"inLanguage\":\"es\",\"@id\":\"https:\/\/anber.es\/web\/#\/schema\/logo\/image\/\",\"url\":\"https:\/\/anber.es\/web\/wp-content\/uploads\/2021\/03\/logo-anber.png\",\"contentUrl\":\"https:\/\/anber.es\/web\/wp-content\/uploads\/2021\/03\/logo-anber.png\",\"width\":2208,\"height\":500,\"caption\":\"Anber\"},\"image\":{\"@id\":\"https:\/\/anber.es\/web\/#\/schema\/logo\/image\/\"}}]}<\/script>\n<!-- \/ Yoast SEO plugin. -->","yoast_head_json":{"title":"Pintura autoextinguible - Anber","description":"La pintura autoextinguible es una pintura contraincendios a base de agua dise\u00f1ada para retrasar la propagaci\u00f3n del fuego en cables el\u00e9ctricos.","robots":{"index":"index","follow":"follow","max-snippet":"max-snippet:-1","max-image-preview":"max-image-preview:large","max-video-preview":"max-video-preview:-1"},"canonical":"https:\/\/anber.es\/web\/producto\/pintura-autoextinguible\/","og_locale":"es_ES","og_type":"article","og_title":"Pintura autoextinguible - Anber","og_description":"La pintura autoextinguible es una pintura contraincendios a base de agua dise\u00f1ada para retrasar la propagaci\u00f3n del fuego en cables el\u00e9ctricos.","og_url":"https:\/\/anber.es\/web\/producto\/pintura-autoextinguible\/","og_site_name":"Anber","article_modified_time":"2025-11-20T11:10:06+00:00","og_image":[{"width":1000,"height":1000,"url":"https:\/\/anber.es\/web\/wp-content\/uploads\/2025\/09\/pintura_autoextinguible.webp","type":"image\/webp"}],"twitter_card":"summary_large_image","twitter_misc":{"Tiempo de lectura":"1 minuto"},"schema":{"@context":"https:\/\/schema.org","@graph":[{"@type":"WebPage","@id":"https:\/\/anber.es\/web\/producto\/pintura-autoextinguible\/","url":"https:\/\/anber.es\/web\/producto\/pintura-autoextinguible\/","name":"Pintura autoextinguible - Anber","isPartOf":{"@id":"https:\/\/anber.es\/web\/#website"},"datePublished":"2025-09-08T10:09:21+00:00","dateModified":"2025-11-20T11:10:06+00:00","description":"La pintura autoextinguible es una pintura contraincendios a base de agua dise\u00f1ada para retrasar la propagaci\u00f3n del fuego en cables el\u00e9ctricos.","breadcrumb":{"@id":"https:\/\/anber.es\/web\/producto\/pintura-autoextinguible\/#breadcrumb"},"inLanguage":"es","potentialAction":[{"@type":"ReadAction","target":["https:\/\/anber.es\/web\/producto\/pintura-autoextinguible\/"]}]},{"@type":"BreadcrumbList","@id":"https:\/\/anber.es\/web\/producto\/pintura-autoextinguible\/#breadcrumb","itemListElement":[{"@type":"ListItem","position":1,"name":"Portada","item":"https:\/\/anber.es\/web\/"},{"@type":"ListItem","position":2,"name":"Productos","item":"https:\/\/anber.es\/web\/productos\/"},{"@type":"ListItem","position":3,"name":"Pintura autoextinguible"}]},{"@type":"WebSite","@id":"https:\/\/anber.es\/web\/#website","url":"https:\/\/anber.es\/web\/","name":"Anber","description":"Sistemas de protecci\u00f3n contra incendios","publisher":{"@id":"https:\/\/anber.es\/web\/#organization"},"potentialAction":[{"@type":"SearchAction","target":{"@type":"EntryPoint","urlTemplate":"https:\/\/anber.es\/web\/?s={search_term_string}"},"query-input":"required name=search_term_string"}],"inLanguage":"es"},{"@type":"Organization","@id":"https:\/\/anber.es\/web\/#organization","name":"Anber","url":"https:\/\/anber.es\/web\/","logo":{"@type":"ImageObject","inLanguage":"es","@id":"https:\/\/anber.es\/web\/#\/schema\/logo\/image\/","url":"https:\/\/anber.es\/web\/wp-content\/uploads\/2021\/03\/logo-anber.png","contentUrl":"https:\/\/anber.es\/web\/wp-content\/uploads\/2021\/03\/logo-anber.png","width":2208,"height":500,"caption":"Anber"},"image":{"@id":"https:\/\/anber.es\/web\/#\/schema\/logo\/image\/"}}]}},"_links":{"self":[{"href":"https:\/\/anber.es\/web\/wp-json\/wp\/v2\/product\/10306"}],"collection":[{"href":"https:\/\/anber.es\/web\/wp-json\/wp\/v2\/product"}],"about":[{"href":"https:\/\/anber.es\/web\/wp-json\/wp\/v2\/types\/product"}],"wp:featuredmedia":[{"embeddable":true,"href":"https:\/\/anber.es\/web\/wp-json\/wp\/v2\/media\/10305"}],"wp:attachment":[{"href":"https:\/\/anber.es\/web\/wp-json\/wp\/v2\/media?parent=10306"}],"wp:term":[{"taxonomy":"product_cat","embeddable":true,"href":"https:\/\/anber.es\/web\/wp-json\/wp\/v2\/product_cat?post=10306"},{"taxonomy":"product_tag","embeddable":true,"href":"https:\/\/anber.es\/web\/wp-json\/wp\/v2\/product_tag?post=10306"}],"curies":[{"name":"wp","href":"https:\/\/api.w.org\/{rel}","templated":true}]}}