{"id":10309,"date":"2025-09-09T09:14:45","date_gmt":"2025-09-09T07:14:45","guid":{"rendered":"https:\/\/anber.es\/web\/?post_type=product&#038;p=10309"},"modified":"2025-09-09T09:15:31","modified_gmt":"2025-09-09T07:15:31","slug":"camara-de-retardo","status":"publish","type":"product","link":"https:\/\/anber.es\/web\/producto\/camara-de-retardo\/","title":{"rendered":"C\u00e1mara de retardo"},"content":{"rendered":"<p>La <strong>c\u00e1mara de retardo <\/strong>de un puesto de control es necesaria en instalaciones que est\u00e9n sujetas a variaciones de presi\u00f3n, para ayudar a prevenir falsas alarmas.<\/p>\n<p><u>Caracter\u00edsticas:<\/u><br \/>\n\u00b7 Presi\u00f3n m\u00e1xima de trabajo: 20 bar (300 psi).<br \/>\n\u00b7 Presi\u00f3n de prueba: 41 bar (600 psi).<br \/>\n\u00b7 Entrada: 1\/2&#8243; NPT.<br \/>\n\u00b7 Salida: 3\/4&#8243; NPT.<br \/>\n\u00b7 Listado UL.<br \/>\n\u00b7 Aprobado FM-CE si se instala con el puesto de control h\u00famedo F1511, F1512 y F1522.<br \/>\n\u00b7 Interior y exterior con revestimiento de epoxy adherido por fusi\u00f3n seg\u00fan el est\u00e1ndar AWWA C550.<\/p>\n<p>Referencia: VHW32335.<\/p>\n<p><a href=\"\/web\/wp-content\/uploads\/2025\/09\/Ficha_tecnica-camara_de_retardo_modelo_RC-16.pdf\" target=\"_blank\" rel=\"noopener noreferrer\"><button>Descarga ficha<\/button><\/a><br \/>\n<a class=\"insta-link\" href=\"https:\/\/www.instagram.com\/aqlproteccion\/?hl=es\" target=\"_blank\" rel=\"noopener noreferrer\">Instagram<\/a><\/p>\n","protected":false},"excerpt":{"rendered":"<p>La c\u00e1mara de retardo de un puesto de control es necesaria en instalaciones que est\u00e9n sujetas a variaciones de presi\u00f3n, para ayudar a prevenir falsas alarmas. Presi\u00f3n m\u00e1xima de trabajo 20 bar, listado UL.<\/p>\n","protected":false},"featured_media":10307,"template":"","meta":[],"product_cat":[121,119,182],"product_tag":[215],"yoast_head":"<!-- This site is optimized with the Yoast SEO plugin v22.1 - https:\/\/yoast.com\/wordpress\/plugins\/seo\/ -->\n<title>C\u00e1mara de retardo - Anber<\/title>\n<meta name=\"description\" content=\"La c\u00e1mara de retardo de un puesto de control es necesaria en instalaciones que est\u00e9n sujetas a variaciones de presi\u00f3n. Ayuda a prevenir falsas alarmas.\" \/>\n<meta name=\"robots\" content=\"index, follow, max-snippet:-1, max-image-preview:large, max-video-preview:-1\" \/>\n<link rel=\"canonical\" href=\"https:\/\/anber.es\/web\/producto\/camara-de-retardo\/\" \/>\n<meta property=\"og:locale\" content=\"es_ES\" \/>\n<meta property=\"og:type\" content=\"article\" \/>\n<meta property=\"og:title\" content=\"C\u00e1mara de retardo - Anber\" \/>\n<meta property=\"og:description\" content=\"La c\u00e1mara de retardo de un puesto de control es necesaria en instalaciones que est\u00e9n sujetas a variaciones de presi\u00f3n. Ayuda a prevenir falsas alarmas.\" \/>\n<meta property=\"og:url\" content=\"https:\/\/anber.es\/web\/producto\/camara-de-retardo\/\" \/>\n<meta property=\"og:site_name\" content=\"Anber\" \/>\n<meta property=\"article:modified_time\" content=\"2025-09-09T07:15:31+00:00\" \/>\n<meta property=\"og:image\" content=\"https:\/\/anber.es\/web\/wp-content\/uploads\/2025\/09\/camara_de_retardo_para_puesto_control_modelo_RC-16.webp\" \/>\n\t<meta property=\"og:image:width\" content=\"1000\" \/>\n\t<meta property=\"og:image:height\" content=\"1000\" \/>\n\t<meta property=\"og:image:type\" content=\"image\/webp\" \/>\n<meta name=\"twitter:card\" content=\"summary_large_image\" \/>\n<meta name=\"twitter:label1\" content=\"Tiempo de lectura\" \/>\n\t<meta name=\"twitter:data1\" content=\"1 minuto\" \/>\n<script type=\"application\/ld+json\" class=\"yoast-schema-graph\">{\"@context\":\"https:\/\/schema.org\",\"@graph\":[{\"@type\":\"WebPage\",\"@id\":\"https:\/\/anber.es\/web\/producto\/camara-de-retardo\/\",\"url\":\"https:\/\/anber.es\/web\/producto\/camara-de-retardo\/\",\"name\":\"C\u00e1mara de retardo - Anber\",\"isPartOf\":{\"@id\":\"https:\/\/anber.es\/web\/#website\"},\"datePublished\":\"2025-09-09T07:14:45+00:00\",\"dateModified\":\"2025-09-09T07:15:31+00:00\",\"description\":\"La c\u00e1mara de retardo de un puesto de control es necesaria en instalaciones que est\u00e9n sujetas a variaciones de presi\u00f3n. Ayuda a prevenir falsas alarmas.\",\"breadcrumb\":{\"@id\":\"https:\/\/anber.es\/web\/producto\/camara-de-retardo\/#breadcrumb\"},\"inLanguage\":\"es\",\"potentialAction\":[{\"@type\":\"ReadAction\",\"target\":[\"https:\/\/anber.es\/web\/producto\/camara-de-retardo\/\"]}]},{\"@type\":\"BreadcrumbList\",\"@id\":\"https:\/\/anber.es\/web\/producto\/camara-de-retardo\/#breadcrumb\",\"itemListElement\":[{\"@type\":\"ListItem\",\"position\":1,\"name\":\"Portada\",\"item\":\"https:\/\/anber.es\/web\/\"},{\"@type\":\"ListItem\",\"position\":2,\"name\":\"Productos\",\"item\":\"https:\/\/anber.es\/web\/productos\/\"},{\"@type\":\"ListItem\",\"position\":3,\"name\":\"C\u00e1mara de retardo\"}]},{\"@type\":\"WebSite\",\"@id\":\"https:\/\/anber.es\/web\/#website\",\"url\":\"https:\/\/anber.es\/web\/\",\"name\":\"Anber\",\"description\":\"Sistemas de protecci\u00f3n contra incendios\",\"publisher\":{\"@id\":\"https:\/\/anber.es\/web\/#organization\"},\"potentialAction\":[{\"@type\":\"SearchAction\",\"target\":{\"@type\":\"EntryPoint\",\"urlTemplate\":\"https:\/\/anber.es\/web\/?s={search_term_string}\"},\"query-input\":\"required name=search_term_string\"}],\"inLanguage\":\"es\"},{\"@type\":\"Organization\",\"@id\":\"https:\/\/anber.es\/web\/#organization\",\"name\":\"Anber\",\"url\":\"https:\/\/anber.es\/web\/\",\"logo\":{\"@type\":\"ImageObject\",\"inLanguage\":\"es\",\"@id\":\"https:\/\/anber.es\/web\/#\/schema\/logo\/image\/\",\"url\":\"https:\/\/anber.es\/web\/wp-content\/uploads\/2021\/03\/logo-anber.png\",\"contentUrl\":\"https:\/\/anber.es\/web\/wp-content\/uploads\/2021\/03\/logo-anber.png\",\"width\":2208,\"height\":500,\"caption\":\"Anber\"},\"image\":{\"@id\":\"https:\/\/anber.es\/web\/#\/schema\/logo\/image\/\"}}]}<\/script>\n<!-- \/ Yoast SEO plugin. -->","yoast_head_json":{"title":"C\u00e1mara de retardo - Anber","description":"La c\u00e1mara de retardo de un puesto de control es necesaria en instalaciones que est\u00e9n sujetas a variaciones de presi\u00f3n. Ayuda a prevenir falsas alarmas.","robots":{"index":"index","follow":"follow","max-snippet":"max-snippet:-1","max-image-preview":"max-image-preview:large","max-video-preview":"max-video-preview:-1"},"canonical":"https:\/\/anber.es\/web\/producto\/camara-de-retardo\/","og_locale":"es_ES","og_type":"article","og_title":"C\u00e1mara de retardo - Anber","og_description":"La c\u00e1mara de retardo de un puesto de control es necesaria en instalaciones que est\u00e9n sujetas a variaciones de presi\u00f3n. Ayuda a prevenir falsas alarmas.","og_url":"https:\/\/anber.es\/web\/producto\/camara-de-retardo\/","og_site_name":"Anber","article_modified_time":"2025-09-09T07:15:31+00:00","og_image":[{"width":1000,"height":1000,"url":"https:\/\/anber.es\/web\/wp-content\/uploads\/2025\/09\/camara_de_retardo_para_puesto_control_modelo_RC-16.webp","type":"image\/webp"}],"twitter_card":"summary_large_image","twitter_misc":{"Tiempo de lectura":"1 minuto"},"schema":{"@context":"https:\/\/schema.org","@graph":[{"@type":"WebPage","@id":"https:\/\/anber.es\/web\/producto\/camara-de-retardo\/","url":"https:\/\/anber.es\/web\/producto\/camara-de-retardo\/","name":"C\u00e1mara de retardo - Anber","isPartOf":{"@id":"https:\/\/anber.es\/web\/#website"},"datePublished":"2025-09-09T07:14:45+00:00","dateModified":"2025-09-09T07:15:31+00:00","description":"La c\u00e1mara de retardo de un puesto de control es necesaria en instalaciones que est\u00e9n sujetas a variaciones de presi\u00f3n. Ayuda a prevenir falsas alarmas.","breadcrumb":{"@id":"https:\/\/anber.es\/web\/producto\/camara-de-retardo\/#breadcrumb"},"inLanguage":"es","potentialAction":[{"@type":"ReadAction","target":["https:\/\/anber.es\/web\/producto\/camara-de-retardo\/"]}]},{"@type":"BreadcrumbList","@id":"https:\/\/anber.es\/web\/producto\/camara-de-retardo\/#breadcrumb","itemListElement":[{"@type":"ListItem","position":1,"name":"Portada","item":"https:\/\/anber.es\/web\/"},{"@type":"ListItem","position":2,"name":"Productos","item":"https:\/\/anber.es\/web\/productos\/"},{"@type":"ListItem","position":3,"name":"C\u00e1mara de retardo"}]},{"@type":"WebSite","@id":"https:\/\/anber.es\/web\/#website","url":"https:\/\/anber.es\/web\/","name":"Anber","description":"Sistemas de protecci\u00f3n contra incendios","publisher":{"@id":"https:\/\/anber.es\/web\/#organization"},"potentialAction":[{"@type":"SearchAction","target":{"@type":"EntryPoint","urlTemplate":"https:\/\/anber.es\/web\/?s={search_term_string}"},"query-input":"required name=search_term_string"}],"inLanguage":"es"},{"@type":"Organization","@id":"https:\/\/anber.es\/web\/#organization","name":"Anber","url":"https:\/\/anber.es\/web\/","logo":{"@type":"ImageObject","inLanguage":"es","@id":"https:\/\/anber.es\/web\/#\/schema\/logo\/image\/","url":"https:\/\/anber.es\/web\/wp-content\/uploads\/2021\/03\/logo-anber.png","contentUrl":"https:\/\/anber.es\/web\/wp-content\/uploads\/2021\/03\/logo-anber.png","width":2208,"height":500,"caption":"Anber"},"image":{"@id":"https:\/\/anber.es\/web\/#\/schema\/logo\/image\/"}}]}},"_links":{"self":[{"href":"https:\/\/anber.es\/web\/wp-json\/wp\/v2\/product\/10309"}],"collection":[{"href":"https:\/\/anber.es\/web\/wp-json\/wp\/v2\/product"}],"about":[{"href":"https:\/\/anber.es\/web\/wp-json\/wp\/v2\/types\/product"}],"wp:featuredmedia":[{"embeddable":true,"href":"https:\/\/anber.es\/web\/wp-json\/wp\/v2\/media\/10307"}],"wp:attachment":[{"href":"https:\/\/anber.es\/web\/wp-json\/wp\/v2\/media?parent=10309"}],"wp:term":[{"taxonomy":"product_cat","embeddable":true,"href":"https:\/\/anber.es\/web\/wp-json\/wp\/v2\/product_cat?post=10309"},{"taxonomy":"product_tag","embeddable":true,"href":"https:\/\/anber.es\/web\/wp-json\/wp\/v2\/product_tag?post=10309"}],"curies":[{"name":"wp","href":"https:\/\/api.w.org\/{rel}","templated":true}]}}