{"id":10748,"date":"2026-03-12T13:21:39","date_gmt":"2026-03-12T11:21:39","guid":{"rendered":"https:\/\/anber.es\/web\/?post_type=product&#038;p=10748"},"modified":"2026-03-12T13:27:09","modified_gmt":"2026-03-12T11:27:09","slug":"gas-co2","status":"publish","type":"product","link":"https:\/\/anber.es\/web\/producto\/gas-co2\/","title":{"rendered":"Gas CO<sub>2<\/sub>"},"content":{"rendered":"<p>El <strong>gas CO<sub>2<\/sub><\/strong> es un agente extintor con excelentes propiedades para la extinci\u00f3n de incendios. Es el gas m\u00e1s eficaz para la supresi\u00f3n de una amplia gama de tipos de incendio A, B y C. Su mecanismo de extinci\u00f3n funciona desplazando el ox\u00edgeno contenido en la atm\u00f3sfera, reduci\u00e9ndolo desde el 21% al 15%, para la mayor\u00eda de las aplicaciones. Produce un efecto de enfriamiento mediante la eliminaci\u00f3n de suficiente calor del fuego.<\/p>\n<p><b>No deja residuos<\/b> ni durante, ni despu\u00e9s de la descarga, por lo que no est\u00e1 sometido a la retirada de HFC\u2019s seg\u00fan el reglamento europeo y tiene un impacto medioambiental relativamente bajo.<\/p>\n<p>El gas CO<sub>2<\/sub> <b>no es aceptable para espacios ocupados por humanos<\/b> por lo que es obligatorio tomar medidas de seguridad.<\/p>\n<p>El gas CO<sub>2<\/sub> cumple con las normativas internacionales, <b>FM<\/b>, <b>UL<\/b> y <b>NFPA<\/b>.<\/p>\n<p>Referencia: ICCO2.<\/p>\n<p><a href=\"\/web\/wp-content\/uploads\/2026\/03\/Ficha_tecnica-gas_CO2.pdf\" target=\"_blank\" rel=\"noopener noreferrer\"><button>Descarga ficha<\/button><\/a><br \/>\n<a class=\"insta-link\" href=\"https:\/\/www.instagram.com\/aqlproteccion\/?hl=es\" target=\"_blank\" rel=\"noopener noreferrer\">Instagram<\/a><\/p>\n","protected":false},"excerpt":{"rendered":"<p>El gas CO2 es un agente extintor con excelentes propiedades para la extinci\u00f3n de incendios. Es el gas m\u00e1s eficaz para la supresi\u00f3n de una amplia gama de tipos de incendio A, B y C. <\/p>\n","protected":false},"featured_media":10746,"template":"","meta":[],"product_cat":[174,171],"product_tag":[215],"yoast_head":"<!-- This site is optimized with the Yoast SEO plugin v22.1 - https:\/\/yoast.com\/wordpress\/plugins\/seo\/ -->\n<title>Gas CO2 - Anber<\/title>\n<meta name=\"description\" content=\"El gas CO2 es un agente extintor con excelentes propiedades para la extinci\u00f3n de incendios. Para tipos de incendio A, B y C.\" \/>\n<meta name=\"robots\" content=\"index, follow, max-snippet:-1, max-image-preview:large, max-video-preview:-1\" \/>\n<link rel=\"canonical\" href=\"https:\/\/anber.es\/web\/producto\/gas-co2\/\" \/>\n<meta property=\"og:locale\" content=\"es_ES\" \/>\n<meta property=\"og:type\" content=\"article\" \/>\n<meta property=\"og:title\" content=\"Gas CO2 - Anber\" \/>\n<meta property=\"og:description\" content=\"El gas CO2 es un agente extintor con excelentes propiedades para la extinci\u00f3n de incendios. Para tipos de incendio A, B y C.\" \/>\n<meta property=\"og:url\" content=\"https:\/\/anber.es\/web\/producto\/gas-co2\/\" \/>\n<meta property=\"og:site_name\" content=\"Anber\" \/>\n<meta property=\"article:modified_time\" content=\"2026-03-12T11:27:09+00:00\" \/>\n<meta property=\"og:image\" content=\"https:\/\/anber.es\/web\/wp-content\/uploads\/2026\/03\/gas_CO2.webp\" \/>\n\t<meta property=\"og:image:width\" content=\"1000\" \/>\n\t<meta property=\"og:image:height\" content=\"1000\" \/>\n\t<meta property=\"og:image:type\" content=\"image\/webp\" \/>\n<meta name=\"twitter:card\" content=\"summary_large_image\" \/>\n<meta name=\"twitter:label1\" content=\"Tiempo de lectura\" \/>\n\t<meta name=\"twitter:data1\" content=\"1 minuto\" \/>\n<script type=\"application\/ld+json\" class=\"yoast-schema-graph\">{\"@context\":\"https:\/\/schema.org\",\"@graph\":[{\"@type\":\"WebPage\",\"@id\":\"https:\/\/anber.es\/web\/producto\/gas-co2\/\",\"url\":\"https:\/\/anber.es\/web\/producto\/gas-co2\/\",\"name\":\"Gas CO2 - Anber\",\"isPartOf\":{\"@id\":\"https:\/\/anber.es\/web\/#website\"},\"datePublished\":\"2026-03-12T11:21:39+00:00\",\"dateModified\":\"2026-03-12T11:27:09+00:00\",\"description\":\"El gas CO2 es un agente extintor con excelentes propiedades para la extinci\u00f3n de incendios. Para tipos de incendio A, B y C.\",\"breadcrumb\":{\"@id\":\"https:\/\/anber.es\/web\/producto\/gas-co2\/#breadcrumb\"},\"inLanguage\":\"es\",\"potentialAction\":[{\"@type\":\"ReadAction\",\"target\":[\"https:\/\/anber.es\/web\/producto\/gas-co2\/\"]}]},{\"@type\":\"BreadcrumbList\",\"@id\":\"https:\/\/anber.es\/web\/producto\/gas-co2\/#breadcrumb\",\"itemListElement\":[{\"@type\":\"ListItem\",\"position\":1,\"name\":\"Portada\",\"item\":\"https:\/\/anber.es\/web\/\"},{\"@type\":\"ListItem\",\"position\":2,\"name\":\"Productos\",\"item\":\"https:\/\/anber.es\/web\/productos\/\"},{\"@type\":\"ListItem\",\"position\":3,\"name\":\"Gas CO2\"}]},{\"@type\":\"WebSite\",\"@id\":\"https:\/\/anber.es\/web\/#website\",\"url\":\"https:\/\/anber.es\/web\/\",\"name\":\"Anber\",\"description\":\"Sistemas de protecci\u00f3n contra incendios\",\"publisher\":{\"@id\":\"https:\/\/anber.es\/web\/#organization\"},\"potentialAction\":[{\"@type\":\"SearchAction\",\"target\":{\"@type\":\"EntryPoint\",\"urlTemplate\":\"https:\/\/anber.es\/web\/?s={search_term_string}\"},\"query-input\":\"required name=search_term_string\"}],\"inLanguage\":\"es\"},{\"@type\":\"Organization\",\"@id\":\"https:\/\/anber.es\/web\/#organization\",\"name\":\"Anber\",\"url\":\"https:\/\/anber.es\/web\/\",\"logo\":{\"@type\":\"ImageObject\",\"inLanguage\":\"es\",\"@id\":\"https:\/\/anber.es\/web\/#\/schema\/logo\/image\/\",\"url\":\"https:\/\/anber.es\/web\/wp-content\/uploads\/2021\/03\/logo-anber.png\",\"contentUrl\":\"https:\/\/anber.es\/web\/wp-content\/uploads\/2021\/03\/logo-anber.png\",\"width\":2208,\"height\":500,\"caption\":\"Anber\"},\"image\":{\"@id\":\"https:\/\/anber.es\/web\/#\/schema\/logo\/image\/\"}}]}<\/script>\n<!-- \/ Yoast SEO plugin. -->","yoast_head_json":{"title":"Gas CO2 - Anber","description":"El gas CO2 es un agente extintor con excelentes propiedades para la extinci\u00f3n de incendios. Para tipos de incendio A, B y C.","robots":{"index":"index","follow":"follow","max-snippet":"max-snippet:-1","max-image-preview":"max-image-preview:large","max-video-preview":"max-video-preview:-1"},"canonical":"https:\/\/anber.es\/web\/producto\/gas-co2\/","og_locale":"es_ES","og_type":"article","og_title":"Gas CO2 - Anber","og_description":"El gas CO2 es un agente extintor con excelentes propiedades para la extinci\u00f3n de incendios. Para tipos de incendio A, B y C.","og_url":"https:\/\/anber.es\/web\/producto\/gas-co2\/","og_site_name":"Anber","article_modified_time":"2026-03-12T11:27:09+00:00","og_image":[{"width":1000,"height":1000,"url":"https:\/\/anber.es\/web\/wp-content\/uploads\/2026\/03\/gas_CO2.webp","type":"image\/webp"}],"twitter_card":"summary_large_image","twitter_misc":{"Tiempo de lectura":"1 minuto"},"schema":{"@context":"https:\/\/schema.org","@graph":[{"@type":"WebPage","@id":"https:\/\/anber.es\/web\/producto\/gas-co2\/","url":"https:\/\/anber.es\/web\/producto\/gas-co2\/","name":"Gas CO2 - Anber","isPartOf":{"@id":"https:\/\/anber.es\/web\/#website"},"datePublished":"2026-03-12T11:21:39+00:00","dateModified":"2026-03-12T11:27:09+00:00","description":"El gas CO2 es un agente extintor con excelentes propiedades para la extinci\u00f3n de incendios. Para tipos de incendio A, B y C.","breadcrumb":{"@id":"https:\/\/anber.es\/web\/producto\/gas-co2\/#breadcrumb"},"inLanguage":"es","potentialAction":[{"@type":"ReadAction","target":["https:\/\/anber.es\/web\/producto\/gas-co2\/"]}]},{"@type":"BreadcrumbList","@id":"https:\/\/anber.es\/web\/producto\/gas-co2\/#breadcrumb","itemListElement":[{"@type":"ListItem","position":1,"name":"Portada","item":"https:\/\/anber.es\/web\/"},{"@type":"ListItem","position":2,"name":"Productos","item":"https:\/\/anber.es\/web\/productos\/"},{"@type":"ListItem","position":3,"name":"Gas CO2"}]},{"@type":"WebSite","@id":"https:\/\/anber.es\/web\/#website","url":"https:\/\/anber.es\/web\/","name":"Anber","description":"Sistemas de protecci\u00f3n contra incendios","publisher":{"@id":"https:\/\/anber.es\/web\/#organization"},"potentialAction":[{"@type":"SearchAction","target":{"@type":"EntryPoint","urlTemplate":"https:\/\/anber.es\/web\/?s={search_term_string}"},"query-input":"required name=search_term_string"}],"inLanguage":"es"},{"@type":"Organization","@id":"https:\/\/anber.es\/web\/#organization","name":"Anber","url":"https:\/\/anber.es\/web\/","logo":{"@type":"ImageObject","inLanguage":"es","@id":"https:\/\/anber.es\/web\/#\/schema\/logo\/image\/","url":"https:\/\/anber.es\/web\/wp-content\/uploads\/2021\/03\/logo-anber.png","contentUrl":"https:\/\/anber.es\/web\/wp-content\/uploads\/2021\/03\/logo-anber.png","width":2208,"height":500,"caption":"Anber"},"image":{"@id":"https:\/\/anber.es\/web\/#\/schema\/logo\/image\/"}}]}},"_links":{"self":[{"href":"https:\/\/anber.es\/web\/wp-json\/wp\/v2\/product\/10748"}],"collection":[{"href":"https:\/\/anber.es\/web\/wp-json\/wp\/v2\/product"}],"about":[{"href":"https:\/\/anber.es\/web\/wp-json\/wp\/v2\/types\/product"}],"wp:featuredmedia":[{"embeddable":true,"href":"https:\/\/anber.es\/web\/wp-json\/wp\/v2\/media\/10746"}],"wp:attachment":[{"href":"https:\/\/anber.es\/web\/wp-json\/wp\/v2\/media?parent=10748"}],"wp:term":[{"taxonomy":"product_cat","embeddable":true,"href":"https:\/\/anber.es\/web\/wp-json\/wp\/v2\/product_cat?post=10748"},{"taxonomy":"product_tag","embeddable":true,"href":"https:\/\/anber.es\/web\/wp-json\/wp\/v2\/product_tag?post=10748"}],"curies":[{"name":"wp","href":"https:\/\/api.w.org\/{rel}","templated":true}]}}