{"id":10759,"date":"2026-03-12T14:03:15","date_gmt":"2026-03-12T12:03:15","guid":{"rendered":"https:\/\/anber.es\/web\/?post_type=product&#038;p=10759"},"modified":"2026-03-12T14:10:15","modified_gmt":"2026-03-12T12:10:15","slug":"gas-inerte-ig-541","status":"publish","type":"product","link":"https:\/\/anber.es\/web\/producto\/gas-inerte-ig-541\/","title":{"rendered":"Gas inerte IG-541"},"content":{"rendered":"<p>El <strong>gas inerte IG-541<\/strong>, compuesto por 50% Nitr\u00f3geno, 42% Arg\u00f3n y 8% CO2, es un agente extintor respetuoso con el medio ambiente y con excelentes propiedades para la extinci\u00f3n de incendios. Su mecanismo de extinci\u00f3n funciona eliminando o diluyendo la fuente de ox\u00edgeno reduciendo su concentraci\u00f3n por debajo del 15% y extinguiendo el fuego en 60 segundos. Dado que el fuego se extingue reduciendo la concentraci\u00f3n de ox\u00edgeno en el aire, logrado mediante el aumento de la concentraci\u00f3n del gas inerte descargado, este gas s\u00f3lo se puede aplicar por inundaci\u00f3n total, lo que requiere un m\u00ednimo de estanqueidad en la habitaci\u00f3n. Permite una f\u00e1cil recarga local.<\/p>\n<p><b>No deja residuos<\/b> ni durante, ni despu\u00e9s de la descarga, por lo que no est\u00e1 sometido a la retirada de HFC\u2019s seg\u00fan el reglamento europeo y tiene un impacto medioambiental nulo.<\/p>\n<p>Es un <b>gas seguro para los humanos<\/b>, no es t\u00f3xico ni corrosivo, por lo que tampoco da\u00f1a materiales sensibles.<\/p>\n<p>El gas inerte IG-541 cumple con las normativas internacionales, <b>FM<\/b>, <b>UL<\/b> y <b>NFPA<\/b>.<\/p>\n<p>Referencia: IIINERT00003.<\/p>\n<p><a href=\"\/web\/wp-content\/uploads\/2026\/03\/Ficha_tecnica-gas_inerte_IG-541.pdf\" target=\"_blank\" rel=\"noopener noreferrer\"><button>Descarga ficha<\/button><\/a><br \/>\n<a class=\"insta-link\" href=\"https:\/\/www.instagram.com\/aqlproteccion\/?hl=es\" target=\"_blank\" rel=\"noopener noreferrer\">Instagram<\/a><\/p>\n","protected":false},"excerpt":{"rendered":"<p>El gas inerte IG-541, compuesto por 50% Nitr\u00f3geno, 42% Arg\u00f3n y 8% CO2, es un agente extintor respetuoso con el medio ambiente y con excelentes propiedades para la extinci\u00f3n de incendios.<\/p>\n","protected":false},"featured_media":10760,"template":"","meta":[],"product_cat":[175,171],"product_tag":[215],"yoast_head":"<!-- This site is optimized with the Yoast SEO plugin v22.1 - https:\/\/yoast.com\/wordpress\/plugins\/seo\/ -->\n<title>Gas inerte IG-541 - Anber<\/title>\n<meta name=\"description\" content=\"El gas inerte IG-541, compuesto por 50% Nitr\u00f3geno, 42% Arg\u00f3n y 8% CO2, es un agente extintor respetuoso con el medio ambiente y con excelentes propiedades\" \/>\n<meta name=\"robots\" content=\"index, follow, max-snippet:-1, max-image-preview:large, max-video-preview:-1\" \/>\n<link rel=\"canonical\" href=\"https:\/\/anber.es\/web\/producto\/gas-inerte-ig-541\/\" \/>\n<meta property=\"og:locale\" content=\"es_ES\" \/>\n<meta property=\"og:type\" content=\"article\" \/>\n<meta property=\"og:title\" content=\"Gas inerte IG-541 - Anber\" \/>\n<meta property=\"og:description\" content=\"El gas inerte IG-541, compuesto por 50% Nitr\u00f3geno, 42% Arg\u00f3n y 8% CO2, es un agente extintor respetuoso con el medio ambiente y con excelentes propiedades\" \/>\n<meta property=\"og:url\" content=\"https:\/\/anber.es\/web\/producto\/gas-inerte-ig-541\/\" \/>\n<meta property=\"og:site_name\" content=\"Anber\" \/>\n<meta property=\"article:modified_time\" content=\"2026-03-12T12:10:15+00:00\" \/>\n<meta property=\"og:image\" content=\"https:\/\/anber.es\/web\/wp-content\/uploads\/2026\/03\/gas_inerte_IG-541.webp\" \/>\n\t<meta property=\"og:image:width\" content=\"1000\" \/>\n\t<meta property=\"og:image:height\" content=\"1000\" \/>\n\t<meta property=\"og:image:type\" content=\"image\/webp\" \/>\n<meta name=\"twitter:card\" content=\"summary_large_image\" \/>\n<meta name=\"twitter:label1\" content=\"Tiempo de lectura\" \/>\n\t<meta name=\"twitter:data1\" content=\"1 minuto\" \/>\n<script type=\"application\/ld+json\" class=\"yoast-schema-graph\">{\"@context\":\"https:\/\/schema.org\",\"@graph\":[{\"@type\":\"WebPage\",\"@id\":\"https:\/\/anber.es\/web\/producto\/gas-inerte-ig-541\/\",\"url\":\"https:\/\/anber.es\/web\/producto\/gas-inerte-ig-541\/\",\"name\":\"Gas inerte IG-541 - Anber\",\"isPartOf\":{\"@id\":\"https:\/\/anber.es\/web\/#website\"},\"datePublished\":\"2026-03-12T12:03:15+00:00\",\"dateModified\":\"2026-03-12T12:10:15+00:00\",\"description\":\"El gas inerte IG-541, compuesto por 50% Nitr\u00f3geno, 42% Arg\u00f3n y 8% CO2, es un agente extintor respetuoso con el medio ambiente y con excelentes propiedades\",\"breadcrumb\":{\"@id\":\"https:\/\/anber.es\/web\/producto\/gas-inerte-ig-541\/#breadcrumb\"},\"inLanguage\":\"es\",\"potentialAction\":[{\"@type\":\"ReadAction\",\"target\":[\"https:\/\/anber.es\/web\/producto\/gas-inerte-ig-541\/\"]}]},{\"@type\":\"BreadcrumbList\",\"@id\":\"https:\/\/anber.es\/web\/producto\/gas-inerte-ig-541\/#breadcrumb\",\"itemListElement\":[{\"@type\":\"ListItem\",\"position\":1,\"name\":\"Portada\",\"item\":\"https:\/\/anber.es\/web\/\"},{\"@type\":\"ListItem\",\"position\":2,\"name\":\"Productos\",\"item\":\"https:\/\/anber.es\/web\/productos\/\"},{\"@type\":\"ListItem\",\"position\":3,\"name\":\"Gas inerte IG-541\"}]},{\"@type\":\"WebSite\",\"@id\":\"https:\/\/anber.es\/web\/#website\",\"url\":\"https:\/\/anber.es\/web\/\",\"name\":\"Anber\",\"description\":\"Sistemas de protecci\u00f3n contra incendios\",\"publisher\":{\"@id\":\"https:\/\/anber.es\/web\/#organization\"},\"potentialAction\":[{\"@type\":\"SearchAction\",\"target\":{\"@type\":\"EntryPoint\",\"urlTemplate\":\"https:\/\/anber.es\/web\/?s={search_term_string}\"},\"query-input\":\"required name=search_term_string\"}],\"inLanguage\":\"es\"},{\"@type\":\"Organization\",\"@id\":\"https:\/\/anber.es\/web\/#organization\",\"name\":\"Anber\",\"url\":\"https:\/\/anber.es\/web\/\",\"logo\":{\"@type\":\"ImageObject\",\"inLanguage\":\"es\",\"@id\":\"https:\/\/anber.es\/web\/#\/schema\/logo\/image\/\",\"url\":\"https:\/\/anber.es\/web\/wp-content\/uploads\/2021\/03\/logo-anber.png\",\"contentUrl\":\"https:\/\/anber.es\/web\/wp-content\/uploads\/2021\/03\/logo-anber.png\",\"width\":2208,\"height\":500,\"caption\":\"Anber\"},\"image\":{\"@id\":\"https:\/\/anber.es\/web\/#\/schema\/logo\/image\/\"}}]}<\/script>\n<!-- \/ Yoast SEO plugin. -->","yoast_head_json":{"title":"Gas inerte IG-541 - Anber","description":"El gas inerte IG-541, compuesto por 50% Nitr\u00f3geno, 42% Arg\u00f3n y 8% CO2, es un agente extintor respetuoso con el medio ambiente y con excelentes propiedades","robots":{"index":"index","follow":"follow","max-snippet":"max-snippet:-1","max-image-preview":"max-image-preview:large","max-video-preview":"max-video-preview:-1"},"canonical":"https:\/\/anber.es\/web\/producto\/gas-inerte-ig-541\/","og_locale":"es_ES","og_type":"article","og_title":"Gas inerte IG-541 - Anber","og_description":"El gas inerte IG-541, compuesto por 50% Nitr\u00f3geno, 42% Arg\u00f3n y 8% CO2, es un agente extintor respetuoso con el medio ambiente y con excelentes propiedades","og_url":"https:\/\/anber.es\/web\/producto\/gas-inerte-ig-541\/","og_site_name":"Anber","article_modified_time":"2026-03-12T12:10:15+00:00","og_image":[{"width":1000,"height":1000,"url":"https:\/\/anber.es\/web\/wp-content\/uploads\/2026\/03\/gas_inerte_IG-541.webp","type":"image\/webp"}],"twitter_card":"summary_large_image","twitter_misc":{"Tiempo de lectura":"1 minuto"},"schema":{"@context":"https:\/\/schema.org","@graph":[{"@type":"WebPage","@id":"https:\/\/anber.es\/web\/producto\/gas-inerte-ig-541\/","url":"https:\/\/anber.es\/web\/producto\/gas-inerte-ig-541\/","name":"Gas inerte IG-541 - Anber","isPartOf":{"@id":"https:\/\/anber.es\/web\/#website"},"datePublished":"2026-03-12T12:03:15+00:00","dateModified":"2026-03-12T12:10:15+00:00","description":"El gas inerte IG-541, compuesto por 50% Nitr\u00f3geno, 42% Arg\u00f3n y 8% CO2, es un agente extintor respetuoso con el medio ambiente y con excelentes propiedades","breadcrumb":{"@id":"https:\/\/anber.es\/web\/producto\/gas-inerte-ig-541\/#breadcrumb"},"inLanguage":"es","potentialAction":[{"@type":"ReadAction","target":["https:\/\/anber.es\/web\/producto\/gas-inerte-ig-541\/"]}]},{"@type":"BreadcrumbList","@id":"https:\/\/anber.es\/web\/producto\/gas-inerte-ig-541\/#breadcrumb","itemListElement":[{"@type":"ListItem","position":1,"name":"Portada","item":"https:\/\/anber.es\/web\/"},{"@type":"ListItem","position":2,"name":"Productos","item":"https:\/\/anber.es\/web\/productos\/"},{"@type":"ListItem","position":3,"name":"Gas inerte IG-541"}]},{"@type":"WebSite","@id":"https:\/\/anber.es\/web\/#website","url":"https:\/\/anber.es\/web\/","name":"Anber","description":"Sistemas de protecci\u00f3n contra incendios","publisher":{"@id":"https:\/\/anber.es\/web\/#organization"},"potentialAction":[{"@type":"SearchAction","target":{"@type":"EntryPoint","urlTemplate":"https:\/\/anber.es\/web\/?s={search_term_string}"},"query-input":"required name=search_term_string"}],"inLanguage":"es"},{"@type":"Organization","@id":"https:\/\/anber.es\/web\/#organization","name":"Anber","url":"https:\/\/anber.es\/web\/","logo":{"@type":"ImageObject","inLanguage":"es","@id":"https:\/\/anber.es\/web\/#\/schema\/logo\/image\/","url":"https:\/\/anber.es\/web\/wp-content\/uploads\/2021\/03\/logo-anber.png","contentUrl":"https:\/\/anber.es\/web\/wp-content\/uploads\/2021\/03\/logo-anber.png","width":2208,"height":500,"caption":"Anber"},"image":{"@id":"https:\/\/anber.es\/web\/#\/schema\/logo\/image\/"}}]}},"_links":{"self":[{"href":"https:\/\/anber.es\/web\/wp-json\/wp\/v2\/product\/10759"}],"collection":[{"href":"https:\/\/anber.es\/web\/wp-json\/wp\/v2\/product"}],"about":[{"href":"https:\/\/anber.es\/web\/wp-json\/wp\/v2\/types\/product"}],"wp:featuredmedia":[{"embeddable":true,"href":"https:\/\/anber.es\/web\/wp-json\/wp\/v2\/media\/10760"}],"wp:attachment":[{"href":"https:\/\/anber.es\/web\/wp-json\/wp\/v2\/media?parent=10759"}],"wp:term":[{"taxonomy":"product_cat","embeddable":true,"href":"https:\/\/anber.es\/web\/wp-json\/wp\/v2\/product_cat?post=10759"},{"taxonomy":"product_tag","embeddable":true,"href":"https:\/\/anber.es\/web\/wp-json\/wp\/v2\/product_tag?post=10759"}],"curies":[{"name":"wp","href":"https:\/\/api.w.org\/{rel}","templated":true}]}}