{"id":10801,"date":"2026-03-23T13:16:32","date_gmt":"2026-03-23T11:16:32","guid":{"rendered":"https:\/\/anber.es\/web\/?post_type=product&#038;p=10801"},"modified":"2026-03-23T13:50:46","modified_gmt":"2026-03-23T11:50:46","slug":"adaptador-1-2-hembra-bsp-a-3-4-macho-npt","status":"publish","type":"product","link":"https:\/\/anber.es\/web\/producto\/adaptador-1-2-hembra-bsp-a-3-4-macho-npt\/","title":{"rendered":"Adaptador 1\/2&#8243; Hembra BSP a 3\/4&#8243; Macho NPT"},"content":{"rendered":"<p>El <strong>adaptador 1\/2&#8243; Hembra BSP a 3\/4&#8243; Macho NPT<\/strong> est\u00e1 dise\u00f1ado para facilitar la instalaci\u00f3n del presostato en la tuber\u00eda de descarga en los sistemas modulares.<\/p>\n<p>Adem\u00e1s, permite conectar el odorizador en sistemas de extinci\u00f3n de <b>CO<sub>2<\/sub><\/b>.<\/p>\n<p>\u00b7 Di\u00e1metro nominal: <b>DN 17<\/b>.<br \/>\n\u00b7 Presi\u00f3n m\u00e1xima de trabajo: <b>360 bar<\/b>.<br \/>\n\u00b7 Temperatura de trabajo: <b>-20 \u00baC a 50 \u00baC<\/b>.<\/p>\n<p>Referencia: IV124206.<\/p>\n<p><a href=\"\/web\/wp-content\/uploads\/2026\/03\/Ficha_tecnica-adaptador_1-2_H_BSP_A_3-4_M_NPT.pdf\" target=\"_blank\" rel=\"noopener noreferrer\"><button>Descarga ficha<\/button><\/a><br \/>\n<a class=\"insta-link\" href=\"https:\/\/www.instagram.com\/aqlproteccion\/?hl=es\" target=\"_blank\" rel=\"noopener noreferrer\">Instagram<\/a><\/p>\n","protected":false},"excerpt":{"rendered":"<p>El adaptador 1\/2&#8243; Hembra BSP a 3\/4&#8243; Macho NPT est\u00e1 dise\u00f1ado para facilitar la instalaci\u00f3n del presostato en la tuber\u00eda de descarga en los sistemas modulares.<\/p>\n","protected":false},"featured_media":10800,"template":"","meta":[],"product_cat":[240,171],"product_tag":[215],"yoast_head":"<!-- This site is optimized with the Yoast SEO plugin v22.1 - https:\/\/yoast.com\/wordpress\/plugins\/seo\/ -->\n<title>Adaptador 1\/2&quot; Hembra BSP a 3\/4&quot; Macho NPT - Anber<\/title>\n<meta name=\"description\" content=\"El adaptador 1\/2&quot; Hembra BSP a 3\/4&quot; Macho NPT est\u00e1 dise\u00f1ado para facilitar la instalaci\u00f3n del presostato en la tuber\u00eda de descarga.\" \/>\n<meta name=\"robots\" content=\"index, follow, max-snippet:-1, max-image-preview:large, max-video-preview:-1\" \/>\n<link rel=\"canonical\" href=\"https:\/\/anber.es\/web\/producto\/adaptador-1-2-hembra-bsp-a-3-4-macho-npt\/\" \/>\n<meta property=\"og:locale\" content=\"es_ES\" \/>\n<meta property=\"og:type\" content=\"article\" \/>\n<meta property=\"og:title\" content=\"Adaptador 1\/2&quot; Hembra BSP a 3\/4&quot; Macho NPT - Anber\" \/>\n<meta property=\"og:description\" content=\"El adaptador 1\/2&quot; Hembra BSP a 3\/4&quot; Macho NPT est\u00e1 dise\u00f1ado para facilitar la instalaci\u00f3n del presostato en la tuber\u00eda de descarga.\" \/>\n<meta property=\"og:url\" content=\"https:\/\/anber.es\/web\/producto\/adaptador-1-2-hembra-bsp-a-3-4-macho-npt\/\" \/>\n<meta property=\"og:site_name\" content=\"Anber\" \/>\n<meta property=\"article:modified_time\" content=\"2026-03-23T11:50:46+00:00\" \/>\n<meta property=\"og:image\" content=\"https:\/\/anber.es\/web\/wp-content\/uploads\/2026\/03\/adaptador_1-2BSP_a_3-4NPT.webp\" \/>\n\t<meta property=\"og:image:width\" content=\"1000\" \/>\n\t<meta property=\"og:image:height\" content=\"1000\" \/>\n\t<meta property=\"og:image:type\" content=\"image\/webp\" \/>\n<meta name=\"twitter:card\" content=\"summary_large_image\" \/>\n<meta name=\"twitter:label1\" content=\"Tiempo de lectura\" \/>\n\t<meta name=\"twitter:data1\" content=\"1 minuto\" \/>\n<script type=\"application\/ld+json\" class=\"yoast-schema-graph\">{\"@context\":\"https:\/\/schema.org\",\"@graph\":[{\"@type\":\"WebPage\",\"@id\":\"https:\/\/anber.es\/web\/producto\/adaptador-1-2-hembra-bsp-a-3-4-macho-npt\/\",\"url\":\"https:\/\/anber.es\/web\/producto\/adaptador-1-2-hembra-bsp-a-3-4-macho-npt\/\",\"name\":\"Adaptador 1\/2\\\" Hembra BSP a 3\/4\\\" Macho NPT - Anber\",\"isPartOf\":{\"@id\":\"https:\/\/anber.es\/web\/#website\"},\"datePublished\":\"2026-03-23T11:16:32+00:00\",\"dateModified\":\"2026-03-23T11:50:46+00:00\",\"description\":\"El adaptador 1\/2\\\" Hembra BSP a 3\/4\\\" Macho NPT est\u00e1 dise\u00f1ado para facilitar la instalaci\u00f3n del presostato en la tuber\u00eda de descarga.\",\"breadcrumb\":{\"@id\":\"https:\/\/anber.es\/web\/producto\/adaptador-1-2-hembra-bsp-a-3-4-macho-npt\/#breadcrumb\"},\"inLanguage\":\"es\",\"potentialAction\":[{\"@type\":\"ReadAction\",\"target\":[\"https:\/\/anber.es\/web\/producto\/adaptador-1-2-hembra-bsp-a-3-4-macho-npt\/\"]}]},{\"@type\":\"BreadcrumbList\",\"@id\":\"https:\/\/anber.es\/web\/producto\/adaptador-1-2-hembra-bsp-a-3-4-macho-npt\/#breadcrumb\",\"itemListElement\":[{\"@type\":\"ListItem\",\"position\":1,\"name\":\"Portada\",\"item\":\"https:\/\/anber.es\/web\/\"},{\"@type\":\"ListItem\",\"position\":2,\"name\":\"Productos\",\"item\":\"https:\/\/anber.es\/web\/productos\/\"},{\"@type\":\"ListItem\",\"position\":3,\"name\":\"Adaptador 1\/2&#8243; Hembra BSP a 3\/4&#8243; Macho NPT\"}]},{\"@type\":\"WebSite\",\"@id\":\"https:\/\/anber.es\/web\/#website\",\"url\":\"https:\/\/anber.es\/web\/\",\"name\":\"Anber\",\"description\":\"Sistemas de protecci\u00f3n contra incendios\",\"publisher\":{\"@id\":\"https:\/\/anber.es\/web\/#organization\"},\"potentialAction\":[{\"@type\":\"SearchAction\",\"target\":{\"@type\":\"EntryPoint\",\"urlTemplate\":\"https:\/\/anber.es\/web\/?s={search_term_string}\"},\"query-input\":\"required name=search_term_string\"}],\"inLanguage\":\"es\"},{\"@type\":\"Organization\",\"@id\":\"https:\/\/anber.es\/web\/#organization\",\"name\":\"Anber\",\"url\":\"https:\/\/anber.es\/web\/\",\"logo\":{\"@type\":\"ImageObject\",\"inLanguage\":\"es\",\"@id\":\"https:\/\/anber.es\/web\/#\/schema\/logo\/image\/\",\"url\":\"https:\/\/anber.es\/web\/wp-content\/uploads\/2021\/03\/logo-anber.png\",\"contentUrl\":\"https:\/\/anber.es\/web\/wp-content\/uploads\/2021\/03\/logo-anber.png\",\"width\":2208,\"height\":500,\"caption\":\"Anber\"},\"image\":{\"@id\":\"https:\/\/anber.es\/web\/#\/schema\/logo\/image\/\"}}]}<\/script>\n<!-- \/ Yoast SEO plugin. -->","yoast_head_json":{"title":"Adaptador 1\/2\" Hembra BSP a 3\/4\" Macho NPT - Anber","description":"El adaptador 1\/2\" Hembra BSP a 3\/4\" Macho NPT est\u00e1 dise\u00f1ado para facilitar la instalaci\u00f3n del presostato en la tuber\u00eda de descarga.","robots":{"index":"index","follow":"follow","max-snippet":"max-snippet:-1","max-image-preview":"max-image-preview:large","max-video-preview":"max-video-preview:-1"},"canonical":"https:\/\/anber.es\/web\/producto\/adaptador-1-2-hembra-bsp-a-3-4-macho-npt\/","og_locale":"es_ES","og_type":"article","og_title":"Adaptador 1\/2\" Hembra BSP a 3\/4\" Macho NPT - Anber","og_description":"El adaptador 1\/2\" Hembra BSP a 3\/4\" Macho NPT est\u00e1 dise\u00f1ado para facilitar la instalaci\u00f3n del presostato en la tuber\u00eda de descarga.","og_url":"https:\/\/anber.es\/web\/producto\/adaptador-1-2-hembra-bsp-a-3-4-macho-npt\/","og_site_name":"Anber","article_modified_time":"2026-03-23T11:50:46+00:00","og_image":[{"width":1000,"height":1000,"url":"https:\/\/anber.es\/web\/wp-content\/uploads\/2026\/03\/adaptador_1-2BSP_a_3-4NPT.webp","type":"image\/webp"}],"twitter_card":"summary_large_image","twitter_misc":{"Tiempo de lectura":"1 minuto"},"schema":{"@context":"https:\/\/schema.org","@graph":[{"@type":"WebPage","@id":"https:\/\/anber.es\/web\/producto\/adaptador-1-2-hembra-bsp-a-3-4-macho-npt\/","url":"https:\/\/anber.es\/web\/producto\/adaptador-1-2-hembra-bsp-a-3-4-macho-npt\/","name":"Adaptador 1\/2\" Hembra BSP a 3\/4\" Macho NPT - Anber","isPartOf":{"@id":"https:\/\/anber.es\/web\/#website"},"datePublished":"2026-03-23T11:16:32+00:00","dateModified":"2026-03-23T11:50:46+00:00","description":"El adaptador 1\/2\" Hembra BSP a 3\/4\" Macho NPT est\u00e1 dise\u00f1ado para facilitar la instalaci\u00f3n del presostato en la tuber\u00eda de descarga.","breadcrumb":{"@id":"https:\/\/anber.es\/web\/producto\/adaptador-1-2-hembra-bsp-a-3-4-macho-npt\/#breadcrumb"},"inLanguage":"es","potentialAction":[{"@type":"ReadAction","target":["https:\/\/anber.es\/web\/producto\/adaptador-1-2-hembra-bsp-a-3-4-macho-npt\/"]}]},{"@type":"BreadcrumbList","@id":"https:\/\/anber.es\/web\/producto\/adaptador-1-2-hembra-bsp-a-3-4-macho-npt\/#breadcrumb","itemListElement":[{"@type":"ListItem","position":1,"name":"Portada","item":"https:\/\/anber.es\/web\/"},{"@type":"ListItem","position":2,"name":"Productos","item":"https:\/\/anber.es\/web\/productos\/"},{"@type":"ListItem","position":3,"name":"Adaptador 1\/2&#8243; Hembra BSP a 3\/4&#8243; Macho NPT"}]},{"@type":"WebSite","@id":"https:\/\/anber.es\/web\/#website","url":"https:\/\/anber.es\/web\/","name":"Anber","description":"Sistemas de protecci\u00f3n contra incendios","publisher":{"@id":"https:\/\/anber.es\/web\/#organization"},"potentialAction":[{"@type":"SearchAction","target":{"@type":"EntryPoint","urlTemplate":"https:\/\/anber.es\/web\/?s={search_term_string}"},"query-input":"required name=search_term_string"}],"inLanguage":"es"},{"@type":"Organization","@id":"https:\/\/anber.es\/web\/#organization","name":"Anber","url":"https:\/\/anber.es\/web\/","logo":{"@type":"ImageObject","inLanguage":"es","@id":"https:\/\/anber.es\/web\/#\/schema\/logo\/image\/","url":"https:\/\/anber.es\/web\/wp-content\/uploads\/2021\/03\/logo-anber.png","contentUrl":"https:\/\/anber.es\/web\/wp-content\/uploads\/2021\/03\/logo-anber.png","width":2208,"height":500,"caption":"Anber"},"image":{"@id":"https:\/\/anber.es\/web\/#\/schema\/logo\/image\/"}}]}},"_links":{"self":[{"href":"https:\/\/anber.es\/web\/wp-json\/wp\/v2\/product\/10801"}],"collection":[{"href":"https:\/\/anber.es\/web\/wp-json\/wp\/v2\/product"}],"about":[{"href":"https:\/\/anber.es\/web\/wp-json\/wp\/v2\/types\/product"}],"wp:featuredmedia":[{"embeddable":true,"href":"https:\/\/anber.es\/web\/wp-json\/wp\/v2\/media\/10800"}],"wp:attachment":[{"href":"https:\/\/anber.es\/web\/wp-json\/wp\/v2\/media?parent=10801"}],"wp:term":[{"taxonomy":"product_cat","embeddable":true,"href":"https:\/\/anber.es\/web\/wp-json\/wp\/v2\/product_cat?post=10801"},{"taxonomy":"product_tag","embeddable":true,"href":"https:\/\/anber.es\/web\/wp-json\/wp\/v2\/product_tag?post=10801"}],"curies":[{"name":"wp","href":"https:\/\/api.w.org\/{rel}","templated":true}]}}