{"id":10847,"date":"2026-03-24T15:59:08","date_gmt":"2026-03-24T13:59:08","guid":{"rendered":"https:\/\/anber.es\/web\/?post_type=product&#038;p=10847"},"modified":"2026-03-24T16:22:57","modified_gmt":"2026-03-24T14:22:57","slug":"kit-extincion-cuadro-electrico-armanfire-descarga-difusor","status":"publish","type":"product","link":"https:\/\/anber.es\/web\/producto\/kit-extincion-cuadro-electrico-armanfire-descarga-difusor\/","title":{"rendered":"Kit extinci\u00f3n cuadro el\u00e9ctrico ARMANFire descarga difusor"},"content":{"rendered":"<p>El <strong>kit de extinci\u00f3n de cuadros el\u00e9ctricos ARMANfire, con descarga por tubo difusor<\/strong>,  es una soluci\u00f3n para la extinci\u00f3n de cuadros el\u00e9ctricos y\/o peque\u00f1os vol\u00famenes frente a un incendio y act\u00faan de manera autom\u00e1tica, r\u00e1pida y segura.<\/p>\n<p>Este sistema tiene una instalaci\u00f3n r\u00e1pida, sencilla y de f\u00e1cil mantenimiento.<\/p>\n<p>Este kit de extinci\u00f3n de cuadros el\u00e9ctricos ARMANfire contiene los componentes necesarios para la detecci\u00f3n, activaci\u00f3n y extinci\u00f3n del riesgo. En este caso, el sistema utiliza el tubo de detecci\u00f3n Easydetect como elemento de detecci\u00f3n y difusores como elementos de descarga del agente extintor que puede ser FK-5-1-12 o CO2.<\/p>\n<p>El kit de extinci\u00f3n de cuadros el\u00e9ctricos ARMANfire incluye: cilindro de acero inoxidable con tubo de sonda y agente extintor FK-5-1-12 o CO2, herraje para cilindro, v\u00e1lvula de descarga por difusor, tubo multicapa negro Easydetect, fijaciones para el tubo, pasamuros y difusores. En el caso de CO2 tambi\u00e9n lleva un acoplamiento para la salida de la v\u00e1lvula W21,8 a G1\/4\u201d y el capuch\u00f3n de transporte del cilindro. La cantidad de accesorios se ajusta al tama\u00f1o de la extinci\u00f3n.<\/p>\n<p>\u00b7 Tama\u00f1os disponibles para <b>FK-5-1-12<\/b>: 1, 2, 3, 4, 6, 9 y 12 Kg.<br \/>\n\u00b7 Tama\u00f1os disponibles para <b>CO<sup>2<\/sup><\/b>: 5, 7, 10, 13,4, 20 y 27 L.<br \/>\n\u00b7 Certificaci\u00f3n LPCB hasta 2m<sup >3<\/sup>.<\/p>\n<p>Referencia:  INARFFKND e ICARFCO2ND.<\/p>\n<p><a class=\"insta-link\" href=\"\/web\/wp-content\/uploads\/2026\/03\/Ficha_tecnica-adaptador.pdf\" target=\"_blank\" rel=\"noopener noreferrer\"><button>Descarga ficha<\/button><\/a><br \/>\n<a class=\"insta-link\" href=\"https:\/\/www.instagram.com\/aqlproteccion\/?hl=es\" target=\"_blank\" rel=\"noopener noreferrer\">Instagram<\/a><\/p>\n","protected":false},"excerpt":{"rendered":"<p>El kit de extinci\u00f3n de cuadros el\u00e9ctricos ARMANfire, con descarga por difusor, es una soluci\u00f3n para la extinci\u00f3n de cuadros el\u00e9ctricos y\/o peque\u00f1os vol\u00famenes frente a un incendio y act\u00faan de manera autom\u00e1tica, r\u00e1pida y segura.<\/p>\n","protected":false},"featured_media":10843,"template":"","meta":[],"product_cat":[241,173,171],"product_tag":[215],"yoast_head":"<!-- This site is optimized with the Yoast SEO plugin v22.1 - https:\/\/yoast.com\/wordpress\/plugins\/seo\/ -->\n<title>Kit extinci\u00f3n cuadro el\u00e9ctrico ARMANFire descarga difusor - Anber<\/title>\n<meta name=\"description\" content=\"El kit de extinci\u00f3n de cuadros el\u00e9ctricos por difusor es una soluci\u00f3n para la extinci\u00f3n de cuadros el\u00e9ctricos y\/o peque\u00f1os vol\u00famenes\" \/>\n<meta name=\"robots\" content=\"index, follow, max-snippet:-1, max-image-preview:large, max-video-preview:-1\" \/>\n<link rel=\"canonical\" href=\"https:\/\/anber.es\/web\/producto\/kit-extincion-cuadro-electrico-armanfire-descarga-difusor\/\" \/>\n<meta property=\"og:locale\" content=\"es_ES\" \/>\n<meta property=\"og:type\" content=\"article\" \/>\n<meta property=\"og:title\" content=\"Kit extinci\u00f3n cuadro el\u00e9ctrico ARMANFire descarga difusor - Anber\" \/>\n<meta property=\"og:description\" content=\"El kit de extinci\u00f3n de cuadros el\u00e9ctricos por difusor es una soluci\u00f3n para la extinci\u00f3n de cuadros el\u00e9ctricos y\/o peque\u00f1os vol\u00famenes\" \/>\n<meta property=\"og:url\" content=\"https:\/\/anber.es\/web\/producto\/kit-extincion-cuadro-electrico-armanfire-descarga-difusor\/\" \/>\n<meta property=\"og:site_name\" content=\"Anber\" \/>\n<meta property=\"article:modified_time\" content=\"2026-03-24T14:22:57+00:00\" \/>\n<meta property=\"og:image\" content=\"https:\/\/anber.es\/web\/wp-content\/uploads\/2026\/03\/extincion_cuadros_elelectricos_por_difusor.webp\" \/>\n\t<meta property=\"og:image:width\" content=\"1000\" \/>\n\t<meta property=\"og:image:height\" content=\"1000\" \/>\n\t<meta property=\"og:image:type\" content=\"image\/webp\" \/>\n<meta name=\"twitter:card\" content=\"summary_large_image\" \/>\n<meta name=\"twitter:label1\" content=\"Tiempo de lectura\" \/>\n\t<meta name=\"twitter:data1\" content=\"2 minutos\" \/>\n<script type=\"application\/ld+json\" class=\"yoast-schema-graph\">{\"@context\":\"https:\/\/schema.org\",\"@graph\":[{\"@type\":\"WebPage\",\"@id\":\"https:\/\/anber.es\/web\/producto\/kit-extincion-cuadro-electrico-armanfire-descarga-difusor\/\",\"url\":\"https:\/\/anber.es\/web\/producto\/kit-extincion-cuadro-electrico-armanfire-descarga-difusor\/\",\"name\":\"Kit extinci\u00f3n cuadro el\u00e9ctrico ARMANFire descarga difusor - Anber\",\"isPartOf\":{\"@id\":\"https:\/\/anber.es\/web\/#website\"},\"datePublished\":\"2026-03-24T13:59:08+00:00\",\"dateModified\":\"2026-03-24T14:22:57+00:00\",\"description\":\"El kit de extinci\u00f3n de cuadros el\u00e9ctricos por difusor es una soluci\u00f3n para la extinci\u00f3n de cuadros el\u00e9ctricos y\/o peque\u00f1os vol\u00famenes\",\"breadcrumb\":{\"@id\":\"https:\/\/anber.es\/web\/producto\/kit-extincion-cuadro-electrico-armanfire-descarga-difusor\/#breadcrumb\"},\"inLanguage\":\"es\",\"potentialAction\":[{\"@type\":\"ReadAction\",\"target\":[\"https:\/\/anber.es\/web\/producto\/kit-extincion-cuadro-electrico-armanfire-descarga-difusor\/\"]}]},{\"@type\":\"BreadcrumbList\",\"@id\":\"https:\/\/anber.es\/web\/producto\/kit-extincion-cuadro-electrico-armanfire-descarga-difusor\/#breadcrumb\",\"itemListElement\":[{\"@type\":\"ListItem\",\"position\":1,\"name\":\"Portada\",\"item\":\"https:\/\/anber.es\/web\/\"},{\"@type\":\"ListItem\",\"position\":2,\"name\":\"Productos\",\"item\":\"https:\/\/anber.es\/web\/productos\/\"},{\"@type\":\"ListItem\",\"position\":3,\"name\":\"Kit extinci\u00f3n cuadro el\u00e9ctrico ARMANFire descarga difusor\"}]},{\"@type\":\"WebSite\",\"@id\":\"https:\/\/anber.es\/web\/#website\",\"url\":\"https:\/\/anber.es\/web\/\",\"name\":\"Anber\",\"description\":\"Sistemas de protecci\u00f3n contra incendios\",\"publisher\":{\"@id\":\"https:\/\/anber.es\/web\/#organization\"},\"potentialAction\":[{\"@type\":\"SearchAction\",\"target\":{\"@type\":\"EntryPoint\",\"urlTemplate\":\"https:\/\/anber.es\/web\/?s={search_term_string}\"},\"query-input\":\"required name=search_term_string\"}],\"inLanguage\":\"es\"},{\"@type\":\"Organization\",\"@id\":\"https:\/\/anber.es\/web\/#organization\",\"name\":\"Anber\",\"url\":\"https:\/\/anber.es\/web\/\",\"logo\":{\"@type\":\"ImageObject\",\"inLanguage\":\"es\",\"@id\":\"https:\/\/anber.es\/web\/#\/schema\/logo\/image\/\",\"url\":\"https:\/\/anber.es\/web\/wp-content\/uploads\/2021\/03\/logo-anber.png\",\"contentUrl\":\"https:\/\/anber.es\/web\/wp-content\/uploads\/2021\/03\/logo-anber.png\",\"width\":2208,\"height\":500,\"caption\":\"Anber\"},\"image\":{\"@id\":\"https:\/\/anber.es\/web\/#\/schema\/logo\/image\/\"}}]}<\/script>\n<!-- \/ Yoast SEO plugin. -->","yoast_head_json":{"title":"Kit extinci\u00f3n cuadro el\u00e9ctrico ARMANFire descarga difusor - Anber","description":"El kit de extinci\u00f3n de cuadros el\u00e9ctricos por difusor es una soluci\u00f3n para la extinci\u00f3n de cuadros el\u00e9ctricos y\/o peque\u00f1os vol\u00famenes","robots":{"index":"index","follow":"follow","max-snippet":"max-snippet:-1","max-image-preview":"max-image-preview:large","max-video-preview":"max-video-preview:-1"},"canonical":"https:\/\/anber.es\/web\/producto\/kit-extincion-cuadro-electrico-armanfire-descarga-difusor\/","og_locale":"es_ES","og_type":"article","og_title":"Kit extinci\u00f3n cuadro el\u00e9ctrico ARMANFire descarga difusor - Anber","og_description":"El kit de extinci\u00f3n de cuadros el\u00e9ctricos por difusor es una soluci\u00f3n para la extinci\u00f3n de cuadros el\u00e9ctricos y\/o peque\u00f1os vol\u00famenes","og_url":"https:\/\/anber.es\/web\/producto\/kit-extincion-cuadro-electrico-armanfire-descarga-difusor\/","og_site_name":"Anber","article_modified_time":"2026-03-24T14:22:57+00:00","og_image":[{"width":1000,"height":1000,"url":"https:\/\/anber.es\/web\/wp-content\/uploads\/2026\/03\/extincion_cuadros_elelectricos_por_difusor.webp","type":"image\/webp"}],"twitter_card":"summary_large_image","twitter_misc":{"Tiempo de lectura":"2 minutos"},"schema":{"@context":"https:\/\/schema.org","@graph":[{"@type":"WebPage","@id":"https:\/\/anber.es\/web\/producto\/kit-extincion-cuadro-electrico-armanfire-descarga-difusor\/","url":"https:\/\/anber.es\/web\/producto\/kit-extincion-cuadro-electrico-armanfire-descarga-difusor\/","name":"Kit extinci\u00f3n cuadro el\u00e9ctrico ARMANFire descarga difusor - Anber","isPartOf":{"@id":"https:\/\/anber.es\/web\/#website"},"datePublished":"2026-03-24T13:59:08+00:00","dateModified":"2026-03-24T14:22:57+00:00","description":"El kit de extinci\u00f3n de cuadros el\u00e9ctricos por difusor es una soluci\u00f3n para la extinci\u00f3n de cuadros el\u00e9ctricos y\/o peque\u00f1os vol\u00famenes","breadcrumb":{"@id":"https:\/\/anber.es\/web\/producto\/kit-extincion-cuadro-electrico-armanfire-descarga-difusor\/#breadcrumb"},"inLanguage":"es","potentialAction":[{"@type":"ReadAction","target":["https:\/\/anber.es\/web\/producto\/kit-extincion-cuadro-electrico-armanfire-descarga-difusor\/"]}]},{"@type":"BreadcrumbList","@id":"https:\/\/anber.es\/web\/producto\/kit-extincion-cuadro-electrico-armanfire-descarga-difusor\/#breadcrumb","itemListElement":[{"@type":"ListItem","position":1,"name":"Portada","item":"https:\/\/anber.es\/web\/"},{"@type":"ListItem","position":2,"name":"Productos","item":"https:\/\/anber.es\/web\/productos\/"},{"@type":"ListItem","position":3,"name":"Kit extinci\u00f3n cuadro el\u00e9ctrico ARMANFire descarga difusor"}]},{"@type":"WebSite","@id":"https:\/\/anber.es\/web\/#website","url":"https:\/\/anber.es\/web\/","name":"Anber","description":"Sistemas de protecci\u00f3n contra incendios","publisher":{"@id":"https:\/\/anber.es\/web\/#organization"},"potentialAction":[{"@type":"SearchAction","target":{"@type":"EntryPoint","urlTemplate":"https:\/\/anber.es\/web\/?s={search_term_string}"},"query-input":"required name=search_term_string"}],"inLanguage":"es"},{"@type":"Organization","@id":"https:\/\/anber.es\/web\/#organization","name":"Anber","url":"https:\/\/anber.es\/web\/","logo":{"@type":"ImageObject","inLanguage":"es","@id":"https:\/\/anber.es\/web\/#\/schema\/logo\/image\/","url":"https:\/\/anber.es\/web\/wp-content\/uploads\/2021\/03\/logo-anber.png","contentUrl":"https:\/\/anber.es\/web\/wp-content\/uploads\/2021\/03\/logo-anber.png","width":2208,"height":500,"caption":"Anber"},"image":{"@id":"https:\/\/anber.es\/web\/#\/schema\/logo\/image\/"}}]}},"_links":{"self":[{"href":"https:\/\/anber.es\/web\/wp-json\/wp\/v2\/product\/10847"}],"collection":[{"href":"https:\/\/anber.es\/web\/wp-json\/wp\/v2\/product"}],"about":[{"href":"https:\/\/anber.es\/web\/wp-json\/wp\/v2\/types\/product"}],"wp:featuredmedia":[{"embeddable":true,"href":"https:\/\/anber.es\/web\/wp-json\/wp\/v2\/media\/10843"}],"wp:attachment":[{"href":"https:\/\/anber.es\/web\/wp-json\/wp\/v2\/media?parent=10847"}],"wp:term":[{"taxonomy":"product_cat","embeddable":true,"href":"https:\/\/anber.es\/web\/wp-json\/wp\/v2\/product_cat?post=10847"},{"taxonomy":"product_tag","embeddable":true,"href":"https:\/\/anber.es\/web\/wp-json\/wp\/v2\/product_tag?post=10847"}],"curies":[{"name":"wp","href":"https:\/\/api.w.org\/{rel}","templated":true}]}}