{"id":10848,"date":"2026-03-24T16:18:18","date_gmt":"2026-03-24T14:18:18","guid":{"rendered":"https:\/\/anber.es\/web\/?post_type=product&#038;p=10848"},"modified":"2026-03-24T16:24:11","modified_gmt":"2026-03-24T14:24:11","slug":"kit-instalacion-cuadro-electrico-armanfire-descarga-difusor","status":"publish","type":"product","link":"https:\/\/anber.es\/web\/producto\/kit-instalacion-cuadro-electrico-armanfire-descarga-difusor\/","title":{"rendered":"Kit instalaci\u00f3n cuadro el\u00e9ctrico ARMANfire descarga difusor"},"content":{"rendered":"<p>El <strong>kit de instalaci\u00f3n para extinci\u00f3n de cuadro el\u00e9ctrico ARMANFire con descarga por difusor <\/strong>incluye todos los elementos necesarios para la instalaci\u00f3n del circuito de descarga del sistema.<\/p>\n<p>Est\u00e1 <b>compuesto por <\/b>tuber\u00eda de acero inoxidable AISI 304 de 10 x 0,6 mm junto con los accesorios de enlace r\u00e1pido correspondientes tales como manguitos, adaptadores, tes, codos y abrazaderas, que garantizan un montaje seguro y eficiente del sistema de extinci\u00f3n.<\/p>\n<p>Disponible en varias medidas en funci\u00f3n del tama\u00f1o del kit de instalaci\u00f3n ARMANFire:<\/p>\n<p>\u00b7 Kit instalaci\u00f3n ARMANFire <b>1 difusor<\/b>: accesorios necesarios para ARMANFire con FK-5-1-12 de 1, 2 y 3 Kg y con CO2 de 5 y 7 L.<br \/>\n\u00b7 Kit instalaci\u00f3n ARMANFire <b>2 difusores<\/b>: accesorios necesarios para ARMANFire con FK-5-1-12 de 4 y 6 Kg y con CO2 de 10 y 13,4 L.<br \/>\n\u00b7 Kit instalaci\u00f3n ARMANFire <b>3 difusores<\/b>: accesorios necesarios para ARMANFire con FK-5-1-12 de 9 y 12 Kg y con CO2 de 20 L.<br \/>\n\u00b7 Kit instalaci\u00f3n ARMANFire <b>4 difusores<\/b>: accesorios necesarios para ARMANFire con CO2 de 27 L.<\/p>\n<p>Referencia: IKARFNLDCP.<\/p>\n<p><a class=\"insta-link\" href=\"\/web\/wp-content\/uploads\/2026\/03\/Ficha_tecnica-adaptador.pdf\" target=\"_blank\" rel=\"noopener noreferrer\"><button>Descarga ficha<\/button><\/a><br \/>\n<a class=\"insta-link\" href=\"https:\/\/www.instagram.com\/aqlproteccion\/?hl=es\" target=\"_blank\" rel=\"noopener noreferrer\">Instagram<\/a><\/p>\n","protected":false},"excerpt":{"rendered":"<p>El kit de instalaci\u00f3n para extinci\u00f3n de cuadro el\u00e9ctrico ARMANfire con descarga por difusor incluye todos los elementos necesarios para la instalaci\u00f3n del circuito de descarga del sistema.<\/p>\n","protected":false},"featured_media":10841,"template":"","meta":[],"product_cat":[241,173,171],"product_tag":[215],"yoast_head":"<!-- This site is optimized with the Yoast SEO plugin v22.1 - https:\/\/yoast.com\/wordpress\/plugins\/seo\/ -->\n<title>Kit instalaci\u00f3n cuadro el\u00e9ctrico ARMANfire descarga difusor - Anber<\/title>\n<meta name=\"description\" content=\"El kit de instalaci\u00f3n para extinci\u00f3n de cuadro el\u00e9ctrico ARMANfire con descarga por difusor incluye todos los elementos necesarios para la instalaci\u00f3n\" \/>\n<meta name=\"robots\" content=\"index, follow, max-snippet:-1, max-image-preview:large, max-video-preview:-1\" \/>\n<link rel=\"canonical\" href=\"https:\/\/anber.es\/web\/producto\/kit-instalacion-cuadro-electrico-armanfire-descarga-difusor\/\" \/>\n<meta property=\"og:locale\" content=\"es_ES\" \/>\n<meta property=\"og:type\" content=\"article\" \/>\n<meta property=\"og:title\" content=\"Kit instalaci\u00f3n cuadro el\u00e9ctrico ARMANfire descarga difusor - Anber\" \/>\n<meta property=\"og:description\" content=\"El kit de instalaci\u00f3n para extinci\u00f3n de cuadro el\u00e9ctrico ARMANfire con descarga por difusor incluye todos los elementos necesarios para la instalaci\u00f3n\" \/>\n<meta property=\"og:url\" content=\"https:\/\/anber.es\/web\/producto\/kit-instalacion-cuadro-electrico-armanfire-descarga-difusor\/\" \/>\n<meta property=\"og:site_name\" content=\"Anber\" \/>\n<meta property=\"article:modified_time\" content=\"2026-03-24T14:24:11+00:00\" \/>\n<meta property=\"og:image\" content=\"https:\/\/anber.es\/web\/wp-content\/uploads\/2026\/03\/kit_instalacion_cuadro_electrico_ARMANfire_descarga_difusor.webp\" \/>\n\t<meta property=\"og:image:width\" content=\"1000\" \/>\n\t<meta property=\"og:image:height\" content=\"1000\" \/>\n\t<meta property=\"og:image:type\" content=\"image\/webp\" \/>\n<meta name=\"twitter:card\" content=\"summary_large_image\" \/>\n<meta name=\"twitter:label1\" content=\"Tiempo de lectura\" \/>\n\t<meta name=\"twitter:data1\" content=\"2 minutos\" \/>\n<script type=\"application\/ld+json\" class=\"yoast-schema-graph\">{\"@context\":\"https:\/\/schema.org\",\"@graph\":[{\"@type\":\"WebPage\",\"@id\":\"https:\/\/anber.es\/web\/producto\/kit-instalacion-cuadro-electrico-armanfire-descarga-difusor\/\",\"url\":\"https:\/\/anber.es\/web\/producto\/kit-instalacion-cuadro-electrico-armanfire-descarga-difusor\/\",\"name\":\"Kit instalaci\u00f3n cuadro el\u00e9ctrico ARMANfire descarga difusor - Anber\",\"isPartOf\":{\"@id\":\"https:\/\/anber.es\/web\/#website\"},\"datePublished\":\"2026-03-24T14:18:18+00:00\",\"dateModified\":\"2026-03-24T14:24:11+00:00\",\"description\":\"El kit de instalaci\u00f3n para extinci\u00f3n de cuadro el\u00e9ctrico ARMANfire con descarga por difusor incluye todos los elementos necesarios para la instalaci\u00f3n\",\"breadcrumb\":{\"@id\":\"https:\/\/anber.es\/web\/producto\/kit-instalacion-cuadro-electrico-armanfire-descarga-difusor\/#breadcrumb\"},\"inLanguage\":\"es\",\"potentialAction\":[{\"@type\":\"ReadAction\",\"target\":[\"https:\/\/anber.es\/web\/producto\/kit-instalacion-cuadro-electrico-armanfire-descarga-difusor\/\"]}]},{\"@type\":\"BreadcrumbList\",\"@id\":\"https:\/\/anber.es\/web\/producto\/kit-instalacion-cuadro-electrico-armanfire-descarga-difusor\/#breadcrumb\",\"itemListElement\":[{\"@type\":\"ListItem\",\"position\":1,\"name\":\"Portada\",\"item\":\"https:\/\/anber.es\/web\/\"},{\"@type\":\"ListItem\",\"position\":2,\"name\":\"Productos\",\"item\":\"https:\/\/anber.es\/web\/productos\/\"},{\"@type\":\"ListItem\",\"position\":3,\"name\":\"Kit instalaci\u00f3n cuadro el\u00e9ctrico ARMANfire descarga difusor\"}]},{\"@type\":\"WebSite\",\"@id\":\"https:\/\/anber.es\/web\/#website\",\"url\":\"https:\/\/anber.es\/web\/\",\"name\":\"Anber\",\"description\":\"Sistemas de protecci\u00f3n contra incendios\",\"publisher\":{\"@id\":\"https:\/\/anber.es\/web\/#organization\"},\"potentialAction\":[{\"@type\":\"SearchAction\",\"target\":{\"@type\":\"EntryPoint\",\"urlTemplate\":\"https:\/\/anber.es\/web\/?s={search_term_string}\"},\"query-input\":\"required name=search_term_string\"}],\"inLanguage\":\"es\"},{\"@type\":\"Organization\",\"@id\":\"https:\/\/anber.es\/web\/#organization\",\"name\":\"Anber\",\"url\":\"https:\/\/anber.es\/web\/\",\"logo\":{\"@type\":\"ImageObject\",\"inLanguage\":\"es\",\"@id\":\"https:\/\/anber.es\/web\/#\/schema\/logo\/image\/\",\"url\":\"https:\/\/anber.es\/web\/wp-content\/uploads\/2021\/03\/logo-anber.png\",\"contentUrl\":\"https:\/\/anber.es\/web\/wp-content\/uploads\/2021\/03\/logo-anber.png\",\"width\":2208,\"height\":500,\"caption\":\"Anber\"},\"image\":{\"@id\":\"https:\/\/anber.es\/web\/#\/schema\/logo\/image\/\"}}]}<\/script>\n<!-- \/ Yoast SEO plugin. -->","yoast_head_json":{"title":"Kit instalaci\u00f3n cuadro el\u00e9ctrico ARMANfire descarga difusor - Anber","description":"El kit de instalaci\u00f3n para extinci\u00f3n de cuadro el\u00e9ctrico ARMANfire con descarga por difusor incluye todos los elementos necesarios para la instalaci\u00f3n","robots":{"index":"index","follow":"follow","max-snippet":"max-snippet:-1","max-image-preview":"max-image-preview:large","max-video-preview":"max-video-preview:-1"},"canonical":"https:\/\/anber.es\/web\/producto\/kit-instalacion-cuadro-electrico-armanfire-descarga-difusor\/","og_locale":"es_ES","og_type":"article","og_title":"Kit instalaci\u00f3n cuadro el\u00e9ctrico ARMANfire descarga difusor - Anber","og_description":"El kit de instalaci\u00f3n para extinci\u00f3n de cuadro el\u00e9ctrico ARMANfire con descarga por difusor incluye todos los elementos necesarios para la instalaci\u00f3n","og_url":"https:\/\/anber.es\/web\/producto\/kit-instalacion-cuadro-electrico-armanfire-descarga-difusor\/","og_site_name":"Anber","article_modified_time":"2026-03-24T14:24:11+00:00","og_image":[{"width":1000,"height":1000,"url":"https:\/\/anber.es\/web\/wp-content\/uploads\/2026\/03\/kit_instalacion_cuadro_electrico_ARMANfire_descarga_difusor.webp","type":"image\/webp"}],"twitter_card":"summary_large_image","twitter_misc":{"Tiempo de lectura":"2 minutos"},"schema":{"@context":"https:\/\/schema.org","@graph":[{"@type":"WebPage","@id":"https:\/\/anber.es\/web\/producto\/kit-instalacion-cuadro-electrico-armanfire-descarga-difusor\/","url":"https:\/\/anber.es\/web\/producto\/kit-instalacion-cuadro-electrico-armanfire-descarga-difusor\/","name":"Kit instalaci\u00f3n cuadro el\u00e9ctrico ARMANfire descarga difusor - Anber","isPartOf":{"@id":"https:\/\/anber.es\/web\/#website"},"datePublished":"2026-03-24T14:18:18+00:00","dateModified":"2026-03-24T14:24:11+00:00","description":"El kit de instalaci\u00f3n para extinci\u00f3n de cuadro el\u00e9ctrico ARMANfire con descarga por difusor incluye todos los elementos necesarios para la instalaci\u00f3n","breadcrumb":{"@id":"https:\/\/anber.es\/web\/producto\/kit-instalacion-cuadro-electrico-armanfire-descarga-difusor\/#breadcrumb"},"inLanguage":"es","potentialAction":[{"@type":"ReadAction","target":["https:\/\/anber.es\/web\/producto\/kit-instalacion-cuadro-electrico-armanfire-descarga-difusor\/"]}]},{"@type":"BreadcrumbList","@id":"https:\/\/anber.es\/web\/producto\/kit-instalacion-cuadro-electrico-armanfire-descarga-difusor\/#breadcrumb","itemListElement":[{"@type":"ListItem","position":1,"name":"Portada","item":"https:\/\/anber.es\/web\/"},{"@type":"ListItem","position":2,"name":"Productos","item":"https:\/\/anber.es\/web\/productos\/"},{"@type":"ListItem","position":3,"name":"Kit instalaci\u00f3n cuadro el\u00e9ctrico ARMANfire descarga difusor"}]},{"@type":"WebSite","@id":"https:\/\/anber.es\/web\/#website","url":"https:\/\/anber.es\/web\/","name":"Anber","description":"Sistemas de protecci\u00f3n contra incendios","publisher":{"@id":"https:\/\/anber.es\/web\/#organization"},"potentialAction":[{"@type":"SearchAction","target":{"@type":"EntryPoint","urlTemplate":"https:\/\/anber.es\/web\/?s={search_term_string}"},"query-input":"required name=search_term_string"}],"inLanguage":"es"},{"@type":"Organization","@id":"https:\/\/anber.es\/web\/#organization","name":"Anber","url":"https:\/\/anber.es\/web\/","logo":{"@type":"ImageObject","inLanguage":"es","@id":"https:\/\/anber.es\/web\/#\/schema\/logo\/image\/","url":"https:\/\/anber.es\/web\/wp-content\/uploads\/2021\/03\/logo-anber.png","contentUrl":"https:\/\/anber.es\/web\/wp-content\/uploads\/2021\/03\/logo-anber.png","width":2208,"height":500,"caption":"Anber"},"image":{"@id":"https:\/\/anber.es\/web\/#\/schema\/logo\/image\/"}}]}},"_links":{"self":[{"href":"https:\/\/anber.es\/web\/wp-json\/wp\/v2\/product\/10848"}],"collection":[{"href":"https:\/\/anber.es\/web\/wp-json\/wp\/v2\/product"}],"about":[{"href":"https:\/\/anber.es\/web\/wp-json\/wp\/v2\/types\/product"}],"wp:featuredmedia":[{"embeddable":true,"href":"https:\/\/anber.es\/web\/wp-json\/wp\/v2\/media\/10841"}],"wp:attachment":[{"href":"https:\/\/anber.es\/web\/wp-json\/wp\/v2\/media?parent=10848"}],"wp:term":[{"taxonomy":"product_cat","embeddable":true,"href":"https:\/\/anber.es\/web\/wp-json\/wp\/v2\/product_cat?post=10848"},{"taxonomy":"product_tag","embeddable":true,"href":"https:\/\/anber.es\/web\/wp-json\/wp\/v2\/product_tag?post=10848"}],"curies":[{"name":"wp","href":"https:\/\/api.w.org\/{rel}","templated":true}]}}