{"id":10852,"date":"2026-03-24T16:53:13","date_gmt":"2026-03-24T14:53:13","guid":{"rendered":"https:\/\/anber.es\/web\/?post_type=product&#038;p=10852"},"modified":"2026-03-24T16:56:28","modified_gmt":"2026-03-24T14:56:28","slug":"kit-instalacion-cocina-armanfire-chef","status":"publish","type":"product","link":"https:\/\/anber.es\/web\/producto\/kit-instalacion-cocina-armanfire-chef\/","title":{"rendered":"Kit instalaci\u00f3n cocina ARMANFire Chef"},"content":{"rendered":"<p>El <strong>kit de instalaci\u00f3n para extinci\u00f3n de cocina ARMANFire Chef <\/strong>incluye todos los elementos necesarios para la instalaci\u00f3n del circuito de descarga del sistema.<\/p>\n<p>Est\u00e1 <b>compuesto por <\/b>tuber\u00eda de acero inoxidable AISI 304 de 10 x 0,6 mm junto con los accesorios de enlace r\u00e1pido correspondientes tales como manguitos, adaptadores, tes, codos y abrazaderas, que garantizan un montaje seguro y eficiente del sistema de extinci\u00f3n.<\/p>\n<p>Disponible en varias medidas en funci\u00f3n del tama\u00f1o del kit de extinci\u00f3n de cocina ARMANFire Chef:<\/p>\n<p>\u00b7 Kit instalaci\u00f3n<b> peque\u00f1o<\/b>: accesorios necesarios para ARMANFire Chef de 6 y 8 L.<br \/>\n\u00b7 Kit instalaci\u00f3n <b>mediano<\/b>: accesorios necesarios para ARMANFire Chef de 10, 12 y 14 L.<br \/>\n\u00b7 Kit instalaci\u00f3n <b>grande<\/b>: accesorios necesarios para ARMANFire Chef de 16, 18 y 20 L.<\/p>\n<p>Referencia: IKARFCHEFQ,<\/p>\n<p><a class=\"insta-link\" href=\"\/web\/wp-content\/uploads\/2022\/05\/Ficha_tecnica-kits_extincion_de_cocina_por_difusor.pdf\" target=\"_blank\" rel=\"noopener noreferrer\"><button>Descarga ficha<\/button><\/a><br \/>\n<a class=\"insta-link\" href=\"https:\/\/www.instagram.com\/aqlproteccion\/?hl=es\" target=\"_blank\" rel=\"noopener noreferrer\">Instagram<\/a><\/p>\n","protected":false},"excerpt":{"rendered":"<p>El kit de instalaci\u00f3n para extinci\u00f3n de cocina ARMANFire Chef incluye todos los wlementos necesarios para la instalaci\u00f3n del circuito de descarga del sistema<\/p>\n","protected":false},"featured_media":10851,"template":"","meta":[],"product_cat":[172,241,171],"product_tag":[215],"yoast_head":"<!-- This site is optimized with the Yoast SEO plugin v22.1 - https:\/\/yoast.com\/wordpress\/plugins\/seo\/ -->\n<title>Kit instalaci\u00f3n cocina ARMANFire Chef - Anber<\/title>\n<meta name=\"description\" content=\"El kit de instalaci\u00f3n para extinci\u00f3n de cocina ARMANFire Chef incluye todos los wlementos necesarios para la instalaci\u00f3n del circuito de descarga del\" \/>\n<meta name=\"robots\" content=\"index, follow, max-snippet:-1, max-image-preview:large, max-video-preview:-1\" \/>\n<link rel=\"canonical\" href=\"https:\/\/anber.es\/web\/producto\/kit-instalacion-cocina-armanfire-chef\/\" \/>\n<meta property=\"og:locale\" content=\"es_ES\" \/>\n<meta property=\"og:type\" content=\"article\" \/>\n<meta property=\"og:title\" content=\"Kit instalaci\u00f3n cocina ARMANFire Chef - Anber\" \/>\n<meta property=\"og:description\" content=\"El kit de instalaci\u00f3n para extinci\u00f3n de cocina ARMANFire Chef incluye todos los wlementos necesarios para la instalaci\u00f3n del circuito de descarga del\" \/>\n<meta property=\"og:url\" content=\"https:\/\/anber.es\/web\/producto\/kit-instalacion-cocina-armanfire-chef\/\" \/>\n<meta property=\"og:site_name\" content=\"Anber\" \/>\n<meta property=\"article:modified_time\" content=\"2026-03-24T14:56:28+00:00\" \/>\n<meta property=\"og:image\" content=\"https:\/\/anber.es\/web\/wp-content\/uploads\/2026\/03\/kit_instalacion_cocina_ARMAfire_Chef.webp\" \/>\n\t<meta property=\"og:image:width\" content=\"1000\" \/>\n\t<meta property=\"og:image:height\" content=\"1000\" \/>\n\t<meta property=\"og:image:type\" content=\"image\/webp\" \/>\n<meta name=\"twitter:card\" content=\"summary_large_image\" \/>\n<meta name=\"twitter:label1\" content=\"Tiempo de lectura\" \/>\n\t<meta name=\"twitter:data1\" content=\"1 minuto\" \/>\n<script type=\"application\/ld+json\" class=\"yoast-schema-graph\">{\"@context\":\"https:\/\/schema.org\",\"@graph\":[{\"@type\":\"WebPage\",\"@id\":\"https:\/\/anber.es\/web\/producto\/kit-instalacion-cocina-armanfire-chef\/\",\"url\":\"https:\/\/anber.es\/web\/producto\/kit-instalacion-cocina-armanfire-chef\/\",\"name\":\"Kit instalaci\u00f3n cocina ARMANFire Chef - Anber\",\"isPartOf\":{\"@id\":\"https:\/\/anber.es\/web\/#website\"},\"datePublished\":\"2026-03-24T14:53:13+00:00\",\"dateModified\":\"2026-03-24T14:56:28+00:00\",\"description\":\"El kit de instalaci\u00f3n para extinci\u00f3n de cocina ARMANFire Chef incluye todos los wlementos necesarios para la instalaci\u00f3n del circuito de descarga del\",\"breadcrumb\":{\"@id\":\"https:\/\/anber.es\/web\/producto\/kit-instalacion-cocina-armanfire-chef\/#breadcrumb\"},\"inLanguage\":\"es\",\"potentialAction\":[{\"@type\":\"ReadAction\",\"target\":[\"https:\/\/anber.es\/web\/producto\/kit-instalacion-cocina-armanfire-chef\/\"]}]},{\"@type\":\"BreadcrumbList\",\"@id\":\"https:\/\/anber.es\/web\/producto\/kit-instalacion-cocina-armanfire-chef\/#breadcrumb\",\"itemListElement\":[{\"@type\":\"ListItem\",\"position\":1,\"name\":\"Portada\",\"item\":\"https:\/\/anber.es\/web\/\"},{\"@type\":\"ListItem\",\"position\":2,\"name\":\"Productos\",\"item\":\"https:\/\/anber.es\/web\/productos\/\"},{\"@type\":\"ListItem\",\"position\":3,\"name\":\"Kit instalaci\u00f3n cocina ARMANFire Chef\"}]},{\"@type\":\"WebSite\",\"@id\":\"https:\/\/anber.es\/web\/#website\",\"url\":\"https:\/\/anber.es\/web\/\",\"name\":\"Anber\",\"description\":\"Sistemas de protecci\u00f3n contra incendios\",\"publisher\":{\"@id\":\"https:\/\/anber.es\/web\/#organization\"},\"potentialAction\":[{\"@type\":\"SearchAction\",\"target\":{\"@type\":\"EntryPoint\",\"urlTemplate\":\"https:\/\/anber.es\/web\/?s={search_term_string}\"},\"query-input\":\"required name=search_term_string\"}],\"inLanguage\":\"es\"},{\"@type\":\"Organization\",\"@id\":\"https:\/\/anber.es\/web\/#organization\",\"name\":\"Anber\",\"url\":\"https:\/\/anber.es\/web\/\",\"logo\":{\"@type\":\"ImageObject\",\"inLanguage\":\"es\",\"@id\":\"https:\/\/anber.es\/web\/#\/schema\/logo\/image\/\",\"url\":\"https:\/\/anber.es\/web\/wp-content\/uploads\/2021\/03\/logo-anber.png\",\"contentUrl\":\"https:\/\/anber.es\/web\/wp-content\/uploads\/2021\/03\/logo-anber.png\",\"width\":2208,\"height\":500,\"caption\":\"Anber\"},\"image\":{\"@id\":\"https:\/\/anber.es\/web\/#\/schema\/logo\/image\/\"}}]}<\/script>\n<!-- \/ Yoast SEO plugin. -->","yoast_head_json":{"title":"Kit instalaci\u00f3n cocina ARMANFire Chef - Anber","description":"El kit de instalaci\u00f3n para extinci\u00f3n de cocina ARMANFire Chef incluye todos los wlementos necesarios para la instalaci\u00f3n del circuito de descarga del","robots":{"index":"index","follow":"follow","max-snippet":"max-snippet:-1","max-image-preview":"max-image-preview:large","max-video-preview":"max-video-preview:-1"},"canonical":"https:\/\/anber.es\/web\/producto\/kit-instalacion-cocina-armanfire-chef\/","og_locale":"es_ES","og_type":"article","og_title":"Kit instalaci\u00f3n cocina ARMANFire Chef - Anber","og_description":"El kit de instalaci\u00f3n para extinci\u00f3n de cocina ARMANFire Chef incluye todos los wlementos necesarios para la instalaci\u00f3n del circuito de descarga del","og_url":"https:\/\/anber.es\/web\/producto\/kit-instalacion-cocina-armanfire-chef\/","og_site_name":"Anber","article_modified_time":"2026-03-24T14:56:28+00:00","og_image":[{"width":1000,"height":1000,"url":"https:\/\/anber.es\/web\/wp-content\/uploads\/2026\/03\/kit_instalacion_cocina_ARMAfire_Chef.webp","type":"image\/webp"}],"twitter_card":"summary_large_image","twitter_misc":{"Tiempo de lectura":"1 minuto"},"schema":{"@context":"https:\/\/schema.org","@graph":[{"@type":"WebPage","@id":"https:\/\/anber.es\/web\/producto\/kit-instalacion-cocina-armanfire-chef\/","url":"https:\/\/anber.es\/web\/producto\/kit-instalacion-cocina-armanfire-chef\/","name":"Kit instalaci\u00f3n cocina ARMANFire Chef - Anber","isPartOf":{"@id":"https:\/\/anber.es\/web\/#website"},"datePublished":"2026-03-24T14:53:13+00:00","dateModified":"2026-03-24T14:56:28+00:00","description":"El kit de instalaci\u00f3n para extinci\u00f3n de cocina ARMANFire Chef incluye todos los wlementos necesarios para la instalaci\u00f3n del circuito de descarga del","breadcrumb":{"@id":"https:\/\/anber.es\/web\/producto\/kit-instalacion-cocina-armanfire-chef\/#breadcrumb"},"inLanguage":"es","potentialAction":[{"@type":"ReadAction","target":["https:\/\/anber.es\/web\/producto\/kit-instalacion-cocina-armanfire-chef\/"]}]},{"@type":"BreadcrumbList","@id":"https:\/\/anber.es\/web\/producto\/kit-instalacion-cocina-armanfire-chef\/#breadcrumb","itemListElement":[{"@type":"ListItem","position":1,"name":"Portada","item":"https:\/\/anber.es\/web\/"},{"@type":"ListItem","position":2,"name":"Productos","item":"https:\/\/anber.es\/web\/productos\/"},{"@type":"ListItem","position":3,"name":"Kit instalaci\u00f3n cocina ARMANFire Chef"}]},{"@type":"WebSite","@id":"https:\/\/anber.es\/web\/#website","url":"https:\/\/anber.es\/web\/","name":"Anber","description":"Sistemas de protecci\u00f3n contra incendios","publisher":{"@id":"https:\/\/anber.es\/web\/#organization"},"potentialAction":[{"@type":"SearchAction","target":{"@type":"EntryPoint","urlTemplate":"https:\/\/anber.es\/web\/?s={search_term_string}"},"query-input":"required name=search_term_string"}],"inLanguage":"es"},{"@type":"Organization","@id":"https:\/\/anber.es\/web\/#organization","name":"Anber","url":"https:\/\/anber.es\/web\/","logo":{"@type":"ImageObject","inLanguage":"es","@id":"https:\/\/anber.es\/web\/#\/schema\/logo\/image\/","url":"https:\/\/anber.es\/web\/wp-content\/uploads\/2021\/03\/logo-anber.png","contentUrl":"https:\/\/anber.es\/web\/wp-content\/uploads\/2021\/03\/logo-anber.png","width":2208,"height":500,"caption":"Anber"},"image":{"@id":"https:\/\/anber.es\/web\/#\/schema\/logo\/image\/"}}]}},"_links":{"self":[{"href":"https:\/\/anber.es\/web\/wp-json\/wp\/v2\/product\/10852"}],"collection":[{"href":"https:\/\/anber.es\/web\/wp-json\/wp\/v2\/product"}],"about":[{"href":"https:\/\/anber.es\/web\/wp-json\/wp\/v2\/types\/product"}],"wp:featuredmedia":[{"embeddable":true,"href":"https:\/\/anber.es\/web\/wp-json\/wp\/v2\/media\/10851"}],"wp:attachment":[{"href":"https:\/\/anber.es\/web\/wp-json\/wp\/v2\/media?parent=10852"}],"wp:term":[{"taxonomy":"product_cat","embeddable":true,"href":"https:\/\/anber.es\/web\/wp-json\/wp\/v2\/product_cat?post=10852"},{"taxonomy":"product_tag","embeddable":true,"href":"https:\/\/anber.es\/web\/wp-json\/wp\/v2\/product_tag?post=10852"}],"curies":[{"name":"wp","href":"https:\/\/api.w.org\/{rel}","templated":true}]}}