{"id":10859,"date":"2026-03-25T14:04:08","date_gmt":"2026-03-25T12:04:08","guid":{"rendered":"https:\/\/anber.es\/web\/?post_type=product&#038;p=10859"},"modified":"2026-03-26T10:22:30","modified_gmt":"2026-03-26T08:22:30","slug":"bie-25-abatible-con-toma-45-700x620x220-mm","status":"publish","type":"product","link":"https:\/\/anber.es\/web\/producto\/bie-25-abatible-con-toma-45-700x620x220-mm\/","title":{"rendered":"BIE abatible \u00d825x20m con toma 45, 700 x 620 x 220 mm"},"content":{"rendered":"<p><strong>BIE 25 Abatible con toma 45 <\/strong>equipada con <b>manguera semirr\u00edgida de \u00d825 mm y 20 m de longitud<\/b>. Compuesta por armario met\u00e1lico pintado para superficie o empotrar. <\/p>\n<p>\u00b7 Puerta: puerta visor o ciega, con doble bisagra y cerradura de f\u00e1cil apertura.<br \/>\n\u00b7 Devanadera: <b>\u00d8490 mm<\/b>, pintada en rojo con <b>alimentaci\u00f3n axial<\/b>.<br \/>\n\u00b7 Manguera semirr\u00edgida de <b>\u00d825 mm x 20 m de longitud<\/b>.<br \/>\n\u00b7 V\u00e1lvula: tipo bola de lat\u00f3n estampado y con toma de man\u00f3metro.<br \/>\n\u00b7 Lanza de triple efecto (di\u00e1metro equivalente 10mm).<br \/>\n\u00b7 Tipo: Abatible con toma adicional de 45 mm.<br \/>\n\u00b7 Presi\u00f3n m\u00e1xima de servicio: <b>12 Bar<\/b>.<br \/>\n\u00b7 Dimensiones: <b>700 x 620 x 220mm<\/b>.<br \/>\n\u00b7 Man\u00f3metro: \u00d850 mm y escala de 0 a 16 bar.<br \/>\n\u00b7 Toma adicional de 45 mm: Con v\u00e1lvula de asiento, con racor y tap\u00f3n UNE-EN 23400.<\/p>\n<p>Posibilidad de fabricaci\u00f3n en acero inoxidable en calidad 304 y 316.<\/p>\n<p>Referencia: BEPA25PCC.<\/p>\n<p><a href=\"\/web\/wp-content\/uploads\/2026\/03\/Ficha_tecnica-BIE25_abatible_con_toma_45_700x620x220mm.pdf\" target=\"_blank\" rel=\"noopener noreferrer\"><button>Descarga ficha <\/button><\/a><br \/>\n<a class=\"insta-link\" href=\"https:\/\/www.instagram.com\/aqlproteccion\/?hl=es\" target=\"_blank\" rel=\"noopener noreferrer\">Instagram<\/a><\/p>\n","protected":false},"excerpt":{"rendered":"<p>BIE 25 Abatible con toma 45 equipada con manguera semirr\u00edgida de color blanco de \u00d825mm y 20m de longitud. Medidas 700 x 620 x 220 mm.<\/p>\n","protected":false},"featured_media":10857,"template":"","meta":[],"product_cat":[27,20,98],"product_tag":[215],"yoast_head":"<!-- This site is optimized with the Yoast SEO plugin v22.1 - https:\/\/yoast.com\/wordpress\/plugins\/seo\/ -->\n<title>BIE abatible \u00d825x20m con toma 45, 700 x 620 x 220 mm - Anber<\/title>\n<meta name=\"description\" content=\"BIE 25 Abatible con toma 45 equipada con manguera semirr\u00edgida de color blanco de \u00d825mm y 20m de longitud. Medidas 700 x 620 x 220 mm.\" \/>\n<meta name=\"robots\" content=\"index, follow, max-snippet:-1, max-image-preview:large, max-video-preview:-1\" \/>\n<link rel=\"canonical\" href=\"https:\/\/anber.es\/web\/producto\/bie-25-abatible-con-toma-45-700x620x220-mm\/\" \/>\n<meta property=\"og:locale\" content=\"es_ES\" \/>\n<meta property=\"og:type\" content=\"article\" \/>\n<meta property=\"og:title\" content=\"BIE abatible \u00d825x20m con toma 45, 700 x 620 x 220 mm - Anber\" \/>\n<meta property=\"og:description\" content=\"BIE 25 Abatible con toma 45 equipada con manguera semirr\u00edgida de color blanco de \u00d825mm y 20m de longitud. Medidas 700 x 620 x 220 mm.\" \/>\n<meta property=\"og:url\" content=\"https:\/\/anber.es\/web\/producto\/bie-25-abatible-con-toma-45-700x620x220-mm\/\" \/>\n<meta property=\"og:site_name\" content=\"Anber\" \/>\n<meta property=\"article:modified_time\" content=\"2026-03-26T08:22:30+00:00\" \/>\n<meta property=\"og:image\" content=\"https:\/\/anber.es\/web\/wp-content\/uploads\/2026\/03\/BIE25_abatible_con_toma_45_700x620x220mm.webp\" \/>\n\t<meta property=\"og:image:width\" content=\"1000\" \/>\n\t<meta property=\"og:image:height\" content=\"1000\" \/>\n\t<meta property=\"og:image:type\" content=\"image\/webp\" \/>\n<meta name=\"twitter:card\" content=\"summary_large_image\" \/>\n<meta name=\"twitter:label1\" content=\"Tiempo de lectura\" \/>\n\t<meta name=\"twitter:data1\" content=\"1 minuto\" \/>\n<script type=\"application\/ld+json\" class=\"yoast-schema-graph\">{\"@context\":\"https:\/\/schema.org\",\"@graph\":[{\"@type\":\"WebPage\",\"@id\":\"https:\/\/anber.es\/web\/producto\/bie-25-abatible-con-toma-45-700x620x220-mm\/\",\"url\":\"https:\/\/anber.es\/web\/producto\/bie-25-abatible-con-toma-45-700x620x220-mm\/\",\"name\":\"BIE abatible \u00d825x20m con toma 45, 700 x 620 x 220 mm - Anber\",\"isPartOf\":{\"@id\":\"https:\/\/anber.es\/web\/#website\"},\"datePublished\":\"2026-03-25T12:04:08+00:00\",\"dateModified\":\"2026-03-26T08:22:30+00:00\",\"description\":\"BIE 25 Abatible con toma 45 equipada con manguera semirr\u00edgida de color blanco de \u00d825mm y 20m de longitud. Medidas 700 x 620 x 220 mm.\",\"breadcrumb\":{\"@id\":\"https:\/\/anber.es\/web\/producto\/bie-25-abatible-con-toma-45-700x620x220-mm\/#breadcrumb\"},\"inLanguage\":\"es\",\"potentialAction\":[{\"@type\":\"ReadAction\",\"target\":[\"https:\/\/anber.es\/web\/producto\/bie-25-abatible-con-toma-45-700x620x220-mm\/\"]}]},{\"@type\":\"BreadcrumbList\",\"@id\":\"https:\/\/anber.es\/web\/producto\/bie-25-abatible-con-toma-45-700x620x220-mm\/#breadcrumb\",\"itemListElement\":[{\"@type\":\"ListItem\",\"position\":1,\"name\":\"Portada\",\"item\":\"https:\/\/anber.es\/web\/\"},{\"@type\":\"ListItem\",\"position\":2,\"name\":\"Productos\",\"item\":\"https:\/\/anber.es\/web\/productos\/\"},{\"@type\":\"ListItem\",\"position\":3,\"name\":\"BIE abatible \u00d825x20m con toma 45, 700 x 620 x 220 mm\"}]},{\"@type\":\"WebSite\",\"@id\":\"https:\/\/anber.es\/web\/#website\",\"url\":\"https:\/\/anber.es\/web\/\",\"name\":\"Anber\",\"description\":\"Sistemas de protecci\u00f3n contra incendios\",\"publisher\":{\"@id\":\"https:\/\/anber.es\/web\/#organization\"},\"potentialAction\":[{\"@type\":\"SearchAction\",\"target\":{\"@type\":\"EntryPoint\",\"urlTemplate\":\"https:\/\/anber.es\/web\/?s={search_term_string}\"},\"query-input\":\"required name=search_term_string\"}],\"inLanguage\":\"es\"},{\"@type\":\"Organization\",\"@id\":\"https:\/\/anber.es\/web\/#organization\",\"name\":\"Anber\",\"url\":\"https:\/\/anber.es\/web\/\",\"logo\":{\"@type\":\"ImageObject\",\"inLanguage\":\"es\",\"@id\":\"https:\/\/anber.es\/web\/#\/schema\/logo\/image\/\",\"url\":\"https:\/\/anber.es\/web\/wp-content\/uploads\/2021\/03\/logo-anber.png\",\"contentUrl\":\"https:\/\/anber.es\/web\/wp-content\/uploads\/2021\/03\/logo-anber.png\",\"width\":2208,\"height\":500,\"caption\":\"Anber\"},\"image\":{\"@id\":\"https:\/\/anber.es\/web\/#\/schema\/logo\/image\/\"}}]}<\/script>\n<!-- \/ Yoast SEO plugin. -->","yoast_head_json":{"title":"BIE abatible \u00d825x20m con toma 45, 700 x 620 x 220 mm - Anber","description":"BIE 25 Abatible con toma 45 equipada con manguera semirr\u00edgida de color blanco de \u00d825mm y 20m de longitud. Medidas 700 x 620 x 220 mm.","robots":{"index":"index","follow":"follow","max-snippet":"max-snippet:-1","max-image-preview":"max-image-preview:large","max-video-preview":"max-video-preview:-1"},"canonical":"https:\/\/anber.es\/web\/producto\/bie-25-abatible-con-toma-45-700x620x220-mm\/","og_locale":"es_ES","og_type":"article","og_title":"BIE abatible \u00d825x20m con toma 45, 700 x 620 x 220 mm - Anber","og_description":"BIE 25 Abatible con toma 45 equipada con manguera semirr\u00edgida de color blanco de \u00d825mm y 20m de longitud. Medidas 700 x 620 x 220 mm.","og_url":"https:\/\/anber.es\/web\/producto\/bie-25-abatible-con-toma-45-700x620x220-mm\/","og_site_name":"Anber","article_modified_time":"2026-03-26T08:22:30+00:00","og_image":[{"width":1000,"height":1000,"url":"https:\/\/anber.es\/web\/wp-content\/uploads\/2026\/03\/BIE25_abatible_con_toma_45_700x620x220mm.webp","type":"image\/webp"}],"twitter_card":"summary_large_image","twitter_misc":{"Tiempo de lectura":"1 minuto"},"schema":{"@context":"https:\/\/schema.org","@graph":[{"@type":"WebPage","@id":"https:\/\/anber.es\/web\/producto\/bie-25-abatible-con-toma-45-700x620x220-mm\/","url":"https:\/\/anber.es\/web\/producto\/bie-25-abatible-con-toma-45-700x620x220-mm\/","name":"BIE abatible \u00d825x20m con toma 45, 700 x 620 x 220 mm - Anber","isPartOf":{"@id":"https:\/\/anber.es\/web\/#website"},"datePublished":"2026-03-25T12:04:08+00:00","dateModified":"2026-03-26T08:22:30+00:00","description":"BIE 25 Abatible con toma 45 equipada con manguera semirr\u00edgida de color blanco de \u00d825mm y 20m de longitud. Medidas 700 x 620 x 220 mm.","breadcrumb":{"@id":"https:\/\/anber.es\/web\/producto\/bie-25-abatible-con-toma-45-700x620x220-mm\/#breadcrumb"},"inLanguage":"es","potentialAction":[{"@type":"ReadAction","target":["https:\/\/anber.es\/web\/producto\/bie-25-abatible-con-toma-45-700x620x220-mm\/"]}]},{"@type":"BreadcrumbList","@id":"https:\/\/anber.es\/web\/producto\/bie-25-abatible-con-toma-45-700x620x220-mm\/#breadcrumb","itemListElement":[{"@type":"ListItem","position":1,"name":"Portada","item":"https:\/\/anber.es\/web\/"},{"@type":"ListItem","position":2,"name":"Productos","item":"https:\/\/anber.es\/web\/productos\/"},{"@type":"ListItem","position":3,"name":"BIE abatible \u00d825x20m con toma 45, 700 x 620 x 220 mm"}]},{"@type":"WebSite","@id":"https:\/\/anber.es\/web\/#website","url":"https:\/\/anber.es\/web\/","name":"Anber","description":"Sistemas de protecci\u00f3n contra incendios","publisher":{"@id":"https:\/\/anber.es\/web\/#organization"},"potentialAction":[{"@type":"SearchAction","target":{"@type":"EntryPoint","urlTemplate":"https:\/\/anber.es\/web\/?s={search_term_string}"},"query-input":"required name=search_term_string"}],"inLanguage":"es"},{"@type":"Organization","@id":"https:\/\/anber.es\/web\/#organization","name":"Anber","url":"https:\/\/anber.es\/web\/","logo":{"@type":"ImageObject","inLanguage":"es","@id":"https:\/\/anber.es\/web\/#\/schema\/logo\/image\/","url":"https:\/\/anber.es\/web\/wp-content\/uploads\/2021\/03\/logo-anber.png","contentUrl":"https:\/\/anber.es\/web\/wp-content\/uploads\/2021\/03\/logo-anber.png","width":2208,"height":500,"caption":"Anber"},"image":{"@id":"https:\/\/anber.es\/web\/#\/schema\/logo\/image\/"}}]}},"_links":{"self":[{"href":"https:\/\/anber.es\/web\/wp-json\/wp\/v2\/product\/10859"}],"collection":[{"href":"https:\/\/anber.es\/web\/wp-json\/wp\/v2\/product"}],"about":[{"href":"https:\/\/anber.es\/web\/wp-json\/wp\/v2\/types\/product"}],"wp:featuredmedia":[{"embeddable":true,"href":"https:\/\/anber.es\/web\/wp-json\/wp\/v2\/media\/10857"}],"wp:attachment":[{"href":"https:\/\/anber.es\/web\/wp-json\/wp\/v2\/media?parent=10859"}],"wp:term":[{"taxonomy":"product_cat","embeddable":true,"href":"https:\/\/anber.es\/web\/wp-json\/wp\/v2\/product_cat?post=10859"},{"taxonomy":"product_tag","embeddable":true,"href":"https:\/\/anber.es\/web\/wp-json\/wp\/v2\/product_tag?post=10859"}],"curies":[{"name":"wp","href":"https:\/\/api.w.org\/{rel}","templated":true}]}}