{"id":10867,"date":"2026-03-25T16:35:18","date_gmt":"2026-03-25T14:35:18","guid":{"rendered":"https:\/\/anber.es\/web\/?post_type=product&#038;p=10867"},"modified":"2026-03-26T10:35:26","modified_gmt":"2026-03-26T08:35:26","slug":"ficha_tecnica-modulo_tecnico_extintor_25_fija_700x500x250mm","status":"publish","type":"product","link":"https:\/\/anber.es\/web\/producto\/ficha_tecnica-modulo_tecnico_extintor_25_fija_700x500x250mm\/","title":{"rendered":"M\u00f3dulo t\u00e9cnico-extintor BIE 25 fija 700 x 500 x 250 mm"},"content":{"rendered":"<p>El <strong>m\u00f3dulo t\u00e9cnico-extintor para BIE 25 fija<\/strong> es un armario modular para el alojamiento del extintor y de los sistemas de alarma (pulsador + sirena) personalizable.<\/p>\n<p>\u00b7 Fabricado en chapa de acero.<br \/>\n\u00b7 Acabado con pintura epoxi RAL 3000.<br \/>\n\u00b7 Medidas: 700 x 500 x 250 mm.<br \/>\n\u00b7 Puerta ciega, bisagras y cerradura de f\u00e1cil apertura.<\/p>\n<p>* Extintor y elementos de alarma no incluidos.<\/p>\n<p>Referencia: BEPFMT25PC00.<\/p>\n<p><a href=\"\/web\/wp-content\/uploads\/2026\/03\/Ficha_tecnica-modulo_tecnico_extintor_25_fija_700x500x250mm.pdf\" target=\"_blank\" rel=\"noopener noreferrer\"><button>Descarga ficha <\/button><\/a><br \/>\n<a class=\"insta-link\" href=\"https:\/\/www.instagram.com\/aqlproteccion\/?hl=es\" target=\"_blank\" rel=\"noopener noreferrer\">Instagram<\/a><\/p>\n","protected":false},"excerpt":{"rendered":"<p>El m\u00f3dulo t\u00e9cnico-extintor para BIE 25 fija es un armario modular para el alojamiento del extintor y de los sistemas de alarma. Medidas: 700 x 500 x 250 mm.<\/p>\n","protected":false},"featured_media":10865,"template":"","meta":[],"product_cat":[27,20,99],"product_tag":[215],"yoast_head":"<!-- This site is optimized with the Yoast SEO plugin v22.1 - https:\/\/yoast.com\/wordpress\/plugins\/seo\/ -->\n<title>M\u00f3dulo t\u00e9cnico-extintor BIE 25 fija 700 x 500 x 250 mm - Anber<\/title>\n<meta name=\"description\" content=\"El m\u00f3dulo t\u00e9cnico-extintor para BIE 25 fija es un armario modular para el alojamiento del extintor y de los sistemas de alarma\" \/>\n<meta name=\"robots\" content=\"index, follow, max-snippet:-1, max-image-preview:large, max-video-preview:-1\" \/>\n<link rel=\"canonical\" href=\"https:\/\/anber.es\/web\/producto\/ficha_tecnica-modulo_tecnico_extintor_25_fija_700x500x250mm\/\" \/>\n<meta property=\"og:locale\" content=\"es_ES\" \/>\n<meta property=\"og:type\" content=\"article\" \/>\n<meta property=\"og:title\" content=\"M\u00f3dulo t\u00e9cnico-extintor BIE 25 fija 700 x 500 x 250 mm - Anber\" \/>\n<meta property=\"og:description\" content=\"El m\u00f3dulo t\u00e9cnico-extintor para BIE 25 fija es un armario modular para el alojamiento del extintor y de los sistemas de alarma\" \/>\n<meta property=\"og:url\" content=\"https:\/\/anber.es\/web\/producto\/ficha_tecnica-modulo_tecnico_extintor_25_fija_700x500x250mm\/\" \/>\n<meta property=\"og:site_name\" content=\"Anber\" \/>\n<meta property=\"article:modified_time\" content=\"2026-03-26T08:35:26+00:00\" \/>\n<meta property=\"og:image\" content=\"https:\/\/anber.es\/web\/wp-content\/uploads\/2026\/03\/modulo_tecnico_extintor_bie25fija_700x500x250mm.webp\" \/>\n\t<meta property=\"og:image:width\" content=\"1000\" \/>\n\t<meta property=\"og:image:height\" content=\"1000\" \/>\n\t<meta property=\"og:image:type\" content=\"image\/webp\" \/>\n<meta name=\"twitter:card\" content=\"summary_large_image\" \/>\n<meta name=\"twitter:label1\" content=\"Tiempo de lectura\" \/>\n\t<meta name=\"twitter:data1\" content=\"1 minuto\" \/>\n<script type=\"application\/ld+json\" class=\"yoast-schema-graph\">{\"@context\":\"https:\/\/schema.org\",\"@graph\":[{\"@type\":\"WebPage\",\"@id\":\"https:\/\/anber.es\/web\/producto\/ficha_tecnica-modulo_tecnico_extintor_25_fija_700x500x250mm\/\",\"url\":\"https:\/\/anber.es\/web\/producto\/ficha_tecnica-modulo_tecnico_extintor_25_fija_700x500x250mm\/\",\"name\":\"M\u00f3dulo t\u00e9cnico-extintor BIE 25 fija 700 x 500 x 250 mm - Anber\",\"isPartOf\":{\"@id\":\"https:\/\/anber.es\/web\/#website\"},\"datePublished\":\"2026-03-25T14:35:18+00:00\",\"dateModified\":\"2026-03-26T08:35:26+00:00\",\"description\":\"El m\u00f3dulo t\u00e9cnico-extintor para BIE 25 fija es un armario modular para el alojamiento del extintor y de los sistemas de alarma\",\"breadcrumb\":{\"@id\":\"https:\/\/anber.es\/web\/producto\/ficha_tecnica-modulo_tecnico_extintor_25_fija_700x500x250mm\/#breadcrumb\"},\"inLanguage\":\"es\",\"potentialAction\":[{\"@type\":\"ReadAction\",\"target\":[\"https:\/\/anber.es\/web\/producto\/ficha_tecnica-modulo_tecnico_extintor_25_fija_700x500x250mm\/\"]}]},{\"@type\":\"BreadcrumbList\",\"@id\":\"https:\/\/anber.es\/web\/producto\/ficha_tecnica-modulo_tecnico_extintor_25_fija_700x500x250mm\/#breadcrumb\",\"itemListElement\":[{\"@type\":\"ListItem\",\"position\":1,\"name\":\"Portada\",\"item\":\"https:\/\/anber.es\/web\/\"},{\"@type\":\"ListItem\",\"position\":2,\"name\":\"Productos\",\"item\":\"https:\/\/anber.es\/web\/productos\/\"},{\"@type\":\"ListItem\",\"position\":3,\"name\":\"M\u00f3dulo t\u00e9cnico-extintor BIE 25 fija 700 x 500 x 250 mm\"}]},{\"@type\":\"WebSite\",\"@id\":\"https:\/\/anber.es\/web\/#website\",\"url\":\"https:\/\/anber.es\/web\/\",\"name\":\"Anber\",\"description\":\"Sistemas de protecci\u00f3n contra incendios\",\"publisher\":{\"@id\":\"https:\/\/anber.es\/web\/#organization\"},\"potentialAction\":[{\"@type\":\"SearchAction\",\"target\":{\"@type\":\"EntryPoint\",\"urlTemplate\":\"https:\/\/anber.es\/web\/?s={search_term_string}\"},\"query-input\":\"required name=search_term_string\"}],\"inLanguage\":\"es\"},{\"@type\":\"Organization\",\"@id\":\"https:\/\/anber.es\/web\/#organization\",\"name\":\"Anber\",\"url\":\"https:\/\/anber.es\/web\/\",\"logo\":{\"@type\":\"ImageObject\",\"inLanguage\":\"es\",\"@id\":\"https:\/\/anber.es\/web\/#\/schema\/logo\/image\/\",\"url\":\"https:\/\/anber.es\/web\/wp-content\/uploads\/2021\/03\/logo-anber.png\",\"contentUrl\":\"https:\/\/anber.es\/web\/wp-content\/uploads\/2021\/03\/logo-anber.png\",\"width\":2208,\"height\":500,\"caption\":\"Anber\"},\"image\":{\"@id\":\"https:\/\/anber.es\/web\/#\/schema\/logo\/image\/\"}}]}<\/script>\n<!-- \/ Yoast SEO plugin. -->","yoast_head_json":{"title":"M\u00f3dulo t\u00e9cnico-extintor BIE 25 fija 700 x 500 x 250 mm - Anber","description":"El m\u00f3dulo t\u00e9cnico-extintor para BIE 25 fija es un armario modular para el alojamiento del extintor y de los sistemas de alarma","robots":{"index":"index","follow":"follow","max-snippet":"max-snippet:-1","max-image-preview":"max-image-preview:large","max-video-preview":"max-video-preview:-1"},"canonical":"https:\/\/anber.es\/web\/producto\/ficha_tecnica-modulo_tecnico_extintor_25_fija_700x500x250mm\/","og_locale":"es_ES","og_type":"article","og_title":"M\u00f3dulo t\u00e9cnico-extintor BIE 25 fija 700 x 500 x 250 mm - Anber","og_description":"El m\u00f3dulo t\u00e9cnico-extintor para BIE 25 fija es un armario modular para el alojamiento del extintor y de los sistemas de alarma","og_url":"https:\/\/anber.es\/web\/producto\/ficha_tecnica-modulo_tecnico_extintor_25_fija_700x500x250mm\/","og_site_name":"Anber","article_modified_time":"2026-03-26T08:35:26+00:00","og_image":[{"width":1000,"height":1000,"url":"https:\/\/anber.es\/web\/wp-content\/uploads\/2026\/03\/modulo_tecnico_extintor_bie25fija_700x500x250mm.webp","type":"image\/webp"}],"twitter_card":"summary_large_image","twitter_misc":{"Tiempo de lectura":"1 minuto"},"schema":{"@context":"https:\/\/schema.org","@graph":[{"@type":"WebPage","@id":"https:\/\/anber.es\/web\/producto\/ficha_tecnica-modulo_tecnico_extintor_25_fija_700x500x250mm\/","url":"https:\/\/anber.es\/web\/producto\/ficha_tecnica-modulo_tecnico_extintor_25_fija_700x500x250mm\/","name":"M\u00f3dulo t\u00e9cnico-extintor BIE 25 fija 700 x 500 x 250 mm - Anber","isPartOf":{"@id":"https:\/\/anber.es\/web\/#website"},"datePublished":"2026-03-25T14:35:18+00:00","dateModified":"2026-03-26T08:35:26+00:00","description":"El m\u00f3dulo t\u00e9cnico-extintor para BIE 25 fija es un armario modular para el alojamiento del extintor y de los sistemas de alarma","breadcrumb":{"@id":"https:\/\/anber.es\/web\/producto\/ficha_tecnica-modulo_tecnico_extintor_25_fija_700x500x250mm\/#breadcrumb"},"inLanguage":"es","potentialAction":[{"@type":"ReadAction","target":["https:\/\/anber.es\/web\/producto\/ficha_tecnica-modulo_tecnico_extintor_25_fija_700x500x250mm\/"]}]},{"@type":"BreadcrumbList","@id":"https:\/\/anber.es\/web\/producto\/ficha_tecnica-modulo_tecnico_extintor_25_fija_700x500x250mm\/#breadcrumb","itemListElement":[{"@type":"ListItem","position":1,"name":"Portada","item":"https:\/\/anber.es\/web\/"},{"@type":"ListItem","position":2,"name":"Productos","item":"https:\/\/anber.es\/web\/productos\/"},{"@type":"ListItem","position":3,"name":"M\u00f3dulo t\u00e9cnico-extintor BIE 25 fija 700 x 500 x 250 mm"}]},{"@type":"WebSite","@id":"https:\/\/anber.es\/web\/#website","url":"https:\/\/anber.es\/web\/","name":"Anber","description":"Sistemas de protecci\u00f3n contra incendios","publisher":{"@id":"https:\/\/anber.es\/web\/#organization"},"potentialAction":[{"@type":"SearchAction","target":{"@type":"EntryPoint","urlTemplate":"https:\/\/anber.es\/web\/?s={search_term_string}"},"query-input":"required name=search_term_string"}],"inLanguage":"es"},{"@type":"Organization","@id":"https:\/\/anber.es\/web\/#organization","name":"Anber","url":"https:\/\/anber.es\/web\/","logo":{"@type":"ImageObject","inLanguage":"es","@id":"https:\/\/anber.es\/web\/#\/schema\/logo\/image\/","url":"https:\/\/anber.es\/web\/wp-content\/uploads\/2021\/03\/logo-anber.png","contentUrl":"https:\/\/anber.es\/web\/wp-content\/uploads\/2021\/03\/logo-anber.png","width":2208,"height":500,"caption":"Anber"},"image":{"@id":"https:\/\/anber.es\/web\/#\/schema\/logo\/image\/"}}]}},"_links":{"self":[{"href":"https:\/\/anber.es\/web\/wp-json\/wp\/v2\/product\/10867"}],"collection":[{"href":"https:\/\/anber.es\/web\/wp-json\/wp\/v2\/product"}],"about":[{"href":"https:\/\/anber.es\/web\/wp-json\/wp\/v2\/types\/product"}],"wp:featuredmedia":[{"embeddable":true,"href":"https:\/\/anber.es\/web\/wp-json\/wp\/v2\/media\/10865"}],"wp:attachment":[{"href":"https:\/\/anber.es\/web\/wp-json\/wp\/v2\/media?parent=10867"}],"wp:term":[{"taxonomy":"product_cat","embeddable":true,"href":"https:\/\/anber.es\/web\/wp-json\/wp\/v2\/product_cat?post=10867"},{"taxonomy":"product_tag","embeddable":true,"href":"https:\/\/anber.es\/web\/wp-json\/wp\/v2\/product_tag?post=10867"}],"curies":[{"name":"wp","href":"https:\/\/api.w.org\/{rel}","templated":true}]}}