{"id":10891,"date":"2026-03-26T13:12:07","date_gmt":"2026-03-26T11:12:07","guid":{"rendered":"https:\/\/anber.es\/web\/?post_type=product&#038;p=10891"},"modified":"2026-03-27T09:33:57","modified_gmt":"2026-03-27T07:33:57","slug":"lanza-espuma-media-expansion-con-valvula","status":"publish","type":"product","link":"https:\/\/anber.es\/web\/producto\/lanza-espuma-media-expansion-con-valvula\/","title":{"rendered":"Lanza espuma media expansi\u00f3n con v\u00e1lvula"},"content":{"rendered":"<p>La <strong>lanza de espuma de media expansi\u00f3n con v\u00e1lvula<\/strong> est\u00e1 dise\u00f1ada para generar espuma de alta calidad en operaciones de extinci\u00f3n donde se requiere una r\u00e1pida cobertura de superficies y un elevado poder de sofocaci\u00f3n.<\/p>\n<p>Incorpora un <b>tamiz interno<\/b> de acero inoxidable que favorece la correcta formaci\u00f3n de espuma, <b>asa para transporte<\/b> y <b>man\u00f3metro<\/b>.<\/p>\n<p>\u00b7 Conexi\u00f3n: Rosca macho 2&#8243; BSP.<br \/>\n\u00b7 Caudales: 200 l\/min y 400 l\/min dependiendo de la rosca de entrada.<br \/>\n\u00b7 Presi\u00f3n m\u00e1xima de trabajo: <b>16 bar<\/b>.<br \/>\n\u00b7 Presi\u00f3n de trabajo: <b>5 bar<\/b>.<br \/>\n\u00b7 Relaci\u00f3n de expansi\u00f3n: <b>aproximadamente x70.<\/b><br \/>\n\u00b7 Dimensiones: <b>525 x 228 x 259 mm<\/b>.<\/p>\n<p>Referencia: FLPBEXP.<\/p>\n<p><a href=\"\/web\/wp-content\/uploads\/2026\/03\/Ficha_tecnica-lanza_espuma_media_expansion_con_valvula.pdf\" target=\"_blank\" rel=\"noopener noreferrer\"><button>Descarga ficha <\/button><\/a><br \/>\n<a class=\"insta-link\" href=\"https:\/\/www.instagram.com\/aqlproteccion\/?hl=es\" target=\"_blank\" rel=\"noopener noreferrer\">Instagram<\/a><\/p>\n","protected":false},"excerpt":{"rendered":"<p>La lanza de espuma de media expansi\u00f3n con v\u00e1lvula est\u00e1 dise\u00f1ada para generar espuma de alta calidad en operaciones de extinci\u00f3n donde se requiere una r\u00e1pida cobertura de superficies y un elevado poder de sofocaci\u00f3n.<\/p>\n","protected":false},"featured_media":10889,"template":"","meta":[],"product_cat":[20,106,244],"product_tag":[215],"yoast_head":"<!-- This site is optimized with the Yoast SEO plugin v22.1 - https:\/\/yoast.com\/wordpress\/plugins\/seo\/ -->\n<title>Lanza espuma media expansi\u00f3n con v\u00e1lvula - Anber<\/title>\n<meta name=\"description\" content=\"La lanza de espuma de media expansi\u00f3n con v\u00e1lvula est\u00e1 dise\u00f1ada para generar espuma de alta calidad en operaciones de extinci\u00f3n\" \/>\n<meta name=\"robots\" content=\"index, follow, max-snippet:-1, max-image-preview:large, max-video-preview:-1\" \/>\n<link rel=\"canonical\" href=\"https:\/\/anber.es\/web\/producto\/lanza-espuma-media-expansion-con-valvula\/\" \/>\n<meta property=\"og:locale\" content=\"es_ES\" \/>\n<meta property=\"og:type\" content=\"article\" \/>\n<meta property=\"og:title\" content=\"Lanza espuma media expansi\u00f3n con v\u00e1lvula - Anber\" \/>\n<meta property=\"og:description\" content=\"La lanza de espuma de media expansi\u00f3n con v\u00e1lvula est\u00e1 dise\u00f1ada para generar espuma de alta calidad en operaciones de extinci\u00f3n\" \/>\n<meta property=\"og:url\" content=\"https:\/\/anber.es\/web\/producto\/lanza-espuma-media-expansion-con-valvula\/\" \/>\n<meta property=\"og:site_name\" content=\"Anber\" \/>\n<meta property=\"article:modified_time\" content=\"2026-03-27T07:33:57+00:00\" \/>\n<meta property=\"og:image\" content=\"https:\/\/anber.es\/web\/wp-content\/uploads\/2026\/03\/lanza_espuma_media_expansion_con_valvula.webp\" \/>\n\t<meta property=\"og:image:width\" content=\"1000\" \/>\n\t<meta property=\"og:image:height\" content=\"1000\" \/>\n\t<meta property=\"og:image:type\" content=\"image\/webp\" \/>\n<meta name=\"twitter:card\" content=\"summary_large_image\" \/>\n<meta name=\"twitter:label1\" content=\"Tiempo de lectura\" \/>\n\t<meta name=\"twitter:data1\" content=\"1 minuto\" \/>\n<script type=\"application\/ld+json\" class=\"yoast-schema-graph\">{\"@context\":\"https:\/\/schema.org\",\"@graph\":[{\"@type\":\"WebPage\",\"@id\":\"https:\/\/anber.es\/web\/producto\/lanza-espuma-media-expansion-con-valvula\/\",\"url\":\"https:\/\/anber.es\/web\/producto\/lanza-espuma-media-expansion-con-valvula\/\",\"name\":\"Lanza espuma media expansi\u00f3n con v\u00e1lvula - Anber\",\"isPartOf\":{\"@id\":\"https:\/\/anber.es\/web\/#website\"},\"datePublished\":\"2026-03-26T11:12:07+00:00\",\"dateModified\":\"2026-03-27T07:33:57+00:00\",\"description\":\"La lanza de espuma de media expansi\u00f3n con v\u00e1lvula est\u00e1 dise\u00f1ada para generar espuma de alta calidad en operaciones de extinci\u00f3n\",\"breadcrumb\":{\"@id\":\"https:\/\/anber.es\/web\/producto\/lanza-espuma-media-expansion-con-valvula\/#breadcrumb\"},\"inLanguage\":\"es\",\"potentialAction\":[{\"@type\":\"ReadAction\",\"target\":[\"https:\/\/anber.es\/web\/producto\/lanza-espuma-media-expansion-con-valvula\/\"]}]},{\"@type\":\"BreadcrumbList\",\"@id\":\"https:\/\/anber.es\/web\/producto\/lanza-espuma-media-expansion-con-valvula\/#breadcrumb\",\"itemListElement\":[{\"@type\":\"ListItem\",\"position\":1,\"name\":\"Portada\",\"item\":\"https:\/\/anber.es\/web\/\"},{\"@type\":\"ListItem\",\"position\":2,\"name\":\"Productos\",\"item\":\"https:\/\/anber.es\/web\/productos\/\"},{\"@type\":\"ListItem\",\"position\":3,\"name\":\"Lanza espuma media expansi\u00f3n con v\u00e1lvula\"}]},{\"@type\":\"WebSite\",\"@id\":\"https:\/\/anber.es\/web\/#website\",\"url\":\"https:\/\/anber.es\/web\/\",\"name\":\"Anber\",\"description\":\"Sistemas de protecci\u00f3n contra incendios\",\"publisher\":{\"@id\":\"https:\/\/anber.es\/web\/#organization\"},\"potentialAction\":[{\"@type\":\"SearchAction\",\"target\":{\"@type\":\"EntryPoint\",\"urlTemplate\":\"https:\/\/anber.es\/web\/?s={search_term_string}\"},\"query-input\":\"required name=search_term_string\"}],\"inLanguage\":\"es\"},{\"@type\":\"Organization\",\"@id\":\"https:\/\/anber.es\/web\/#organization\",\"name\":\"Anber\",\"url\":\"https:\/\/anber.es\/web\/\",\"logo\":{\"@type\":\"ImageObject\",\"inLanguage\":\"es\",\"@id\":\"https:\/\/anber.es\/web\/#\/schema\/logo\/image\/\",\"url\":\"https:\/\/anber.es\/web\/wp-content\/uploads\/2021\/03\/logo-anber.png\",\"contentUrl\":\"https:\/\/anber.es\/web\/wp-content\/uploads\/2021\/03\/logo-anber.png\",\"width\":2208,\"height\":500,\"caption\":\"Anber\"},\"image\":{\"@id\":\"https:\/\/anber.es\/web\/#\/schema\/logo\/image\/\"}}]}<\/script>\n<!-- \/ Yoast SEO plugin. -->","yoast_head_json":{"title":"Lanza espuma media expansi\u00f3n con v\u00e1lvula - Anber","description":"La lanza de espuma de media expansi\u00f3n con v\u00e1lvula est\u00e1 dise\u00f1ada para generar espuma de alta calidad en operaciones de extinci\u00f3n","robots":{"index":"index","follow":"follow","max-snippet":"max-snippet:-1","max-image-preview":"max-image-preview:large","max-video-preview":"max-video-preview:-1"},"canonical":"https:\/\/anber.es\/web\/producto\/lanza-espuma-media-expansion-con-valvula\/","og_locale":"es_ES","og_type":"article","og_title":"Lanza espuma media expansi\u00f3n con v\u00e1lvula - Anber","og_description":"La lanza de espuma de media expansi\u00f3n con v\u00e1lvula est\u00e1 dise\u00f1ada para generar espuma de alta calidad en operaciones de extinci\u00f3n","og_url":"https:\/\/anber.es\/web\/producto\/lanza-espuma-media-expansion-con-valvula\/","og_site_name":"Anber","article_modified_time":"2026-03-27T07:33:57+00:00","og_image":[{"width":1000,"height":1000,"url":"https:\/\/anber.es\/web\/wp-content\/uploads\/2026\/03\/lanza_espuma_media_expansion_con_valvula.webp","type":"image\/webp"}],"twitter_card":"summary_large_image","twitter_misc":{"Tiempo de lectura":"1 minuto"},"schema":{"@context":"https:\/\/schema.org","@graph":[{"@type":"WebPage","@id":"https:\/\/anber.es\/web\/producto\/lanza-espuma-media-expansion-con-valvula\/","url":"https:\/\/anber.es\/web\/producto\/lanza-espuma-media-expansion-con-valvula\/","name":"Lanza espuma media expansi\u00f3n con v\u00e1lvula - Anber","isPartOf":{"@id":"https:\/\/anber.es\/web\/#website"},"datePublished":"2026-03-26T11:12:07+00:00","dateModified":"2026-03-27T07:33:57+00:00","description":"La lanza de espuma de media expansi\u00f3n con v\u00e1lvula est\u00e1 dise\u00f1ada para generar espuma de alta calidad en operaciones de extinci\u00f3n","breadcrumb":{"@id":"https:\/\/anber.es\/web\/producto\/lanza-espuma-media-expansion-con-valvula\/#breadcrumb"},"inLanguage":"es","potentialAction":[{"@type":"ReadAction","target":["https:\/\/anber.es\/web\/producto\/lanza-espuma-media-expansion-con-valvula\/"]}]},{"@type":"BreadcrumbList","@id":"https:\/\/anber.es\/web\/producto\/lanza-espuma-media-expansion-con-valvula\/#breadcrumb","itemListElement":[{"@type":"ListItem","position":1,"name":"Portada","item":"https:\/\/anber.es\/web\/"},{"@type":"ListItem","position":2,"name":"Productos","item":"https:\/\/anber.es\/web\/productos\/"},{"@type":"ListItem","position":3,"name":"Lanza espuma media expansi\u00f3n con v\u00e1lvula"}]},{"@type":"WebSite","@id":"https:\/\/anber.es\/web\/#website","url":"https:\/\/anber.es\/web\/","name":"Anber","description":"Sistemas de protecci\u00f3n contra incendios","publisher":{"@id":"https:\/\/anber.es\/web\/#organization"},"potentialAction":[{"@type":"SearchAction","target":{"@type":"EntryPoint","urlTemplate":"https:\/\/anber.es\/web\/?s={search_term_string}"},"query-input":"required name=search_term_string"}],"inLanguage":"es"},{"@type":"Organization","@id":"https:\/\/anber.es\/web\/#organization","name":"Anber","url":"https:\/\/anber.es\/web\/","logo":{"@type":"ImageObject","inLanguage":"es","@id":"https:\/\/anber.es\/web\/#\/schema\/logo\/image\/","url":"https:\/\/anber.es\/web\/wp-content\/uploads\/2021\/03\/logo-anber.png","contentUrl":"https:\/\/anber.es\/web\/wp-content\/uploads\/2021\/03\/logo-anber.png","width":2208,"height":500,"caption":"Anber"},"image":{"@id":"https:\/\/anber.es\/web\/#\/schema\/logo\/image\/"}}]}},"_links":{"self":[{"href":"https:\/\/anber.es\/web\/wp-json\/wp\/v2\/product\/10891"}],"collection":[{"href":"https:\/\/anber.es\/web\/wp-json\/wp\/v2\/product"}],"about":[{"href":"https:\/\/anber.es\/web\/wp-json\/wp\/v2\/types\/product"}],"wp:featuredmedia":[{"embeddable":true,"href":"https:\/\/anber.es\/web\/wp-json\/wp\/v2\/media\/10889"}],"wp:attachment":[{"href":"https:\/\/anber.es\/web\/wp-json\/wp\/v2\/media?parent=10891"}],"wp:term":[{"taxonomy":"product_cat","embeddable":true,"href":"https:\/\/anber.es\/web\/wp-json\/wp\/v2\/product_cat?post=10891"},{"taxonomy":"product_tag","embeddable":true,"href":"https:\/\/anber.es\/web\/wp-json\/wp\/v2\/product_tag?post=10891"}],"curies":[{"name":"wp","href":"https:\/\/api.w.org\/{rel}","templated":true}]}}