{"id":1157,"date":"2020-12-02T10:18:42","date_gmt":"2020-12-02T08:18:42","guid":{"rendered":"http:\/\/anber.es\/web\/?post_type=product&#038;p=1157"},"modified":"2024-04-23T09:49:48","modified_gmt":"2024-04-23T07:49:48","slug":"valvula-compuerta-husillo-ascendente","status":"publish","type":"product","link":"https:\/\/anber.es\/web\/producto\/valvula-compuerta-husillo-ascendente\/","title":{"rendered":"V\u00e1lvula compuerta husillo ascendente"},"content":{"rendered":"<p>La <strong>v\u00e1lvula compuerta husillo ascendente de cierre el\u00e1stico<\/strong>\u00a0se usa para abrir o cerrar el paso del fluido a trav\u00e9s de una compuerta recubierta de EPDM.<\/p>\n<p>Aplicaciones generales de la v\u00e1lvula: sistemas de aguas generales, depuraci\u00f3n y bombeo de aguas residuales urbanas o industriales, climatizaci\u00f3n, plantas de abastecimiento, bombeo y acometidas de aguas.<\/p>\n<p>Paso total, m\u00ednima p\u00e9rdida de carga.<\/p>\n<p>Temperatura de trabajo: 0\u00baC \/ 80\u00baC.<\/p>\n<p>Presi\u00f3n m\u00e1xima de trabajo: PN16.<\/p>\n<p>Homologaci\u00f3n: CE.<\/p>\n<p>Referencia: VOACE16.<\/p>\n<p><a href=\"\/web\/wp-content\/uploads\/2024\/04\/Ficha_tecnica_valvula_compuerta_husillo-ascendente_CE.pdf\" target=\"_blank\" rel=\"noopener noreferrer\"><button>Descarga ficha<\/button><\/a><br \/>\n<a class=\"insta-link\" href=\"https:\/\/www.instagram.com\/aqlproteccion\/?hl=es\" target=\"_blank\" rel=\"noopener noreferrer\">Instagram<\/a><\/p>\n","protected":false},"excerpt":{"rendered":"<p>La v\u00e1lvula compuerta husillo ascendente de cierre el\u00e1stico\u00a0se usa para abrir o cerrar el paso del fluido a trav\u00e9s de una compuerta.<\/p>\n","protected":false},"featured_media":3432,"template":"","meta":[],"product_cat":[76,45],"product_tag":[215],"yoast_head":"<!-- This site is optimized with the Yoast SEO plugin v22.1 - https:\/\/yoast.com\/wordpress\/plugins\/seo\/ -->\n<title>V\u00e1lvula compuerta husillo ascendente - Anber<\/title>\n<meta name=\"description\" content=\"La v\u00e1lvula compuerta husillo ascendente de cierre el\u00e1stico\u00a0se usa para abrir o cerrar el paso del fluido a trav\u00e9s de una compuerta.\" \/>\n<meta name=\"robots\" content=\"index, follow, max-snippet:-1, max-image-preview:large, max-video-preview:-1\" \/>\n<link rel=\"canonical\" href=\"https:\/\/anber.es\/web\/producto\/valvula-compuerta-husillo-ascendente\/\" \/>\n<meta property=\"og:locale\" content=\"es_ES\" \/>\n<meta property=\"og:type\" content=\"article\" \/>\n<meta property=\"og:title\" content=\"V\u00e1lvula compuerta husillo ascendente - Anber\" \/>\n<meta property=\"og:description\" content=\"La v\u00e1lvula compuerta husillo ascendente de cierre el\u00e1stico\u00a0se usa para abrir o cerrar el paso del fluido a trav\u00e9s de una compuerta.\" \/>\n<meta property=\"og:url\" content=\"https:\/\/anber.es\/web\/producto\/valvula-compuerta-husillo-ascendente\/\" \/>\n<meta property=\"og:site_name\" content=\"Anber\" \/>\n<meta property=\"article:modified_time\" content=\"2024-04-23T07:49:48+00:00\" \/>\n<meta property=\"og:image\" content=\"https:\/\/anber.es\/web\/wp-content\/uploads\/2021\/05\/valvula_compuerta_husillo-ascendente_CE.png\" \/>\n\t<meta property=\"og:image:width\" content=\"1000\" \/>\n\t<meta property=\"og:image:height\" content=\"1000\" \/>\n\t<meta property=\"og:image:type\" content=\"image\/png\" \/>\n<meta name=\"twitter:card\" content=\"summary_large_image\" \/>\n<meta name=\"twitter:label1\" content=\"Tiempo de lectura\" \/>\n\t<meta name=\"twitter:data1\" content=\"1 minuto\" \/>\n<script type=\"application\/ld+json\" class=\"yoast-schema-graph\">{\"@context\":\"https:\/\/schema.org\",\"@graph\":[{\"@type\":\"WebPage\",\"@id\":\"https:\/\/anber.es\/web\/producto\/valvula-compuerta-husillo-ascendente\/\",\"url\":\"https:\/\/anber.es\/web\/producto\/valvula-compuerta-husillo-ascendente\/\",\"name\":\"V\u00e1lvula compuerta husillo ascendente - Anber\",\"isPartOf\":{\"@id\":\"https:\/\/anber.es\/web\/#website\"},\"datePublished\":\"2020-12-02T08:18:42+00:00\",\"dateModified\":\"2024-04-23T07:49:48+00:00\",\"description\":\"La v\u00e1lvula compuerta husillo ascendente de cierre el\u00e1stico\u00a0se usa para abrir o cerrar el paso del fluido a trav\u00e9s de una compuerta.\",\"breadcrumb\":{\"@id\":\"https:\/\/anber.es\/web\/producto\/valvula-compuerta-husillo-ascendente\/#breadcrumb\"},\"inLanguage\":\"es\",\"potentialAction\":[{\"@type\":\"ReadAction\",\"target\":[\"https:\/\/anber.es\/web\/producto\/valvula-compuerta-husillo-ascendente\/\"]}]},{\"@type\":\"BreadcrumbList\",\"@id\":\"https:\/\/anber.es\/web\/producto\/valvula-compuerta-husillo-ascendente\/#breadcrumb\",\"itemListElement\":[{\"@type\":\"ListItem\",\"position\":1,\"name\":\"Portada\",\"item\":\"https:\/\/anber.es\/web\/\"},{\"@type\":\"ListItem\",\"position\":2,\"name\":\"Productos\",\"item\":\"https:\/\/anber.es\/web\/productos\/\"},{\"@type\":\"ListItem\",\"position\":3,\"name\":\"V\u00e1lvula compuerta husillo ascendente\"}]},{\"@type\":\"WebSite\",\"@id\":\"https:\/\/anber.es\/web\/#website\",\"url\":\"https:\/\/anber.es\/web\/\",\"name\":\"Anber\",\"description\":\"Sistemas de protecci\u00f3n contra incendios\",\"publisher\":{\"@id\":\"https:\/\/anber.es\/web\/#organization\"},\"potentialAction\":[{\"@type\":\"SearchAction\",\"target\":{\"@type\":\"EntryPoint\",\"urlTemplate\":\"https:\/\/anber.es\/web\/?s={search_term_string}\"},\"query-input\":\"required name=search_term_string\"}],\"inLanguage\":\"es\"},{\"@type\":\"Organization\",\"@id\":\"https:\/\/anber.es\/web\/#organization\",\"name\":\"Anber\",\"url\":\"https:\/\/anber.es\/web\/\",\"logo\":{\"@type\":\"ImageObject\",\"inLanguage\":\"es\",\"@id\":\"https:\/\/anber.es\/web\/#\/schema\/logo\/image\/\",\"url\":\"https:\/\/anber.es\/web\/wp-content\/uploads\/2021\/03\/logo-anber.png\",\"contentUrl\":\"https:\/\/anber.es\/web\/wp-content\/uploads\/2021\/03\/logo-anber.png\",\"width\":2208,\"height\":500,\"caption\":\"Anber\"},\"image\":{\"@id\":\"https:\/\/anber.es\/web\/#\/schema\/logo\/image\/\"}}]}<\/script>\n<!-- \/ Yoast SEO plugin. -->","yoast_head_json":{"title":"V\u00e1lvula compuerta husillo ascendente - Anber","description":"La v\u00e1lvula compuerta husillo ascendente de cierre el\u00e1stico\u00a0se usa para abrir o cerrar el paso del fluido a trav\u00e9s de una compuerta.","robots":{"index":"index","follow":"follow","max-snippet":"max-snippet:-1","max-image-preview":"max-image-preview:large","max-video-preview":"max-video-preview:-1"},"canonical":"https:\/\/anber.es\/web\/producto\/valvula-compuerta-husillo-ascendente\/","og_locale":"es_ES","og_type":"article","og_title":"V\u00e1lvula compuerta husillo ascendente - Anber","og_description":"La v\u00e1lvula compuerta husillo ascendente de cierre el\u00e1stico\u00a0se usa para abrir o cerrar el paso del fluido a trav\u00e9s de una compuerta.","og_url":"https:\/\/anber.es\/web\/producto\/valvula-compuerta-husillo-ascendente\/","og_site_name":"Anber","article_modified_time":"2024-04-23T07:49:48+00:00","og_image":[{"width":1000,"height":1000,"url":"https:\/\/anber.es\/web\/wp-content\/uploads\/2021\/05\/valvula_compuerta_husillo-ascendente_CE.png","type":"image\/png"}],"twitter_card":"summary_large_image","twitter_misc":{"Tiempo de lectura":"1 minuto"},"schema":{"@context":"https:\/\/schema.org","@graph":[{"@type":"WebPage","@id":"https:\/\/anber.es\/web\/producto\/valvula-compuerta-husillo-ascendente\/","url":"https:\/\/anber.es\/web\/producto\/valvula-compuerta-husillo-ascendente\/","name":"V\u00e1lvula compuerta husillo ascendente - Anber","isPartOf":{"@id":"https:\/\/anber.es\/web\/#website"},"datePublished":"2020-12-02T08:18:42+00:00","dateModified":"2024-04-23T07:49:48+00:00","description":"La v\u00e1lvula compuerta husillo ascendente de cierre el\u00e1stico\u00a0se usa para abrir o cerrar el paso del fluido a trav\u00e9s de una compuerta.","breadcrumb":{"@id":"https:\/\/anber.es\/web\/producto\/valvula-compuerta-husillo-ascendente\/#breadcrumb"},"inLanguage":"es","potentialAction":[{"@type":"ReadAction","target":["https:\/\/anber.es\/web\/producto\/valvula-compuerta-husillo-ascendente\/"]}]},{"@type":"BreadcrumbList","@id":"https:\/\/anber.es\/web\/producto\/valvula-compuerta-husillo-ascendente\/#breadcrumb","itemListElement":[{"@type":"ListItem","position":1,"name":"Portada","item":"https:\/\/anber.es\/web\/"},{"@type":"ListItem","position":2,"name":"Productos","item":"https:\/\/anber.es\/web\/productos\/"},{"@type":"ListItem","position":3,"name":"V\u00e1lvula compuerta husillo ascendente"}]},{"@type":"WebSite","@id":"https:\/\/anber.es\/web\/#website","url":"https:\/\/anber.es\/web\/","name":"Anber","description":"Sistemas de protecci\u00f3n contra incendios","publisher":{"@id":"https:\/\/anber.es\/web\/#organization"},"potentialAction":[{"@type":"SearchAction","target":{"@type":"EntryPoint","urlTemplate":"https:\/\/anber.es\/web\/?s={search_term_string}"},"query-input":"required name=search_term_string"}],"inLanguage":"es"},{"@type":"Organization","@id":"https:\/\/anber.es\/web\/#organization","name":"Anber","url":"https:\/\/anber.es\/web\/","logo":{"@type":"ImageObject","inLanguage":"es","@id":"https:\/\/anber.es\/web\/#\/schema\/logo\/image\/","url":"https:\/\/anber.es\/web\/wp-content\/uploads\/2021\/03\/logo-anber.png","contentUrl":"https:\/\/anber.es\/web\/wp-content\/uploads\/2021\/03\/logo-anber.png","width":2208,"height":500,"caption":"Anber"},"image":{"@id":"https:\/\/anber.es\/web\/#\/schema\/logo\/image\/"}}]}},"_links":{"self":[{"href":"https:\/\/anber.es\/web\/wp-json\/wp\/v2\/product\/1157"}],"collection":[{"href":"https:\/\/anber.es\/web\/wp-json\/wp\/v2\/product"}],"about":[{"href":"https:\/\/anber.es\/web\/wp-json\/wp\/v2\/types\/product"}],"wp:featuredmedia":[{"embeddable":true,"href":"https:\/\/anber.es\/web\/wp-json\/wp\/v2\/media\/3432"}],"wp:attachment":[{"href":"https:\/\/anber.es\/web\/wp-json\/wp\/v2\/media?parent=1157"}],"wp:term":[{"taxonomy":"product_cat","embeddable":true,"href":"https:\/\/anber.es\/web\/wp-json\/wp\/v2\/product_cat?post=1157"},{"taxonomy":"product_tag","embeddable":true,"href":"https:\/\/anber.es\/web\/wp-json\/wp\/v2\/product_tag?post=1157"}],"curies":[{"name":"wp","href":"https:\/\/api.w.org\/{rel}","templated":true}]}}