{"id":1159,"date":"2020-12-02T12:31:52","date_gmt":"2020-12-02T10:31:52","guid":{"rendered":"http:\/\/anber.es\/web\/?post_type=product&#038;p=1159"},"modified":"2025-07-10T11:50:26","modified_gmt":"2025-07-10T09:50:26","slug":"valvula-compuerta-husillo-ascendente-fm-ul","status":"publish","type":"product","link":"https:\/\/anber.es\/web\/producto\/valvula-compuerta-husillo-ascendente-fm-ul\/","title":{"rendered":"V\u00e1lvula compuerta husillo ascendente FM-UL"},"content":{"rendered":"<p>La <strong>v\u00e1lvula compuerta de husillo ascendente FM-UL<\/strong> est\u00e1 fabricada en hierro d\u00factil. Disponible en tama\u00f1os desde 2&#8243; hasta 24\u2033.<\/p>\n<p>Caracter\u00edsticas t\u00e9cnicas:<br \/>\n\u00b7 <b>Presi\u00f3n m\u00e1xima de trabajo<\/b>:<br \/>\n&emsp;&emsp;2&#8243; hasta 12&#8243; : <b>20 bar <\/b>(300 psi). Modelo 333FF.<br \/>\n&emsp;&emsp;14&#8243;, 16&#8243; y 18&#8243;:<b> 17 bar <\/b>(250 psi). Modelo 333FF-250.<br \/>\n&emsp;&emsp;20&#8243; y 24&#8243;: <b>14 bar<\/b> (200 psi). Modelo 333FF-200.<br \/>\n\u00b7 Temperatura de trabajo: <b>-10\u00baC \/ 120\u00baC<\/b>.<br \/>\n\u00b7 Conexi\u00f3n embridada: EN 1092-2 PN16.<br \/>\n\u00b7 Revestimiento con epoxi en polvo RAL3000 (rojo) con aplicaci\u00f3n electroest\u00e1tica.<br \/>\n\u00b7 Homologaci\u00f3n: <b>FM-UL<\/b>.<\/p>\n<p>Referencia: VOTI99.<\/p>\n<p><a href=\"\/web\/wp-content\/uploads\/2025\/07\/Ficha_tecnica-valvula_compuerta_husillo_ascendente-FM-UL.pdf\" target=\"_blank\" rel=\"noopener noreferrer\"><button>Descarga ficha 2&#8243; &#8211; 12&#8243;<\/button><\/a>&emsp;&emsp;<a href=\"\/web\/wp-content\/uploads\/2025\/07\/Ficha_tecnica-valvula_compuerta_husillo_ascendente_GRANDES-FM-UL.pdf\" target=\"_blank\" rel=\"noopener noreferrer\"><button>Descarga ficha 14&#8243; &#8211; 24&#8243;<\/button><\/a><br \/>\n<a class=\"insta-link\" href=\"https:\/\/www.instagram.com\/aqlproteccion\/?hl=es\" target=\"_blank\" rel=\"noopener noreferrer\">Instagram<\/a><\/p>\n","protected":false},"excerpt":{"rendered":"<p>La v\u00e1lvula compuerta de husillo ascendente FM-UL est\u00e1 fabricada en hierro d\u00factil. Disponible en tama\u00f1os desde 2&#8243; hasta 24&#8243;.<\/p>\n","protected":false},"featured_media":10181,"template":"","meta":[],"product_cat":[76,45],"product_tag":[215],"yoast_head":"<!-- This site is optimized with the Yoast SEO plugin v22.1 - https:\/\/yoast.com\/wordpress\/plugins\/seo\/ -->\n<title>V\u00e1lvula compuerta husillo ascendente FM-UL - Anber<\/title>\n<meta name=\"description\" content=\"La v\u00e1lvula compuerta de husillo ascendente FM-UL est\u00e1 fabricada en hierro d\u00factil. Disponible en tama\u00f1os desde 2&quot; hasta 24&quot;.\" \/>\n<meta name=\"robots\" content=\"index, follow, max-snippet:-1, max-image-preview:large, max-video-preview:-1\" \/>\n<link rel=\"canonical\" href=\"https:\/\/anber.es\/web\/producto\/valvula-compuerta-husillo-ascendente-fm-ul\/\" \/>\n<meta property=\"og:locale\" content=\"es_ES\" \/>\n<meta property=\"og:type\" content=\"article\" \/>\n<meta property=\"og:title\" content=\"V\u00e1lvula compuerta husillo ascendente FM-UL - Anber\" \/>\n<meta property=\"og:description\" content=\"La v\u00e1lvula compuerta de husillo ascendente FM-UL est\u00e1 fabricada en hierro d\u00factil. Disponible en tama\u00f1os desde 2&quot; hasta 24&quot;.\" \/>\n<meta property=\"og:url\" content=\"https:\/\/anber.es\/web\/producto\/valvula-compuerta-husillo-ascendente-fm-ul\/\" \/>\n<meta property=\"og:site_name\" content=\"Anber\" \/>\n<meta property=\"article:modified_time\" content=\"2025-07-10T09:50:26+00:00\" \/>\n<meta property=\"og:image\" content=\"https:\/\/anber.es\/web\/wp-content\/uploads\/2025\/07\/valvula_compuerta_husillo_ascendente_FM-UL.webp\" \/>\n\t<meta property=\"og:image:width\" content=\"1000\" \/>\n\t<meta property=\"og:image:height\" content=\"1000\" \/>\n\t<meta property=\"og:image:type\" content=\"image\/webp\" \/>\n<meta name=\"twitter:card\" content=\"summary_large_image\" \/>\n<meta name=\"twitter:label1\" content=\"Tiempo de lectura\" \/>\n\t<meta name=\"twitter:data1\" content=\"1 minuto\" \/>\n<script type=\"application\/ld+json\" class=\"yoast-schema-graph\">{\"@context\":\"https:\/\/schema.org\",\"@graph\":[{\"@type\":\"WebPage\",\"@id\":\"https:\/\/anber.es\/web\/producto\/valvula-compuerta-husillo-ascendente-fm-ul\/\",\"url\":\"https:\/\/anber.es\/web\/producto\/valvula-compuerta-husillo-ascendente-fm-ul\/\",\"name\":\"V\u00e1lvula compuerta husillo ascendente FM-UL - Anber\",\"isPartOf\":{\"@id\":\"https:\/\/anber.es\/web\/#website\"},\"datePublished\":\"2020-12-02T10:31:52+00:00\",\"dateModified\":\"2025-07-10T09:50:26+00:00\",\"description\":\"La v\u00e1lvula compuerta de husillo ascendente FM-UL est\u00e1 fabricada en hierro d\u00factil. Disponible en tama\u00f1os desde 2\\\" hasta 24\\\".\",\"breadcrumb\":{\"@id\":\"https:\/\/anber.es\/web\/producto\/valvula-compuerta-husillo-ascendente-fm-ul\/#breadcrumb\"},\"inLanguage\":\"es\",\"potentialAction\":[{\"@type\":\"ReadAction\",\"target\":[\"https:\/\/anber.es\/web\/producto\/valvula-compuerta-husillo-ascendente-fm-ul\/\"]}]},{\"@type\":\"BreadcrumbList\",\"@id\":\"https:\/\/anber.es\/web\/producto\/valvula-compuerta-husillo-ascendente-fm-ul\/#breadcrumb\",\"itemListElement\":[{\"@type\":\"ListItem\",\"position\":1,\"name\":\"Portada\",\"item\":\"https:\/\/anber.es\/web\/\"},{\"@type\":\"ListItem\",\"position\":2,\"name\":\"Productos\",\"item\":\"https:\/\/anber.es\/web\/productos\/\"},{\"@type\":\"ListItem\",\"position\":3,\"name\":\"V\u00e1lvula compuerta husillo ascendente FM-UL\"}]},{\"@type\":\"WebSite\",\"@id\":\"https:\/\/anber.es\/web\/#website\",\"url\":\"https:\/\/anber.es\/web\/\",\"name\":\"Anber\",\"description\":\"Sistemas de protecci\u00f3n contra incendios\",\"publisher\":{\"@id\":\"https:\/\/anber.es\/web\/#organization\"},\"potentialAction\":[{\"@type\":\"SearchAction\",\"target\":{\"@type\":\"EntryPoint\",\"urlTemplate\":\"https:\/\/anber.es\/web\/?s={search_term_string}\"},\"query-input\":\"required name=search_term_string\"}],\"inLanguage\":\"es\"},{\"@type\":\"Organization\",\"@id\":\"https:\/\/anber.es\/web\/#organization\",\"name\":\"Anber\",\"url\":\"https:\/\/anber.es\/web\/\",\"logo\":{\"@type\":\"ImageObject\",\"inLanguage\":\"es\",\"@id\":\"https:\/\/anber.es\/web\/#\/schema\/logo\/image\/\",\"url\":\"https:\/\/anber.es\/web\/wp-content\/uploads\/2021\/03\/logo-anber.png\",\"contentUrl\":\"https:\/\/anber.es\/web\/wp-content\/uploads\/2021\/03\/logo-anber.png\",\"width\":2208,\"height\":500,\"caption\":\"Anber\"},\"image\":{\"@id\":\"https:\/\/anber.es\/web\/#\/schema\/logo\/image\/\"}}]}<\/script>\n<!-- \/ Yoast SEO plugin. -->","yoast_head_json":{"title":"V\u00e1lvula compuerta husillo ascendente FM-UL - Anber","description":"La v\u00e1lvula compuerta de husillo ascendente FM-UL est\u00e1 fabricada en hierro d\u00factil. Disponible en tama\u00f1os desde 2\" hasta 24\".","robots":{"index":"index","follow":"follow","max-snippet":"max-snippet:-1","max-image-preview":"max-image-preview:large","max-video-preview":"max-video-preview:-1"},"canonical":"https:\/\/anber.es\/web\/producto\/valvula-compuerta-husillo-ascendente-fm-ul\/","og_locale":"es_ES","og_type":"article","og_title":"V\u00e1lvula compuerta husillo ascendente FM-UL - Anber","og_description":"La v\u00e1lvula compuerta de husillo ascendente FM-UL est\u00e1 fabricada en hierro d\u00factil. Disponible en tama\u00f1os desde 2\" hasta 24\".","og_url":"https:\/\/anber.es\/web\/producto\/valvula-compuerta-husillo-ascendente-fm-ul\/","og_site_name":"Anber","article_modified_time":"2025-07-10T09:50:26+00:00","og_image":[{"width":1000,"height":1000,"url":"https:\/\/anber.es\/web\/wp-content\/uploads\/2025\/07\/valvula_compuerta_husillo_ascendente_FM-UL.webp","type":"image\/webp"}],"twitter_card":"summary_large_image","twitter_misc":{"Tiempo de lectura":"1 minuto"},"schema":{"@context":"https:\/\/schema.org","@graph":[{"@type":"WebPage","@id":"https:\/\/anber.es\/web\/producto\/valvula-compuerta-husillo-ascendente-fm-ul\/","url":"https:\/\/anber.es\/web\/producto\/valvula-compuerta-husillo-ascendente-fm-ul\/","name":"V\u00e1lvula compuerta husillo ascendente FM-UL - Anber","isPartOf":{"@id":"https:\/\/anber.es\/web\/#website"},"datePublished":"2020-12-02T10:31:52+00:00","dateModified":"2025-07-10T09:50:26+00:00","description":"La v\u00e1lvula compuerta de husillo ascendente FM-UL est\u00e1 fabricada en hierro d\u00factil. Disponible en tama\u00f1os desde 2\" hasta 24\".","breadcrumb":{"@id":"https:\/\/anber.es\/web\/producto\/valvula-compuerta-husillo-ascendente-fm-ul\/#breadcrumb"},"inLanguage":"es","potentialAction":[{"@type":"ReadAction","target":["https:\/\/anber.es\/web\/producto\/valvula-compuerta-husillo-ascendente-fm-ul\/"]}]},{"@type":"BreadcrumbList","@id":"https:\/\/anber.es\/web\/producto\/valvula-compuerta-husillo-ascendente-fm-ul\/#breadcrumb","itemListElement":[{"@type":"ListItem","position":1,"name":"Portada","item":"https:\/\/anber.es\/web\/"},{"@type":"ListItem","position":2,"name":"Productos","item":"https:\/\/anber.es\/web\/productos\/"},{"@type":"ListItem","position":3,"name":"V\u00e1lvula compuerta husillo ascendente FM-UL"}]},{"@type":"WebSite","@id":"https:\/\/anber.es\/web\/#website","url":"https:\/\/anber.es\/web\/","name":"Anber","description":"Sistemas de protecci\u00f3n contra incendios","publisher":{"@id":"https:\/\/anber.es\/web\/#organization"},"potentialAction":[{"@type":"SearchAction","target":{"@type":"EntryPoint","urlTemplate":"https:\/\/anber.es\/web\/?s={search_term_string}"},"query-input":"required name=search_term_string"}],"inLanguage":"es"},{"@type":"Organization","@id":"https:\/\/anber.es\/web\/#organization","name":"Anber","url":"https:\/\/anber.es\/web\/","logo":{"@type":"ImageObject","inLanguage":"es","@id":"https:\/\/anber.es\/web\/#\/schema\/logo\/image\/","url":"https:\/\/anber.es\/web\/wp-content\/uploads\/2021\/03\/logo-anber.png","contentUrl":"https:\/\/anber.es\/web\/wp-content\/uploads\/2021\/03\/logo-anber.png","width":2208,"height":500,"caption":"Anber"},"image":{"@id":"https:\/\/anber.es\/web\/#\/schema\/logo\/image\/"}}]}},"_links":{"self":[{"href":"https:\/\/anber.es\/web\/wp-json\/wp\/v2\/product\/1159"}],"collection":[{"href":"https:\/\/anber.es\/web\/wp-json\/wp\/v2\/product"}],"about":[{"href":"https:\/\/anber.es\/web\/wp-json\/wp\/v2\/types\/product"}],"wp:featuredmedia":[{"embeddable":true,"href":"https:\/\/anber.es\/web\/wp-json\/wp\/v2\/media\/10181"}],"wp:attachment":[{"href":"https:\/\/anber.es\/web\/wp-json\/wp\/v2\/media?parent=1159"}],"wp:term":[{"taxonomy":"product_cat","embeddable":true,"href":"https:\/\/anber.es\/web\/wp-json\/wp\/v2\/product_cat?post=1159"},{"taxonomy":"product_tag","embeddable":true,"href":"https:\/\/anber.es\/web\/wp-json\/wp\/v2\/product_tag?post=1159"}],"curies":[{"name":"wp","href":"https:\/\/api.w.org\/{rel}","templated":true}]}}