{"id":1190,"date":"2020-12-10T16:45:12","date_gmt":"2020-12-10T14:45:12","guid":{"rendered":"http:\/\/anber.es\/web\/?post_type=product&#038;p=1190"},"modified":"2026-03-24T13:42:46","modified_gmt":"2026-03-24T11:42:46","slug":"hidrante-geyser-1boca","status":"publish","type":"product","link":"https:\/\/anber.es\/web\/producto\/hidrante-geyser-1boca\/","title":{"rendered":"Geyser 1 boca"},"content":{"rendered":"<p>El hidrante <strong>bajo nivel de tierra<\/strong> modelo <strong>GEYSER 1 boca<\/strong> se fabrica en los di\u00e1metros de conexi\u00f3n de 3&#8243; y 4&#8243;. Est\u00e1 dise\u00f1ado y fabricado en cumplimiento de la norma UNE-EN 14339:2006 de Hidrantes contra incendios bajo nivel de tierra, como indica el marcado CE del producto.<\/p>\n<p>Presi\u00f3n m\u00e1xima de servicio: <b>16 bar<\/b>.<\/p>\n<p>Presi\u00f3n de prueba: <b>25 bar<\/b>.<\/p>\n<p>El cuerpo del hidrante est\u00e1 fabricado en fundici\u00f3n seg\u00fan la norma UNE-EN1561.<\/p>\n<p>El hidrante GEYSER 1 boca tiene la posibilidad de conexionado a la red de abastecimiento mediante conexi\u00f3n embridada.<br \/>\nNormalizada EN 1092, de di\u00e1metro nominal <b>80 (3&#8243;) y 100 (4&#8243;)<\/b>.<\/p>\n<p>El hidrante de <b>DN80 (3&#8243;)<\/b> viene equipado con una salida de 70 mm (2 1\/2&#8243; BSP).<\/p>\n<p>El hidrante de <b>DN100 (4&#8243;)<\/b> puede venir equipado con las siguientes opciones:<br \/>\n   a) Una salida de 70 mm (2 1\/2&#8243; BSP).<br \/>\n   b) Una salida de 100 mm (4&#8243; BSP).<\/p>\n<p>Las conexiones de salida pueden ir con los racores de conexi\u00f3n de acuerdo a los requerimientos del cliente (Barcelona, Bombero, Storz, Guillemin, etc)<\/p>\n<p>Referencia: HGHE.<\/p>\n<p><a href=\"\/web\/wp-content\/uploads\/2026\/03\/Ficha_tecnica-hidrante_geyser.pdf\" target=\"_blank\" rel=\"noopener noreferrer\"><button>Descarga ficha<\/button><\/a><br \/>\n<a class=\"insta-link\" href=\"https:\/\/www.instagram.com\/aqlproteccion\/?hl=es\" target=\"_blank\" rel=\"noopener noreferrer\">Instagram<\/a><\/p>\n","protected":false},"excerpt":{"rendered":"<p>El hidrante bajo nivel de tierra modelo GEYSER 1 boca se fabrica en los di\u00e1metros de conexi\u00f3n de 3\u201d y 4\u201d .Tiene el certificado CE.<\/p>\n","protected":false},"featured_media":8102,"template":"","meta":[],"product_cat":[26,211],"product_tag":[215],"yoast_head":"<!-- This site is optimized with the Yoast SEO plugin v22.1 - https:\/\/yoast.com\/wordpress\/plugins\/seo\/ -->\n<title>Geyser 1 boca - Anber<\/title>\n<meta name=\"description\" content=\"El hidrante bajo nivel de tierra modelo GEYSER 1 boca se fabrica en los di\u00e1metros de conexi\u00f3n de 3\u201d y 4\u201d .Tiene el certificado CE.\" \/>\n<meta name=\"robots\" content=\"index, follow, max-snippet:-1, max-image-preview:large, max-video-preview:-1\" \/>\n<link rel=\"canonical\" href=\"https:\/\/anber.es\/web\/producto\/hidrante-geyser-1boca\/\" \/>\n<meta property=\"og:locale\" content=\"es_ES\" \/>\n<meta property=\"og:type\" content=\"article\" \/>\n<meta property=\"og:title\" content=\"Geyser 1 boca - Anber\" \/>\n<meta property=\"og:description\" content=\"El hidrante bajo nivel de tierra modelo GEYSER 1 boca se fabrica en los di\u00e1metros de conexi\u00f3n de 3\u201d y 4\u201d .Tiene el certificado CE.\" \/>\n<meta property=\"og:url\" content=\"https:\/\/anber.es\/web\/producto\/hidrante-geyser-1boca\/\" \/>\n<meta property=\"og:site_name\" content=\"Anber\" \/>\n<meta property=\"article:modified_time\" content=\"2026-03-24T11:42:46+00:00\" \/>\n<meta property=\"og:image\" content=\"https:\/\/anber.es\/web\/wp-content\/uploads\/2023\/04\/geyser_1_boca.webp\" \/>\n\t<meta property=\"og:image:width\" content=\"1000\" \/>\n\t<meta property=\"og:image:height\" content=\"1000\" \/>\n\t<meta property=\"og:image:type\" content=\"image\/webp\" \/>\n<meta name=\"twitter:card\" content=\"summary_large_image\" \/>\n<meta name=\"twitter:label1\" content=\"Tiempo de lectura\" \/>\n\t<meta name=\"twitter:data1\" content=\"1 minuto\" \/>\n<script type=\"application\/ld+json\" class=\"yoast-schema-graph\">{\"@context\":\"https:\/\/schema.org\",\"@graph\":[{\"@type\":\"WebPage\",\"@id\":\"https:\/\/anber.es\/web\/producto\/hidrante-geyser-1boca\/\",\"url\":\"https:\/\/anber.es\/web\/producto\/hidrante-geyser-1boca\/\",\"name\":\"Geyser 1 boca - Anber\",\"isPartOf\":{\"@id\":\"https:\/\/anber.es\/web\/#website\"},\"datePublished\":\"2020-12-10T14:45:12+00:00\",\"dateModified\":\"2026-03-24T11:42:46+00:00\",\"description\":\"El hidrante bajo nivel de tierra modelo GEYSER 1 boca se fabrica en los di\u00e1metros de conexi\u00f3n de 3\u201d y 4\u201d .Tiene el certificado CE.\",\"breadcrumb\":{\"@id\":\"https:\/\/anber.es\/web\/producto\/hidrante-geyser-1boca\/#breadcrumb\"},\"inLanguage\":\"es\",\"potentialAction\":[{\"@type\":\"ReadAction\",\"target\":[\"https:\/\/anber.es\/web\/producto\/hidrante-geyser-1boca\/\"]}]},{\"@type\":\"BreadcrumbList\",\"@id\":\"https:\/\/anber.es\/web\/producto\/hidrante-geyser-1boca\/#breadcrumb\",\"itemListElement\":[{\"@type\":\"ListItem\",\"position\":1,\"name\":\"Portada\",\"item\":\"https:\/\/anber.es\/web\/\"},{\"@type\":\"ListItem\",\"position\":2,\"name\":\"Productos\",\"item\":\"https:\/\/anber.es\/web\/productos\/\"},{\"@type\":\"ListItem\",\"position\":3,\"name\":\"Geyser 1 boca\"}]},{\"@type\":\"WebSite\",\"@id\":\"https:\/\/anber.es\/web\/#website\",\"url\":\"https:\/\/anber.es\/web\/\",\"name\":\"Anber\",\"description\":\"Sistemas de protecci\u00f3n contra incendios\",\"publisher\":{\"@id\":\"https:\/\/anber.es\/web\/#organization\"},\"potentialAction\":[{\"@type\":\"SearchAction\",\"target\":{\"@type\":\"EntryPoint\",\"urlTemplate\":\"https:\/\/anber.es\/web\/?s={search_term_string}\"},\"query-input\":\"required name=search_term_string\"}],\"inLanguage\":\"es\"},{\"@type\":\"Organization\",\"@id\":\"https:\/\/anber.es\/web\/#organization\",\"name\":\"Anber\",\"url\":\"https:\/\/anber.es\/web\/\",\"logo\":{\"@type\":\"ImageObject\",\"inLanguage\":\"es\",\"@id\":\"https:\/\/anber.es\/web\/#\/schema\/logo\/image\/\",\"url\":\"https:\/\/anber.es\/web\/wp-content\/uploads\/2021\/03\/logo-anber.png\",\"contentUrl\":\"https:\/\/anber.es\/web\/wp-content\/uploads\/2021\/03\/logo-anber.png\",\"width\":2208,\"height\":500,\"caption\":\"Anber\"},\"image\":{\"@id\":\"https:\/\/anber.es\/web\/#\/schema\/logo\/image\/\"}}]}<\/script>\n<!-- \/ Yoast SEO plugin. -->","yoast_head_json":{"title":"Geyser 1 boca - Anber","description":"El hidrante bajo nivel de tierra modelo GEYSER 1 boca se fabrica en los di\u00e1metros de conexi\u00f3n de 3\u201d y 4\u201d .Tiene el certificado CE.","robots":{"index":"index","follow":"follow","max-snippet":"max-snippet:-1","max-image-preview":"max-image-preview:large","max-video-preview":"max-video-preview:-1"},"canonical":"https:\/\/anber.es\/web\/producto\/hidrante-geyser-1boca\/","og_locale":"es_ES","og_type":"article","og_title":"Geyser 1 boca - Anber","og_description":"El hidrante bajo nivel de tierra modelo GEYSER 1 boca se fabrica en los di\u00e1metros de conexi\u00f3n de 3\u201d y 4\u201d .Tiene el certificado CE.","og_url":"https:\/\/anber.es\/web\/producto\/hidrante-geyser-1boca\/","og_site_name":"Anber","article_modified_time":"2026-03-24T11:42:46+00:00","og_image":[{"width":1000,"height":1000,"url":"https:\/\/anber.es\/web\/wp-content\/uploads\/2023\/04\/geyser_1_boca.webp","type":"image\/webp"}],"twitter_card":"summary_large_image","twitter_misc":{"Tiempo de lectura":"1 minuto"},"schema":{"@context":"https:\/\/schema.org","@graph":[{"@type":"WebPage","@id":"https:\/\/anber.es\/web\/producto\/hidrante-geyser-1boca\/","url":"https:\/\/anber.es\/web\/producto\/hidrante-geyser-1boca\/","name":"Geyser 1 boca - Anber","isPartOf":{"@id":"https:\/\/anber.es\/web\/#website"},"datePublished":"2020-12-10T14:45:12+00:00","dateModified":"2026-03-24T11:42:46+00:00","description":"El hidrante bajo nivel de tierra modelo GEYSER 1 boca se fabrica en los di\u00e1metros de conexi\u00f3n de 3\u201d y 4\u201d .Tiene el certificado CE.","breadcrumb":{"@id":"https:\/\/anber.es\/web\/producto\/hidrante-geyser-1boca\/#breadcrumb"},"inLanguage":"es","potentialAction":[{"@type":"ReadAction","target":["https:\/\/anber.es\/web\/producto\/hidrante-geyser-1boca\/"]}]},{"@type":"BreadcrumbList","@id":"https:\/\/anber.es\/web\/producto\/hidrante-geyser-1boca\/#breadcrumb","itemListElement":[{"@type":"ListItem","position":1,"name":"Portada","item":"https:\/\/anber.es\/web\/"},{"@type":"ListItem","position":2,"name":"Productos","item":"https:\/\/anber.es\/web\/productos\/"},{"@type":"ListItem","position":3,"name":"Geyser 1 boca"}]},{"@type":"WebSite","@id":"https:\/\/anber.es\/web\/#website","url":"https:\/\/anber.es\/web\/","name":"Anber","description":"Sistemas de protecci\u00f3n contra incendios","publisher":{"@id":"https:\/\/anber.es\/web\/#organization"},"potentialAction":[{"@type":"SearchAction","target":{"@type":"EntryPoint","urlTemplate":"https:\/\/anber.es\/web\/?s={search_term_string}"},"query-input":"required name=search_term_string"}],"inLanguage":"es"},{"@type":"Organization","@id":"https:\/\/anber.es\/web\/#organization","name":"Anber","url":"https:\/\/anber.es\/web\/","logo":{"@type":"ImageObject","inLanguage":"es","@id":"https:\/\/anber.es\/web\/#\/schema\/logo\/image\/","url":"https:\/\/anber.es\/web\/wp-content\/uploads\/2021\/03\/logo-anber.png","contentUrl":"https:\/\/anber.es\/web\/wp-content\/uploads\/2021\/03\/logo-anber.png","width":2208,"height":500,"caption":"Anber"},"image":{"@id":"https:\/\/anber.es\/web\/#\/schema\/logo\/image\/"}}]}},"_links":{"self":[{"href":"https:\/\/anber.es\/web\/wp-json\/wp\/v2\/product\/1190"}],"collection":[{"href":"https:\/\/anber.es\/web\/wp-json\/wp\/v2\/product"}],"about":[{"href":"https:\/\/anber.es\/web\/wp-json\/wp\/v2\/types\/product"}],"wp:featuredmedia":[{"embeddable":true,"href":"https:\/\/anber.es\/web\/wp-json\/wp\/v2\/media\/8102"}],"wp:attachment":[{"href":"https:\/\/anber.es\/web\/wp-json\/wp\/v2\/media?parent=1190"}],"wp:term":[{"taxonomy":"product_cat","embeddable":true,"href":"https:\/\/anber.es\/web\/wp-json\/wp\/v2\/product_cat?post=1190"},{"taxonomy":"product_tag","embeddable":true,"href":"https:\/\/anber.es\/web\/wp-json\/wp\/v2\/product_tag?post=1190"}],"curies":[{"name":"wp","href":"https:\/\/api.w.org\/{rel}","templated":true}]}}