{"id":1196,"date":"2020-12-10T16:59:01","date_gmt":"2020-12-10T14:59:01","guid":{"rendered":"http:\/\/anber.es\/web\/?post_type=product&#038;p=1196"},"modified":"2026-03-24T12:47:11","modified_gmt":"2026-03-24T10:47:11","slug":"hidrante-supertifon","status":"publish","type":"product","link":"https:\/\/anber.es\/web\/producto\/hidrante-supertifon\/","title":{"rendered":"Supertif\u00f3n"},"content":{"rendered":"<p>El hidrante <strong>SUPERTIF\u00d3N<\/strong> es un hidrante de columna seca que se fabrica en di\u00e1metros nominales de 4&#8243; y 6&#8243;, est\u00e1 provisto con 3 bocas de salida y ha sido dise\u00f1ado y fabricado conforme a la norma UNE-EN 14384:2006, relativa a hidrantes elevados de columna seca.<br \/>\nEste cumplimiento se encuentra acreditado mediante el certificado CE emitido por AENOR.<\/p>\n<p>Presi\u00f3n m\u00e1xima de trabajo: <B>16 bar<\/B>.<br \/>\nPresi\u00f3n de prueba: <B>25 bar<\/B>.<br \/>\nHidrante de columna seca con drenaje y sistema de rotura.<br \/>\nEl cuerpo, la columna y el cuerpo de la v\u00e1lvula del hidrante est\u00e1n fabricados en fundici\u00f3n seg\u00fan la norma <B>EN 1561<\/B>.<\/p>\n<p><strong>Posibilidad de conexionado a la red<\/strong> de abastecimiento mediante toma <b>recta o curva<\/b> con brida normalizada EN 1092, de di\u00e1metro nominal 100 mm (4&#8243;) y 150 mm (6&#8243;).<\/p>\n<p>Los hidrantes de DN100 (4&#8243;) y DN150 (6&#8243;) vienen equipados con dos salidas laterales de 70mm (2 1\/2&#8243; BSP) y una central de 100 mm (4&#8243; BSP) racoradas a petici\u00f3n del cliente.<\/p>\n<p>Mecanismos de accionamiento en ba\u00f1o de grasa para facilitar su operaci\u00f3n y proteger contra la corrosi\u00f3n.<\/p>\n<p>Referencia: HSHS.<\/p>\n<p><a href=\"\/web\/wp-content\/uploads\/2026\/03\/Ficha_tecnica-hidrante_Supertifon.pdf\" target=\"_blank\" rel=\"noopener noreferrer\"><button>Descarga ficha<\/button><\/a><br \/>\n<a class=\"insta-link\" href=\"https:\/\/www.instagram.com\/aqlproteccion\/?hl=es\" target=\"_blank\" rel=\"noopener noreferrer\">Instagram<\/a><\/p>\n","protected":false},"excerpt":{"rendered":"<p>El SUPERTIF\u00d3N es un hidrante de tipo columna seca con diferentes di\u00e1metros de conexi\u00f3n 4&#8243; y 6&#8243; con 3 bocas de salida. Certificado CE.<\/p>\n","protected":false},"featured_media":8097,"template":"","meta":[],"product_cat":[26,210],"product_tag":[215],"yoast_head":"<!-- This site is optimized with the Yoast SEO plugin v22.1 - https:\/\/yoast.com\/wordpress\/plugins\/seo\/ -->\n<title>Supertif\u00f3n - Anber<\/title>\n<meta name=\"description\" content=\"El SUPERTIF\u00d3N es un hidrante de tipo columna seca con diferentes di\u00e1metros de conexi\u00f3n 4&quot; y 6&quot; con 3 bocas de salida. Certificado CE.\" \/>\n<meta name=\"robots\" content=\"index, follow, max-snippet:-1, max-image-preview:large, max-video-preview:-1\" \/>\n<link rel=\"canonical\" href=\"https:\/\/anber.es\/web\/producto\/hidrante-supertifon\/\" \/>\n<meta property=\"og:locale\" content=\"es_ES\" \/>\n<meta property=\"og:type\" content=\"article\" \/>\n<meta property=\"og:title\" content=\"Supertif\u00f3n - Anber\" \/>\n<meta property=\"og:description\" content=\"El SUPERTIF\u00d3N es un hidrante de tipo columna seca con diferentes di\u00e1metros de conexi\u00f3n 4&quot; y 6&quot; con 3 bocas de salida. Certificado CE.\" \/>\n<meta property=\"og:url\" content=\"https:\/\/anber.es\/web\/producto\/hidrante-supertifon\/\" \/>\n<meta property=\"og:site_name\" content=\"Anber\" \/>\n<meta property=\"article:modified_time\" content=\"2026-03-24T10:47:11+00:00\" \/>\n<meta property=\"og:image\" content=\"https:\/\/anber.es\/web\/wp-content\/uploads\/2023\/04\/Supertifon.webp\" \/>\n\t<meta property=\"og:image:width\" content=\"1000\" \/>\n\t<meta property=\"og:image:height\" content=\"1000\" \/>\n\t<meta property=\"og:image:type\" content=\"image\/webp\" \/>\n<meta name=\"twitter:card\" content=\"summary_large_image\" \/>\n<meta name=\"twitter:label1\" content=\"Tiempo de lectura\" \/>\n\t<meta name=\"twitter:data1\" content=\"2 minutos\" \/>\n<script type=\"application\/ld+json\" class=\"yoast-schema-graph\">{\"@context\":\"https:\/\/schema.org\",\"@graph\":[{\"@type\":\"WebPage\",\"@id\":\"https:\/\/anber.es\/web\/producto\/hidrante-supertifon\/\",\"url\":\"https:\/\/anber.es\/web\/producto\/hidrante-supertifon\/\",\"name\":\"Supertif\u00f3n - Anber\",\"isPartOf\":{\"@id\":\"https:\/\/anber.es\/web\/#website\"},\"datePublished\":\"2020-12-10T14:59:01+00:00\",\"dateModified\":\"2026-03-24T10:47:11+00:00\",\"description\":\"El SUPERTIF\u00d3N es un hidrante de tipo columna seca con diferentes di\u00e1metros de conexi\u00f3n 4\\\" y 6\\\" con 3 bocas de salida. Certificado CE.\",\"breadcrumb\":{\"@id\":\"https:\/\/anber.es\/web\/producto\/hidrante-supertifon\/#breadcrumb\"},\"inLanguage\":\"es\",\"potentialAction\":[{\"@type\":\"ReadAction\",\"target\":[\"https:\/\/anber.es\/web\/producto\/hidrante-supertifon\/\"]}]},{\"@type\":\"BreadcrumbList\",\"@id\":\"https:\/\/anber.es\/web\/producto\/hidrante-supertifon\/#breadcrumb\",\"itemListElement\":[{\"@type\":\"ListItem\",\"position\":1,\"name\":\"Portada\",\"item\":\"https:\/\/anber.es\/web\/\"},{\"@type\":\"ListItem\",\"position\":2,\"name\":\"Productos\",\"item\":\"https:\/\/anber.es\/web\/productos\/\"},{\"@type\":\"ListItem\",\"position\":3,\"name\":\"Supertif\u00f3n\"}]},{\"@type\":\"WebSite\",\"@id\":\"https:\/\/anber.es\/web\/#website\",\"url\":\"https:\/\/anber.es\/web\/\",\"name\":\"Anber\",\"description\":\"Sistemas de protecci\u00f3n contra incendios\",\"publisher\":{\"@id\":\"https:\/\/anber.es\/web\/#organization\"},\"potentialAction\":[{\"@type\":\"SearchAction\",\"target\":{\"@type\":\"EntryPoint\",\"urlTemplate\":\"https:\/\/anber.es\/web\/?s={search_term_string}\"},\"query-input\":\"required name=search_term_string\"}],\"inLanguage\":\"es\"},{\"@type\":\"Organization\",\"@id\":\"https:\/\/anber.es\/web\/#organization\",\"name\":\"Anber\",\"url\":\"https:\/\/anber.es\/web\/\",\"logo\":{\"@type\":\"ImageObject\",\"inLanguage\":\"es\",\"@id\":\"https:\/\/anber.es\/web\/#\/schema\/logo\/image\/\",\"url\":\"https:\/\/anber.es\/web\/wp-content\/uploads\/2021\/03\/logo-anber.png\",\"contentUrl\":\"https:\/\/anber.es\/web\/wp-content\/uploads\/2021\/03\/logo-anber.png\",\"width\":2208,\"height\":500,\"caption\":\"Anber\"},\"image\":{\"@id\":\"https:\/\/anber.es\/web\/#\/schema\/logo\/image\/\"}}]}<\/script>\n<!-- \/ Yoast SEO plugin. -->","yoast_head_json":{"title":"Supertif\u00f3n - Anber","description":"El SUPERTIF\u00d3N es un hidrante de tipo columna seca con diferentes di\u00e1metros de conexi\u00f3n 4\" y 6\" con 3 bocas de salida. Certificado CE.","robots":{"index":"index","follow":"follow","max-snippet":"max-snippet:-1","max-image-preview":"max-image-preview:large","max-video-preview":"max-video-preview:-1"},"canonical":"https:\/\/anber.es\/web\/producto\/hidrante-supertifon\/","og_locale":"es_ES","og_type":"article","og_title":"Supertif\u00f3n - Anber","og_description":"El SUPERTIF\u00d3N es un hidrante de tipo columna seca con diferentes di\u00e1metros de conexi\u00f3n 4\" y 6\" con 3 bocas de salida. Certificado CE.","og_url":"https:\/\/anber.es\/web\/producto\/hidrante-supertifon\/","og_site_name":"Anber","article_modified_time":"2026-03-24T10:47:11+00:00","og_image":[{"width":1000,"height":1000,"url":"https:\/\/anber.es\/web\/wp-content\/uploads\/2023\/04\/Supertifon.webp","type":"image\/webp"}],"twitter_card":"summary_large_image","twitter_misc":{"Tiempo de lectura":"2 minutos"},"schema":{"@context":"https:\/\/schema.org","@graph":[{"@type":"WebPage","@id":"https:\/\/anber.es\/web\/producto\/hidrante-supertifon\/","url":"https:\/\/anber.es\/web\/producto\/hidrante-supertifon\/","name":"Supertif\u00f3n - Anber","isPartOf":{"@id":"https:\/\/anber.es\/web\/#website"},"datePublished":"2020-12-10T14:59:01+00:00","dateModified":"2026-03-24T10:47:11+00:00","description":"El SUPERTIF\u00d3N es un hidrante de tipo columna seca con diferentes di\u00e1metros de conexi\u00f3n 4\" y 6\" con 3 bocas de salida. Certificado CE.","breadcrumb":{"@id":"https:\/\/anber.es\/web\/producto\/hidrante-supertifon\/#breadcrumb"},"inLanguage":"es","potentialAction":[{"@type":"ReadAction","target":["https:\/\/anber.es\/web\/producto\/hidrante-supertifon\/"]}]},{"@type":"BreadcrumbList","@id":"https:\/\/anber.es\/web\/producto\/hidrante-supertifon\/#breadcrumb","itemListElement":[{"@type":"ListItem","position":1,"name":"Portada","item":"https:\/\/anber.es\/web\/"},{"@type":"ListItem","position":2,"name":"Productos","item":"https:\/\/anber.es\/web\/productos\/"},{"@type":"ListItem","position":3,"name":"Supertif\u00f3n"}]},{"@type":"WebSite","@id":"https:\/\/anber.es\/web\/#website","url":"https:\/\/anber.es\/web\/","name":"Anber","description":"Sistemas de protecci\u00f3n contra incendios","publisher":{"@id":"https:\/\/anber.es\/web\/#organization"},"potentialAction":[{"@type":"SearchAction","target":{"@type":"EntryPoint","urlTemplate":"https:\/\/anber.es\/web\/?s={search_term_string}"},"query-input":"required name=search_term_string"}],"inLanguage":"es"},{"@type":"Organization","@id":"https:\/\/anber.es\/web\/#organization","name":"Anber","url":"https:\/\/anber.es\/web\/","logo":{"@type":"ImageObject","inLanguage":"es","@id":"https:\/\/anber.es\/web\/#\/schema\/logo\/image\/","url":"https:\/\/anber.es\/web\/wp-content\/uploads\/2021\/03\/logo-anber.png","contentUrl":"https:\/\/anber.es\/web\/wp-content\/uploads\/2021\/03\/logo-anber.png","width":2208,"height":500,"caption":"Anber"},"image":{"@id":"https:\/\/anber.es\/web\/#\/schema\/logo\/image\/"}}]}},"_links":{"self":[{"href":"https:\/\/anber.es\/web\/wp-json\/wp\/v2\/product\/1196"}],"collection":[{"href":"https:\/\/anber.es\/web\/wp-json\/wp\/v2\/product"}],"about":[{"href":"https:\/\/anber.es\/web\/wp-json\/wp\/v2\/types\/product"}],"wp:featuredmedia":[{"embeddable":true,"href":"https:\/\/anber.es\/web\/wp-json\/wp\/v2\/media\/8097"}],"wp:attachment":[{"href":"https:\/\/anber.es\/web\/wp-json\/wp\/v2\/media?parent=1196"}],"wp:term":[{"taxonomy":"product_cat","embeddable":true,"href":"https:\/\/anber.es\/web\/wp-json\/wp\/v2\/product_cat?post=1196"},{"taxonomy":"product_tag","embeddable":true,"href":"https:\/\/anber.es\/web\/wp-json\/wp\/v2\/product_tag?post=1196"}],"curies":[{"name":"wp","href":"https:\/\/api.w.org\/{rel}","templated":true}]}}