{"id":1204,"date":"2020-12-10T17:24:08","date_gmt":"2020-12-10T15:24:08","guid":{"rendered":"http:\/\/anber.es\/web\/?post_type=product&#038;p=1204"},"modified":"2026-03-24T12:40:01","modified_gmt":"2026-03-24T10:40:01","slug":"hidrante-tifon-plus","status":"publish","type":"product","link":"https:\/\/anber.es\/web\/producto\/hidrante-tifon-plus\/","title":{"rendered":"Tif\u00f3n Plus"},"content":{"rendered":"<p>El hidrante de <strong>columna seca<\/strong> modelo <strong>TIF\u00d3N PLUS<\/strong> se fabrica en los di\u00e1metros de conexi\u00f3n de 3&#8243;, 4&#8243; y 6&#8243; con 3 bocas de salida y est\u00e1 dise\u00f1ado y fabricado en cumplimiento de la norma UNE EN-14384:2006 de hidrantes de columna.<\/p>\n<p>Presi\u00f3n m\u00e1xima de servicio: <b>16 bar<\/b>.<\/p>\n<p>Presi\u00f3n de prueba: <b>25 bar<\/b>.<\/p>\n<p>El cuerpo, la columna y el cuerpo de la v\u00e1lvula del tif\u00f3n plus est\u00e1n fabricados en fundici\u00f3n seg\u00fan la <b>norma EN 1561<\/b>.<\/p>\n<p>Adem\u00e1s tenemos la posibilidad de varias conexiones a la red de abastecimiento, toma recta o toma curva con brida normalizada EN 1092, de di\u00e1metro nominal <b>80 mm (3&#8243;), 100 mm (4&#8243;) y 150 mm (6&#8243;)<\/b>.<\/p>\n<p>El hidrante de DN80 (3&#8243;) viene equipado con dos salidas laterales de 45 mm (1 1\/2&#8243; BSP) y una central de 70 mm (2 1\/2&#8243; BSP), todas ellas racoradas a petici\u00f3n del cliente (Barcelona, Storz, Guillemin).<\/p>\n<p>Los hidrantes de DN100 (4&#8243;) y DN150 (6&#8243;) vienen equipados con dos salidas laterales de 70mm (2 1\/2&#8243; BSP) racoradas a petici\u00f3n del cliente y una central de 100 mm (4&#8243; BSP) con racor Bombero.<\/p>\n<p>Referencia: HLHR.<\/p>\n<p><a href=\"\/web\/wp-content\/uploads\/2026\/03\/Ficha_tecnica-hidrante_tifon_plus.pdf\" target=\"_blank\" rel=\"noopener noreferrer\"><button>Descarga ficha<\/button><\/a><br \/>\n<a class=\"insta-link\" href=\"https:\/\/www.instagram.com\/aqlproteccion\/?hl=es\" target=\"_blank\" rel=\"noopener noreferrer\">Instagram<\/a><\/p>\n","protected":false},"excerpt":{"rendered":"<p>El TIF\u00d3N PLUS es un hidrante de tipo columna seca y se fabrica en los di\u00e1metros de conexi\u00f3n de 3\u201d, 4\u201d y 6\u201d con 3 bocas de salida.<\/p>\n","protected":false},"featured_media":8095,"template":"","meta":[],"product_cat":[26,210],"product_tag":[215],"yoast_head":"<!-- This site is optimized with the Yoast SEO plugin v22.1 - https:\/\/yoast.com\/wordpress\/plugins\/seo\/ -->\n<title>Tif\u00f3n Plus - Anber<\/title>\n<meta name=\"description\" content=\"El TIF\u00d3N PLUS es un hidrante de tipo columna seca y se fabrica en los di\u00e1metros de conexi\u00f3n de 3\u201d, 4\u201d y 6\u201d con 3 bocas de salida.\" \/>\n<meta name=\"robots\" content=\"index, follow, max-snippet:-1, max-image-preview:large, max-video-preview:-1\" \/>\n<link rel=\"canonical\" href=\"https:\/\/anber.es\/web\/producto\/hidrante-tifon-plus\/\" \/>\n<meta property=\"og:locale\" content=\"es_ES\" \/>\n<meta property=\"og:type\" content=\"article\" \/>\n<meta property=\"og:title\" content=\"Tif\u00f3n Plus - Anber\" \/>\n<meta property=\"og:description\" content=\"El TIF\u00d3N PLUS es un hidrante de tipo columna seca y se fabrica en los di\u00e1metros de conexi\u00f3n de 3\u201d, 4\u201d y 6\u201d con 3 bocas de salida.\" \/>\n<meta property=\"og:url\" content=\"https:\/\/anber.es\/web\/producto\/hidrante-tifon-plus\/\" \/>\n<meta property=\"og:site_name\" content=\"Anber\" \/>\n<meta property=\"article:modified_time\" content=\"2026-03-24T10:40:01+00:00\" \/>\n<meta property=\"og:image\" content=\"https:\/\/anber.es\/web\/wp-content\/uploads\/2023\/04\/tifon_plus.webp\" \/>\n\t<meta property=\"og:image:width\" content=\"1000\" \/>\n\t<meta property=\"og:image:height\" content=\"1000\" \/>\n\t<meta property=\"og:image:type\" content=\"image\/webp\" \/>\n<meta name=\"twitter:card\" content=\"summary_large_image\" \/>\n<meta name=\"twitter:label1\" content=\"Tiempo de lectura\" \/>\n\t<meta name=\"twitter:data1\" content=\"2 minutos\" \/>\n<script type=\"application\/ld+json\" class=\"yoast-schema-graph\">{\"@context\":\"https:\/\/schema.org\",\"@graph\":[{\"@type\":\"WebPage\",\"@id\":\"https:\/\/anber.es\/web\/producto\/hidrante-tifon-plus\/\",\"url\":\"https:\/\/anber.es\/web\/producto\/hidrante-tifon-plus\/\",\"name\":\"Tif\u00f3n Plus - Anber\",\"isPartOf\":{\"@id\":\"https:\/\/anber.es\/web\/#website\"},\"datePublished\":\"2020-12-10T15:24:08+00:00\",\"dateModified\":\"2026-03-24T10:40:01+00:00\",\"description\":\"El TIF\u00d3N PLUS es un hidrante de tipo columna seca y se fabrica en los di\u00e1metros de conexi\u00f3n de 3\u201d, 4\u201d y 6\u201d con 3 bocas de salida.\",\"breadcrumb\":{\"@id\":\"https:\/\/anber.es\/web\/producto\/hidrante-tifon-plus\/#breadcrumb\"},\"inLanguage\":\"es\",\"potentialAction\":[{\"@type\":\"ReadAction\",\"target\":[\"https:\/\/anber.es\/web\/producto\/hidrante-tifon-plus\/\"]}]},{\"@type\":\"BreadcrumbList\",\"@id\":\"https:\/\/anber.es\/web\/producto\/hidrante-tifon-plus\/#breadcrumb\",\"itemListElement\":[{\"@type\":\"ListItem\",\"position\":1,\"name\":\"Portada\",\"item\":\"https:\/\/anber.es\/web\/\"},{\"@type\":\"ListItem\",\"position\":2,\"name\":\"Productos\",\"item\":\"https:\/\/anber.es\/web\/productos\/\"},{\"@type\":\"ListItem\",\"position\":3,\"name\":\"Tif\u00f3n Plus\"}]},{\"@type\":\"WebSite\",\"@id\":\"https:\/\/anber.es\/web\/#website\",\"url\":\"https:\/\/anber.es\/web\/\",\"name\":\"Anber\",\"description\":\"Sistemas de protecci\u00f3n contra incendios\",\"publisher\":{\"@id\":\"https:\/\/anber.es\/web\/#organization\"},\"potentialAction\":[{\"@type\":\"SearchAction\",\"target\":{\"@type\":\"EntryPoint\",\"urlTemplate\":\"https:\/\/anber.es\/web\/?s={search_term_string}\"},\"query-input\":\"required name=search_term_string\"}],\"inLanguage\":\"es\"},{\"@type\":\"Organization\",\"@id\":\"https:\/\/anber.es\/web\/#organization\",\"name\":\"Anber\",\"url\":\"https:\/\/anber.es\/web\/\",\"logo\":{\"@type\":\"ImageObject\",\"inLanguage\":\"es\",\"@id\":\"https:\/\/anber.es\/web\/#\/schema\/logo\/image\/\",\"url\":\"https:\/\/anber.es\/web\/wp-content\/uploads\/2021\/03\/logo-anber.png\",\"contentUrl\":\"https:\/\/anber.es\/web\/wp-content\/uploads\/2021\/03\/logo-anber.png\",\"width\":2208,\"height\":500,\"caption\":\"Anber\"},\"image\":{\"@id\":\"https:\/\/anber.es\/web\/#\/schema\/logo\/image\/\"}}]}<\/script>\n<!-- \/ Yoast SEO plugin. -->","yoast_head_json":{"title":"Tif\u00f3n Plus - Anber","description":"El TIF\u00d3N PLUS es un hidrante de tipo columna seca y se fabrica en los di\u00e1metros de conexi\u00f3n de 3\u201d, 4\u201d y 6\u201d con 3 bocas de salida.","robots":{"index":"index","follow":"follow","max-snippet":"max-snippet:-1","max-image-preview":"max-image-preview:large","max-video-preview":"max-video-preview:-1"},"canonical":"https:\/\/anber.es\/web\/producto\/hidrante-tifon-plus\/","og_locale":"es_ES","og_type":"article","og_title":"Tif\u00f3n Plus - Anber","og_description":"El TIF\u00d3N PLUS es un hidrante de tipo columna seca y se fabrica en los di\u00e1metros de conexi\u00f3n de 3\u201d, 4\u201d y 6\u201d con 3 bocas de salida.","og_url":"https:\/\/anber.es\/web\/producto\/hidrante-tifon-plus\/","og_site_name":"Anber","article_modified_time":"2026-03-24T10:40:01+00:00","og_image":[{"width":1000,"height":1000,"url":"https:\/\/anber.es\/web\/wp-content\/uploads\/2023\/04\/tifon_plus.webp","type":"image\/webp"}],"twitter_card":"summary_large_image","twitter_misc":{"Tiempo de lectura":"2 minutos"},"schema":{"@context":"https:\/\/schema.org","@graph":[{"@type":"WebPage","@id":"https:\/\/anber.es\/web\/producto\/hidrante-tifon-plus\/","url":"https:\/\/anber.es\/web\/producto\/hidrante-tifon-plus\/","name":"Tif\u00f3n Plus - Anber","isPartOf":{"@id":"https:\/\/anber.es\/web\/#website"},"datePublished":"2020-12-10T15:24:08+00:00","dateModified":"2026-03-24T10:40:01+00:00","description":"El TIF\u00d3N PLUS es un hidrante de tipo columna seca y se fabrica en los di\u00e1metros de conexi\u00f3n de 3\u201d, 4\u201d y 6\u201d con 3 bocas de salida.","breadcrumb":{"@id":"https:\/\/anber.es\/web\/producto\/hidrante-tifon-plus\/#breadcrumb"},"inLanguage":"es","potentialAction":[{"@type":"ReadAction","target":["https:\/\/anber.es\/web\/producto\/hidrante-tifon-plus\/"]}]},{"@type":"BreadcrumbList","@id":"https:\/\/anber.es\/web\/producto\/hidrante-tifon-plus\/#breadcrumb","itemListElement":[{"@type":"ListItem","position":1,"name":"Portada","item":"https:\/\/anber.es\/web\/"},{"@type":"ListItem","position":2,"name":"Productos","item":"https:\/\/anber.es\/web\/productos\/"},{"@type":"ListItem","position":3,"name":"Tif\u00f3n Plus"}]},{"@type":"WebSite","@id":"https:\/\/anber.es\/web\/#website","url":"https:\/\/anber.es\/web\/","name":"Anber","description":"Sistemas de protecci\u00f3n contra incendios","publisher":{"@id":"https:\/\/anber.es\/web\/#organization"},"potentialAction":[{"@type":"SearchAction","target":{"@type":"EntryPoint","urlTemplate":"https:\/\/anber.es\/web\/?s={search_term_string}"},"query-input":"required name=search_term_string"}],"inLanguage":"es"},{"@type":"Organization","@id":"https:\/\/anber.es\/web\/#organization","name":"Anber","url":"https:\/\/anber.es\/web\/","logo":{"@type":"ImageObject","inLanguage":"es","@id":"https:\/\/anber.es\/web\/#\/schema\/logo\/image\/","url":"https:\/\/anber.es\/web\/wp-content\/uploads\/2021\/03\/logo-anber.png","contentUrl":"https:\/\/anber.es\/web\/wp-content\/uploads\/2021\/03\/logo-anber.png","width":2208,"height":500,"caption":"Anber"},"image":{"@id":"https:\/\/anber.es\/web\/#\/schema\/logo\/image\/"}}]}},"_links":{"self":[{"href":"https:\/\/anber.es\/web\/wp-json\/wp\/v2\/product\/1204"}],"collection":[{"href":"https:\/\/anber.es\/web\/wp-json\/wp\/v2\/product"}],"about":[{"href":"https:\/\/anber.es\/web\/wp-json\/wp\/v2\/types\/product"}],"wp:featuredmedia":[{"embeddable":true,"href":"https:\/\/anber.es\/web\/wp-json\/wp\/v2\/media\/8095"}],"wp:attachment":[{"href":"https:\/\/anber.es\/web\/wp-json\/wp\/v2\/media?parent=1204"}],"wp:term":[{"taxonomy":"product_cat","embeddable":true,"href":"https:\/\/anber.es\/web\/wp-json\/wp\/v2\/product_cat?post=1204"},{"taxonomy":"product_tag","embeddable":true,"href":"https:\/\/anber.es\/web\/wp-json\/wp\/v2\/product_tag?post=1204"}],"curies":[{"name":"wp","href":"https:\/\/api.w.org\/{rel}","templated":true}]}}