{"id":1221,"date":"2020-12-14T09:27:01","date_gmt":"2020-12-14T07:27:01","guid":{"rendered":"http:\/\/anber.es\/web\/?post_type=product&#038;p=1221"},"modified":"2021-12-17T09:14:28","modified_gmt":"2021-12-17T07:14:28","slug":"panel-de-control-analogico-direccionable","status":"publish","type":"product","link":"https:\/\/anber.es\/web\/producto\/panel-de-control-analogico-direccionable\/","title":{"rendered":"Central\/Panel de control anal\u00f3gico direccionable"},"content":{"rendered":"<p><strong>SmartX<\/strong> es un <strong>panel de control anal\u00f3gico direccionable<\/strong> de un bucle, basado en el <strong>Protocolo ESP de Hochiki<\/strong>. Indicado para  peque\u00f1as y medianas instalaciones.<\/p>\n<p>F\u00e1cil para instaladores y usuarios, proporcionan una soluci\u00f3n ideal, pudi\u00e9ndose integrar en futuras ampliaciones de instalaciones. <\/p>\n<p>2 zonas convencionales (m\u00e1ximo 20 detectores por zona).<\/p>\n<p>Certificados: CE, RCP y Hochiki.<\/p>\n<p>Referencia: DACPHSH116EN.<\/p>\n<p><a href=\"\/web\/wp-content\/uploads\/2020\/12\/Ficha_tecnica-panel_de_control_analogico_direccionable.pdf\" target=\"_blank\" rel=\"noopener noreferrer\"><button>Descarga ficha<\/button><\/a><\/p>\n<p><a class=\"insta-link\" href=\"https:\/\/www.instagram.com\/aqlproteccion\/?hl=es\" target=\"_blank\" rel=\"noopener noreferrer\">Instagram<\/a><\/p>\n","protected":false},"excerpt":{"rendered":"<p>El panel de control anal\u00f3gico direccionable (SmartX) de un bucle, est\u00e1 indicado para el uso de peque\u00f1as y medianas instalaciones.<\/p>\n","protected":false},"featured_media":3415,"template":"","meta":[],"product_cat":[48,143,23],"product_tag":[],"yoast_head":"<!-- This site is optimized with the Yoast SEO plugin v22.1 - https:\/\/yoast.com\/wordpress\/plugins\/seo\/ -->\n<title>Central\/Panel de control anal\u00f3gico direccionable - Anber<\/title>\n<meta name=\"description\" content=\"El panel de control anal\u00f3gico direccionable (SmartX) de un bucle, est\u00e1 indicado para el uso de peque\u00f1as y medianas instalaciones.\" \/>\n<meta name=\"robots\" content=\"index, follow, max-snippet:-1, max-image-preview:large, max-video-preview:-1\" \/>\n<link rel=\"canonical\" href=\"https:\/\/anber.es\/web\/producto\/panel-de-control-analogico-direccionable\/\" \/>\n<meta property=\"og:locale\" content=\"es_ES\" \/>\n<meta property=\"og:type\" content=\"article\" \/>\n<meta property=\"og:title\" content=\"Central\/Panel de control anal\u00f3gico direccionable - Anber\" \/>\n<meta property=\"og:description\" content=\"El panel de control anal\u00f3gico direccionable (SmartX) de un bucle, est\u00e1 indicado para el uso de peque\u00f1as y medianas instalaciones.\" \/>\n<meta property=\"og:url\" content=\"https:\/\/anber.es\/web\/producto\/panel-de-control-analogico-direccionable\/\" \/>\n<meta property=\"og:site_name\" content=\"Anber\" \/>\n<meta property=\"article:modified_time\" content=\"2021-12-17T07:14:28+00:00\" \/>\n<meta property=\"og:image\" content=\"https:\/\/anber.es\/web\/wp-content\/uploads\/2021\/05\/panel_de_control_analogico_direccionable.png\" \/>\n\t<meta property=\"og:image:width\" content=\"1000\" \/>\n\t<meta property=\"og:image:height\" content=\"1000\" \/>\n\t<meta property=\"og:image:type\" content=\"image\/png\" \/>\n<meta name=\"twitter:card\" content=\"summary_large_image\" \/>\n<script type=\"application\/ld+json\" class=\"yoast-schema-graph\">{\"@context\":\"https:\/\/schema.org\",\"@graph\":[{\"@type\":\"WebPage\",\"@id\":\"https:\/\/anber.es\/web\/producto\/panel-de-control-analogico-direccionable\/\",\"url\":\"https:\/\/anber.es\/web\/producto\/panel-de-control-analogico-direccionable\/\",\"name\":\"Central\/Panel de control anal\u00f3gico direccionable - Anber\",\"isPartOf\":{\"@id\":\"https:\/\/anber.es\/web\/#website\"},\"datePublished\":\"2020-12-14T07:27:01+00:00\",\"dateModified\":\"2021-12-17T07:14:28+00:00\",\"description\":\"El panel de control anal\u00f3gico direccionable (SmartX) de un bucle, est\u00e1 indicado para el uso de peque\u00f1as y medianas instalaciones.\",\"breadcrumb\":{\"@id\":\"https:\/\/anber.es\/web\/producto\/panel-de-control-analogico-direccionable\/#breadcrumb\"},\"inLanguage\":\"es\",\"potentialAction\":[{\"@type\":\"ReadAction\",\"target\":[\"https:\/\/anber.es\/web\/producto\/panel-de-control-analogico-direccionable\/\"]}]},{\"@type\":\"BreadcrumbList\",\"@id\":\"https:\/\/anber.es\/web\/producto\/panel-de-control-analogico-direccionable\/#breadcrumb\",\"itemListElement\":[{\"@type\":\"ListItem\",\"position\":1,\"name\":\"Portada\",\"item\":\"https:\/\/anber.es\/web\/\"},{\"@type\":\"ListItem\",\"position\":2,\"name\":\"Productos\",\"item\":\"https:\/\/anber.es\/web\/productos\/\"},{\"@type\":\"ListItem\",\"position\":3,\"name\":\"Central\/Panel de control anal\u00f3gico direccionable\"}]},{\"@type\":\"WebSite\",\"@id\":\"https:\/\/anber.es\/web\/#website\",\"url\":\"https:\/\/anber.es\/web\/\",\"name\":\"Anber\",\"description\":\"Sistemas de protecci\u00f3n contra incendios\",\"publisher\":{\"@id\":\"https:\/\/anber.es\/web\/#organization\"},\"potentialAction\":[{\"@type\":\"SearchAction\",\"target\":{\"@type\":\"EntryPoint\",\"urlTemplate\":\"https:\/\/anber.es\/web\/?s={search_term_string}\"},\"query-input\":\"required name=search_term_string\"}],\"inLanguage\":\"es\"},{\"@type\":\"Organization\",\"@id\":\"https:\/\/anber.es\/web\/#organization\",\"name\":\"Anber\",\"url\":\"https:\/\/anber.es\/web\/\",\"logo\":{\"@type\":\"ImageObject\",\"inLanguage\":\"es\",\"@id\":\"https:\/\/anber.es\/web\/#\/schema\/logo\/image\/\",\"url\":\"https:\/\/anber.es\/web\/wp-content\/uploads\/2021\/03\/logo-anber.png\",\"contentUrl\":\"https:\/\/anber.es\/web\/wp-content\/uploads\/2021\/03\/logo-anber.png\",\"width\":2208,\"height\":500,\"caption\":\"Anber\"},\"image\":{\"@id\":\"https:\/\/anber.es\/web\/#\/schema\/logo\/image\/\"}}]}<\/script>\n<!-- \/ Yoast SEO plugin. -->","yoast_head_json":{"title":"Central\/Panel de control anal\u00f3gico direccionable - Anber","description":"El panel de control anal\u00f3gico direccionable (SmartX) de un bucle, est\u00e1 indicado para el uso de peque\u00f1as y medianas instalaciones.","robots":{"index":"index","follow":"follow","max-snippet":"max-snippet:-1","max-image-preview":"max-image-preview:large","max-video-preview":"max-video-preview:-1"},"canonical":"https:\/\/anber.es\/web\/producto\/panel-de-control-analogico-direccionable\/","og_locale":"es_ES","og_type":"article","og_title":"Central\/Panel de control anal\u00f3gico direccionable - Anber","og_description":"El panel de control anal\u00f3gico direccionable (SmartX) de un bucle, est\u00e1 indicado para el uso de peque\u00f1as y medianas instalaciones.","og_url":"https:\/\/anber.es\/web\/producto\/panel-de-control-analogico-direccionable\/","og_site_name":"Anber","article_modified_time":"2021-12-17T07:14:28+00:00","og_image":[{"width":1000,"height":1000,"url":"https:\/\/anber.es\/web\/wp-content\/uploads\/2021\/05\/panel_de_control_analogico_direccionable.png","type":"image\/png"}],"twitter_card":"summary_large_image","schema":{"@context":"https:\/\/schema.org","@graph":[{"@type":"WebPage","@id":"https:\/\/anber.es\/web\/producto\/panel-de-control-analogico-direccionable\/","url":"https:\/\/anber.es\/web\/producto\/panel-de-control-analogico-direccionable\/","name":"Central\/Panel de control anal\u00f3gico direccionable - Anber","isPartOf":{"@id":"https:\/\/anber.es\/web\/#website"},"datePublished":"2020-12-14T07:27:01+00:00","dateModified":"2021-12-17T07:14:28+00:00","description":"El panel de control anal\u00f3gico direccionable (SmartX) de un bucle, est\u00e1 indicado para el uso de peque\u00f1as y medianas instalaciones.","breadcrumb":{"@id":"https:\/\/anber.es\/web\/producto\/panel-de-control-analogico-direccionable\/#breadcrumb"},"inLanguage":"es","potentialAction":[{"@type":"ReadAction","target":["https:\/\/anber.es\/web\/producto\/panel-de-control-analogico-direccionable\/"]}]},{"@type":"BreadcrumbList","@id":"https:\/\/anber.es\/web\/producto\/panel-de-control-analogico-direccionable\/#breadcrumb","itemListElement":[{"@type":"ListItem","position":1,"name":"Portada","item":"https:\/\/anber.es\/web\/"},{"@type":"ListItem","position":2,"name":"Productos","item":"https:\/\/anber.es\/web\/productos\/"},{"@type":"ListItem","position":3,"name":"Central\/Panel de control anal\u00f3gico direccionable"}]},{"@type":"WebSite","@id":"https:\/\/anber.es\/web\/#website","url":"https:\/\/anber.es\/web\/","name":"Anber","description":"Sistemas de protecci\u00f3n contra incendios","publisher":{"@id":"https:\/\/anber.es\/web\/#organization"},"potentialAction":[{"@type":"SearchAction","target":{"@type":"EntryPoint","urlTemplate":"https:\/\/anber.es\/web\/?s={search_term_string}"},"query-input":"required name=search_term_string"}],"inLanguage":"es"},{"@type":"Organization","@id":"https:\/\/anber.es\/web\/#organization","name":"Anber","url":"https:\/\/anber.es\/web\/","logo":{"@type":"ImageObject","inLanguage":"es","@id":"https:\/\/anber.es\/web\/#\/schema\/logo\/image\/","url":"https:\/\/anber.es\/web\/wp-content\/uploads\/2021\/03\/logo-anber.png","contentUrl":"https:\/\/anber.es\/web\/wp-content\/uploads\/2021\/03\/logo-anber.png","width":2208,"height":500,"caption":"Anber"},"image":{"@id":"https:\/\/anber.es\/web\/#\/schema\/logo\/image\/"}}]}},"_links":{"self":[{"href":"https:\/\/anber.es\/web\/wp-json\/wp\/v2\/product\/1221"}],"collection":[{"href":"https:\/\/anber.es\/web\/wp-json\/wp\/v2\/product"}],"about":[{"href":"https:\/\/anber.es\/web\/wp-json\/wp\/v2\/types\/product"}],"wp:featuredmedia":[{"embeddable":true,"href":"https:\/\/anber.es\/web\/wp-json\/wp\/v2\/media\/3415"}],"wp:attachment":[{"href":"https:\/\/anber.es\/web\/wp-json\/wp\/v2\/media?parent=1221"}],"wp:term":[{"taxonomy":"product_cat","embeddable":true,"href":"https:\/\/anber.es\/web\/wp-json\/wp\/v2\/product_cat?post=1221"},{"taxonomy":"product_tag","embeddable":true,"href":"https:\/\/anber.es\/web\/wp-json\/wp\/v2\/product_tag?post=1221"}],"curies":[{"name":"wp","href":"https:\/\/api.w.org\/{rel}","templated":true}]}}