{"id":1230,"date":"2020-12-14T11:07:57","date_gmt":"2020-12-14T09:07:57","guid":{"rendered":"http:\/\/anber.es\/web\/?post_type=product&#038;p=1230"},"modified":"2022-08-31T13:30:43","modified_gmt":"2022-08-31T11:30:43","slug":"alarma-mecanica-sprinkler-modelo-c","status":"publish","type":"product","link":"https:\/\/anber.es\/web\/producto\/alarma-mecanica-sprinkler-modelo-c\/","title":{"rendered":"Alarma mec\u00e1nica sprinkler modelo C"},"content":{"rendered":"<p>La <strong>alarma mec\u00e1nica sprinkler modelo C<\/strong> debe ubicarse lo m\u00e1s cerca que sea pr\u00e1ctico de la v\u00e1lvula de alarma h\u00fameda, seca o de diluvio a fin de evitar recorridos largos de tuber\u00eda o muchos accesorios. <\/p>\n<p>La <strong>alarma mec\u00e1nica sprinkler modelo C<\/strong> se rearma autom\u00e1ticamente tras cada funcionamiento, eliminando as\u00ed la necesidad de retirar la placa de cierre, etc. para reponer los mecanismos internos.<\/p>\n<p>Tiene una presi\u00f3n nominal m\u00e1xima de 232 psi (16 bar).<\/p>\n<p>Listada y certificada por Underwriters Laboratories Inc. (cULus). Homologada por Factory Mutual Research Corporation (FM).<\/p>\n<p>Referencia: VYR325.<\/p>\n<p><a href=\"\/web\/wp-content\/uploads\/2022\/08\/Ficha_tecnica-alarma_mecanica_rociadores_modelo_C.pdf\" target=\"_blank\" rel=\"noopener noreferrer\"><button>Descarga ficha<\/button><\/a><br \/>\n<a class=\"insta-link\" href=\"https:\/\/www.instagram.com\/aqlproteccion\/?hl=es\" target=\"_blank\" rel=\"noopener noreferrer\">Instagram<\/a><\/p>\n","protected":false},"excerpt":{"rendered":"<p>La alarma mec\u00e1nica Sprinkler modelo C debe ubicarse lo m\u00e1s cerca que sea de la v\u00e1lvula de alarma h\u00fameda, seca o de diluvio.<\/p>\n","protected":false},"featured_media":6569,"template":"","meta":[],"product_cat":[121,119,182],"product_tag":[215],"yoast_head":"<!-- This site is optimized with the Yoast SEO plugin v22.1 - https:\/\/yoast.com\/wordpress\/plugins\/seo\/ -->\n<title>Alarma mec\u00e1nica sprinkler modelo C - Anber<\/title>\n<meta name=\"description\" content=\"La alarma mec\u00e1nica Sprinkler modelo C debe ubicarse lo m\u00e1s cerca que sea de la v\u00e1lvula de alarma h\u00fameda, seca o de diluvio.\" \/>\n<meta name=\"robots\" content=\"index, follow, max-snippet:-1, max-image-preview:large, max-video-preview:-1\" \/>\n<link rel=\"canonical\" href=\"https:\/\/anber.es\/web\/producto\/alarma-mecanica-sprinkler-modelo-c\/\" \/>\n<meta property=\"og:locale\" content=\"es_ES\" \/>\n<meta property=\"og:type\" content=\"article\" \/>\n<meta property=\"og:title\" content=\"Alarma mec\u00e1nica sprinkler modelo C - Anber\" \/>\n<meta property=\"og:description\" content=\"La alarma mec\u00e1nica Sprinkler modelo C debe ubicarse lo m\u00e1s cerca que sea de la v\u00e1lvula de alarma h\u00fameda, seca o de diluvio.\" \/>\n<meta property=\"og:url\" content=\"https:\/\/anber.es\/web\/producto\/alarma-mecanica-sprinkler-modelo-c\/\" \/>\n<meta property=\"og:site_name\" content=\"Anber\" \/>\n<meta property=\"article:modified_time\" content=\"2022-08-31T11:30:43+00:00\" \/>\n<meta property=\"og:image\" content=\"https:\/\/anber.es\/web\/wp-content\/uploads\/2022\/01\/alarma_mecanica_rociadores_modelo_C.png\" \/>\n\t<meta property=\"og:image:width\" content=\"1000\" \/>\n\t<meta property=\"og:image:height\" content=\"1000\" \/>\n\t<meta property=\"og:image:type\" content=\"image\/png\" \/>\n<meta name=\"twitter:card\" content=\"summary_large_image\" \/>\n<meta name=\"twitter:label1\" content=\"Tiempo de lectura\" \/>\n\t<meta name=\"twitter:data1\" content=\"1 minuto\" \/>\n<script type=\"application\/ld+json\" class=\"yoast-schema-graph\">{\"@context\":\"https:\/\/schema.org\",\"@graph\":[{\"@type\":\"WebPage\",\"@id\":\"https:\/\/anber.es\/web\/producto\/alarma-mecanica-sprinkler-modelo-c\/\",\"url\":\"https:\/\/anber.es\/web\/producto\/alarma-mecanica-sprinkler-modelo-c\/\",\"name\":\"Alarma mec\u00e1nica sprinkler modelo C - Anber\",\"isPartOf\":{\"@id\":\"https:\/\/anber.es\/web\/#website\"},\"datePublished\":\"2020-12-14T09:07:57+00:00\",\"dateModified\":\"2022-08-31T11:30:43+00:00\",\"description\":\"La alarma mec\u00e1nica Sprinkler modelo C debe ubicarse lo m\u00e1s cerca que sea de la v\u00e1lvula de alarma h\u00fameda, seca o de diluvio.\",\"breadcrumb\":{\"@id\":\"https:\/\/anber.es\/web\/producto\/alarma-mecanica-sprinkler-modelo-c\/#breadcrumb\"},\"inLanguage\":\"es\",\"potentialAction\":[{\"@type\":\"ReadAction\",\"target\":[\"https:\/\/anber.es\/web\/producto\/alarma-mecanica-sprinkler-modelo-c\/\"]}]},{\"@type\":\"BreadcrumbList\",\"@id\":\"https:\/\/anber.es\/web\/producto\/alarma-mecanica-sprinkler-modelo-c\/#breadcrumb\",\"itemListElement\":[{\"@type\":\"ListItem\",\"position\":1,\"name\":\"Portada\",\"item\":\"https:\/\/anber.es\/web\/\"},{\"@type\":\"ListItem\",\"position\":2,\"name\":\"Productos\",\"item\":\"https:\/\/anber.es\/web\/productos\/\"},{\"@type\":\"ListItem\",\"position\":3,\"name\":\"Alarma mec\u00e1nica sprinkler modelo C\"}]},{\"@type\":\"WebSite\",\"@id\":\"https:\/\/anber.es\/web\/#website\",\"url\":\"https:\/\/anber.es\/web\/\",\"name\":\"Anber\",\"description\":\"Sistemas de protecci\u00f3n contra incendios\",\"publisher\":{\"@id\":\"https:\/\/anber.es\/web\/#organization\"},\"potentialAction\":[{\"@type\":\"SearchAction\",\"target\":{\"@type\":\"EntryPoint\",\"urlTemplate\":\"https:\/\/anber.es\/web\/?s={search_term_string}\"},\"query-input\":\"required name=search_term_string\"}],\"inLanguage\":\"es\"},{\"@type\":\"Organization\",\"@id\":\"https:\/\/anber.es\/web\/#organization\",\"name\":\"Anber\",\"url\":\"https:\/\/anber.es\/web\/\",\"logo\":{\"@type\":\"ImageObject\",\"inLanguage\":\"es\",\"@id\":\"https:\/\/anber.es\/web\/#\/schema\/logo\/image\/\",\"url\":\"https:\/\/anber.es\/web\/wp-content\/uploads\/2021\/03\/logo-anber.png\",\"contentUrl\":\"https:\/\/anber.es\/web\/wp-content\/uploads\/2021\/03\/logo-anber.png\",\"width\":2208,\"height\":500,\"caption\":\"Anber\"},\"image\":{\"@id\":\"https:\/\/anber.es\/web\/#\/schema\/logo\/image\/\"}}]}<\/script>\n<!-- \/ Yoast SEO plugin. -->","yoast_head_json":{"title":"Alarma mec\u00e1nica sprinkler modelo C - Anber","description":"La alarma mec\u00e1nica Sprinkler modelo C debe ubicarse lo m\u00e1s cerca que sea de la v\u00e1lvula de alarma h\u00fameda, seca o de diluvio.","robots":{"index":"index","follow":"follow","max-snippet":"max-snippet:-1","max-image-preview":"max-image-preview:large","max-video-preview":"max-video-preview:-1"},"canonical":"https:\/\/anber.es\/web\/producto\/alarma-mecanica-sprinkler-modelo-c\/","og_locale":"es_ES","og_type":"article","og_title":"Alarma mec\u00e1nica sprinkler modelo C - Anber","og_description":"La alarma mec\u00e1nica Sprinkler modelo C debe ubicarse lo m\u00e1s cerca que sea de la v\u00e1lvula de alarma h\u00fameda, seca o de diluvio.","og_url":"https:\/\/anber.es\/web\/producto\/alarma-mecanica-sprinkler-modelo-c\/","og_site_name":"Anber","article_modified_time":"2022-08-31T11:30:43+00:00","og_image":[{"width":1000,"height":1000,"url":"https:\/\/anber.es\/web\/wp-content\/uploads\/2022\/01\/alarma_mecanica_rociadores_modelo_C.png","type":"image\/png"}],"twitter_card":"summary_large_image","twitter_misc":{"Tiempo de lectura":"1 minuto"},"schema":{"@context":"https:\/\/schema.org","@graph":[{"@type":"WebPage","@id":"https:\/\/anber.es\/web\/producto\/alarma-mecanica-sprinkler-modelo-c\/","url":"https:\/\/anber.es\/web\/producto\/alarma-mecanica-sprinkler-modelo-c\/","name":"Alarma mec\u00e1nica sprinkler modelo C - Anber","isPartOf":{"@id":"https:\/\/anber.es\/web\/#website"},"datePublished":"2020-12-14T09:07:57+00:00","dateModified":"2022-08-31T11:30:43+00:00","description":"La alarma mec\u00e1nica Sprinkler modelo C debe ubicarse lo m\u00e1s cerca que sea de la v\u00e1lvula de alarma h\u00fameda, seca o de diluvio.","breadcrumb":{"@id":"https:\/\/anber.es\/web\/producto\/alarma-mecanica-sprinkler-modelo-c\/#breadcrumb"},"inLanguage":"es","potentialAction":[{"@type":"ReadAction","target":["https:\/\/anber.es\/web\/producto\/alarma-mecanica-sprinkler-modelo-c\/"]}]},{"@type":"BreadcrumbList","@id":"https:\/\/anber.es\/web\/producto\/alarma-mecanica-sprinkler-modelo-c\/#breadcrumb","itemListElement":[{"@type":"ListItem","position":1,"name":"Portada","item":"https:\/\/anber.es\/web\/"},{"@type":"ListItem","position":2,"name":"Productos","item":"https:\/\/anber.es\/web\/productos\/"},{"@type":"ListItem","position":3,"name":"Alarma mec\u00e1nica sprinkler modelo C"}]},{"@type":"WebSite","@id":"https:\/\/anber.es\/web\/#website","url":"https:\/\/anber.es\/web\/","name":"Anber","description":"Sistemas de protecci\u00f3n contra incendios","publisher":{"@id":"https:\/\/anber.es\/web\/#organization"},"potentialAction":[{"@type":"SearchAction","target":{"@type":"EntryPoint","urlTemplate":"https:\/\/anber.es\/web\/?s={search_term_string}"},"query-input":"required name=search_term_string"}],"inLanguage":"es"},{"@type":"Organization","@id":"https:\/\/anber.es\/web\/#organization","name":"Anber","url":"https:\/\/anber.es\/web\/","logo":{"@type":"ImageObject","inLanguage":"es","@id":"https:\/\/anber.es\/web\/#\/schema\/logo\/image\/","url":"https:\/\/anber.es\/web\/wp-content\/uploads\/2021\/03\/logo-anber.png","contentUrl":"https:\/\/anber.es\/web\/wp-content\/uploads\/2021\/03\/logo-anber.png","width":2208,"height":500,"caption":"Anber"},"image":{"@id":"https:\/\/anber.es\/web\/#\/schema\/logo\/image\/"}}]}},"_links":{"self":[{"href":"https:\/\/anber.es\/web\/wp-json\/wp\/v2\/product\/1230"}],"collection":[{"href":"https:\/\/anber.es\/web\/wp-json\/wp\/v2\/product"}],"about":[{"href":"https:\/\/anber.es\/web\/wp-json\/wp\/v2\/types\/product"}],"wp:featuredmedia":[{"embeddable":true,"href":"https:\/\/anber.es\/web\/wp-json\/wp\/v2\/media\/6569"}],"wp:attachment":[{"href":"https:\/\/anber.es\/web\/wp-json\/wp\/v2\/media?parent=1230"}],"wp:term":[{"taxonomy":"product_cat","embeddable":true,"href":"https:\/\/anber.es\/web\/wp-json\/wp\/v2\/product_cat?post=1230"},{"taxonomy":"product_tag","embeddable":true,"href":"https:\/\/anber.es\/web\/wp-json\/wp\/v2\/product_tag?post=1230"}],"curies":[{"name":"wp","href":"https:\/\/api.w.org\/{rel}","templated":true}]}}