{"id":1245,"date":"2020-12-14T12:22:01","date_gmt":"2020-12-14T10:22:01","guid":{"rendered":"http:\/\/anber.es\/web\/?post_type=product&#038;p=1245"},"modified":"2025-03-07T13:18:58","modified_gmt":"2025-03-07T11:18:58","slug":"firewall-central-detencion-de-incendios","status":"publish","type":"product","link":"https:\/\/anber.es\/web\/producto\/firewall-central-detencion-de-incendios\/","title":{"rendered":"Firewall central detenci\u00f3n de incendios"},"content":{"rendered":"<p>El <strong>firewall de detecci\u00f3n de incendios<\/strong>  procesa 2, 4 u 8 zonas y dispone de la funci\u00f3n &#8216;Modo D\u00eda&#8217; que permite evitar falsas alarmas. El firewall tiene una <b>interfaz sencilla e intuitiva<\/b>, con el c\u00f3digo de acceso o llave para montaje empotrado o de superficie. <\/p>\n<p>Dispone de salidas auxiliares por zona y hasta 2 salidas de rel\u00e9s programables. <\/p>\n<p>Potencia de salida de 24 V CC suministros de hasta 500 mA y salida de sirena de hasta 500 mA. <\/p>\n<p>Alimentada por UNA \u00daNICA BATER\u00cdA de 12 V CC \/ 7 Ah. <\/p>\n<p>Certificada: <b>EN54-2\/-4 (CPR)<\/b>. <\/p>\n<p>Tama\u00f1o: 255 x 93 x 360 mm.<\/p>\n<p>Referencia: DCNFW.<\/p>\n<p><a href=\"\/web\/wp-content\/uploads\/2025\/03\/Ficha_tecnica-firewall_central_de_incendios.pdf\" target=\"_blank\" rel=\"noopener noreferrer\"><button>Descarga ficha<\/button><\/a><br \/>\n<a class=\"insta-link\" href=\"https:\/\/www.instagram.com\/aqlproteccion\/?hl=es\" target=\"_blank\" rel=\"noopener noreferrer\">Instagram<\/a><\/p>\n","protected":false},"excerpt":{"rendered":"<p>El firewall de detecci\u00f3n de incendios procesa 2, 4 u 8 zonas dispone de funci\u00f3n &#8216;Modo D\u00eda&#8217; que permite evitar falsas alarmas.<\/p>\n","protected":false},"featured_media":9917,"template":"","meta":[],"product_cat":[148,49,23],"product_tag":[215],"yoast_head":"<!-- This site is optimized with the Yoast SEO plugin v22.1 - https:\/\/yoast.com\/wordpress\/plugins\/seo\/ -->\n<title>Firewall central detenci\u00f3n de incendios - Anber<\/title>\n<meta name=\"description\" content=\"El firewall de detecci\u00f3n de incendios procesa 2, 4 u 8 zonas dispone de funci\u00f3n &#039;Modo D\u00eda&#039; que permite evitar falsas alarmas.\" \/>\n<meta name=\"robots\" content=\"index, follow, max-snippet:-1, max-image-preview:large, max-video-preview:-1\" \/>\n<link rel=\"canonical\" href=\"https:\/\/anber.es\/web\/producto\/firewall-central-detencion-de-incendios\/\" \/>\n<meta property=\"og:locale\" content=\"es_ES\" \/>\n<meta property=\"og:type\" content=\"article\" \/>\n<meta property=\"og:title\" content=\"Firewall central detenci\u00f3n de incendios - Anber\" \/>\n<meta property=\"og:description\" content=\"El firewall de detecci\u00f3n de incendios procesa 2, 4 u 8 zonas dispone de funci\u00f3n &#039;Modo D\u00eda&#039; que permite evitar falsas alarmas.\" \/>\n<meta property=\"og:url\" content=\"https:\/\/anber.es\/web\/producto\/firewall-central-detencion-de-incendios\/\" \/>\n<meta property=\"og:site_name\" content=\"Anber\" \/>\n<meta property=\"article:modified_time\" content=\"2025-03-07T11:18:58+00:00\" \/>\n<meta property=\"og:image\" content=\"https:\/\/anber.es\/web\/wp-content\/uploads\/2025\/03\/central_convencional_Firewall.webp\" \/>\n\t<meta property=\"og:image:width\" content=\"1000\" \/>\n\t<meta property=\"og:image:height\" content=\"1000\" \/>\n\t<meta property=\"og:image:type\" content=\"image\/webp\" \/>\n<meta name=\"twitter:card\" content=\"summary_large_image\" \/>\n<meta name=\"twitter:label1\" content=\"Tiempo de lectura\" \/>\n\t<meta name=\"twitter:data1\" content=\"1 minuto\" \/>\n<script type=\"application\/ld+json\" class=\"yoast-schema-graph\">{\"@context\":\"https:\/\/schema.org\",\"@graph\":[{\"@type\":\"WebPage\",\"@id\":\"https:\/\/anber.es\/web\/producto\/firewall-central-detencion-de-incendios\/\",\"url\":\"https:\/\/anber.es\/web\/producto\/firewall-central-detencion-de-incendios\/\",\"name\":\"Firewall central detenci\u00f3n de incendios - Anber\",\"isPartOf\":{\"@id\":\"https:\/\/anber.es\/web\/#website\"},\"datePublished\":\"2020-12-14T10:22:01+00:00\",\"dateModified\":\"2025-03-07T11:18:58+00:00\",\"description\":\"El firewall de detecci\u00f3n de incendios procesa 2, 4 u 8 zonas dispone de funci\u00f3n 'Modo D\u00eda' que permite evitar falsas alarmas.\",\"breadcrumb\":{\"@id\":\"https:\/\/anber.es\/web\/producto\/firewall-central-detencion-de-incendios\/#breadcrumb\"},\"inLanguage\":\"es\",\"potentialAction\":[{\"@type\":\"ReadAction\",\"target\":[\"https:\/\/anber.es\/web\/producto\/firewall-central-detencion-de-incendios\/\"]}]},{\"@type\":\"BreadcrumbList\",\"@id\":\"https:\/\/anber.es\/web\/producto\/firewall-central-detencion-de-incendios\/#breadcrumb\",\"itemListElement\":[{\"@type\":\"ListItem\",\"position\":1,\"name\":\"Portada\",\"item\":\"https:\/\/anber.es\/web\/\"},{\"@type\":\"ListItem\",\"position\":2,\"name\":\"Productos\",\"item\":\"https:\/\/anber.es\/web\/productos\/\"},{\"@type\":\"ListItem\",\"position\":3,\"name\":\"Firewall central detenci\u00f3n de incendios\"}]},{\"@type\":\"WebSite\",\"@id\":\"https:\/\/anber.es\/web\/#website\",\"url\":\"https:\/\/anber.es\/web\/\",\"name\":\"Anber\",\"description\":\"Sistemas de protecci\u00f3n contra incendios\",\"publisher\":{\"@id\":\"https:\/\/anber.es\/web\/#organization\"},\"potentialAction\":[{\"@type\":\"SearchAction\",\"target\":{\"@type\":\"EntryPoint\",\"urlTemplate\":\"https:\/\/anber.es\/web\/?s={search_term_string}\"},\"query-input\":\"required name=search_term_string\"}],\"inLanguage\":\"es\"},{\"@type\":\"Organization\",\"@id\":\"https:\/\/anber.es\/web\/#organization\",\"name\":\"Anber\",\"url\":\"https:\/\/anber.es\/web\/\",\"logo\":{\"@type\":\"ImageObject\",\"inLanguage\":\"es\",\"@id\":\"https:\/\/anber.es\/web\/#\/schema\/logo\/image\/\",\"url\":\"https:\/\/anber.es\/web\/wp-content\/uploads\/2021\/03\/logo-anber.png\",\"contentUrl\":\"https:\/\/anber.es\/web\/wp-content\/uploads\/2021\/03\/logo-anber.png\",\"width\":2208,\"height\":500,\"caption\":\"Anber\"},\"image\":{\"@id\":\"https:\/\/anber.es\/web\/#\/schema\/logo\/image\/\"}}]}<\/script>\n<!-- \/ Yoast SEO plugin. -->","yoast_head_json":{"title":"Firewall central detenci\u00f3n de incendios - Anber","description":"El firewall de detecci\u00f3n de incendios procesa 2, 4 u 8 zonas dispone de funci\u00f3n 'Modo D\u00eda' que permite evitar falsas alarmas.","robots":{"index":"index","follow":"follow","max-snippet":"max-snippet:-1","max-image-preview":"max-image-preview:large","max-video-preview":"max-video-preview:-1"},"canonical":"https:\/\/anber.es\/web\/producto\/firewall-central-detencion-de-incendios\/","og_locale":"es_ES","og_type":"article","og_title":"Firewall central detenci\u00f3n de incendios - Anber","og_description":"El firewall de detecci\u00f3n de incendios procesa 2, 4 u 8 zonas dispone de funci\u00f3n 'Modo D\u00eda' que permite evitar falsas alarmas.","og_url":"https:\/\/anber.es\/web\/producto\/firewall-central-detencion-de-incendios\/","og_site_name":"Anber","article_modified_time":"2025-03-07T11:18:58+00:00","og_image":[{"width":1000,"height":1000,"url":"https:\/\/anber.es\/web\/wp-content\/uploads\/2025\/03\/central_convencional_Firewall.webp","type":"image\/webp"}],"twitter_card":"summary_large_image","twitter_misc":{"Tiempo de lectura":"1 minuto"},"schema":{"@context":"https:\/\/schema.org","@graph":[{"@type":"WebPage","@id":"https:\/\/anber.es\/web\/producto\/firewall-central-detencion-de-incendios\/","url":"https:\/\/anber.es\/web\/producto\/firewall-central-detencion-de-incendios\/","name":"Firewall central detenci\u00f3n de incendios - Anber","isPartOf":{"@id":"https:\/\/anber.es\/web\/#website"},"datePublished":"2020-12-14T10:22:01+00:00","dateModified":"2025-03-07T11:18:58+00:00","description":"El firewall de detecci\u00f3n de incendios procesa 2, 4 u 8 zonas dispone de funci\u00f3n 'Modo D\u00eda' que permite evitar falsas alarmas.","breadcrumb":{"@id":"https:\/\/anber.es\/web\/producto\/firewall-central-detencion-de-incendios\/#breadcrumb"},"inLanguage":"es","potentialAction":[{"@type":"ReadAction","target":["https:\/\/anber.es\/web\/producto\/firewall-central-detencion-de-incendios\/"]}]},{"@type":"BreadcrumbList","@id":"https:\/\/anber.es\/web\/producto\/firewall-central-detencion-de-incendios\/#breadcrumb","itemListElement":[{"@type":"ListItem","position":1,"name":"Portada","item":"https:\/\/anber.es\/web\/"},{"@type":"ListItem","position":2,"name":"Productos","item":"https:\/\/anber.es\/web\/productos\/"},{"@type":"ListItem","position":3,"name":"Firewall central detenci\u00f3n de incendios"}]},{"@type":"WebSite","@id":"https:\/\/anber.es\/web\/#website","url":"https:\/\/anber.es\/web\/","name":"Anber","description":"Sistemas de protecci\u00f3n contra incendios","publisher":{"@id":"https:\/\/anber.es\/web\/#organization"},"potentialAction":[{"@type":"SearchAction","target":{"@type":"EntryPoint","urlTemplate":"https:\/\/anber.es\/web\/?s={search_term_string}"},"query-input":"required name=search_term_string"}],"inLanguage":"es"},{"@type":"Organization","@id":"https:\/\/anber.es\/web\/#organization","name":"Anber","url":"https:\/\/anber.es\/web\/","logo":{"@type":"ImageObject","inLanguage":"es","@id":"https:\/\/anber.es\/web\/#\/schema\/logo\/image\/","url":"https:\/\/anber.es\/web\/wp-content\/uploads\/2021\/03\/logo-anber.png","contentUrl":"https:\/\/anber.es\/web\/wp-content\/uploads\/2021\/03\/logo-anber.png","width":2208,"height":500,"caption":"Anber"},"image":{"@id":"https:\/\/anber.es\/web\/#\/schema\/logo\/image\/"}}]}},"_links":{"self":[{"href":"https:\/\/anber.es\/web\/wp-json\/wp\/v2\/product\/1245"}],"collection":[{"href":"https:\/\/anber.es\/web\/wp-json\/wp\/v2\/product"}],"about":[{"href":"https:\/\/anber.es\/web\/wp-json\/wp\/v2\/types\/product"}],"wp:featuredmedia":[{"embeddable":true,"href":"https:\/\/anber.es\/web\/wp-json\/wp\/v2\/media\/9917"}],"wp:attachment":[{"href":"https:\/\/anber.es\/web\/wp-json\/wp\/v2\/media?parent=1245"}],"wp:term":[{"taxonomy":"product_cat","embeddable":true,"href":"https:\/\/anber.es\/web\/wp-json\/wp\/v2\/product_cat?post=1245"},{"taxonomy":"product_tag","embeddable":true,"href":"https:\/\/anber.es\/web\/wp-json\/wp\/v2\/product_tag?post=1245"}],"curies":[{"name":"wp","href":"https:\/\/api.w.org\/{rel}","templated":true}]}}