{"id":1257,"date":"2020-12-14T14:15:42","date_gmt":"2020-12-14T12:15:42","guid":{"rendered":"http:\/\/anber.es\/web\/?post_type=product&#038;p=1257"},"modified":"2025-01-15T13:02:29","modified_gmt":"2025-01-15T11:02:29","slug":"central-de-deteccion-de-monoxido-de-carbono","status":"publish","type":"product","link":"https:\/\/anber.es\/web\/producto\/central-de-deteccion-de-monoxido-de-carbono\/","title":{"rendered":"Central de detecci\u00f3n de mon\u00f3xido de carbono"},"content":{"rendered":"<p><strong>Central de detecci\u00f3n de mon\u00f3xido de carbono<\/strong> con varios m\u00f3dulos de zona (de 1 a 5 m\u00f3dulos). Se usan para control de ventilaci\u00f3n de aparcamientos y garajes.<br \/>\nAporta estabilidad y exactitud en la detecci\u00f3n mediante una sonda electroqu\u00edmica. <\/p>\n<p>Adem\u00e1s, incorpora la \u00faltima tecnolog\u00eda para obtener la <b>mayor eficiencia y mejorar el ahorro energ\u00e9tico<\/b>.<\/p>\n<p>Tiene una <b>instalaci\u00f3n sencilla<\/b> mediante 2 hilos sin polaridad.<br \/>\nSe pueden instalar <b>hasta 16 detectores direccionables por zona<\/b>. <\/p>\n<p>Certificado UNE-23300-84. <\/p>\n<p>Referencia: DCCOM.<\/p>\n<p><a href=\"\/web\/wp-content\/uploads\/2025\/01\/Ficha_tecnica-central_de_monoxido_de_carbono.pdf\" target=\"_blank\" rel=\"noopener noreferrer\"><button>Descarga ficha<\/button><\/a><br \/>\n<a class=\"insta-link\" href=\"https:\/\/www.instagram.com\/aqlproteccion\/?hl=es\" target=\"_blank\" rel=\"noopener noreferrer\">Instagram<\/a><\/p>\n","protected":false},"excerpt":{"rendered":"<p>Central de detecci\u00f3n de mon\u00f3xido de carbono para el control de ventilaci\u00f3n de aparcamientos y garajes, aporta la estabilidad y exactitud.<\/p>\n","protected":false},"featured_media":8527,"template":"","meta":[],"product_cat":[152,50,23],"product_tag":[215],"yoast_head":"<!-- This site is optimized with the Yoast SEO plugin v22.1 - https:\/\/yoast.com\/wordpress\/plugins\/seo\/ -->\n<title>Central de detecci\u00f3n de mon\u00f3xido de carbono - Anber<\/title>\n<meta name=\"description\" content=\"Central de detecci\u00f3n de mon\u00f3xido de carbono para el control de ventilaci\u00f3n de aparcamientos y garajes, aporta la estabilidad y exactitud.\" \/>\n<meta name=\"robots\" content=\"index, follow, max-snippet:-1, max-image-preview:large, max-video-preview:-1\" \/>\n<link rel=\"canonical\" href=\"https:\/\/anber.es\/web\/producto\/central-de-deteccion-de-monoxido-de-carbono\/\" \/>\n<meta property=\"og:locale\" content=\"es_ES\" \/>\n<meta property=\"og:type\" content=\"article\" \/>\n<meta property=\"og:title\" content=\"Central de detecci\u00f3n de mon\u00f3xido de carbono - Anber\" \/>\n<meta property=\"og:description\" content=\"Central de detecci\u00f3n de mon\u00f3xido de carbono para el control de ventilaci\u00f3n de aparcamientos y garajes, aporta la estabilidad y exactitud.\" \/>\n<meta property=\"og:url\" content=\"https:\/\/anber.es\/web\/producto\/central-de-deteccion-de-monoxido-de-carbono\/\" \/>\n<meta property=\"og:site_name\" content=\"Anber\" \/>\n<meta property=\"article:modified_time\" content=\"2025-01-15T11:02:29+00:00\" \/>\n<meta property=\"og:image\" content=\"https:\/\/anber.es\/web\/wp-content\/uploads\/2023\/06\/central_de_deteccion_monoxido_de_carbono.webp\" \/>\n\t<meta property=\"og:image:width\" content=\"1000\" \/>\n\t<meta property=\"og:image:height\" content=\"1000\" \/>\n\t<meta property=\"og:image:type\" content=\"image\/webp\" \/>\n<meta name=\"twitter:card\" content=\"summary_large_image\" \/>\n<meta name=\"twitter:label1\" content=\"Tiempo de lectura\" \/>\n\t<meta name=\"twitter:data1\" content=\"1 minuto\" \/>\n<script type=\"application\/ld+json\" class=\"yoast-schema-graph\">{\"@context\":\"https:\/\/schema.org\",\"@graph\":[{\"@type\":\"WebPage\",\"@id\":\"https:\/\/anber.es\/web\/producto\/central-de-deteccion-de-monoxido-de-carbono\/\",\"url\":\"https:\/\/anber.es\/web\/producto\/central-de-deteccion-de-monoxido-de-carbono\/\",\"name\":\"Central de detecci\u00f3n de mon\u00f3xido de carbono - Anber\",\"isPartOf\":{\"@id\":\"https:\/\/anber.es\/web\/#website\"},\"datePublished\":\"2020-12-14T12:15:42+00:00\",\"dateModified\":\"2025-01-15T11:02:29+00:00\",\"description\":\"Central de detecci\u00f3n de mon\u00f3xido de carbono para el control de ventilaci\u00f3n de aparcamientos y garajes, aporta la estabilidad y exactitud.\",\"breadcrumb\":{\"@id\":\"https:\/\/anber.es\/web\/producto\/central-de-deteccion-de-monoxido-de-carbono\/#breadcrumb\"},\"inLanguage\":\"es\",\"potentialAction\":[{\"@type\":\"ReadAction\",\"target\":[\"https:\/\/anber.es\/web\/producto\/central-de-deteccion-de-monoxido-de-carbono\/\"]}]},{\"@type\":\"BreadcrumbList\",\"@id\":\"https:\/\/anber.es\/web\/producto\/central-de-deteccion-de-monoxido-de-carbono\/#breadcrumb\",\"itemListElement\":[{\"@type\":\"ListItem\",\"position\":1,\"name\":\"Portada\",\"item\":\"https:\/\/anber.es\/web\/\"},{\"@type\":\"ListItem\",\"position\":2,\"name\":\"Productos\",\"item\":\"https:\/\/anber.es\/web\/productos\/\"},{\"@type\":\"ListItem\",\"position\":3,\"name\":\"Central de detecci\u00f3n de mon\u00f3xido de carbono\"}]},{\"@type\":\"WebSite\",\"@id\":\"https:\/\/anber.es\/web\/#website\",\"url\":\"https:\/\/anber.es\/web\/\",\"name\":\"Anber\",\"description\":\"Sistemas de protecci\u00f3n contra incendios\",\"publisher\":{\"@id\":\"https:\/\/anber.es\/web\/#organization\"},\"potentialAction\":[{\"@type\":\"SearchAction\",\"target\":{\"@type\":\"EntryPoint\",\"urlTemplate\":\"https:\/\/anber.es\/web\/?s={search_term_string}\"},\"query-input\":\"required name=search_term_string\"}],\"inLanguage\":\"es\"},{\"@type\":\"Organization\",\"@id\":\"https:\/\/anber.es\/web\/#organization\",\"name\":\"Anber\",\"url\":\"https:\/\/anber.es\/web\/\",\"logo\":{\"@type\":\"ImageObject\",\"inLanguage\":\"es\",\"@id\":\"https:\/\/anber.es\/web\/#\/schema\/logo\/image\/\",\"url\":\"https:\/\/anber.es\/web\/wp-content\/uploads\/2021\/03\/logo-anber.png\",\"contentUrl\":\"https:\/\/anber.es\/web\/wp-content\/uploads\/2021\/03\/logo-anber.png\",\"width\":2208,\"height\":500,\"caption\":\"Anber\"},\"image\":{\"@id\":\"https:\/\/anber.es\/web\/#\/schema\/logo\/image\/\"}}]}<\/script>\n<!-- \/ Yoast SEO plugin. -->","yoast_head_json":{"title":"Central de detecci\u00f3n de mon\u00f3xido de carbono - Anber","description":"Central de detecci\u00f3n de mon\u00f3xido de carbono para el control de ventilaci\u00f3n de aparcamientos y garajes, aporta la estabilidad y exactitud.","robots":{"index":"index","follow":"follow","max-snippet":"max-snippet:-1","max-image-preview":"max-image-preview:large","max-video-preview":"max-video-preview:-1"},"canonical":"https:\/\/anber.es\/web\/producto\/central-de-deteccion-de-monoxido-de-carbono\/","og_locale":"es_ES","og_type":"article","og_title":"Central de detecci\u00f3n de mon\u00f3xido de carbono - Anber","og_description":"Central de detecci\u00f3n de mon\u00f3xido de carbono para el control de ventilaci\u00f3n de aparcamientos y garajes, aporta la estabilidad y exactitud.","og_url":"https:\/\/anber.es\/web\/producto\/central-de-deteccion-de-monoxido-de-carbono\/","og_site_name":"Anber","article_modified_time":"2025-01-15T11:02:29+00:00","og_image":[{"width":1000,"height":1000,"url":"https:\/\/anber.es\/web\/wp-content\/uploads\/2023\/06\/central_de_deteccion_monoxido_de_carbono.webp","type":"image\/webp"}],"twitter_card":"summary_large_image","twitter_misc":{"Tiempo de lectura":"1 minuto"},"schema":{"@context":"https:\/\/schema.org","@graph":[{"@type":"WebPage","@id":"https:\/\/anber.es\/web\/producto\/central-de-deteccion-de-monoxido-de-carbono\/","url":"https:\/\/anber.es\/web\/producto\/central-de-deteccion-de-monoxido-de-carbono\/","name":"Central de detecci\u00f3n de mon\u00f3xido de carbono - Anber","isPartOf":{"@id":"https:\/\/anber.es\/web\/#website"},"datePublished":"2020-12-14T12:15:42+00:00","dateModified":"2025-01-15T11:02:29+00:00","description":"Central de detecci\u00f3n de mon\u00f3xido de carbono para el control de ventilaci\u00f3n de aparcamientos y garajes, aporta la estabilidad y exactitud.","breadcrumb":{"@id":"https:\/\/anber.es\/web\/producto\/central-de-deteccion-de-monoxido-de-carbono\/#breadcrumb"},"inLanguage":"es","potentialAction":[{"@type":"ReadAction","target":["https:\/\/anber.es\/web\/producto\/central-de-deteccion-de-monoxido-de-carbono\/"]}]},{"@type":"BreadcrumbList","@id":"https:\/\/anber.es\/web\/producto\/central-de-deteccion-de-monoxido-de-carbono\/#breadcrumb","itemListElement":[{"@type":"ListItem","position":1,"name":"Portada","item":"https:\/\/anber.es\/web\/"},{"@type":"ListItem","position":2,"name":"Productos","item":"https:\/\/anber.es\/web\/productos\/"},{"@type":"ListItem","position":3,"name":"Central de detecci\u00f3n de mon\u00f3xido de carbono"}]},{"@type":"WebSite","@id":"https:\/\/anber.es\/web\/#website","url":"https:\/\/anber.es\/web\/","name":"Anber","description":"Sistemas de protecci\u00f3n contra incendios","publisher":{"@id":"https:\/\/anber.es\/web\/#organization"},"potentialAction":[{"@type":"SearchAction","target":{"@type":"EntryPoint","urlTemplate":"https:\/\/anber.es\/web\/?s={search_term_string}"},"query-input":"required name=search_term_string"}],"inLanguage":"es"},{"@type":"Organization","@id":"https:\/\/anber.es\/web\/#organization","name":"Anber","url":"https:\/\/anber.es\/web\/","logo":{"@type":"ImageObject","inLanguage":"es","@id":"https:\/\/anber.es\/web\/#\/schema\/logo\/image\/","url":"https:\/\/anber.es\/web\/wp-content\/uploads\/2021\/03\/logo-anber.png","contentUrl":"https:\/\/anber.es\/web\/wp-content\/uploads\/2021\/03\/logo-anber.png","width":2208,"height":500,"caption":"Anber"},"image":{"@id":"https:\/\/anber.es\/web\/#\/schema\/logo\/image\/"}}]}},"_links":{"self":[{"href":"https:\/\/anber.es\/web\/wp-json\/wp\/v2\/product\/1257"}],"collection":[{"href":"https:\/\/anber.es\/web\/wp-json\/wp\/v2\/product"}],"about":[{"href":"https:\/\/anber.es\/web\/wp-json\/wp\/v2\/types\/product"}],"wp:featuredmedia":[{"embeddable":true,"href":"https:\/\/anber.es\/web\/wp-json\/wp\/v2\/media\/8527"}],"wp:attachment":[{"href":"https:\/\/anber.es\/web\/wp-json\/wp\/v2\/media?parent=1257"}],"wp:term":[{"taxonomy":"product_cat","embeddable":true,"href":"https:\/\/anber.es\/web\/wp-json\/wp\/v2\/product_cat?post=1257"},{"taxonomy":"product_tag","embeddable":true,"href":"https:\/\/anber.es\/web\/wp-json\/wp\/v2\/product_tag?post=1257"}],"curies":[{"name":"wp","href":"https:\/\/api.w.org\/{rel}","templated":true}]}}