{"id":1265,"date":"2020-12-14T16:31:46","date_gmt":"2020-12-14T14:31:46","guid":{"rendered":"http:\/\/anber.es\/web\/?post_type=product&#038;p=1265"},"modified":"2025-03-06T10:27:07","modified_gmt":"2025-03-06T08:27:07","slug":"detector-de-calor-hnc310","status":"publish","type":"product","link":"https:\/\/anber.es\/web\/producto\/detector-de-calor-hnc310\/","title":{"rendered":"Detector de calor HNC310"},"content":{"rendered":"<p>El <strong>detector de calor HNC310<\/strong> est\u00e1 indicado para la conexi\u00f3n a equipos de control y se\u00f1alizaci\u00f3n de detecci\u00f3n de incendios convencionales de 2 y 4 hilos, o para equipos de control y se\u00f1alizaci\u00f3n de detecci\u00f3n de incendios anal\u00f3gicos que pueden aceptar detectores de tipo convencional.<\/p>\n<p>Un sensor t\u00e9rmico electr\u00f3nico proporciona una se\u00f1al de alarma cuando se excede el valor del umbral de temperatura programado  y en el incremento de temperatura en funci\u00f3n del tiempo.<br \/>\nEl <strong>detector de calor HNC310<\/strong> est\u00e1 indicado para  aplicaciones donde los detectores \u00f3pticos de humo o multisensor pueden no ser adecuados debido a las condiciones ambientales.<\/p>\n<p>Sensor duradero. No es necesario su ajuste o sustituci\u00f3n.<\/p>\n<p>Doble led para una visi\u00f3n de 360\u00ba.<\/p>\n<p>Disponible en modelos de 12 y 24V.<\/p>\n<p>Referencia: DTHNC310HL.<\/p>\n<p><a href=\"\/web\/wp-content\/uploads\/2025\/03\/Ficha_tecnica-detector_de_calor_HNC310.pdf\" target=\"_blank\" rel=\"noopener noreferrer\"><button>Descarga ficha<\/button><\/a><br \/>\n<a class=\"insta-link\" href=\"https:\/\/www.instagram.com\/aqlproteccion\/?hl=es\" target=\"_blank\" rel=\"noopener noreferrer\">Instagram<\/a><\/p>\n","protected":false},"excerpt":{"rendered":"<p>El detector de calor HNC310 est\u00e1 indicado para la conexi\u00f3n a equipos de control y se\u00f1alizaci\u00f3n de detecci\u00f3n de incendios.<\/p>\n","protected":false},"featured_media":9915,"template":"","meta":[],"product_cat":[49,149,23],"product_tag":[215],"yoast_head":"<!-- This site is optimized with the Yoast SEO plugin v22.1 - https:\/\/yoast.com\/wordpress\/plugins\/seo\/ -->\n<title>Detector de calor HNC310 - Anber<\/title>\n<meta name=\"description\" content=\"El detector de calor HNC310 est\u00e1 indicado para la conexi\u00f3n a equipos de control y se\u00f1alizaci\u00f3n de detecci\u00f3n de incendios.\" \/>\n<meta name=\"robots\" content=\"index, follow, max-snippet:-1, max-image-preview:large, max-video-preview:-1\" \/>\n<link rel=\"canonical\" href=\"https:\/\/anber.es\/web\/producto\/detector-de-calor-hnc310\/\" \/>\n<meta property=\"og:locale\" content=\"es_ES\" \/>\n<meta property=\"og:type\" content=\"article\" \/>\n<meta property=\"og:title\" content=\"Detector de calor HNC310 - Anber\" \/>\n<meta property=\"og:description\" content=\"El detector de calor HNC310 est\u00e1 indicado para la conexi\u00f3n a equipos de control y se\u00f1alizaci\u00f3n de detecci\u00f3n de incendios.\" \/>\n<meta property=\"og:url\" content=\"https:\/\/anber.es\/web\/producto\/detector-de-calor-hnc310\/\" \/>\n<meta property=\"og:site_name\" content=\"Anber\" \/>\n<meta property=\"article:modified_time\" content=\"2025-03-06T08:27:07+00:00\" \/>\n<meta property=\"og:image\" content=\"https:\/\/anber.es\/web\/wp-content\/uploads\/2025\/03\/detector_de_calor_HNC310.webp\" \/>\n\t<meta property=\"og:image:width\" content=\"1000\" \/>\n\t<meta property=\"og:image:height\" content=\"1000\" \/>\n\t<meta property=\"og:image:type\" content=\"image\/webp\" \/>\n<meta name=\"twitter:card\" content=\"summary_large_image\" \/>\n<meta name=\"twitter:label1\" content=\"Tiempo de lectura\" \/>\n\t<meta name=\"twitter:data1\" content=\"1 minuto\" \/>\n<script type=\"application\/ld+json\" class=\"yoast-schema-graph\">{\"@context\":\"https:\/\/schema.org\",\"@graph\":[{\"@type\":\"WebPage\",\"@id\":\"https:\/\/anber.es\/web\/producto\/detector-de-calor-hnc310\/\",\"url\":\"https:\/\/anber.es\/web\/producto\/detector-de-calor-hnc310\/\",\"name\":\"Detector de calor HNC310 - Anber\",\"isPartOf\":{\"@id\":\"https:\/\/anber.es\/web\/#website\"},\"datePublished\":\"2020-12-14T14:31:46+00:00\",\"dateModified\":\"2025-03-06T08:27:07+00:00\",\"description\":\"El detector de calor HNC310 est\u00e1 indicado para la conexi\u00f3n a equipos de control y se\u00f1alizaci\u00f3n de detecci\u00f3n de incendios.\",\"breadcrumb\":{\"@id\":\"https:\/\/anber.es\/web\/producto\/detector-de-calor-hnc310\/#breadcrumb\"},\"inLanguage\":\"es\",\"potentialAction\":[{\"@type\":\"ReadAction\",\"target\":[\"https:\/\/anber.es\/web\/producto\/detector-de-calor-hnc310\/\"]}]},{\"@type\":\"BreadcrumbList\",\"@id\":\"https:\/\/anber.es\/web\/producto\/detector-de-calor-hnc310\/#breadcrumb\",\"itemListElement\":[{\"@type\":\"ListItem\",\"position\":1,\"name\":\"Portada\",\"item\":\"https:\/\/anber.es\/web\/\"},{\"@type\":\"ListItem\",\"position\":2,\"name\":\"Productos\",\"item\":\"https:\/\/anber.es\/web\/productos\/\"},{\"@type\":\"ListItem\",\"position\":3,\"name\":\"Detector de calor HNC310\"}]},{\"@type\":\"WebSite\",\"@id\":\"https:\/\/anber.es\/web\/#website\",\"url\":\"https:\/\/anber.es\/web\/\",\"name\":\"Anber\",\"description\":\"Sistemas de protecci\u00f3n contra incendios\",\"publisher\":{\"@id\":\"https:\/\/anber.es\/web\/#organization\"},\"potentialAction\":[{\"@type\":\"SearchAction\",\"target\":{\"@type\":\"EntryPoint\",\"urlTemplate\":\"https:\/\/anber.es\/web\/?s={search_term_string}\"},\"query-input\":\"required name=search_term_string\"}],\"inLanguage\":\"es\"},{\"@type\":\"Organization\",\"@id\":\"https:\/\/anber.es\/web\/#organization\",\"name\":\"Anber\",\"url\":\"https:\/\/anber.es\/web\/\",\"logo\":{\"@type\":\"ImageObject\",\"inLanguage\":\"es\",\"@id\":\"https:\/\/anber.es\/web\/#\/schema\/logo\/image\/\",\"url\":\"https:\/\/anber.es\/web\/wp-content\/uploads\/2021\/03\/logo-anber.png\",\"contentUrl\":\"https:\/\/anber.es\/web\/wp-content\/uploads\/2021\/03\/logo-anber.png\",\"width\":2208,\"height\":500,\"caption\":\"Anber\"},\"image\":{\"@id\":\"https:\/\/anber.es\/web\/#\/schema\/logo\/image\/\"}}]}<\/script>\n<!-- \/ Yoast SEO plugin. -->","yoast_head_json":{"title":"Detector de calor HNC310 - Anber","description":"El detector de calor HNC310 est\u00e1 indicado para la conexi\u00f3n a equipos de control y se\u00f1alizaci\u00f3n de detecci\u00f3n de incendios.","robots":{"index":"index","follow":"follow","max-snippet":"max-snippet:-1","max-image-preview":"max-image-preview:large","max-video-preview":"max-video-preview:-1"},"canonical":"https:\/\/anber.es\/web\/producto\/detector-de-calor-hnc310\/","og_locale":"es_ES","og_type":"article","og_title":"Detector de calor HNC310 - Anber","og_description":"El detector de calor HNC310 est\u00e1 indicado para la conexi\u00f3n a equipos de control y se\u00f1alizaci\u00f3n de detecci\u00f3n de incendios.","og_url":"https:\/\/anber.es\/web\/producto\/detector-de-calor-hnc310\/","og_site_name":"Anber","article_modified_time":"2025-03-06T08:27:07+00:00","og_image":[{"width":1000,"height":1000,"url":"https:\/\/anber.es\/web\/wp-content\/uploads\/2025\/03\/detector_de_calor_HNC310.webp","type":"image\/webp"}],"twitter_card":"summary_large_image","twitter_misc":{"Tiempo de lectura":"1 minuto"},"schema":{"@context":"https:\/\/schema.org","@graph":[{"@type":"WebPage","@id":"https:\/\/anber.es\/web\/producto\/detector-de-calor-hnc310\/","url":"https:\/\/anber.es\/web\/producto\/detector-de-calor-hnc310\/","name":"Detector de calor HNC310 - Anber","isPartOf":{"@id":"https:\/\/anber.es\/web\/#website"},"datePublished":"2020-12-14T14:31:46+00:00","dateModified":"2025-03-06T08:27:07+00:00","description":"El detector de calor HNC310 est\u00e1 indicado para la conexi\u00f3n a equipos de control y se\u00f1alizaci\u00f3n de detecci\u00f3n de incendios.","breadcrumb":{"@id":"https:\/\/anber.es\/web\/producto\/detector-de-calor-hnc310\/#breadcrumb"},"inLanguage":"es","potentialAction":[{"@type":"ReadAction","target":["https:\/\/anber.es\/web\/producto\/detector-de-calor-hnc310\/"]}]},{"@type":"BreadcrumbList","@id":"https:\/\/anber.es\/web\/producto\/detector-de-calor-hnc310\/#breadcrumb","itemListElement":[{"@type":"ListItem","position":1,"name":"Portada","item":"https:\/\/anber.es\/web\/"},{"@type":"ListItem","position":2,"name":"Productos","item":"https:\/\/anber.es\/web\/productos\/"},{"@type":"ListItem","position":3,"name":"Detector de calor HNC310"}]},{"@type":"WebSite","@id":"https:\/\/anber.es\/web\/#website","url":"https:\/\/anber.es\/web\/","name":"Anber","description":"Sistemas de protecci\u00f3n contra incendios","publisher":{"@id":"https:\/\/anber.es\/web\/#organization"},"potentialAction":[{"@type":"SearchAction","target":{"@type":"EntryPoint","urlTemplate":"https:\/\/anber.es\/web\/?s={search_term_string}"},"query-input":"required name=search_term_string"}],"inLanguage":"es"},{"@type":"Organization","@id":"https:\/\/anber.es\/web\/#organization","name":"Anber","url":"https:\/\/anber.es\/web\/","logo":{"@type":"ImageObject","inLanguage":"es","@id":"https:\/\/anber.es\/web\/#\/schema\/logo\/image\/","url":"https:\/\/anber.es\/web\/wp-content\/uploads\/2021\/03\/logo-anber.png","contentUrl":"https:\/\/anber.es\/web\/wp-content\/uploads\/2021\/03\/logo-anber.png","width":2208,"height":500,"caption":"Anber"},"image":{"@id":"https:\/\/anber.es\/web\/#\/schema\/logo\/image\/"}}]}},"_links":{"self":[{"href":"https:\/\/anber.es\/web\/wp-json\/wp\/v2\/product\/1265"}],"collection":[{"href":"https:\/\/anber.es\/web\/wp-json\/wp\/v2\/product"}],"about":[{"href":"https:\/\/anber.es\/web\/wp-json\/wp\/v2\/types\/product"}],"wp:featuredmedia":[{"embeddable":true,"href":"https:\/\/anber.es\/web\/wp-json\/wp\/v2\/media\/9915"}],"wp:attachment":[{"href":"https:\/\/anber.es\/web\/wp-json\/wp\/v2\/media?parent=1265"}],"wp:term":[{"taxonomy":"product_cat","embeddable":true,"href":"https:\/\/anber.es\/web\/wp-json\/wp\/v2\/product_cat?post=1265"},{"taxonomy":"product_tag","embeddable":true,"href":"https:\/\/anber.es\/web\/wp-json\/wp\/v2\/product_tag?post=1265"}],"curies":[{"name":"wp","href":"https:\/\/api.w.org\/{rel}","templated":true}]}}