{"id":1272,"date":"2020-12-14T18:15:21","date_gmt":"2020-12-14T16:15:21","guid":{"rendered":"http:\/\/anber.es\/web\/?post_type=product&#038;p=1272"},"modified":"2023-03-14T17:56:51","modified_gmt":"2023-03-14T15:56:51","slug":"detector-optico-de-humo","status":"publish","type":"product","link":"https:\/\/anber.es\/web\/producto\/detector-optico-de-humo\/","title":{"rendered":"Detector \u00f3ptico de humo ALN-EN"},"content":{"rendered":"<p>El modelo <strong>ALN-EN es un sensor \u00f3ptico de humo<\/strong>, que es totalmente compatible con el protocolo anal\u00f3gico direccionable ESP de Hochiki. <\/p>\n<p>El <strong>detector \u00f3ptico de humo ALN-EN<\/strong> incorpora una nueva c\u00e1mara de respuesta plana de Hochiki que no necesita utilizar sensores i\u00f3nicos. Esto tambi\u00e9n permite aumentar el umbral del sensor, lo que mejora la sensibilidad de la se\u00f1al al ruido y reduce la susceptibilidad a las falsas alarmas. <\/p>\n<p>La <strong>c\u00e1mara de humo ALN-EN<\/strong> se retira f\u00e1cilmente o se reemplaza para la limpieza y utiliza un dise\u00f1o de deflector mejorado \u00fanico que permite que el humo ingrese a la c\u00e1mara mientras mantiene la luz ambiental fuera.<\/p>\n<p>Certificado por LPCB (todos los colores) y VdS (s\u00f3lo en color blanco y marfil).<\/p>\n<p>Variante certificada SIL de nivel 2 disponible.<\/p>\n<p>Referencia: DADOALNEN000.<\/p>\n<p><a href=\"\/web\/wp-content\/uploads\/2023\/03\/Ficha_tecnica-detector_optico_de_humo.pdf\" target=\"_blank\" rel=\"noopener noreferrer\"><button>Descarga ficha<\/button><\/a><br \/>\n<a class=\"insta-link\" href=\"https:\/\/www.instagram.com\/aqlproteccion\/?hl=es\" target=\"_blank\" rel=\"noopener noreferrer\">Instagram<\/a><\/p>\n","protected":false},"excerpt":{"rendered":"<p>El detector \u00f3ptico de humo ALN-EN incorpora una nueva c\u00e1mara de respuesta plana de Hochiki que no necesita utilizar sensores i\u00f3nicos.<\/p>\n","protected":false},"featured_media":3403,"template":"","meta":[],"product_cat":[48,144,23],"product_tag":[],"yoast_head":"<!-- This site is optimized with the Yoast SEO plugin v22.1 - https:\/\/yoast.com\/wordpress\/plugins\/seo\/ -->\n<title>Detector \u00f3ptico de humo ALN-EN - Anber<\/title>\n<meta name=\"description\" content=\"El detector \u00f3ptico de humo ALN-EN incorpora una nueva c\u00e1mara de respuesta plana de Hochiki que no necesita utilizar sensores i\u00f3nicos.\" \/>\n<meta name=\"robots\" content=\"index, follow, max-snippet:-1, max-image-preview:large, max-video-preview:-1\" \/>\n<link rel=\"canonical\" href=\"https:\/\/anber.es\/web\/producto\/detector-optico-de-humo\/\" \/>\n<meta property=\"og:locale\" content=\"es_ES\" \/>\n<meta property=\"og:type\" content=\"article\" \/>\n<meta property=\"og:title\" content=\"Detector \u00f3ptico de humo ALN-EN - Anber\" \/>\n<meta property=\"og:description\" content=\"El detector \u00f3ptico de humo ALN-EN incorpora una nueva c\u00e1mara de respuesta plana de Hochiki que no necesita utilizar sensores i\u00f3nicos.\" \/>\n<meta property=\"og:url\" content=\"https:\/\/anber.es\/web\/producto\/detector-optico-de-humo\/\" \/>\n<meta property=\"og:site_name\" content=\"Anber\" \/>\n<meta property=\"article:modified_time\" content=\"2023-03-14T15:56:51+00:00\" \/>\n<meta property=\"og:image\" content=\"https:\/\/anber.es\/web\/wp-content\/uploads\/2021\/05\/detector_optico_de_humo.png\" \/>\n\t<meta property=\"og:image:width\" content=\"1000\" \/>\n\t<meta property=\"og:image:height\" content=\"1000\" \/>\n\t<meta property=\"og:image:type\" content=\"image\/png\" \/>\n<meta name=\"twitter:card\" content=\"summary_large_image\" \/>\n<meta name=\"twitter:label1\" content=\"Tiempo de lectura\" \/>\n\t<meta name=\"twitter:data1\" content=\"1 minuto\" \/>\n<script type=\"application\/ld+json\" class=\"yoast-schema-graph\">{\"@context\":\"https:\/\/schema.org\",\"@graph\":[{\"@type\":\"WebPage\",\"@id\":\"https:\/\/anber.es\/web\/producto\/detector-optico-de-humo\/\",\"url\":\"https:\/\/anber.es\/web\/producto\/detector-optico-de-humo\/\",\"name\":\"Detector \u00f3ptico de humo ALN-EN - Anber\",\"isPartOf\":{\"@id\":\"https:\/\/anber.es\/web\/#website\"},\"datePublished\":\"2020-12-14T16:15:21+00:00\",\"dateModified\":\"2023-03-14T15:56:51+00:00\",\"description\":\"El detector \u00f3ptico de humo ALN-EN incorpora una nueva c\u00e1mara de respuesta plana de Hochiki que no necesita utilizar sensores i\u00f3nicos.\",\"breadcrumb\":{\"@id\":\"https:\/\/anber.es\/web\/producto\/detector-optico-de-humo\/#breadcrumb\"},\"inLanguage\":\"es\",\"potentialAction\":[{\"@type\":\"ReadAction\",\"target\":[\"https:\/\/anber.es\/web\/producto\/detector-optico-de-humo\/\"]}]},{\"@type\":\"BreadcrumbList\",\"@id\":\"https:\/\/anber.es\/web\/producto\/detector-optico-de-humo\/#breadcrumb\",\"itemListElement\":[{\"@type\":\"ListItem\",\"position\":1,\"name\":\"Portada\",\"item\":\"https:\/\/anber.es\/web\/\"},{\"@type\":\"ListItem\",\"position\":2,\"name\":\"Productos\",\"item\":\"https:\/\/anber.es\/web\/productos\/\"},{\"@type\":\"ListItem\",\"position\":3,\"name\":\"Detector \u00f3ptico de humo ALN-EN\"}]},{\"@type\":\"WebSite\",\"@id\":\"https:\/\/anber.es\/web\/#website\",\"url\":\"https:\/\/anber.es\/web\/\",\"name\":\"Anber\",\"description\":\"Sistemas de protecci\u00f3n contra incendios\",\"publisher\":{\"@id\":\"https:\/\/anber.es\/web\/#organization\"},\"potentialAction\":[{\"@type\":\"SearchAction\",\"target\":{\"@type\":\"EntryPoint\",\"urlTemplate\":\"https:\/\/anber.es\/web\/?s={search_term_string}\"},\"query-input\":\"required name=search_term_string\"}],\"inLanguage\":\"es\"},{\"@type\":\"Organization\",\"@id\":\"https:\/\/anber.es\/web\/#organization\",\"name\":\"Anber\",\"url\":\"https:\/\/anber.es\/web\/\",\"logo\":{\"@type\":\"ImageObject\",\"inLanguage\":\"es\",\"@id\":\"https:\/\/anber.es\/web\/#\/schema\/logo\/image\/\",\"url\":\"https:\/\/anber.es\/web\/wp-content\/uploads\/2021\/03\/logo-anber.png\",\"contentUrl\":\"https:\/\/anber.es\/web\/wp-content\/uploads\/2021\/03\/logo-anber.png\",\"width\":2208,\"height\":500,\"caption\":\"Anber\"},\"image\":{\"@id\":\"https:\/\/anber.es\/web\/#\/schema\/logo\/image\/\"}}]}<\/script>\n<!-- \/ Yoast SEO plugin. -->","yoast_head_json":{"title":"Detector \u00f3ptico de humo ALN-EN - Anber","description":"El detector \u00f3ptico de humo ALN-EN incorpora una nueva c\u00e1mara de respuesta plana de Hochiki que no necesita utilizar sensores i\u00f3nicos.","robots":{"index":"index","follow":"follow","max-snippet":"max-snippet:-1","max-image-preview":"max-image-preview:large","max-video-preview":"max-video-preview:-1"},"canonical":"https:\/\/anber.es\/web\/producto\/detector-optico-de-humo\/","og_locale":"es_ES","og_type":"article","og_title":"Detector \u00f3ptico de humo ALN-EN - Anber","og_description":"El detector \u00f3ptico de humo ALN-EN incorpora una nueva c\u00e1mara de respuesta plana de Hochiki que no necesita utilizar sensores i\u00f3nicos.","og_url":"https:\/\/anber.es\/web\/producto\/detector-optico-de-humo\/","og_site_name":"Anber","article_modified_time":"2023-03-14T15:56:51+00:00","og_image":[{"width":1000,"height":1000,"url":"https:\/\/anber.es\/web\/wp-content\/uploads\/2021\/05\/detector_optico_de_humo.png","type":"image\/png"}],"twitter_card":"summary_large_image","twitter_misc":{"Tiempo de lectura":"1 minuto"},"schema":{"@context":"https:\/\/schema.org","@graph":[{"@type":"WebPage","@id":"https:\/\/anber.es\/web\/producto\/detector-optico-de-humo\/","url":"https:\/\/anber.es\/web\/producto\/detector-optico-de-humo\/","name":"Detector \u00f3ptico de humo ALN-EN - Anber","isPartOf":{"@id":"https:\/\/anber.es\/web\/#website"},"datePublished":"2020-12-14T16:15:21+00:00","dateModified":"2023-03-14T15:56:51+00:00","description":"El detector \u00f3ptico de humo ALN-EN incorpora una nueva c\u00e1mara de respuesta plana de Hochiki que no necesita utilizar sensores i\u00f3nicos.","breadcrumb":{"@id":"https:\/\/anber.es\/web\/producto\/detector-optico-de-humo\/#breadcrumb"},"inLanguage":"es","potentialAction":[{"@type":"ReadAction","target":["https:\/\/anber.es\/web\/producto\/detector-optico-de-humo\/"]}]},{"@type":"BreadcrumbList","@id":"https:\/\/anber.es\/web\/producto\/detector-optico-de-humo\/#breadcrumb","itemListElement":[{"@type":"ListItem","position":1,"name":"Portada","item":"https:\/\/anber.es\/web\/"},{"@type":"ListItem","position":2,"name":"Productos","item":"https:\/\/anber.es\/web\/productos\/"},{"@type":"ListItem","position":3,"name":"Detector \u00f3ptico de humo ALN-EN"}]},{"@type":"WebSite","@id":"https:\/\/anber.es\/web\/#website","url":"https:\/\/anber.es\/web\/","name":"Anber","description":"Sistemas de protecci\u00f3n contra incendios","publisher":{"@id":"https:\/\/anber.es\/web\/#organization"},"potentialAction":[{"@type":"SearchAction","target":{"@type":"EntryPoint","urlTemplate":"https:\/\/anber.es\/web\/?s={search_term_string}"},"query-input":"required name=search_term_string"}],"inLanguage":"es"},{"@type":"Organization","@id":"https:\/\/anber.es\/web\/#organization","name":"Anber","url":"https:\/\/anber.es\/web\/","logo":{"@type":"ImageObject","inLanguage":"es","@id":"https:\/\/anber.es\/web\/#\/schema\/logo\/image\/","url":"https:\/\/anber.es\/web\/wp-content\/uploads\/2021\/03\/logo-anber.png","contentUrl":"https:\/\/anber.es\/web\/wp-content\/uploads\/2021\/03\/logo-anber.png","width":2208,"height":500,"caption":"Anber"},"image":{"@id":"https:\/\/anber.es\/web\/#\/schema\/logo\/image\/"}}]}},"_links":{"self":[{"href":"https:\/\/anber.es\/web\/wp-json\/wp\/v2\/product\/1272"}],"collection":[{"href":"https:\/\/anber.es\/web\/wp-json\/wp\/v2\/product"}],"about":[{"href":"https:\/\/anber.es\/web\/wp-json\/wp\/v2\/types\/product"}],"wp:featuredmedia":[{"embeddable":true,"href":"https:\/\/anber.es\/web\/wp-json\/wp\/v2\/media\/3403"}],"wp:attachment":[{"href":"https:\/\/anber.es\/web\/wp-json\/wp\/v2\/media?parent=1272"}],"wp:term":[{"taxonomy":"product_cat","embeddable":true,"href":"https:\/\/anber.es\/web\/wp-json\/wp\/v2\/product_cat?post=1272"},{"taxonomy":"product_tag","embeddable":true,"href":"https:\/\/anber.es\/web\/wp-json\/wp\/v2\/product_tag?post=1272"}],"curies":[{"name":"wp","href":"https:\/\/api.w.org\/{rel}","templated":true}]}}