{"id":1276,"date":"2020-12-15T16:23:44","date_gmt":"2020-12-15T14:23:44","guid":{"rendered":"http:\/\/anber.es\/web\/?post_type=product&#038;p=1276"},"modified":"2021-05-28T10:21:01","modified_gmt":"2021-05-28T08:21:01","slug":"electroiman","status":"publish","type":"product","link":"https:\/\/anber.es\/web\/producto\/electroiman\/","title":{"rendered":"Electroim\u00e1n"},"content":{"rendered":"<p><strong>Electroim\u00e1n<\/strong> con caja de metal y pulsador de desbloqueo para retenci\u00f3n de puertas RF de hasta 50 Kg. <\/p>\n<p>Incluye placa de retenci\u00f3n con r\u00f3tula. <\/p>\n<p>Circuito electr\u00f3nico protegido con varistor. <\/p>\n<p>Alimentaci\u00f3n: 24 Vcc. <\/p>\n<p>Homologado: EN 11-55.<\/p>\n<p>Referencia: DVE500.<\/p>\n<p><a href=\"\/web\/wp-content\/uploads\/2020\/12\/Ficha_tecnica-electroiman.pdf\" target=\"_blank\" rel=\"noopener noreferrer\"><button>Descarga ficha<\/button><\/a><\/p>\n<p><a class=\"insta-link\" href=\"https:\/\/www.instagram.com\/aqlproteccion\/?hl=es\" target=\"_blank\" rel=\"noopener noreferrer\">Instagram<\/a><\/p>\n","protected":false},"excerpt":{"rendered":"<p>Electroim\u00e1n con caja de metal y pulsador de desbloqueo para retenci\u00f3n de puertas RF de hasta 50 Kg. Incluye placa de retenci\u00f3n con r\u00f3tula.<\/p>\n","protected":false},"featured_media":3402,"template":"","meta":[],"product_cat":[49,151,23],"product_tag":[215],"yoast_head":"<!-- This site is optimized with the Yoast SEO plugin v22.1 - https:\/\/yoast.com\/wordpress\/plugins\/seo\/ -->\n<title>Electroim\u00e1n - Anber<\/title>\n<meta name=\"description\" content=\"Electroim\u00e1n con caja de metal y pulsador de desbloqueo para retenci\u00f3n de puertas RF de hasta 50 Kg. Incluye placa de retenci\u00f3n con r\u00f3tula.\" \/>\n<meta name=\"robots\" content=\"index, follow, max-snippet:-1, max-image-preview:large, max-video-preview:-1\" \/>\n<link rel=\"canonical\" href=\"https:\/\/anber.es\/web\/producto\/electroiman\/\" \/>\n<meta property=\"og:locale\" content=\"es_ES\" \/>\n<meta property=\"og:type\" content=\"article\" \/>\n<meta property=\"og:title\" content=\"Electroim\u00e1n - Anber\" \/>\n<meta property=\"og:description\" content=\"Electroim\u00e1n con caja de metal y pulsador de desbloqueo para retenci\u00f3n de puertas RF de hasta 50 Kg. Incluye placa de retenci\u00f3n con r\u00f3tula.\" \/>\n<meta property=\"og:url\" content=\"https:\/\/anber.es\/web\/producto\/electroiman\/\" \/>\n<meta property=\"og:site_name\" content=\"Anber\" \/>\n<meta property=\"article:modified_time\" content=\"2021-05-28T08:21:01+00:00\" \/>\n<meta property=\"og:image\" content=\"https:\/\/anber.es\/web\/wp-content\/uploads\/2021\/05\/electroiman.png\" \/>\n\t<meta property=\"og:image:width\" content=\"1000\" \/>\n\t<meta property=\"og:image:height\" content=\"1000\" \/>\n\t<meta property=\"og:image:type\" content=\"image\/png\" \/>\n<meta name=\"twitter:card\" content=\"summary_large_image\" \/>\n<script type=\"application\/ld+json\" class=\"yoast-schema-graph\">{\"@context\":\"https:\/\/schema.org\",\"@graph\":[{\"@type\":\"WebPage\",\"@id\":\"https:\/\/anber.es\/web\/producto\/electroiman\/\",\"url\":\"https:\/\/anber.es\/web\/producto\/electroiman\/\",\"name\":\"Electroim\u00e1n - Anber\",\"isPartOf\":{\"@id\":\"https:\/\/anber.es\/web\/#website\"},\"datePublished\":\"2020-12-15T14:23:44+00:00\",\"dateModified\":\"2021-05-28T08:21:01+00:00\",\"description\":\"Electroim\u00e1n con caja de metal y pulsador de desbloqueo para retenci\u00f3n de puertas RF de hasta 50 Kg. Incluye placa de retenci\u00f3n con r\u00f3tula.\",\"breadcrumb\":{\"@id\":\"https:\/\/anber.es\/web\/producto\/electroiman\/#breadcrumb\"},\"inLanguage\":\"es\",\"potentialAction\":[{\"@type\":\"ReadAction\",\"target\":[\"https:\/\/anber.es\/web\/producto\/electroiman\/\"]}]},{\"@type\":\"BreadcrumbList\",\"@id\":\"https:\/\/anber.es\/web\/producto\/electroiman\/#breadcrumb\",\"itemListElement\":[{\"@type\":\"ListItem\",\"position\":1,\"name\":\"Portada\",\"item\":\"https:\/\/anber.es\/web\/\"},{\"@type\":\"ListItem\",\"position\":2,\"name\":\"Productos\",\"item\":\"https:\/\/anber.es\/web\/productos\/\"},{\"@type\":\"ListItem\",\"position\":3,\"name\":\"Electroim\u00e1n\"}]},{\"@type\":\"WebSite\",\"@id\":\"https:\/\/anber.es\/web\/#website\",\"url\":\"https:\/\/anber.es\/web\/\",\"name\":\"Anber\",\"description\":\"Sistemas de protecci\u00f3n contra incendios\",\"publisher\":{\"@id\":\"https:\/\/anber.es\/web\/#organization\"},\"potentialAction\":[{\"@type\":\"SearchAction\",\"target\":{\"@type\":\"EntryPoint\",\"urlTemplate\":\"https:\/\/anber.es\/web\/?s={search_term_string}\"},\"query-input\":\"required name=search_term_string\"}],\"inLanguage\":\"es\"},{\"@type\":\"Organization\",\"@id\":\"https:\/\/anber.es\/web\/#organization\",\"name\":\"Anber\",\"url\":\"https:\/\/anber.es\/web\/\",\"logo\":{\"@type\":\"ImageObject\",\"inLanguage\":\"es\",\"@id\":\"https:\/\/anber.es\/web\/#\/schema\/logo\/image\/\",\"url\":\"https:\/\/anber.es\/web\/wp-content\/uploads\/2021\/03\/logo-anber.png\",\"contentUrl\":\"https:\/\/anber.es\/web\/wp-content\/uploads\/2021\/03\/logo-anber.png\",\"width\":2208,\"height\":500,\"caption\":\"Anber\"},\"image\":{\"@id\":\"https:\/\/anber.es\/web\/#\/schema\/logo\/image\/\"}}]}<\/script>\n<!-- \/ Yoast SEO plugin. -->","yoast_head_json":{"title":"Electroim\u00e1n - Anber","description":"Electroim\u00e1n con caja de metal y pulsador de desbloqueo para retenci\u00f3n de puertas RF de hasta 50 Kg. Incluye placa de retenci\u00f3n con r\u00f3tula.","robots":{"index":"index","follow":"follow","max-snippet":"max-snippet:-1","max-image-preview":"max-image-preview:large","max-video-preview":"max-video-preview:-1"},"canonical":"https:\/\/anber.es\/web\/producto\/electroiman\/","og_locale":"es_ES","og_type":"article","og_title":"Electroim\u00e1n - Anber","og_description":"Electroim\u00e1n con caja de metal y pulsador de desbloqueo para retenci\u00f3n de puertas RF de hasta 50 Kg. Incluye placa de retenci\u00f3n con r\u00f3tula.","og_url":"https:\/\/anber.es\/web\/producto\/electroiman\/","og_site_name":"Anber","article_modified_time":"2021-05-28T08:21:01+00:00","og_image":[{"width":1000,"height":1000,"url":"https:\/\/anber.es\/web\/wp-content\/uploads\/2021\/05\/electroiman.png","type":"image\/png"}],"twitter_card":"summary_large_image","schema":{"@context":"https:\/\/schema.org","@graph":[{"@type":"WebPage","@id":"https:\/\/anber.es\/web\/producto\/electroiman\/","url":"https:\/\/anber.es\/web\/producto\/electroiman\/","name":"Electroim\u00e1n - Anber","isPartOf":{"@id":"https:\/\/anber.es\/web\/#website"},"datePublished":"2020-12-15T14:23:44+00:00","dateModified":"2021-05-28T08:21:01+00:00","description":"Electroim\u00e1n con caja de metal y pulsador de desbloqueo para retenci\u00f3n de puertas RF de hasta 50 Kg. Incluye placa de retenci\u00f3n con r\u00f3tula.","breadcrumb":{"@id":"https:\/\/anber.es\/web\/producto\/electroiman\/#breadcrumb"},"inLanguage":"es","potentialAction":[{"@type":"ReadAction","target":["https:\/\/anber.es\/web\/producto\/electroiman\/"]}]},{"@type":"BreadcrumbList","@id":"https:\/\/anber.es\/web\/producto\/electroiman\/#breadcrumb","itemListElement":[{"@type":"ListItem","position":1,"name":"Portada","item":"https:\/\/anber.es\/web\/"},{"@type":"ListItem","position":2,"name":"Productos","item":"https:\/\/anber.es\/web\/productos\/"},{"@type":"ListItem","position":3,"name":"Electroim\u00e1n"}]},{"@type":"WebSite","@id":"https:\/\/anber.es\/web\/#website","url":"https:\/\/anber.es\/web\/","name":"Anber","description":"Sistemas de protecci\u00f3n contra incendios","publisher":{"@id":"https:\/\/anber.es\/web\/#organization"},"potentialAction":[{"@type":"SearchAction","target":{"@type":"EntryPoint","urlTemplate":"https:\/\/anber.es\/web\/?s={search_term_string}"},"query-input":"required name=search_term_string"}],"inLanguage":"es"},{"@type":"Organization","@id":"https:\/\/anber.es\/web\/#organization","name":"Anber","url":"https:\/\/anber.es\/web\/","logo":{"@type":"ImageObject","inLanguage":"es","@id":"https:\/\/anber.es\/web\/#\/schema\/logo\/image\/","url":"https:\/\/anber.es\/web\/wp-content\/uploads\/2021\/03\/logo-anber.png","contentUrl":"https:\/\/anber.es\/web\/wp-content\/uploads\/2021\/03\/logo-anber.png","width":2208,"height":500,"caption":"Anber"},"image":{"@id":"https:\/\/anber.es\/web\/#\/schema\/logo\/image\/"}}]}},"_links":{"self":[{"href":"https:\/\/anber.es\/web\/wp-json\/wp\/v2\/product\/1276"}],"collection":[{"href":"https:\/\/anber.es\/web\/wp-json\/wp\/v2\/product"}],"about":[{"href":"https:\/\/anber.es\/web\/wp-json\/wp\/v2\/types\/product"}],"wp:featuredmedia":[{"embeddable":true,"href":"https:\/\/anber.es\/web\/wp-json\/wp\/v2\/media\/3402"}],"wp:attachment":[{"href":"https:\/\/anber.es\/web\/wp-json\/wp\/v2\/media?parent=1276"}],"wp:term":[{"taxonomy":"product_cat","embeddable":true,"href":"https:\/\/anber.es\/web\/wp-json\/wp\/v2\/product_cat?post=1276"},{"taxonomy":"product_tag","embeddable":true,"href":"https:\/\/anber.es\/web\/wp-json\/wp\/v2\/product_tag?post=1276"}],"curies":[{"name":"wp","href":"https:\/\/api.w.org\/{rel}","templated":true}]}}