{"id":1302,"date":"2020-12-16T09:48:15","date_gmt":"2020-12-16T07:48:15","guid":{"rendered":"http:\/\/anber.es\/web\/?post_type=product&#038;p=1302"},"modified":"2021-05-28T10:20:33","modified_gmt":"2021-05-28T08:20:33","slug":"detector-de-flujo-vsr-s","status":"publish","type":"product","link":"https:\/\/anber.es\/web\/producto\/detector-de-flujo-vsr-s\/","title":{"rendered":"Detector de flujo VSR-S (EU)"},"content":{"rendered":"<p>El <strong>detector de flujo VSR-S<\/strong> de tipo paleta para usar en sistemas de rociadores h\u00famedos que usan estos tama\u00f1os de tuber\u00eda: 25mm (1&#8243;), 32mm (1 1\/4&#8243;), 38mm (1 1\/2&#8243;) o 50mm (2&#8243;). La unidad tambi\u00e9n se puede utilizar como detector de flujo de agua seccional en sistemas grandes.<\/p>\n<p>El <strong>detector de flujo VSR-S<\/strong> contiene dos interruptores de acci\u00f3n r\u00e1pida de un solo polo y doble tiro y un retardo neum\u00e1tico ajustable que recicla instant\u00e1neamente. Los interruptores se activan cuando se produce un flujo de 38 LPM (10 GPM) o m\u00e1s aguas abajo del dispositivo. La condici\u00f3n de flujo debe existir durante un per\u00edodo de tiempo necesario para superar el per\u00edodo de retraso seleccionado.<\/p>\n<p>Presi\u00f3n de servicio: hasta 17,2bar (250 PSI), hasta 20,7bar (300 psi) UL.<\/p>\n<p>Rango de sensibilidad de flujo para se\u00f1al: 15-38 LPM (4-10 GPM) UL.<\/p>\n<p>P\u00e9rdida de presi\u00f3n: 2bar (3 psi) m\u00e1ximo a 5 m\/s.<\/p>\n<p>Oleada m\u00e1xima: 5,5 m\/s (18 FPS).<\/p>\n<p>Aprobado por UL, ULC, CE (EN 12259-5) y LPCB.<\/p>\n<p>Referencia: SI1113.<\/p>\n<p><a href=\"\/web\/wp-content\/uploads\/2020\/12\/Ficha_tecnica-detector_de_flujo_de_agua_VRS-S.pdf\" target=\"_blank\" rel=\"noopener noreferrer\"><button>Descarga ficha<\/button><\/a><br \/>\n<a class=\"insta-link\" href=\"https:\/\/www.instagram.com\/aqlproteccion\/?hl=es\" target=\"_blank\" rel=\"noopener noreferrer\">Instagram<\/a><\/p>\n","protected":false},"excerpt":{"rendered":"<p>El detector de flujo VSR-S es de tipo paleta y se usa en sistemas de rociadores h\u00famedos con tuber\u00edas de 1&#8243;, 1 1\/4&#8243;, 1 1\/2&#8243; y 2&#8243;.<\/p>\n","protected":false},"featured_media":3397,"template":"","meta":[],"product_cat":[23,56],"product_tag":[215],"yoast_head":"<!-- This site is optimized with the Yoast SEO plugin v22.1 - https:\/\/yoast.com\/wordpress\/plugins\/seo\/ -->\n<title>Detector de flujo VSR-S (EU) - Anber<\/title>\n<meta name=\"description\" content=\"El detector de flujo VSR-S es de tipo paleta y se usa en sistemas de rociadores h\u00famedos con tuber\u00edas de 1&quot;, 1 1\/4&quot;, 1 1\/2&quot; y 2&quot;.\" \/>\n<meta name=\"robots\" content=\"index, follow, max-snippet:-1, max-image-preview:large, max-video-preview:-1\" \/>\n<link rel=\"canonical\" href=\"https:\/\/anber.es\/web\/producto\/detector-de-flujo-vsr-s\/\" \/>\n<meta property=\"og:locale\" content=\"es_ES\" \/>\n<meta property=\"og:type\" content=\"article\" \/>\n<meta property=\"og:title\" content=\"Detector de flujo VSR-S (EU) - Anber\" \/>\n<meta property=\"og:description\" content=\"El detector de flujo VSR-S es de tipo paleta y se usa en sistemas de rociadores h\u00famedos con tuber\u00edas de 1&quot;, 1 1\/4&quot;, 1 1\/2&quot; y 2&quot;.\" \/>\n<meta property=\"og:url\" content=\"https:\/\/anber.es\/web\/producto\/detector-de-flujo-vsr-s\/\" \/>\n<meta property=\"og:site_name\" content=\"Anber\" \/>\n<meta property=\"article:modified_time\" content=\"2021-05-28T08:20:33+00:00\" \/>\n<meta property=\"og:image\" content=\"https:\/\/anber.es\/web\/wp-content\/uploads\/2021\/05\/detector_de_flujo_de_agua_VRS-S.png\" \/>\n\t<meta property=\"og:image:width\" content=\"1000\" \/>\n\t<meta property=\"og:image:height\" content=\"1000\" \/>\n\t<meta property=\"og:image:type\" content=\"image\/png\" \/>\n<meta name=\"twitter:card\" content=\"summary_large_image\" \/>\n<meta name=\"twitter:label1\" content=\"Tiempo de lectura\" \/>\n\t<meta name=\"twitter:data1\" content=\"1 minuto\" \/>\n<script type=\"application\/ld+json\" class=\"yoast-schema-graph\">{\"@context\":\"https:\/\/schema.org\",\"@graph\":[{\"@type\":\"WebPage\",\"@id\":\"https:\/\/anber.es\/web\/producto\/detector-de-flujo-vsr-s\/\",\"url\":\"https:\/\/anber.es\/web\/producto\/detector-de-flujo-vsr-s\/\",\"name\":\"Detector de flujo VSR-S (EU) - Anber\",\"isPartOf\":{\"@id\":\"https:\/\/anber.es\/web\/#website\"},\"datePublished\":\"2020-12-16T07:48:15+00:00\",\"dateModified\":\"2021-05-28T08:20:33+00:00\",\"description\":\"El detector de flujo VSR-S es de tipo paleta y se usa en sistemas de rociadores h\u00famedos con tuber\u00edas de 1\\\", 1 1\/4\\\", 1 1\/2\\\" y 2\\\".\",\"breadcrumb\":{\"@id\":\"https:\/\/anber.es\/web\/producto\/detector-de-flujo-vsr-s\/#breadcrumb\"},\"inLanguage\":\"es\",\"potentialAction\":[{\"@type\":\"ReadAction\",\"target\":[\"https:\/\/anber.es\/web\/producto\/detector-de-flujo-vsr-s\/\"]}]},{\"@type\":\"BreadcrumbList\",\"@id\":\"https:\/\/anber.es\/web\/producto\/detector-de-flujo-vsr-s\/#breadcrumb\",\"itemListElement\":[{\"@type\":\"ListItem\",\"position\":1,\"name\":\"Portada\",\"item\":\"https:\/\/anber.es\/web\/\"},{\"@type\":\"ListItem\",\"position\":2,\"name\":\"Productos\",\"item\":\"https:\/\/anber.es\/web\/productos\/\"},{\"@type\":\"ListItem\",\"position\":3,\"name\":\"Detector de flujo VSR-S (EU)\"}]},{\"@type\":\"WebSite\",\"@id\":\"https:\/\/anber.es\/web\/#website\",\"url\":\"https:\/\/anber.es\/web\/\",\"name\":\"Anber\",\"description\":\"Sistemas de protecci\u00f3n contra incendios\",\"publisher\":{\"@id\":\"https:\/\/anber.es\/web\/#organization\"},\"potentialAction\":[{\"@type\":\"SearchAction\",\"target\":{\"@type\":\"EntryPoint\",\"urlTemplate\":\"https:\/\/anber.es\/web\/?s={search_term_string}\"},\"query-input\":\"required name=search_term_string\"}],\"inLanguage\":\"es\"},{\"@type\":\"Organization\",\"@id\":\"https:\/\/anber.es\/web\/#organization\",\"name\":\"Anber\",\"url\":\"https:\/\/anber.es\/web\/\",\"logo\":{\"@type\":\"ImageObject\",\"inLanguage\":\"es\",\"@id\":\"https:\/\/anber.es\/web\/#\/schema\/logo\/image\/\",\"url\":\"https:\/\/anber.es\/web\/wp-content\/uploads\/2021\/03\/logo-anber.png\",\"contentUrl\":\"https:\/\/anber.es\/web\/wp-content\/uploads\/2021\/03\/logo-anber.png\",\"width\":2208,\"height\":500,\"caption\":\"Anber\"},\"image\":{\"@id\":\"https:\/\/anber.es\/web\/#\/schema\/logo\/image\/\"}}]}<\/script>\n<!-- \/ Yoast SEO plugin. -->","yoast_head_json":{"title":"Detector de flujo VSR-S (EU) - Anber","description":"El detector de flujo VSR-S es de tipo paleta y se usa en sistemas de rociadores h\u00famedos con tuber\u00edas de 1\", 1 1\/4\", 1 1\/2\" y 2\".","robots":{"index":"index","follow":"follow","max-snippet":"max-snippet:-1","max-image-preview":"max-image-preview:large","max-video-preview":"max-video-preview:-1"},"canonical":"https:\/\/anber.es\/web\/producto\/detector-de-flujo-vsr-s\/","og_locale":"es_ES","og_type":"article","og_title":"Detector de flujo VSR-S (EU) - Anber","og_description":"El detector de flujo VSR-S es de tipo paleta y se usa en sistemas de rociadores h\u00famedos con tuber\u00edas de 1\", 1 1\/4\", 1 1\/2\" y 2\".","og_url":"https:\/\/anber.es\/web\/producto\/detector-de-flujo-vsr-s\/","og_site_name":"Anber","article_modified_time":"2021-05-28T08:20:33+00:00","og_image":[{"width":1000,"height":1000,"url":"https:\/\/anber.es\/web\/wp-content\/uploads\/2021\/05\/detector_de_flujo_de_agua_VRS-S.png","type":"image\/png"}],"twitter_card":"summary_large_image","twitter_misc":{"Tiempo de lectura":"1 minuto"},"schema":{"@context":"https:\/\/schema.org","@graph":[{"@type":"WebPage","@id":"https:\/\/anber.es\/web\/producto\/detector-de-flujo-vsr-s\/","url":"https:\/\/anber.es\/web\/producto\/detector-de-flujo-vsr-s\/","name":"Detector de flujo VSR-S (EU) - Anber","isPartOf":{"@id":"https:\/\/anber.es\/web\/#website"},"datePublished":"2020-12-16T07:48:15+00:00","dateModified":"2021-05-28T08:20:33+00:00","description":"El detector de flujo VSR-S es de tipo paleta y se usa en sistemas de rociadores h\u00famedos con tuber\u00edas de 1\", 1 1\/4\", 1 1\/2\" y 2\".","breadcrumb":{"@id":"https:\/\/anber.es\/web\/producto\/detector-de-flujo-vsr-s\/#breadcrumb"},"inLanguage":"es","potentialAction":[{"@type":"ReadAction","target":["https:\/\/anber.es\/web\/producto\/detector-de-flujo-vsr-s\/"]}]},{"@type":"BreadcrumbList","@id":"https:\/\/anber.es\/web\/producto\/detector-de-flujo-vsr-s\/#breadcrumb","itemListElement":[{"@type":"ListItem","position":1,"name":"Portada","item":"https:\/\/anber.es\/web\/"},{"@type":"ListItem","position":2,"name":"Productos","item":"https:\/\/anber.es\/web\/productos\/"},{"@type":"ListItem","position":3,"name":"Detector de flujo VSR-S (EU)"}]},{"@type":"WebSite","@id":"https:\/\/anber.es\/web\/#website","url":"https:\/\/anber.es\/web\/","name":"Anber","description":"Sistemas de protecci\u00f3n contra incendios","publisher":{"@id":"https:\/\/anber.es\/web\/#organization"},"potentialAction":[{"@type":"SearchAction","target":{"@type":"EntryPoint","urlTemplate":"https:\/\/anber.es\/web\/?s={search_term_string}"},"query-input":"required name=search_term_string"}],"inLanguage":"es"},{"@type":"Organization","@id":"https:\/\/anber.es\/web\/#organization","name":"Anber","url":"https:\/\/anber.es\/web\/","logo":{"@type":"ImageObject","inLanguage":"es","@id":"https:\/\/anber.es\/web\/#\/schema\/logo\/image\/","url":"https:\/\/anber.es\/web\/wp-content\/uploads\/2021\/03\/logo-anber.png","contentUrl":"https:\/\/anber.es\/web\/wp-content\/uploads\/2021\/03\/logo-anber.png","width":2208,"height":500,"caption":"Anber"},"image":{"@id":"https:\/\/anber.es\/web\/#\/schema\/logo\/image\/"}}]}},"_links":{"self":[{"href":"https:\/\/anber.es\/web\/wp-json\/wp\/v2\/product\/1302"}],"collection":[{"href":"https:\/\/anber.es\/web\/wp-json\/wp\/v2\/product"}],"about":[{"href":"https:\/\/anber.es\/web\/wp-json\/wp\/v2\/types\/product"}],"wp:featuredmedia":[{"embeddable":true,"href":"https:\/\/anber.es\/web\/wp-json\/wp\/v2\/media\/3397"}],"wp:attachment":[{"href":"https:\/\/anber.es\/web\/wp-json\/wp\/v2\/media?parent=1302"}],"wp:term":[{"taxonomy":"product_cat","embeddable":true,"href":"https:\/\/anber.es\/web\/wp-json\/wp\/v2\/product_cat?post=1302"},{"taxonomy":"product_tag","embeddable":true,"href":"https:\/\/anber.es\/web\/wp-json\/wp\/v2\/product_tag?post=1302"}],"curies":[{"name":"wp","href":"https:\/\/api.w.org\/{rel}","templated":true}]}}