{"id":1318,"date":"2020-12-16T16:30:01","date_gmt":"2020-12-16T14:30:01","guid":{"rendered":"http:\/\/anber.es\/web\/?post_type=product&#038;p=1318"},"modified":"2026-03-25T16:52:11","modified_gmt":"2026-03-25T14:52:11","slug":"bie-abatible","status":"publish","type":"product","link":"https:\/\/anber.es\/web\/producto\/bie-abatible\/","title":{"rendered":"BIE abatible \u00d825x20m 650x680x195mm"},"content":{"rendered":"<p>La<strong> BIE abatible \u00d825 x 20m <\/strong> est\u00e1 equipada con manguera semirr\u00edgida. Compuesta por armario fabricado en chapa con 1mm de espesor y pintada en poli\u00e9ster, o en acero inoxidable 304.<br \/>\nPuerta con bisagra tipo piano y cerradura abre f\u00e1cil tipo \u201cresbal\u00f3n\u201d. <\/p>\n<p><b>Manguera semirr\u00edgida de 25 mm de di\u00e1metro y 20 m. de longitud<\/b>. Fabricada conforme norma EN-694.<\/p>\n<p>V\u00e1lvula de asiento 1&#8243; con man\u00f3metro y v\u00e1lvula antirretorno. <\/p>\n<p>Modelo no disponible para toma adicional.<\/p>\n<p>Lanza Variomatic de triple efecto (di\u00e1metro equivalente 10mm).<\/p>\n<p>Dimensiones:<b> 650 x 680 x 195mm<\/b>. <\/p>\n<p>Referencia: BESTAR.<\/p>\n<p><a href=\"\/web\/wp-content\/uploads\/2024\/07\/Ficha_tecnica-bie_abatible_25_650x680x195mm.pdf\" target=\"_blank\" rel=\"noopener noreferrer\"><button>Descarga ficha<\/button><\/a><br \/>\n<a class=\"insta-link\" href=\"https:\/\/www.instagram.com\/aqlproteccion\/?hl=es\" target=\"_blank\" rel=\"noopener noreferrer\">Instagram<\/a><\/p>\n","protected":false},"excerpt":{"rendered":"<p>La BIE abatible \u00d825 x 20m est\u00e1 equipada con manguera semirr\u00edgida. Compuesta por armario fabricado en chapa o en acero inoxidable 304.<\/p>\n","protected":false},"featured_media":9500,"template":"","meta":[],"product_cat":[27,98,20],"product_tag":[215],"yoast_head":"<!-- This site is optimized with the Yoast SEO plugin v22.1 - https:\/\/yoast.com\/wordpress\/plugins\/seo\/ -->\n<title>BIE abatible \u00d825x20m 650x680x195mm - Anber<\/title>\n<meta name=\"description\" content=\"La BIE abatible \u00d825 x 20m est\u00e1 equipada con manguera semirr\u00edgida. Compuesta por armario fabricado en chapa o en acero inoxidable 304.\" \/>\n<meta name=\"robots\" content=\"index, follow, max-snippet:-1, max-image-preview:large, max-video-preview:-1\" \/>\n<link rel=\"canonical\" href=\"https:\/\/anber.es\/web\/producto\/bie-abatible\/\" \/>\n<meta property=\"og:locale\" content=\"es_ES\" \/>\n<meta property=\"og:type\" content=\"article\" \/>\n<meta property=\"og:title\" content=\"BIE abatible \u00d825x20m 650x680x195mm - Anber\" \/>\n<meta property=\"og:description\" content=\"La BIE abatible \u00d825 x 20m est\u00e1 equipada con manguera semirr\u00edgida. Compuesta por armario fabricado en chapa o en acero inoxidable 304.\" \/>\n<meta property=\"og:url\" content=\"https:\/\/anber.es\/web\/producto\/bie-abatible\/\" \/>\n<meta property=\"og:site_name\" content=\"Anber\" \/>\n<meta property=\"article:modified_time\" content=\"2026-03-25T14:52:11+00:00\" \/>\n<meta property=\"og:image\" content=\"https:\/\/anber.es\/web\/wp-content\/uploads\/2024\/07\/bie_abatible_25_650x680x195.webp\" \/>\n\t<meta property=\"og:image:width\" content=\"1000\" \/>\n\t<meta property=\"og:image:height\" content=\"1000\" \/>\n\t<meta property=\"og:image:type\" content=\"image\/webp\" \/>\n<meta name=\"twitter:card\" content=\"summary_large_image\" \/>\n<meta name=\"twitter:label1\" content=\"Tiempo de lectura\" \/>\n\t<meta name=\"twitter:data1\" content=\"1 minuto\" \/>\n<script type=\"application\/ld+json\" class=\"yoast-schema-graph\">{\"@context\":\"https:\/\/schema.org\",\"@graph\":[{\"@type\":\"WebPage\",\"@id\":\"https:\/\/anber.es\/web\/producto\/bie-abatible\/\",\"url\":\"https:\/\/anber.es\/web\/producto\/bie-abatible\/\",\"name\":\"BIE abatible \u00d825x20m 650x680x195mm - Anber\",\"isPartOf\":{\"@id\":\"https:\/\/anber.es\/web\/#website\"},\"datePublished\":\"2020-12-16T14:30:01+00:00\",\"dateModified\":\"2026-03-25T14:52:11+00:00\",\"description\":\"La BIE abatible \u00d825 x 20m est\u00e1 equipada con manguera semirr\u00edgida. Compuesta por armario fabricado en chapa o en acero inoxidable 304.\",\"breadcrumb\":{\"@id\":\"https:\/\/anber.es\/web\/producto\/bie-abatible\/#breadcrumb\"},\"inLanguage\":\"es\",\"potentialAction\":[{\"@type\":\"ReadAction\",\"target\":[\"https:\/\/anber.es\/web\/producto\/bie-abatible\/\"]}]},{\"@type\":\"BreadcrumbList\",\"@id\":\"https:\/\/anber.es\/web\/producto\/bie-abatible\/#breadcrumb\",\"itemListElement\":[{\"@type\":\"ListItem\",\"position\":1,\"name\":\"Portada\",\"item\":\"https:\/\/anber.es\/web\/\"},{\"@type\":\"ListItem\",\"position\":2,\"name\":\"Productos\",\"item\":\"https:\/\/anber.es\/web\/productos\/\"},{\"@type\":\"ListItem\",\"position\":3,\"name\":\"BIE abatible \u00d825x20m 650x680x195mm\"}]},{\"@type\":\"WebSite\",\"@id\":\"https:\/\/anber.es\/web\/#website\",\"url\":\"https:\/\/anber.es\/web\/\",\"name\":\"Anber\",\"description\":\"Sistemas de protecci\u00f3n contra incendios\",\"publisher\":{\"@id\":\"https:\/\/anber.es\/web\/#organization\"},\"potentialAction\":[{\"@type\":\"SearchAction\",\"target\":{\"@type\":\"EntryPoint\",\"urlTemplate\":\"https:\/\/anber.es\/web\/?s={search_term_string}\"},\"query-input\":\"required name=search_term_string\"}],\"inLanguage\":\"es\"},{\"@type\":\"Organization\",\"@id\":\"https:\/\/anber.es\/web\/#organization\",\"name\":\"Anber\",\"url\":\"https:\/\/anber.es\/web\/\",\"logo\":{\"@type\":\"ImageObject\",\"inLanguage\":\"es\",\"@id\":\"https:\/\/anber.es\/web\/#\/schema\/logo\/image\/\",\"url\":\"https:\/\/anber.es\/web\/wp-content\/uploads\/2021\/03\/logo-anber.png\",\"contentUrl\":\"https:\/\/anber.es\/web\/wp-content\/uploads\/2021\/03\/logo-anber.png\",\"width\":2208,\"height\":500,\"caption\":\"Anber\"},\"image\":{\"@id\":\"https:\/\/anber.es\/web\/#\/schema\/logo\/image\/\"}}]}<\/script>\n<!-- \/ Yoast SEO plugin. -->","yoast_head_json":{"title":"BIE abatible \u00d825x20m 650x680x195mm - Anber","description":"La BIE abatible \u00d825 x 20m est\u00e1 equipada con manguera semirr\u00edgida. Compuesta por armario fabricado en chapa o en acero inoxidable 304.","robots":{"index":"index","follow":"follow","max-snippet":"max-snippet:-1","max-image-preview":"max-image-preview:large","max-video-preview":"max-video-preview:-1"},"canonical":"https:\/\/anber.es\/web\/producto\/bie-abatible\/","og_locale":"es_ES","og_type":"article","og_title":"BIE abatible \u00d825x20m 650x680x195mm - Anber","og_description":"La BIE abatible \u00d825 x 20m est\u00e1 equipada con manguera semirr\u00edgida. Compuesta por armario fabricado en chapa o en acero inoxidable 304.","og_url":"https:\/\/anber.es\/web\/producto\/bie-abatible\/","og_site_name":"Anber","article_modified_time":"2026-03-25T14:52:11+00:00","og_image":[{"width":1000,"height":1000,"url":"https:\/\/anber.es\/web\/wp-content\/uploads\/2024\/07\/bie_abatible_25_650x680x195.webp","type":"image\/webp"}],"twitter_card":"summary_large_image","twitter_misc":{"Tiempo de lectura":"1 minuto"},"schema":{"@context":"https:\/\/schema.org","@graph":[{"@type":"WebPage","@id":"https:\/\/anber.es\/web\/producto\/bie-abatible\/","url":"https:\/\/anber.es\/web\/producto\/bie-abatible\/","name":"BIE abatible \u00d825x20m 650x680x195mm - Anber","isPartOf":{"@id":"https:\/\/anber.es\/web\/#website"},"datePublished":"2020-12-16T14:30:01+00:00","dateModified":"2026-03-25T14:52:11+00:00","description":"La BIE abatible \u00d825 x 20m est\u00e1 equipada con manguera semirr\u00edgida. Compuesta por armario fabricado en chapa o en acero inoxidable 304.","breadcrumb":{"@id":"https:\/\/anber.es\/web\/producto\/bie-abatible\/#breadcrumb"},"inLanguage":"es","potentialAction":[{"@type":"ReadAction","target":["https:\/\/anber.es\/web\/producto\/bie-abatible\/"]}]},{"@type":"BreadcrumbList","@id":"https:\/\/anber.es\/web\/producto\/bie-abatible\/#breadcrumb","itemListElement":[{"@type":"ListItem","position":1,"name":"Portada","item":"https:\/\/anber.es\/web\/"},{"@type":"ListItem","position":2,"name":"Productos","item":"https:\/\/anber.es\/web\/productos\/"},{"@type":"ListItem","position":3,"name":"BIE abatible \u00d825x20m 650x680x195mm"}]},{"@type":"WebSite","@id":"https:\/\/anber.es\/web\/#website","url":"https:\/\/anber.es\/web\/","name":"Anber","description":"Sistemas de protecci\u00f3n contra incendios","publisher":{"@id":"https:\/\/anber.es\/web\/#organization"},"potentialAction":[{"@type":"SearchAction","target":{"@type":"EntryPoint","urlTemplate":"https:\/\/anber.es\/web\/?s={search_term_string}"},"query-input":"required name=search_term_string"}],"inLanguage":"es"},{"@type":"Organization","@id":"https:\/\/anber.es\/web\/#organization","name":"Anber","url":"https:\/\/anber.es\/web\/","logo":{"@type":"ImageObject","inLanguage":"es","@id":"https:\/\/anber.es\/web\/#\/schema\/logo\/image\/","url":"https:\/\/anber.es\/web\/wp-content\/uploads\/2021\/03\/logo-anber.png","contentUrl":"https:\/\/anber.es\/web\/wp-content\/uploads\/2021\/03\/logo-anber.png","width":2208,"height":500,"caption":"Anber"},"image":{"@id":"https:\/\/anber.es\/web\/#\/schema\/logo\/image\/"}}]}},"_links":{"self":[{"href":"https:\/\/anber.es\/web\/wp-json\/wp\/v2\/product\/1318"}],"collection":[{"href":"https:\/\/anber.es\/web\/wp-json\/wp\/v2\/product"}],"about":[{"href":"https:\/\/anber.es\/web\/wp-json\/wp\/v2\/types\/product"}],"wp:featuredmedia":[{"embeddable":true,"href":"https:\/\/anber.es\/web\/wp-json\/wp\/v2\/media\/9500"}],"wp:attachment":[{"href":"https:\/\/anber.es\/web\/wp-json\/wp\/v2\/media?parent=1318"}],"wp:term":[{"taxonomy":"product_cat","embeddable":true,"href":"https:\/\/anber.es\/web\/wp-json\/wp\/v2\/product_cat?post=1318"},{"taxonomy":"product_tag","embeddable":true,"href":"https:\/\/anber.es\/web\/wp-json\/wp\/v2\/product_tag?post=1318"}],"curies":[{"name":"wp","href":"https:\/\/api.w.org\/{rel}","templated":true}]}}