{"id":1372,"date":"2020-12-23T16:21:12","date_gmt":"2020-12-23T14:21:12","guid":{"rendered":"http:\/\/anber.es\/web\/?post_type=product&#038;p=1372"},"modified":"2025-03-05T14:19:15","modified_gmt":"2025-03-05T12:19:15","slug":"detector-lineal-de-humos-con-barrera-optica","status":"publish","type":"product","link":"https:\/\/anber.es\/web\/producto\/detector-lineal-de-humos-con-barrera-optica\/","title":{"rendered":"Detector lineal de humos con barrera \u00f3ptica"},"content":{"rendered":"<p>El <strong>detector lineal de humos con barrera \u00f3ptica DOP-6001R<\/strong> est\u00e1 dise\u00f1ado para la detecci\u00f3n de humos procedentes de fuegos en su fase inicial. Est\u00e1 especialmente indicado para la protecci\u00f3n de espacios en los que por su gran superficie ser\u00eda necesario emplear un gran n\u00famero de detectores puntuales, o en los cuales pueda haber dificultades para los mismos.<\/p>\n<p>Incorpora un <b>trazador l\u00e1ser<\/b> que permite visualizar y ajustar el haz con total precisi\u00f3n y de forma sencilla y eficiente, incluso a trav\u00e9s de espacios muy reducidos.<\/p>\n<p>Incluye un reflector para obtener un alcance de 8 a 50 metros.<br \/>\nDisponemos de otro reflector para aumentar el alcance hasta 100 metros (DV4XE39R8000).<\/p>\n<p>Dimensiones: 129 x 79 x 84 mm.<\/p>\n<p><b>Certificaci\u00f3n EN 54-12:1438\/CPD\/0219<\/b> y <b>CE<\/b>.<\/p>\n<p>Referencia: DVDOP6001R.<\/p>\n<p><a href=\"\/web\/wp-content\/uploads\/2025\/03\/Ficha_tecnica-Detector_lineal_de_humos_con_barrera_optica.pdf\" target=\"_blank\" rel=\"noopener noreferrer\"><button>Descarga manual de instalaci\u00f3n y mantenimiento<\/button><\/a><br \/>\n<a class=\"insta-link\" href=\"https:\/\/www.instagram.com\/aqlproteccion\/?hl=es\" target=\"_blank\" rel=\"noopener noreferrer\">Instagram<\/a><\/p>\n","protected":false},"excerpt":{"rendered":"<p>El detector lineal de humos con barrera \u00f3ptica DOP-6001R est\u00e1 dise\u00f1ado para la detecci\u00f3n de humos procedentes de fuegos en su fase inicial.<\/p>\n","protected":false},"featured_media":9909,"template":"","meta":[],"product_cat":[49,149,23],"product_tag":[],"yoast_head":"<!-- This site is optimized with the Yoast SEO plugin v22.1 - https:\/\/yoast.com\/wordpress\/plugins\/seo\/ -->\n<title>Detector lineal de humos con barrera \u00f3ptica - Anber<\/title>\n<meta name=\"description\" content=\"El detector lineal de humos con barrera \u00f3ptica DOP-6001R est\u00e1 dise\u00f1ado para la detecci\u00f3n de humos procedentes de fuegos en su fase inicial.\" \/>\n<meta name=\"robots\" content=\"index, follow, max-snippet:-1, max-image-preview:large, max-video-preview:-1\" \/>\n<link rel=\"canonical\" href=\"https:\/\/anber.es\/web\/producto\/detector-lineal-de-humos-con-barrera-optica\/\" \/>\n<meta property=\"og:locale\" content=\"es_ES\" \/>\n<meta property=\"og:type\" content=\"article\" \/>\n<meta property=\"og:title\" content=\"Detector lineal de humos con barrera \u00f3ptica - Anber\" \/>\n<meta property=\"og:description\" content=\"El detector lineal de humos con barrera \u00f3ptica DOP-6001R est\u00e1 dise\u00f1ado para la detecci\u00f3n de humos procedentes de fuegos en su fase inicial.\" \/>\n<meta property=\"og:url\" content=\"https:\/\/anber.es\/web\/producto\/detector-lineal-de-humos-con-barrera-optica\/\" \/>\n<meta property=\"og:site_name\" content=\"Anber\" \/>\n<meta property=\"article:modified_time\" content=\"2025-03-05T12:19:15+00:00\" \/>\n<meta property=\"og:image\" content=\"https:\/\/anber.es\/web\/wp-content\/uploads\/2025\/03\/detector_lineal_de_humos_con_barrera_optica.webp\" \/>\n\t<meta property=\"og:image:width\" content=\"1000\" \/>\n\t<meta property=\"og:image:height\" content=\"1000\" \/>\n\t<meta property=\"og:image:type\" content=\"image\/webp\" \/>\n<meta name=\"twitter:card\" content=\"summary_large_image\" \/>\n<meta name=\"twitter:label1\" content=\"Tiempo de lectura\" \/>\n\t<meta name=\"twitter:data1\" content=\"1 minuto\" \/>\n<script type=\"application\/ld+json\" class=\"yoast-schema-graph\">{\"@context\":\"https:\/\/schema.org\",\"@graph\":[{\"@type\":\"WebPage\",\"@id\":\"https:\/\/anber.es\/web\/producto\/detector-lineal-de-humos-con-barrera-optica\/\",\"url\":\"https:\/\/anber.es\/web\/producto\/detector-lineal-de-humos-con-barrera-optica\/\",\"name\":\"Detector lineal de humos con barrera \u00f3ptica - Anber\",\"isPartOf\":{\"@id\":\"https:\/\/anber.es\/web\/#website\"},\"datePublished\":\"2020-12-23T14:21:12+00:00\",\"dateModified\":\"2025-03-05T12:19:15+00:00\",\"description\":\"El detector lineal de humos con barrera \u00f3ptica DOP-6001R est\u00e1 dise\u00f1ado para la detecci\u00f3n de humos procedentes de fuegos en su fase inicial.\",\"breadcrumb\":{\"@id\":\"https:\/\/anber.es\/web\/producto\/detector-lineal-de-humos-con-barrera-optica\/#breadcrumb\"},\"inLanguage\":\"es\",\"potentialAction\":[{\"@type\":\"ReadAction\",\"target\":[\"https:\/\/anber.es\/web\/producto\/detector-lineal-de-humos-con-barrera-optica\/\"]}]},{\"@type\":\"BreadcrumbList\",\"@id\":\"https:\/\/anber.es\/web\/producto\/detector-lineal-de-humos-con-barrera-optica\/#breadcrumb\",\"itemListElement\":[{\"@type\":\"ListItem\",\"position\":1,\"name\":\"Portada\",\"item\":\"https:\/\/anber.es\/web\/\"},{\"@type\":\"ListItem\",\"position\":2,\"name\":\"Productos\",\"item\":\"https:\/\/anber.es\/web\/productos\/\"},{\"@type\":\"ListItem\",\"position\":3,\"name\":\"Detector lineal de humos con barrera \u00f3ptica\"}]},{\"@type\":\"WebSite\",\"@id\":\"https:\/\/anber.es\/web\/#website\",\"url\":\"https:\/\/anber.es\/web\/\",\"name\":\"Anber\",\"description\":\"Sistemas de protecci\u00f3n contra incendios\",\"publisher\":{\"@id\":\"https:\/\/anber.es\/web\/#organization\"},\"potentialAction\":[{\"@type\":\"SearchAction\",\"target\":{\"@type\":\"EntryPoint\",\"urlTemplate\":\"https:\/\/anber.es\/web\/?s={search_term_string}\"},\"query-input\":\"required name=search_term_string\"}],\"inLanguage\":\"es\"},{\"@type\":\"Organization\",\"@id\":\"https:\/\/anber.es\/web\/#organization\",\"name\":\"Anber\",\"url\":\"https:\/\/anber.es\/web\/\",\"logo\":{\"@type\":\"ImageObject\",\"inLanguage\":\"es\",\"@id\":\"https:\/\/anber.es\/web\/#\/schema\/logo\/image\/\",\"url\":\"https:\/\/anber.es\/web\/wp-content\/uploads\/2021\/03\/logo-anber.png\",\"contentUrl\":\"https:\/\/anber.es\/web\/wp-content\/uploads\/2021\/03\/logo-anber.png\",\"width\":2208,\"height\":500,\"caption\":\"Anber\"},\"image\":{\"@id\":\"https:\/\/anber.es\/web\/#\/schema\/logo\/image\/\"}}]}<\/script>\n<!-- \/ Yoast SEO plugin. -->","yoast_head_json":{"title":"Detector lineal de humos con barrera \u00f3ptica - Anber","description":"El detector lineal de humos con barrera \u00f3ptica DOP-6001R est\u00e1 dise\u00f1ado para la detecci\u00f3n de humos procedentes de fuegos en su fase inicial.","robots":{"index":"index","follow":"follow","max-snippet":"max-snippet:-1","max-image-preview":"max-image-preview:large","max-video-preview":"max-video-preview:-1"},"canonical":"https:\/\/anber.es\/web\/producto\/detector-lineal-de-humos-con-barrera-optica\/","og_locale":"es_ES","og_type":"article","og_title":"Detector lineal de humos con barrera \u00f3ptica - Anber","og_description":"El detector lineal de humos con barrera \u00f3ptica DOP-6001R est\u00e1 dise\u00f1ado para la detecci\u00f3n de humos procedentes de fuegos en su fase inicial.","og_url":"https:\/\/anber.es\/web\/producto\/detector-lineal-de-humos-con-barrera-optica\/","og_site_name":"Anber","article_modified_time":"2025-03-05T12:19:15+00:00","og_image":[{"width":1000,"height":1000,"url":"https:\/\/anber.es\/web\/wp-content\/uploads\/2025\/03\/detector_lineal_de_humos_con_barrera_optica.webp","type":"image\/webp"}],"twitter_card":"summary_large_image","twitter_misc":{"Tiempo de lectura":"1 minuto"},"schema":{"@context":"https:\/\/schema.org","@graph":[{"@type":"WebPage","@id":"https:\/\/anber.es\/web\/producto\/detector-lineal-de-humos-con-barrera-optica\/","url":"https:\/\/anber.es\/web\/producto\/detector-lineal-de-humos-con-barrera-optica\/","name":"Detector lineal de humos con barrera \u00f3ptica - Anber","isPartOf":{"@id":"https:\/\/anber.es\/web\/#website"},"datePublished":"2020-12-23T14:21:12+00:00","dateModified":"2025-03-05T12:19:15+00:00","description":"El detector lineal de humos con barrera \u00f3ptica DOP-6001R est\u00e1 dise\u00f1ado para la detecci\u00f3n de humos procedentes de fuegos en su fase inicial.","breadcrumb":{"@id":"https:\/\/anber.es\/web\/producto\/detector-lineal-de-humos-con-barrera-optica\/#breadcrumb"},"inLanguage":"es","potentialAction":[{"@type":"ReadAction","target":["https:\/\/anber.es\/web\/producto\/detector-lineal-de-humos-con-barrera-optica\/"]}]},{"@type":"BreadcrumbList","@id":"https:\/\/anber.es\/web\/producto\/detector-lineal-de-humos-con-barrera-optica\/#breadcrumb","itemListElement":[{"@type":"ListItem","position":1,"name":"Portada","item":"https:\/\/anber.es\/web\/"},{"@type":"ListItem","position":2,"name":"Productos","item":"https:\/\/anber.es\/web\/productos\/"},{"@type":"ListItem","position":3,"name":"Detector lineal de humos con barrera \u00f3ptica"}]},{"@type":"WebSite","@id":"https:\/\/anber.es\/web\/#website","url":"https:\/\/anber.es\/web\/","name":"Anber","description":"Sistemas de protecci\u00f3n contra incendios","publisher":{"@id":"https:\/\/anber.es\/web\/#organization"},"potentialAction":[{"@type":"SearchAction","target":{"@type":"EntryPoint","urlTemplate":"https:\/\/anber.es\/web\/?s={search_term_string}"},"query-input":"required name=search_term_string"}],"inLanguage":"es"},{"@type":"Organization","@id":"https:\/\/anber.es\/web\/#organization","name":"Anber","url":"https:\/\/anber.es\/web\/","logo":{"@type":"ImageObject","inLanguage":"es","@id":"https:\/\/anber.es\/web\/#\/schema\/logo\/image\/","url":"https:\/\/anber.es\/web\/wp-content\/uploads\/2021\/03\/logo-anber.png","contentUrl":"https:\/\/anber.es\/web\/wp-content\/uploads\/2021\/03\/logo-anber.png","width":2208,"height":500,"caption":"Anber"},"image":{"@id":"https:\/\/anber.es\/web\/#\/schema\/logo\/image\/"}}]}},"_links":{"self":[{"href":"https:\/\/anber.es\/web\/wp-json\/wp\/v2\/product\/1372"}],"collection":[{"href":"https:\/\/anber.es\/web\/wp-json\/wp\/v2\/product"}],"about":[{"href":"https:\/\/anber.es\/web\/wp-json\/wp\/v2\/types\/product"}],"wp:featuredmedia":[{"embeddable":true,"href":"https:\/\/anber.es\/web\/wp-json\/wp\/v2\/media\/9909"}],"wp:attachment":[{"href":"https:\/\/anber.es\/web\/wp-json\/wp\/v2\/media?parent=1372"}],"wp:term":[{"taxonomy":"product_cat","embeddable":true,"href":"https:\/\/anber.es\/web\/wp-json\/wp\/v2\/product_cat?post=1372"},{"taxonomy":"product_tag","embeddable":true,"href":"https:\/\/anber.es\/web\/wp-json\/wp\/v2\/product_tag?post=1372"}],"curies":[{"name":"wp","href":"https:\/\/api.w.org\/{rel}","templated":true}]}}