{"id":1383,"date":"2020-12-28T11:52:16","date_gmt":"2020-12-28T09:52:16","guid":{"rendered":"http:\/\/anber.es\/web\/?post_type=product&#038;p=1383"},"modified":"2025-09-16T08:49:44","modified_gmt":"2025-09-16T06:49:44","slug":"poste-indicador-de-pared","status":"publish","type":"product","link":"https:\/\/anber.es\/web\/producto\/poste-indicador-de-pared\/","title":{"rendered":"Poste indicador horizontal de pared"},"content":{"rendered":"<p>El <strong>poste indicador horizontal de pared<\/strong> es un dispositivo para operar <b>v\u00e1lvulas de compuerta NRS instaladas detr\u00e1s de la pared<\/b> conociendo r\u00e1pidamente su posici\u00f3n (abierta o cerrada).<\/p>\n<p>Preparados para poder instalar un interruptor<b> final de carrera<\/b> para notificar a la central de incendios el estado de la v\u00e1lvula supervisada (si est\u00e1 abierta o cerrada).<\/p>\n<p>Listada y aprobada<b> FM \/ UL<\/b>.<\/p>\n<p>Referencia: VPTI99148.<\/p>\n<p><a href=\"\/web\/wp-content\/uploads\/2025\/09\/Ficha_tecnica-poste_indicador_horizontal_de_pared.pdf\" target=\"_blank\" rel=\"noopener noreferrer\"><button>Descarga ficha <\/button><\/a><br \/>\n<a class=\"insta-link\" href=\"https:\/\/www.instagram.com\/aqlproteccion\/?hl=es\" target=\"_blank\" rel=\"noopener noreferrer\">Instagram<\/a><\/p>\n","protected":false},"excerpt":{"rendered":"<p>El poste indicador de pared es un dispositivo para operar v\u00e1lvulas de compuerta NRS instaladas detr\u00e1s de la pared conociendo r\u00e1pidamente su posici\u00f3n.<\/p>\n","protected":false},"featured_media":10035,"template":"","meta":[],"product_cat":[76,45],"product_tag":[215],"yoast_head":"<!-- This site is optimized with the Yoast SEO plugin v22.1 - https:\/\/yoast.com\/wordpress\/plugins\/seo\/ -->\n<title>Poste indicador horizontal de pared - Anber<\/title>\n<meta name=\"description\" content=\"El poste indicador de pared es un dispositivo para operar v\u00e1lvulas de compuerta NRS instaladas detr\u00e1s de la pared conociendo r\u00e1pidamente su posici\u00f3n.\" \/>\n<meta name=\"robots\" content=\"index, follow, max-snippet:-1, max-image-preview:large, max-video-preview:-1\" \/>\n<link rel=\"canonical\" href=\"https:\/\/anber.es\/web\/producto\/poste-indicador-de-pared\/\" \/>\n<meta property=\"og:locale\" content=\"es_ES\" \/>\n<meta property=\"og:type\" content=\"article\" \/>\n<meta property=\"og:title\" content=\"Poste indicador horizontal de pared - Anber\" \/>\n<meta property=\"og:description\" content=\"El poste indicador de pared es un dispositivo para operar v\u00e1lvulas de compuerta NRS instaladas detr\u00e1s de la pared conociendo r\u00e1pidamente su posici\u00f3n.\" \/>\n<meta property=\"og:url\" content=\"https:\/\/anber.es\/web\/producto\/poste-indicador-de-pared\/\" \/>\n<meta property=\"og:site_name\" content=\"Anber\" \/>\n<meta property=\"article:modified_time\" content=\"2025-09-16T06:49:44+00:00\" \/>\n<meta property=\"og:image\" content=\"https:\/\/anber.es\/web\/wp-content\/uploads\/2025\/05\/poste_indicador_de_pared.webp\" \/>\n\t<meta property=\"og:image:width\" content=\"1000\" \/>\n\t<meta property=\"og:image:height\" content=\"1000\" \/>\n\t<meta property=\"og:image:type\" content=\"image\/webp\" \/>\n<meta name=\"twitter:card\" content=\"summary_large_image\" \/>\n<meta name=\"twitter:label1\" content=\"Tiempo de lectura\" \/>\n\t<meta name=\"twitter:data1\" content=\"1 minuto\" \/>\n<script type=\"application\/ld+json\" class=\"yoast-schema-graph\">{\"@context\":\"https:\/\/schema.org\",\"@graph\":[{\"@type\":\"WebPage\",\"@id\":\"https:\/\/anber.es\/web\/producto\/poste-indicador-de-pared\/\",\"url\":\"https:\/\/anber.es\/web\/producto\/poste-indicador-de-pared\/\",\"name\":\"Poste indicador horizontal de pared - Anber\",\"isPartOf\":{\"@id\":\"https:\/\/anber.es\/web\/#website\"},\"datePublished\":\"2020-12-28T09:52:16+00:00\",\"dateModified\":\"2025-09-16T06:49:44+00:00\",\"description\":\"El poste indicador de pared es un dispositivo para operar v\u00e1lvulas de compuerta NRS instaladas detr\u00e1s de la pared conociendo r\u00e1pidamente su posici\u00f3n.\",\"breadcrumb\":{\"@id\":\"https:\/\/anber.es\/web\/producto\/poste-indicador-de-pared\/#breadcrumb\"},\"inLanguage\":\"es\",\"potentialAction\":[{\"@type\":\"ReadAction\",\"target\":[\"https:\/\/anber.es\/web\/producto\/poste-indicador-de-pared\/\"]}]},{\"@type\":\"BreadcrumbList\",\"@id\":\"https:\/\/anber.es\/web\/producto\/poste-indicador-de-pared\/#breadcrumb\",\"itemListElement\":[{\"@type\":\"ListItem\",\"position\":1,\"name\":\"Portada\",\"item\":\"https:\/\/anber.es\/web\/\"},{\"@type\":\"ListItem\",\"position\":2,\"name\":\"Productos\",\"item\":\"https:\/\/anber.es\/web\/productos\/\"},{\"@type\":\"ListItem\",\"position\":3,\"name\":\"Poste indicador horizontal de pared\"}]},{\"@type\":\"WebSite\",\"@id\":\"https:\/\/anber.es\/web\/#website\",\"url\":\"https:\/\/anber.es\/web\/\",\"name\":\"Anber\",\"description\":\"Sistemas de protecci\u00f3n contra incendios\",\"publisher\":{\"@id\":\"https:\/\/anber.es\/web\/#organization\"},\"potentialAction\":[{\"@type\":\"SearchAction\",\"target\":{\"@type\":\"EntryPoint\",\"urlTemplate\":\"https:\/\/anber.es\/web\/?s={search_term_string}\"},\"query-input\":\"required name=search_term_string\"}],\"inLanguage\":\"es\"},{\"@type\":\"Organization\",\"@id\":\"https:\/\/anber.es\/web\/#organization\",\"name\":\"Anber\",\"url\":\"https:\/\/anber.es\/web\/\",\"logo\":{\"@type\":\"ImageObject\",\"inLanguage\":\"es\",\"@id\":\"https:\/\/anber.es\/web\/#\/schema\/logo\/image\/\",\"url\":\"https:\/\/anber.es\/web\/wp-content\/uploads\/2021\/03\/logo-anber.png\",\"contentUrl\":\"https:\/\/anber.es\/web\/wp-content\/uploads\/2021\/03\/logo-anber.png\",\"width\":2208,\"height\":500,\"caption\":\"Anber\"},\"image\":{\"@id\":\"https:\/\/anber.es\/web\/#\/schema\/logo\/image\/\"}}]}<\/script>\n<!-- \/ Yoast SEO plugin. -->","yoast_head_json":{"title":"Poste indicador horizontal de pared - Anber","description":"El poste indicador de pared es un dispositivo para operar v\u00e1lvulas de compuerta NRS instaladas detr\u00e1s de la pared conociendo r\u00e1pidamente su posici\u00f3n.","robots":{"index":"index","follow":"follow","max-snippet":"max-snippet:-1","max-image-preview":"max-image-preview:large","max-video-preview":"max-video-preview:-1"},"canonical":"https:\/\/anber.es\/web\/producto\/poste-indicador-de-pared\/","og_locale":"es_ES","og_type":"article","og_title":"Poste indicador horizontal de pared - Anber","og_description":"El poste indicador de pared es un dispositivo para operar v\u00e1lvulas de compuerta NRS instaladas detr\u00e1s de la pared conociendo r\u00e1pidamente su posici\u00f3n.","og_url":"https:\/\/anber.es\/web\/producto\/poste-indicador-de-pared\/","og_site_name":"Anber","article_modified_time":"2025-09-16T06:49:44+00:00","og_image":[{"width":1000,"height":1000,"url":"https:\/\/anber.es\/web\/wp-content\/uploads\/2025\/05\/poste_indicador_de_pared.webp","type":"image\/webp"}],"twitter_card":"summary_large_image","twitter_misc":{"Tiempo de lectura":"1 minuto"},"schema":{"@context":"https:\/\/schema.org","@graph":[{"@type":"WebPage","@id":"https:\/\/anber.es\/web\/producto\/poste-indicador-de-pared\/","url":"https:\/\/anber.es\/web\/producto\/poste-indicador-de-pared\/","name":"Poste indicador horizontal de pared - Anber","isPartOf":{"@id":"https:\/\/anber.es\/web\/#website"},"datePublished":"2020-12-28T09:52:16+00:00","dateModified":"2025-09-16T06:49:44+00:00","description":"El poste indicador de pared es un dispositivo para operar v\u00e1lvulas de compuerta NRS instaladas detr\u00e1s de la pared conociendo r\u00e1pidamente su posici\u00f3n.","breadcrumb":{"@id":"https:\/\/anber.es\/web\/producto\/poste-indicador-de-pared\/#breadcrumb"},"inLanguage":"es","potentialAction":[{"@type":"ReadAction","target":["https:\/\/anber.es\/web\/producto\/poste-indicador-de-pared\/"]}]},{"@type":"BreadcrumbList","@id":"https:\/\/anber.es\/web\/producto\/poste-indicador-de-pared\/#breadcrumb","itemListElement":[{"@type":"ListItem","position":1,"name":"Portada","item":"https:\/\/anber.es\/web\/"},{"@type":"ListItem","position":2,"name":"Productos","item":"https:\/\/anber.es\/web\/productos\/"},{"@type":"ListItem","position":3,"name":"Poste indicador horizontal de pared"}]},{"@type":"WebSite","@id":"https:\/\/anber.es\/web\/#website","url":"https:\/\/anber.es\/web\/","name":"Anber","description":"Sistemas de protecci\u00f3n contra incendios","publisher":{"@id":"https:\/\/anber.es\/web\/#organization"},"potentialAction":[{"@type":"SearchAction","target":{"@type":"EntryPoint","urlTemplate":"https:\/\/anber.es\/web\/?s={search_term_string}"},"query-input":"required name=search_term_string"}],"inLanguage":"es"},{"@type":"Organization","@id":"https:\/\/anber.es\/web\/#organization","name":"Anber","url":"https:\/\/anber.es\/web\/","logo":{"@type":"ImageObject","inLanguage":"es","@id":"https:\/\/anber.es\/web\/#\/schema\/logo\/image\/","url":"https:\/\/anber.es\/web\/wp-content\/uploads\/2021\/03\/logo-anber.png","contentUrl":"https:\/\/anber.es\/web\/wp-content\/uploads\/2021\/03\/logo-anber.png","width":2208,"height":500,"caption":"Anber"},"image":{"@id":"https:\/\/anber.es\/web\/#\/schema\/logo\/image\/"}}]}},"_links":{"self":[{"href":"https:\/\/anber.es\/web\/wp-json\/wp\/v2\/product\/1383"}],"collection":[{"href":"https:\/\/anber.es\/web\/wp-json\/wp\/v2\/product"}],"about":[{"href":"https:\/\/anber.es\/web\/wp-json\/wp\/v2\/types\/product"}],"wp:featuredmedia":[{"embeddable":true,"href":"https:\/\/anber.es\/web\/wp-json\/wp\/v2\/media\/10035"}],"wp:attachment":[{"href":"https:\/\/anber.es\/web\/wp-json\/wp\/v2\/media?parent=1383"}],"wp:term":[{"taxonomy":"product_cat","embeddable":true,"href":"https:\/\/anber.es\/web\/wp-json\/wp\/v2\/product_cat?post=1383"},{"taxonomy":"product_tag","embeddable":true,"href":"https:\/\/anber.es\/web\/wp-json\/wp\/v2\/product_tag?post=1383"}],"curies":[{"name":"wp","href":"https:\/\/api.w.org\/{rel}","templated":true}]}}