{"id":1419,"date":"2020-12-31T12:15:08","date_gmt":"2020-12-31T10:15:08","guid":{"rendered":"http:\/\/anber.es\/web\/?post_type=product&#038;p=1419"},"modified":"2022-06-21T08:23:52","modified_gmt":"2022-06-21T06:23:52","slug":"bie-25-fija-con-toma-45","status":"publish","type":"product","link":"https:\/\/anber.es\/web\/producto\/bie-25-fija-con-toma-45\/","title":{"rendered":"BIE 25 fija con toma 45"},"content":{"rendered":"<p><strong>BIE 25 fija con toma de 45<\/strong> equipada con <b>manguera semirr\u00edgida de color blanco de \u00d825mm y 20m de longitud<\/b>, seg\u00fan EN694:2001. Compuesta por armario fabricado en chapa DC01 (espesor \/webaql1mm) y pintada en poli\u00e9ster, o en acero inoxidable 304. <\/p>\n<p>Puerta con doble bisagra y cerradura abref\u00e1cil tipo \u201cresbal\u00f3n\u201d.<\/p>\n<p><b>Carrete reversible \u00d8450mm<\/b> con alimentaci\u00f3n axial.<\/p>\n<p>V\u00e1lvula de bola 1&#8243; con man\u00f3metro, v\u00e1lvula antirretorno y toma adicional. <\/p>\n<p>Lanza variomatic de triple efecto (di\u00e1metro equivalente 10mm).<\/p>\n<p>Presi\u00f3n de servicio: 12 Bar.<\/p>\n<p>Dimensiones: <b>750 x 600 x 245mm<\/b>. <\/p>\n<p>Referencia: BETAD.<\/p>\n<p><a href=\"\/web\/wp-content\/uploads\/2020\/12\/Ficha_tecnica-bie25_fija_con_toma45.pdf\" target=\"_blank\" rel=\"noopener noreferrer\"><button>Descarga ficha<\/button><\/a><br \/>\n<a class=\"insta-link\" href=\"https:\/\/www.instagram.com\/aqlproteccion\/?hl=es\" target=\"_blank\" rel=\"noopener noreferrer\">Instagram<\/a><\/p>\n","protected":false},"excerpt":{"rendered":"<p>BIE 25 fija con toma de 45 equipada con manguera semirr\u00edgida de color blanco de \u00d825mm y 20m de longitud. Armario en chapa o acero inoxidable.<\/p>\n","protected":false},"featured_media":3379,"template":"","meta":[],"product_cat":[97,27,20],"product_tag":[215],"yoast_head":"<!-- This site is optimized with the Yoast SEO plugin v22.1 - https:\/\/yoast.com\/wordpress\/plugins\/seo\/ -->\n<title>BIE 25 fija con toma 45 - Anber<\/title>\n<meta name=\"description\" content=\"BIE 25 fija con toma de 45 equipada con manguera semirr\u00edgida de color blanco de \u00d825mm y 20m de longitud. Armario en chapa o acero inoxidable.\" \/>\n<meta name=\"robots\" content=\"index, follow, max-snippet:-1, max-image-preview:large, max-video-preview:-1\" \/>\n<link rel=\"canonical\" href=\"https:\/\/anber.es\/web\/producto\/bie-25-fija-con-toma-45\/\" \/>\n<meta property=\"og:locale\" content=\"es_ES\" \/>\n<meta property=\"og:type\" content=\"article\" \/>\n<meta property=\"og:title\" content=\"BIE 25 fija con toma 45 - Anber\" \/>\n<meta property=\"og:description\" content=\"BIE 25 fija con toma de 45 equipada con manguera semirr\u00edgida de color blanco de \u00d825mm y 20m de longitud. Armario en chapa o acero inoxidable.\" \/>\n<meta property=\"og:url\" content=\"https:\/\/anber.es\/web\/producto\/bie-25-fija-con-toma-45\/\" \/>\n<meta property=\"og:site_name\" content=\"Anber\" \/>\n<meta property=\"article:modified_time\" content=\"2022-06-21T06:23:52+00:00\" \/>\n<meta property=\"og:image\" content=\"https:\/\/anber.es\/web\/wp-content\/uploads\/2021\/05\/bie25_fija_con_toma45.png\" \/>\n\t<meta property=\"og:image:width\" content=\"1000\" \/>\n\t<meta property=\"og:image:height\" content=\"1000\" \/>\n\t<meta property=\"og:image:type\" content=\"image\/png\" \/>\n<meta name=\"twitter:card\" content=\"summary_large_image\" \/>\n<script type=\"application\/ld+json\" class=\"yoast-schema-graph\">{\"@context\":\"https:\/\/schema.org\",\"@graph\":[{\"@type\":\"WebPage\",\"@id\":\"https:\/\/anber.es\/web\/producto\/bie-25-fija-con-toma-45\/\",\"url\":\"https:\/\/anber.es\/web\/producto\/bie-25-fija-con-toma-45\/\",\"name\":\"BIE 25 fija con toma 45 - Anber\",\"isPartOf\":{\"@id\":\"https:\/\/anber.es\/web\/#website\"},\"datePublished\":\"2020-12-31T10:15:08+00:00\",\"dateModified\":\"2022-06-21T06:23:52+00:00\",\"description\":\"BIE 25 fija con toma de 45 equipada con manguera semirr\u00edgida de color blanco de \u00d825mm y 20m de longitud. Armario en chapa o acero inoxidable.\",\"breadcrumb\":{\"@id\":\"https:\/\/anber.es\/web\/producto\/bie-25-fija-con-toma-45\/#breadcrumb\"},\"inLanguage\":\"es\",\"potentialAction\":[{\"@type\":\"ReadAction\",\"target\":[\"https:\/\/anber.es\/web\/producto\/bie-25-fija-con-toma-45\/\"]}]},{\"@type\":\"BreadcrumbList\",\"@id\":\"https:\/\/anber.es\/web\/producto\/bie-25-fija-con-toma-45\/#breadcrumb\",\"itemListElement\":[{\"@type\":\"ListItem\",\"position\":1,\"name\":\"Portada\",\"item\":\"https:\/\/anber.es\/web\/\"},{\"@type\":\"ListItem\",\"position\":2,\"name\":\"Productos\",\"item\":\"https:\/\/anber.es\/web\/productos\/\"},{\"@type\":\"ListItem\",\"position\":3,\"name\":\"BIE 25 fija con toma 45\"}]},{\"@type\":\"WebSite\",\"@id\":\"https:\/\/anber.es\/web\/#website\",\"url\":\"https:\/\/anber.es\/web\/\",\"name\":\"Anber\",\"description\":\"Sistemas de protecci\u00f3n contra incendios\",\"publisher\":{\"@id\":\"https:\/\/anber.es\/web\/#organization\"},\"potentialAction\":[{\"@type\":\"SearchAction\",\"target\":{\"@type\":\"EntryPoint\",\"urlTemplate\":\"https:\/\/anber.es\/web\/?s={search_term_string}\"},\"query-input\":\"required name=search_term_string\"}],\"inLanguage\":\"es\"},{\"@type\":\"Organization\",\"@id\":\"https:\/\/anber.es\/web\/#organization\",\"name\":\"Anber\",\"url\":\"https:\/\/anber.es\/web\/\",\"logo\":{\"@type\":\"ImageObject\",\"inLanguage\":\"es\",\"@id\":\"https:\/\/anber.es\/web\/#\/schema\/logo\/image\/\",\"url\":\"https:\/\/anber.es\/web\/wp-content\/uploads\/2021\/03\/logo-anber.png\",\"contentUrl\":\"https:\/\/anber.es\/web\/wp-content\/uploads\/2021\/03\/logo-anber.png\",\"width\":2208,\"height\":500,\"caption\":\"Anber\"},\"image\":{\"@id\":\"https:\/\/anber.es\/web\/#\/schema\/logo\/image\/\"}}]}<\/script>\n<!-- \/ Yoast SEO plugin. -->","yoast_head_json":{"title":"BIE 25 fija con toma 45 - Anber","description":"BIE 25 fija con toma de 45 equipada con manguera semirr\u00edgida de color blanco de \u00d825mm y 20m de longitud. Armario en chapa o acero inoxidable.","robots":{"index":"index","follow":"follow","max-snippet":"max-snippet:-1","max-image-preview":"max-image-preview:large","max-video-preview":"max-video-preview:-1"},"canonical":"https:\/\/anber.es\/web\/producto\/bie-25-fija-con-toma-45\/","og_locale":"es_ES","og_type":"article","og_title":"BIE 25 fija con toma 45 - Anber","og_description":"BIE 25 fija con toma de 45 equipada con manguera semirr\u00edgida de color blanco de \u00d825mm y 20m de longitud. Armario en chapa o acero inoxidable.","og_url":"https:\/\/anber.es\/web\/producto\/bie-25-fija-con-toma-45\/","og_site_name":"Anber","article_modified_time":"2022-06-21T06:23:52+00:00","og_image":[{"width":1000,"height":1000,"url":"https:\/\/anber.es\/web\/wp-content\/uploads\/2021\/05\/bie25_fija_con_toma45.png","type":"image\/png"}],"twitter_card":"summary_large_image","schema":{"@context":"https:\/\/schema.org","@graph":[{"@type":"WebPage","@id":"https:\/\/anber.es\/web\/producto\/bie-25-fija-con-toma-45\/","url":"https:\/\/anber.es\/web\/producto\/bie-25-fija-con-toma-45\/","name":"BIE 25 fija con toma 45 - Anber","isPartOf":{"@id":"https:\/\/anber.es\/web\/#website"},"datePublished":"2020-12-31T10:15:08+00:00","dateModified":"2022-06-21T06:23:52+00:00","description":"BIE 25 fija con toma de 45 equipada con manguera semirr\u00edgida de color blanco de \u00d825mm y 20m de longitud. Armario en chapa o acero inoxidable.","breadcrumb":{"@id":"https:\/\/anber.es\/web\/producto\/bie-25-fija-con-toma-45\/#breadcrumb"},"inLanguage":"es","potentialAction":[{"@type":"ReadAction","target":["https:\/\/anber.es\/web\/producto\/bie-25-fija-con-toma-45\/"]}]},{"@type":"BreadcrumbList","@id":"https:\/\/anber.es\/web\/producto\/bie-25-fija-con-toma-45\/#breadcrumb","itemListElement":[{"@type":"ListItem","position":1,"name":"Portada","item":"https:\/\/anber.es\/web\/"},{"@type":"ListItem","position":2,"name":"Productos","item":"https:\/\/anber.es\/web\/productos\/"},{"@type":"ListItem","position":3,"name":"BIE 25 fija con toma 45"}]},{"@type":"WebSite","@id":"https:\/\/anber.es\/web\/#website","url":"https:\/\/anber.es\/web\/","name":"Anber","description":"Sistemas de protecci\u00f3n contra incendios","publisher":{"@id":"https:\/\/anber.es\/web\/#organization"},"potentialAction":[{"@type":"SearchAction","target":{"@type":"EntryPoint","urlTemplate":"https:\/\/anber.es\/web\/?s={search_term_string}"},"query-input":"required name=search_term_string"}],"inLanguage":"es"},{"@type":"Organization","@id":"https:\/\/anber.es\/web\/#organization","name":"Anber","url":"https:\/\/anber.es\/web\/","logo":{"@type":"ImageObject","inLanguage":"es","@id":"https:\/\/anber.es\/web\/#\/schema\/logo\/image\/","url":"https:\/\/anber.es\/web\/wp-content\/uploads\/2021\/03\/logo-anber.png","contentUrl":"https:\/\/anber.es\/web\/wp-content\/uploads\/2021\/03\/logo-anber.png","width":2208,"height":500,"caption":"Anber"},"image":{"@id":"https:\/\/anber.es\/web\/#\/schema\/logo\/image\/"}}]}},"_links":{"self":[{"href":"https:\/\/anber.es\/web\/wp-json\/wp\/v2\/product\/1419"}],"collection":[{"href":"https:\/\/anber.es\/web\/wp-json\/wp\/v2\/product"}],"about":[{"href":"https:\/\/anber.es\/web\/wp-json\/wp\/v2\/types\/product"}],"wp:featuredmedia":[{"embeddable":true,"href":"https:\/\/anber.es\/web\/wp-json\/wp\/v2\/media\/3379"}],"wp:attachment":[{"href":"https:\/\/anber.es\/web\/wp-json\/wp\/v2\/media?parent=1419"}],"wp:term":[{"taxonomy":"product_cat","embeddable":true,"href":"https:\/\/anber.es\/web\/wp-json\/wp\/v2\/product_cat?post=1419"},{"taxonomy":"product_tag","embeddable":true,"href":"https:\/\/anber.es\/web\/wp-json\/wp\/v2\/product_tag?post=1419"}],"curies":[{"name":"wp","href":"https:\/\/api.w.org\/{rel}","templated":true}]}}