{"id":1450,"date":"2021-01-08T12:36:18","date_gmt":"2021-01-08T10:36:18","guid":{"rendered":"http:\/\/anber.es\/web\/?post_type=product&#038;p=1450"},"modified":"2024-04-11T16:41:58","modified_gmt":"2024-04-11T14:41:58","slug":"taco-para-retacar","status":"publish","type":"product","link":"https:\/\/anber.es\/web\/producto\/taco-para-retacar\/","title":{"rendered":"Taco para retacar"},"content":{"rendered":"<p>El <strong>taco para retacar<\/strong> sirve para fijaciones m\u00faltiples en <b>hormig\u00f3n fisurado <\/b>y fijaciones aisladas en hormig\u00f3n <b>no fisurado<\/b>.<\/p>\n<p>Apropiado para fijaci\u00f3n de tuber\u00edas, carriles, etc. contemplados en la homologaci\u00f3n.<\/p>\n<p><b>Resistente al fuego clase R30-R120<\/b>.<\/p>\n<p>Homologaci\u00f3n: <b>FM<\/b>.<\/p>\n<p>Referencia: CPTR.<\/p>\n<p><a href=\"\/web\/wp-content\/uploads\/2024\/04\/Ficha_tecnica-taco_para_retacar.pdf\" target=\"_blank\" rel=\"noopener noreferrer\"><button>Descarga ficha <\/button><\/a><br \/>\n<a class=\"insta-link\" href=\"https:\/\/www.instagram.com\/aqlproteccion\/?hl=es\" target=\"_blank\" rel=\"noopener noreferrer\">Instagram<\/a><\/p>\n","protected":false},"excerpt":{"rendered":"<p>El taco para retacar sirve para fijaciones m\u00faltiples en hormig\u00f3n fisurado y fijaciones aisladas en hormig\u00f3n no fisurado. Resistente al fuego clase R30-R120.<\/p>\n","protected":false},"featured_media":9286,"template":"","meta":[],"product_cat":[206],"product_tag":[215],"yoast_head":"<!-- This site is optimized with the Yoast SEO plugin v22.1 - https:\/\/yoast.com\/wordpress\/plugins\/seo\/ -->\n<title>Taco para retacar - Anber<\/title>\n<meta name=\"description\" content=\"El taco para retacar sirve para fijaciones m\u00faltiples en hormig\u00f3n fisurado y fijaciones aisladas en hormig\u00f3n no fisurado. Resistente al fuego clase R30-R120.\" \/>\n<meta name=\"robots\" content=\"index, follow, max-snippet:-1, max-image-preview:large, max-video-preview:-1\" \/>\n<link rel=\"canonical\" href=\"https:\/\/anber.es\/web\/producto\/taco-para-retacar\/\" \/>\n<meta property=\"og:locale\" content=\"es_ES\" \/>\n<meta property=\"og:type\" content=\"article\" \/>\n<meta property=\"og:title\" content=\"Taco para retacar - Anber\" \/>\n<meta property=\"og:description\" content=\"El taco para retacar sirve para fijaciones m\u00faltiples en hormig\u00f3n fisurado y fijaciones aisladas en hormig\u00f3n no fisurado. Resistente al fuego clase R30-R120.\" \/>\n<meta property=\"og:url\" content=\"https:\/\/anber.es\/web\/producto\/taco-para-retacar\/\" \/>\n<meta property=\"og:site_name\" content=\"Anber\" \/>\n<meta property=\"article:modified_time\" content=\"2024-04-11T14:41:58+00:00\" \/>\n<meta property=\"og:image\" content=\"https:\/\/anber.es\/web\/wp-content\/uploads\/2024\/04\/taco_para_retacar.webp\" \/>\n\t<meta property=\"og:image:width\" content=\"1000\" \/>\n\t<meta property=\"og:image:height\" content=\"1000\" \/>\n\t<meta property=\"og:image:type\" content=\"image\/webp\" \/>\n<meta name=\"twitter:card\" content=\"summary_large_image\" \/>\n<meta name=\"twitter:label1\" content=\"Tiempo de lectura\" \/>\n\t<meta name=\"twitter:data1\" content=\"1 minuto\" \/>\n<script type=\"application\/ld+json\" class=\"yoast-schema-graph\">{\"@context\":\"https:\/\/schema.org\",\"@graph\":[{\"@type\":\"WebPage\",\"@id\":\"https:\/\/anber.es\/web\/producto\/taco-para-retacar\/\",\"url\":\"https:\/\/anber.es\/web\/producto\/taco-para-retacar\/\",\"name\":\"Taco para retacar - Anber\",\"isPartOf\":{\"@id\":\"https:\/\/anber.es\/web\/#website\"},\"datePublished\":\"2021-01-08T10:36:18+00:00\",\"dateModified\":\"2024-04-11T14:41:58+00:00\",\"description\":\"El taco para retacar sirve para fijaciones m\u00faltiples en hormig\u00f3n fisurado y fijaciones aisladas en hormig\u00f3n no fisurado. Resistente al fuego clase R30-R120.\",\"breadcrumb\":{\"@id\":\"https:\/\/anber.es\/web\/producto\/taco-para-retacar\/#breadcrumb\"},\"inLanguage\":\"es\",\"potentialAction\":[{\"@type\":\"ReadAction\",\"target\":[\"https:\/\/anber.es\/web\/producto\/taco-para-retacar\/\"]}]},{\"@type\":\"BreadcrumbList\",\"@id\":\"https:\/\/anber.es\/web\/producto\/taco-para-retacar\/#breadcrumb\",\"itemListElement\":[{\"@type\":\"ListItem\",\"position\":1,\"name\":\"Portada\",\"item\":\"https:\/\/anber.es\/web\/\"},{\"@type\":\"ListItem\",\"position\":2,\"name\":\"Productos\",\"item\":\"https:\/\/anber.es\/web\/productos\/\"},{\"@type\":\"ListItem\",\"position\":3,\"name\":\"Taco para retacar\"}]},{\"@type\":\"WebSite\",\"@id\":\"https:\/\/anber.es\/web\/#website\",\"url\":\"https:\/\/anber.es\/web\/\",\"name\":\"Anber\",\"description\":\"Sistemas de protecci\u00f3n contra incendios\",\"publisher\":{\"@id\":\"https:\/\/anber.es\/web\/#organization\"},\"potentialAction\":[{\"@type\":\"SearchAction\",\"target\":{\"@type\":\"EntryPoint\",\"urlTemplate\":\"https:\/\/anber.es\/web\/?s={search_term_string}\"},\"query-input\":\"required name=search_term_string\"}],\"inLanguage\":\"es\"},{\"@type\":\"Organization\",\"@id\":\"https:\/\/anber.es\/web\/#organization\",\"name\":\"Anber\",\"url\":\"https:\/\/anber.es\/web\/\",\"logo\":{\"@type\":\"ImageObject\",\"inLanguage\":\"es\",\"@id\":\"https:\/\/anber.es\/web\/#\/schema\/logo\/image\/\",\"url\":\"https:\/\/anber.es\/web\/wp-content\/uploads\/2021\/03\/logo-anber.png\",\"contentUrl\":\"https:\/\/anber.es\/web\/wp-content\/uploads\/2021\/03\/logo-anber.png\",\"width\":2208,\"height\":500,\"caption\":\"Anber\"},\"image\":{\"@id\":\"https:\/\/anber.es\/web\/#\/schema\/logo\/image\/\"}}]}<\/script>\n<!-- \/ Yoast SEO plugin. -->","yoast_head_json":{"title":"Taco para retacar - Anber","description":"El taco para retacar sirve para fijaciones m\u00faltiples en hormig\u00f3n fisurado y fijaciones aisladas en hormig\u00f3n no fisurado. Resistente al fuego clase R30-R120.","robots":{"index":"index","follow":"follow","max-snippet":"max-snippet:-1","max-image-preview":"max-image-preview:large","max-video-preview":"max-video-preview:-1"},"canonical":"https:\/\/anber.es\/web\/producto\/taco-para-retacar\/","og_locale":"es_ES","og_type":"article","og_title":"Taco para retacar - Anber","og_description":"El taco para retacar sirve para fijaciones m\u00faltiples en hormig\u00f3n fisurado y fijaciones aisladas en hormig\u00f3n no fisurado. Resistente al fuego clase R30-R120.","og_url":"https:\/\/anber.es\/web\/producto\/taco-para-retacar\/","og_site_name":"Anber","article_modified_time":"2024-04-11T14:41:58+00:00","og_image":[{"width":1000,"height":1000,"url":"https:\/\/anber.es\/web\/wp-content\/uploads\/2024\/04\/taco_para_retacar.webp","type":"image\/webp"}],"twitter_card":"summary_large_image","twitter_misc":{"Tiempo de lectura":"1 minuto"},"schema":{"@context":"https:\/\/schema.org","@graph":[{"@type":"WebPage","@id":"https:\/\/anber.es\/web\/producto\/taco-para-retacar\/","url":"https:\/\/anber.es\/web\/producto\/taco-para-retacar\/","name":"Taco para retacar - Anber","isPartOf":{"@id":"https:\/\/anber.es\/web\/#website"},"datePublished":"2021-01-08T10:36:18+00:00","dateModified":"2024-04-11T14:41:58+00:00","description":"El taco para retacar sirve para fijaciones m\u00faltiples en hormig\u00f3n fisurado y fijaciones aisladas en hormig\u00f3n no fisurado. Resistente al fuego clase R30-R120.","breadcrumb":{"@id":"https:\/\/anber.es\/web\/producto\/taco-para-retacar\/#breadcrumb"},"inLanguage":"es","potentialAction":[{"@type":"ReadAction","target":["https:\/\/anber.es\/web\/producto\/taco-para-retacar\/"]}]},{"@type":"BreadcrumbList","@id":"https:\/\/anber.es\/web\/producto\/taco-para-retacar\/#breadcrumb","itemListElement":[{"@type":"ListItem","position":1,"name":"Portada","item":"https:\/\/anber.es\/web\/"},{"@type":"ListItem","position":2,"name":"Productos","item":"https:\/\/anber.es\/web\/productos\/"},{"@type":"ListItem","position":3,"name":"Taco para retacar"}]},{"@type":"WebSite","@id":"https:\/\/anber.es\/web\/#website","url":"https:\/\/anber.es\/web\/","name":"Anber","description":"Sistemas de protecci\u00f3n contra incendios","publisher":{"@id":"https:\/\/anber.es\/web\/#organization"},"potentialAction":[{"@type":"SearchAction","target":{"@type":"EntryPoint","urlTemplate":"https:\/\/anber.es\/web\/?s={search_term_string}"},"query-input":"required name=search_term_string"}],"inLanguage":"es"},{"@type":"Organization","@id":"https:\/\/anber.es\/web\/#organization","name":"Anber","url":"https:\/\/anber.es\/web\/","logo":{"@type":"ImageObject","inLanguage":"es","@id":"https:\/\/anber.es\/web\/#\/schema\/logo\/image\/","url":"https:\/\/anber.es\/web\/wp-content\/uploads\/2021\/03\/logo-anber.png","contentUrl":"https:\/\/anber.es\/web\/wp-content\/uploads\/2021\/03\/logo-anber.png","width":2208,"height":500,"caption":"Anber"},"image":{"@id":"https:\/\/anber.es\/web\/#\/schema\/logo\/image\/"}}]}},"_links":{"self":[{"href":"https:\/\/anber.es\/web\/wp-json\/wp\/v2\/product\/1450"}],"collection":[{"href":"https:\/\/anber.es\/web\/wp-json\/wp\/v2\/product"}],"about":[{"href":"https:\/\/anber.es\/web\/wp-json\/wp\/v2\/types\/product"}],"wp:featuredmedia":[{"embeddable":true,"href":"https:\/\/anber.es\/web\/wp-json\/wp\/v2\/media\/9286"}],"wp:attachment":[{"href":"https:\/\/anber.es\/web\/wp-json\/wp\/v2\/media?parent=1450"}],"wp:term":[{"taxonomy":"product_cat","embeddable":true,"href":"https:\/\/anber.es\/web\/wp-json\/wp\/v2\/product_cat?post=1450"},{"taxonomy":"product_tag","embeddable":true,"href":"https:\/\/anber.es\/web\/wp-json\/wp\/v2\/product_tag?post=1450"}],"curies":[{"name":"wp","href":"https:\/\/api.w.org\/{rel}","templated":true}]}}