{"id":1468,"date":"2021-01-11T12:14:30","date_gmt":"2021-01-11T10:14:30","guid":{"rendered":"http:\/\/anber.es\/web\/?post_type=product&#038;p=1468"},"modified":"2022-10-20T15:57:22","modified_gmt":"2022-10-20T13:57:22","slug":"mordaza-tcs","status":"publish","type":"product","link":"https:\/\/anber.es\/web\/producto\/mordaza-tcs\/","title":{"rendered":"Mordaza modelo TCS para carril"},"content":{"rendered":"<p>Las <strong>mordaza modelo TCS<\/strong> son elementos de sujeci\u00f3n s\u00f3lidos para el montaje de tuber\u00edas, conductos de aire y aparatos varios a perfiles de acero laminado en combinaci\u00f3n con esp\u00e1rragos de M8 hasta M16.<\/p>\n<p>&#8211; Su uso junto con una r\u00f3tula universal, permite suspensiones verticales en estructuras inclinadas.<br \/>\n&#8211; Aplicable en fijaciones individuales, as\u00ed como para el montaje de travesa\u00f1os y estructuras en m\u00e9nsula.<br \/>\n&#8211; La forma especial de las mordazas TCS Tipo I permite su uso en los carriles de montaje 41.<\/p>\n<p>Homologaci\u00f3n: VdS, FM y TCS OLC.<\/p>\n<p>Referencia: CPTCS.<\/p>\n<p><a href=\"\/web\/wp-content\/uploads\/2021\/09\/Ficha_tecnica-mordaza_modelo_TCS_para_carril.pdf\" target=\"_blank\" rel=\"noopener noreferrer\"><button>Descarga ficha <\/button><\/a><br \/>\n<a class=\"insta-link\" href=\"https:\/\/www.instagram.com\/aqlproteccion\/?hl=es\" target=\"_blank\" rel=\"noopener noreferrer\">Instagram<\/a><\/p>\n","protected":false},"excerpt":{"rendered":"<p>La mordaza modelo TCS es un elemento de sujeci\u00f3n s\u00f3lido para el montaje de tuber\u00edas, conductos de aire, etc. a perfiles de acero laminado.<\/p>\n","protected":false},"featured_media":3363,"template":"","meta":[],"product_cat":[206],"product_tag":[215],"yoast_head":"<!-- This site is optimized with the Yoast SEO plugin v22.1 - https:\/\/yoast.com\/wordpress\/plugins\/seo\/ -->\n<title>Mordaza modelo TCS para carril - Anber<\/title>\n<meta name=\"description\" content=\"La mordaza modelo TCS es un elemento de sujeci\u00f3n s\u00f3lido para el montaje de tuber\u00edas, conductos de aire, etc. a perfiles de acero laminado.\" \/>\n<meta name=\"robots\" content=\"index, follow, max-snippet:-1, max-image-preview:large, max-video-preview:-1\" \/>\n<link rel=\"canonical\" href=\"https:\/\/anber.es\/web\/producto\/mordaza-tcs\/\" \/>\n<meta property=\"og:locale\" content=\"es_ES\" \/>\n<meta property=\"og:type\" content=\"article\" \/>\n<meta property=\"og:title\" content=\"Mordaza modelo TCS para carril - Anber\" \/>\n<meta property=\"og:description\" content=\"La mordaza modelo TCS es un elemento de sujeci\u00f3n s\u00f3lido para el montaje de tuber\u00edas, conductos de aire, etc. a perfiles de acero laminado.\" \/>\n<meta property=\"og:url\" content=\"https:\/\/anber.es\/web\/producto\/mordaza-tcs\/\" \/>\n<meta property=\"og:site_name\" content=\"Anber\" \/>\n<meta property=\"article:modified_time\" content=\"2022-10-20T13:57:22+00:00\" \/>\n<meta property=\"og:image\" content=\"https:\/\/anber.es\/web\/wp-content\/uploads\/2021\/05\/mordaza_TCS_para_carril.png\" \/>\n\t<meta property=\"og:image:width\" content=\"1000\" \/>\n\t<meta property=\"og:image:height\" content=\"1000\" \/>\n\t<meta property=\"og:image:type\" content=\"image\/png\" \/>\n<meta name=\"twitter:card\" content=\"summary_large_image\" \/>\n<meta name=\"twitter:label1\" content=\"Tiempo de lectura\" \/>\n\t<meta name=\"twitter:data1\" content=\"1 minuto\" \/>\n<script type=\"application\/ld+json\" class=\"yoast-schema-graph\">{\"@context\":\"https:\/\/schema.org\",\"@graph\":[{\"@type\":\"WebPage\",\"@id\":\"https:\/\/anber.es\/web\/producto\/mordaza-tcs\/\",\"url\":\"https:\/\/anber.es\/web\/producto\/mordaza-tcs\/\",\"name\":\"Mordaza modelo TCS para carril - Anber\",\"isPartOf\":{\"@id\":\"https:\/\/anber.es\/web\/#website\"},\"datePublished\":\"2021-01-11T10:14:30+00:00\",\"dateModified\":\"2022-10-20T13:57:22+00:00\",\"description\":\"La mordaza modelo TCS es un elemento de sujeci\u00f3n s\u00f3lido para el montaje de tuber\u00edas, conductos de aire, etc. a perfiles de acero laminado.\",\"breadcrumb\":{\"@id\":\"https:\/\/anber.es\/web\/producto\/mordaza-tcs\/#breadcrumb\"},\"inLanguage\":\"es\",\"potentialAction\":[{\"@type\":\"ReadAction\",\"target\":[\"https:\/\/anber.es\/web\/producto\/mordaza-tcs\/\"]}]},{\"@type\":\"BreadcrumbList\",\"@id\":\"https:\/\/anber.es\/web\/producto\/mordaza-tcs\/#breadcrumb\",\"itemListElement\":[{\"@type\":\"ListItem\",\"position\":1,\"name\":\"Portada\",\"item\":\"https:\/\/anber.es\/web\/\"},{\"@type\":\"ListItem\",\"position\":2,\"name\":\"Productos\",\"item\":\"https:\/\/anber.es\/web\/productos\/\"},{\"@type\":\"ListItem\",\"position\":3,\"name\":\"Mordaza modelo TCS para carril\"}]},{\"@type\":\"WebSite\",\"@id\":\"https:\/\/anber.es\/web\/#website\",\"url\":\"https:\/\/anber.es\/web\/\",\"name\":\"Anber\",\"description\":\"Sistemas de protecci\u00f3n contra incendios\",\"publisher\":{\"@id\":\"https:\/\/anber.es\/web\/#organization\"},\"potentialAction\":[{\"@type\":\"SearchAction\",\"target\":{\"@type\":\"EntryPoint\",\"urlTemplate\":\"https:\/\/anber.es\/web\/?s={search_term_string}\"},\"query-input\":\"required name=search_term_string\"}],\"inLanguage\":\"es\"},{\"@type\":\"Organization\",\"@id\":\"https:\/\/anber.es\/web\/#organization\",\"name\":\"Anber\",\"url\":\"https:\/\/anber.es\/web\/\",\"logo\":{\"@type\":\"ImageObject\",\"inLanguage\":\"es\",\"@id\":\"https:\/\/anber.es\/web\/#\/schema\/logo\/image\/\",\"url\":\"https:\/\/anber.es\/web\/wp-content\/uploads\/2021\/03\/logo-anber.png\",\"contentUrl\":\"https:\/\/anber.es\/web\/wp-content\/uploads\/2021\/03\/logo-anber.png\",\"width\":2208,\"height\":500,\"caption\":\"Anber\"},\"image\":{\"@id\":\"https:\/\/anber.es\/web\/#\/schema\/logo\/image\/\"}}]}<\/script>\n<!-- \/ Yoast SEO plugin. -->","yoast_head_json":{"title":"Mordaza modelo TCS para carril - Anber","description":"La mordaza modelo TCS es un elemento de sujeci\u00f3n s\u00f3lido para el montaje de tuber\u00edas, conductos de aire, etc. a perfiles de acero laminado.","robots":{"index":"index","follow":"follow","max-snippet":"max-snippet:-1","max-image-preview":"max-image-preview:large","max-video-preview":"max-video-preview:-1"},"canonical":"https:\/\/anber.es\/web\/producto\/mordaza-tcs\/","og_locale":"es_ES","og_type":"article","og_title":"Mordaza modelo TCS para carril - Anber","og_description":"La mordaza modelo TCS es un elemento de sujeci\u00f3n s\u00f3lido para el montaje de tuber\u00edas, conductos de aire, etc. a perfiles de acero laminado.","og_url":"https:\/\/anber.es\/web\/producto\/mordaza-tcs\/","og_site_name":"Anber","article_modified_time":"2022-10-20T13:57:22+00:00","og_image":[{"width":1000,"height":1000,"url":"https:\/\/anber.es\/web\/wp-content\/uploads\/2021\/05\/mordaza_TCS_para_carril.png","type":"image\/png"}],"twitter_card":"summary_large_image","twitter_misc":{"Tiempo de lectura":"1 minuto"},"schema":{"@context":"https:\/\/schema.org","@graph":[{"@type":"WebPage","@id":"https:\/\/anber.es\/web\/producto\/mordaza-tcs\/","url":"https:\/\/anber.es\/web\/producto\/mordaza-tcs\/","name":"Mordaza modelo TCS para carril - Anber","isPartOf":{"@id":"https:\/\/anber.es\/web\/#website"},"datePublished":"2021-01-11T10:14:30+00:00","dateModified":"2022-10-20T13:57:22+00:00","description":"La mordaza modelo TCS es un elemento de sujeci\u00f3n s\u00f3lido para el montaje de tuber\u00edas, conductos de aire, etc. a perfiles de acero laminado.","breadcrumb":{"@id":"https:\/\/anber.es\/web\/producto\/mordaza-tcs\/#breadcrumb"},"inLanguage":"es","potentialAction":[{"@type":"ReadAction","target":["https:\/\/anber.es\/web\/producto\/mordaza-tcs\/"]}]},{"@type":"BreadcrumbList","@id":"https:\/\/anber.es\/web\/producto\/mordaza-tcs\/#breadcrumb","itemListElement":[{"@type":"ListItem","position":1,"name":"Portada","item":"https:\/\/anber.es\/web\/"},{"@type":"ListItem","position":2,"name":"Productos","item":"https:\/\/anber.es\/web\/productos\/"},{"@type":"ListItem","position":3,"name":"Mordaza modelo TCS para carril"}]},{"@type":"WebSite","@id":"https:\/\/anber.es\/web\/#website","url":"https:\/\/anber.es\/web\/","name":"Anber","description":"Sistemas de protecci\u00f3n contra incendios","publisher":{"@id":"https:\/\/anber.es\/web\/#organization"},"potentialAction":[{"@type":"SearchAction","target":{"@type":"EntryPoint","urlTemplate":"https:\/\/anber.es\/web\/?s={search_term_string}"},"query-input":"required name=search_term_string"}],"inLanguage":"es"},{"@type":"Organization","@id":"https:\/\/anber.es\/web\/#organization","name":"Anber","url":"https:\/\/anber.es\/web\/","logo":{"@type":"ImageObject","inLanguage":"es","@id":"https:\/\/anber.es\/web\/#\/schema\/logo\/image\/","url":"https:\/\/anber.es\/web\/wp-content\/uploads\/2021\/03\/logo-anber.png","contentUrl":"https:\/\/anber.es\/web\/wp-content\/uploads\/2021\/03\/logo-anber.png","width":2208,"height":500,"caption":"Anber"},"image":{"@id":"https:\/\/anber.es\/web\/#\/schema\/logo\/image\/"}}]}},"_links":{"self":[{"href":"https:\/\/anber.es\/web\/wp-json\/wp\/v2\/product\/1468"}],"collection":[{"href":"https:\/\/anber.es\/web\/wp-json\/wp\/v2\/product"}],"about":[{"href":"https:\/\/anber.es\/web\/wp-json\/wp\/v2\/types\/product"}],"wp:featuredmedia":[{"embeddable":true,"href":"https:\/\/anber.es\/web\/wp-json\/wp\/v2\/media\/3363"}],"wp:attachment":[{"href":"https:\/\/anber.es\/web\/wp-json\/wp\/v2\/media?parent=1468"}],"wp:term":[{"taxonomy":"product_cat","embeddable":true,"href":"https:\/\/anber.es\/web\/wp-json\/wp\/v2\/product_cat?post=1468"},{"taxonomy":"product_tag","embeddable":true,"href":"https:\/\/anber.es\/web\/wp-json\/wp\/v2\/product_tag?post=1468"}],"curies":[{"name":"wp","href":"https:\/\/api.w.org\/{rel}","templated":true}]}}