{"id":1716,"date":"2021-02-01T09:31:36","date_gmt":"2021-02-01T07:31:36","guid":{"rendered":"http:\/\/anber.es\/web\/?post_type=product&#038;p=1716"},"modified":"2022-11-23T16:47:56","modified_gmt":"2022-11-23T14:47:56","slug":"valvula-mariposa-de-bronce-fm-ul","status":"publish","type":"product","link":"https:\/\/anber.es\/web\/producto\/valvula-mariposa-de-bronce-fm-ul\/","title":{"rendered":"V\u00e1lvula mariposa de bronce FM-UL"},"content":{"rendered":"<p>La <strong>v\u00e1lvula mariposa de bronce FM-UL<\/strong> es una v\u00e1lvula de control indicadora para sistemas de protecci\u00f3n contra incendios. Adem\u00e1s, las v\u00e1lvulas pueden ser con conexiones roscadas (modelo RBVT) o ranuradas (modelo RBVG).<br \/>\nLas v\u00e1lvulas est\u00e1n listadas para una presi\u00f3n de trabajo de 20,7 bar (300 psi).<\/p>\n<p>La <strong>v\u00e1lvula mariposa de bronce FM-UL<\/strong> tiene un conjunto de interruptor de manipulaci\u00f3n de supervisi\u00f3n precableado integral de 10 amperios para uso en interiores y exteriores. El interruptor de sabotaje se\u00f1ala el movimiento del sello de la v\u00e1lvula desde la posici\u00f3n completamente abierta.<\/p>\n<p><strong>Modelo RBVT:<\/strong> tienen conexiones de extremo roscadas ANSI B1.20.1 NPT y est\u00e1n disponibles en diferentes tama\u00f1os: 1&#8243; (25 mm), 1 1\/4&#8243; (32 mm), 1 1\/2&#8243; (38 mm) y 2&#8243; (51 mm).<br \/>\n<strong>Modelo RBVG:<\/strong> tienen conexiones de extremo ranuradas ANSI \/ AWWA C606 y est\u00e1n disponibles en diferentes tama\u00f1os: 1 1\/4&#8243; (32 mm), 1 1\/2&#8243; (38 mm), 2&#8243; (51 mm) y 2 1\/2&#8243; ( 65 mm).<\/p>\n<p>Referencia: VM99RBV.<\/p>\n<p><a href=\"\/web\/wp-content\/uploads\/2022\/11\/Ficha_tecnica-valvulas_de_mariposa_de_bronce_FM-UL.pdf\" target=\"_blank\" rel=\"noopener noreferrer\"><button>Descarga ficha<\/button><\/a><br \/>\n<a class=\"insta-link\" href=\"https:\/\/www.instagram.com\/aqlproteccion\/?hl=es\" target=\"_blank\" rel=\"noopener noreferrer\">Instagram<\/a><\/p>\n","protected":false},"excerpt":{"rendered":"<p>La v\u00e1lvula mariposa de bronce FM-UL son v\u00e1lvulas de control indicadoras para sistemas de protecci\u00f3n contra incendios. Hay roscadas y ranuradas.<\/p>\n","protected":false},"featured_media":3336,"template":"","meta":[],"product_cat":[77,45],"product_tag":[215],"yoast_head":"<!-- This site is optimized with the Yoast SEO plugin v22.1 - https:\/\/yoast.com\/wordpress\/plugins\/seo\/ -->\n<title>V\u00e1lvula mariposa de bronce FM-UL - Anber<\/title>\n<meta name=\"description\" content=\"La v\u00e1lvula mariposa de bronce FM-UL son v\u00e1lvulas de control indicadoras para sistemas de protecci\u00f3n contra incendios. Hay roscadas y ranuradas.\" \/>\n<meta name=\"robots\" content=\"index, follow, max-snippet:-1, max-image-preview:large, max-video-preview:-1\" \/>\n<link rel=\"canonical\" href=\"https:\/\/anber.es\/web\/producto\/valvula-mariposa-de-bronce-fm-ul\/\" \/>\n<meta property=\"og:locale\" content=\"es_ES\" \/>\n<meta property=\"og:type\" content=\"article\" \/>\n<meta property=\"og:title\" content=\"V\u00e1lvula mariposa de bronce FM-UL - Anber\" \/>\n<meta property=\"og:description\" content=\"La v\u00e1lvula mariposa de bronce FM-UL son v\u00e1lvulas de control indicadoras para sistemas de protecci\u00f3n contra incendios. Hay roscadas y ranuradas.\" \/>\n<meta property=\"og:url\" content=\"https:\/\/anber.es\/web\/producto\/valvula-mariposa-de-bronce-fm-ul\/\" \/>\n<meta property=\"og:site_name\" content=\"Anber\" \/>\n<meta property=\"article:modified_time\" content=\"2022-11-23T14:47:56+00:00\" \/>\n<meta property=\"og:image\" content=\"https:\/\/anber.es\/web\/wp-content\/uploads\/2021\/05\/valvulas_de_mariposa_de_bronce-FM-UL_ranurada_y_roscada.png\" \/>\n\t<meta property=\"og:image:width\" content=\"1000\" \/>\n\t<meta property=\"og:image:height\" content=\"1000\" \/>\n\t<meta property=\"og:image:type\" content=\"image\/png\" \/>\n<meta name=\"twitter:card\" content=\"summary_large_image\" \/>\n<meta name=\"twitter:label1\" content=\"Tiempo de lectura\" \/>\n\t<meta name=\"twitter:data1\" content=\"1 minuto\" \/>\n<script type=\"application\/ld+json\" class=\"yoast-schema-graph\">{\"@context\":\"https:\/\/schema.org\",\"@graph\":[{\"@type\":\"WebPage\",\"@id\":\"https:\/\/anber.es\/web\/producto\/valvula-mariposa-de-bronce-fm-ul\/\",\"url\":\"https:\/\/anber.es\/web\/producto\/valvula-mariposa-de-bronce-fm-ul\/\",\"name\":\"V\u00e1lvula mariposa de bronce FM-UL - Anber\",\"isPartOf\":{\"@id\":\"https:\/\/anber.es\/web\/#website\"},\"datePublished\":\"2021-02-01T07:31:36+00:00\",\"dateModified\":\"2022-11-23T14:47:56+00:00\",\"description\":\"La v\u00e1lvula mariposa de bronce FM-UL son v\u00e1lvulas de control indicadoras para sistemas de protecci\u00f3n contra incendios. Hay roscadas y ranuradas.\",\"breadcrumb\":{\"@id\":\"https:\/\/anber.es\/web\/producto\/valvula-mariposa-de-bronce-fm-ul\/#breadcrumb\"},\"inLanguage\":\"es\",\"potentialAction\":[{\"@type\":\"ReadAction\",\"target\":[\"https:\/\/anber.es\/web\/producto\/valvula-mariposa-de-bronce-fm-ul\/\"]}]},{\"@type\":\"BreadcrumbList\",\"@id\":\"https:\/\/anber.es\/web\/producto\/valvula-mariposa-de-bronce-fm-ul\/#breadcrumb\",\"itemListElement\":[{\"@type\":\"ListItem\",\"position\":1,\"name\":\"Portada\",\"item\":\"https:\/\/anber.es\/web\/\"},{\"@type\":\"ListItem\",\"position\":2,\"name\":\"Productos\",\"item\":\"https:\/\/anber.es\/web\/productos\/\"},{\"@type\":\"ListItem\",\"position\":3,\"name\":\"V\u00e1lvula mariposa de bronce FM-UL\"}]},{\"@type\":\"WebSite\",\"@id\":\"https:\/\/anber.es\/web\/#website\",\"url\":\"https:\/\/anber.es\/web\/\",\"name\":\"Anber\",\"description\":\"Sistemas de protecci\u00f3n contra incendios\",\"publisher\":{\"@id\":\"https:\/\/anber.es\/web\/#organization\"},\"potentialAction\":[{\"@type\":\"SearchAction\",\"target\":{\"@type\":\"EntryPoint\",\"urlTemplate\":\"https:\/\/anber.es\/web\/?s={search_term_string}\"},\"query-input\":\"required name=search_term_string\"}],\"inLanguage\":\"es\"},{\"@type\":\"Organization\",\"@id\":\"https:\/\/anber.es\/web\/#organization\",\"name\":\"Anber\",\"url\":\"https:\/\/anber.es\/web\/\",\"logo\":{\"@type\":\"ImageObject\",\"inLanguage\":\"es\",\"@id\":\"https:\/\/anber.es\/web\/#\/schema\/logo\/image\/\",\"url\":\"https:\/\/anber.es\/web\/wp-content\/uploads\/2021\/03\/logo-anber.png\",\"contentUrl\":\"https:\/\/anber.es\/web\/wp-content\/uploads\/2021\/03\/logo-anber.png\",\"width\":2208,\"height\":500,\"caption\":\"Anber\"},\"image\":{\"@id\":\"https:\/\/anber.es\/web\/#\/schema\/logo\/image\/\"}}]}<\/script>\n<!-- \/ Yoast SEO plugin. -->","yoast_head_json":{"title":"V\u00e1lvula mariposa de bronce FM-UL - Anber","description":"La v\u00e1lvula mariposa de bronce FM-UL son v\u00e1lvulas de control indicadoras para sistemas de protecci\u00f3n contra incendios. Hay roscadas y ranuradas.","robots":{"index":"index","follow":"follow","max-snippet":"max-snippet:-1","max-image-preview":"max-image-preview:large","max-video-preview":"max-video-preview:-1"},"canonical":"https:\/\/anber.es\/web\/producto\/valvula-mariposa-de-bronce-fm-ul\/","og_locale":"es_ES","og_type":"article","og_title":"V\u00e1lvula mariposa de bronce FM-UL - Anber","og_description":"La v\u00e1lvula mariposa de bronce FM-UL son v\u00e1lvulas de control indicadoras para sistemas de protecci\u00f3n contra incendios. Hay roscadas y ranuradas.","og_url":"https:\/\/anber.es\/web\/producto\/valvula-mariposa-de-bronce-fm-ul\/","og_site_name":"Anber","article_modified_time":"2022-11-23T14:47:56+00:00","og_image":[{"width":1000,"height":1000,"url":"https:\/\/anber.es\/web\/wp-content\/uploads\/2021\/05\/valvulas_de_mariposa_de_bronce-FM-UL_ranurada_y_roscada.png","type":"image\/png"}],"twitter_card":"summary_large_image","twitter_misc":{"Tiempo de lectura":"1 minuto"},"schema":{"@context":"https:\/\/schema.org","@graph":[{"@type":"WebPage","@id":"https:\/\/anber.es\/web\/producto\/valvula-mariposa-de-bronce-fm-ul\/","url":"https:\/\/anber.es\/web\/producto\/valvula-mariposa-de-bronce-fm-ul\/","name":"V\u00e1lvula mariposa de bronce FM-UL - Anber","isPartOf":{"@id":"https:\/\/anber.es\/web\/#website"},"datePublished":"2021-02-01T07:31:36+00:00","dateModified":"2022-11-23T14:47:56+00:00","description":"La v\u00e1lvula mariposa de bronce FM-UL son v\u00e1lvulas de control indicadoras para sistemas de protecci\u00f3n contra incendios. Hay roscadas y ranuradas.","breadcrumb":{"@id":"https:\/\/anber.es\/web\/producto\/valvula-mariposa-de-bronce-fm-ul\/#breadcrumb"},"inLanguage":"es","potentialAction":[{"@type":"ReadAction","target":["https:\/\/anber.es\/web\/producto\/valvula-mariposa-de-bronce-fm-ul\/"]}]},{"@type":"BreadcrumbList","@id":"https:\/\/anber.es\/web\/producto\/valvula-mariposa-de-bronce-fm-ul\/#breadcrumb","itemListElement":[{"@type":"ListItem","position":1,"name":"Portada","item":"https:\/\/anber.es\/web\/"},{"@type":"ListItem","position":2,"name":"Productos","item":"https:\/\/anber.es\/web\/productos\/"},{"@type":"ListItem","position":3,"name":"V\u00e1lvula mariposa de bronce FM-UL"}]},{"@type":"WebSite","@id":"https:\/\/anber.es\/web\/#website","url":"https:\/\/anber.es\/web\/","name":"Anber","description":"Sistemas de protecci\u00f3n contra incendios","publisher":{"@id":"https:\/\/anber.es\/web\/#organization"},"potentialAction":[{"@type":"SearchAction","target":{"@type":"EntryPoint","urlTemplate":"https:\/\/anber.es\/web\/?s={search_term_string}"},"query-input":"required name=search_term_string"}],"inLanguage":"es"},{"@type":"Organization","@id":"https:\/\/anber.es\/web\/#organization","name":"Anber","url":"https:\/\/anber.es\/web\/","logo":{"@type":"ImageObject","inLanguage":"es","@id":"https:\/\/anber.es\/web\/#\/schema\/logo\/image\/","url":"https:\/\/anber.es\/web\/wp-content\/uploads\/2021\/03\/logo-anber.png","contentUrl":"https:\/\/anber.es\/web\/wp-content\/uploads\/2021\/03\/logo-anber.png","width":2208,"height":500,"caption":"Anber"},"image":{"@id":"https:\/\/anber.es\/web\/#\/schema\/logo\/image\/"}}]}},"_links":{"self":[{"href":"https:\/\/anber.es\/web\/wp-json\/wp\/v2\/product\/1716"}],"collection":[{"href":"https:\/\/anber.es\/web\/wp-json\/wp\/v2\/product"}],"about":[{"href":"https:\/\/anber.es\/web\/wp-json\/wp\/v2\/types\/product"}],"wp:featuredmedia":[{"embeddable":true,"href":"https:\/\/anber.es\/web\/wp-json\/wp\/v2\/media\/3336"}],"wp:attachment":[{"href":"https:\/\/anber.es\/web\/wp-json\/wp\/v2\/media?parent=1716"}],"wp:term":[{"taxonomy":"product_cat","embeddable":true,"href":"https:\/\/anber.es\/web\/wp-json\/wp\/v2\/product_cat?post=1716"},{"taxonomy":"product_tag","embeddable":true,"href":"https:\/\/anber.es\/web\/wp-json\/wp\/v2\/product_tag?post=1716"}],"curies":[{"name":"wp","href":"https:\/\/api.w.org\/{rel}","templated":true}]}}