{"id":1862,"date":"2021-02-08T11:38:44","date_gmt":"2021-02-08T09:38:44","guid":{"rendered":"http:\/\/anber.es\/web\/?post_type=product&#038;p=1862"},"modified":"2021-11-23T12:33:33","modified_gmt":"2021-11-23T10:33:33","slug":"extintor-polvo-con-ruedas-50-kg","status":"publish","type":"product","link":"https:\/\/anber.es\/web\/producto\/extintor-polvo-con-ruedas-50-kg\/","title":{"rendered":"Extintor polvo con ruedas 50 kg"},"content":{"rendered":"<p>Caracter\u00edsticas del <strong> Extintor polvo con ruedas 50 kg <\/strong>:<\/p>\n<p>Presi\u00f3n incorporada.<br \/>\nV\u00e1lvula de disparo r\u00e1pido con dispositivo de comprobaci\u00f3n de presi\u00f3n interna.<br \/>\nMan\u00f3metro autocomprobable.<br \/>\nCuerpo extintor de chapa de acero laminado AP04.<br \/>\nPintura poli\u00e9ster sin plomo ni TGIC, resistente a la radiaci\u00f3n ultravioleta.<br \/>\nManguera de caucho flexible 5 Mts con metralleta.<br \/>\nTotalmente conforme con todos los puntos de la norma EN1866. Informe laboratorio disponible.<br \/>\nEficacia 43A \u2013 IV B \u2013 C.<br \/>\nPasador de seguridad en maneta de accionamiento y precinto sobre pasador.<br \/>\nHomologado CE y Bureau Veritas.<br \/>\nUtilizable en fuegos A, B y C (incluso en presencia de tensi\u00f3n el\u00e9ctrica).<br \/>\nNo utilizar en fuegos D y en materiales reactivos (NA, K, Mg).<\/p>\n<p>Referencia: ETPL50.<\/p>\n<p><a href=\"\/web\/wp-content\/uploads\/2021\/07\/Ficha_tecnica-extintores_de_polvo_con_rueda_25kg_y_50kg.pdf\" target=\"_blank\" rel=\"noopener noreferrer\"><button>Descarga ficha<\/button><\/a><br \/>\n<a class=\"insta-link\" href=\"https:\/\/www.instagram.com\/aqlproteccion\/?hl=es\" target=\"_blank\" rel=\"noopener noreferrer\">Instagram<\/a><\/p>\n","protected":false},"excerpt":{"rendered":"<p>Extintor polvo con ruedas 50 kg con pintura resistente a la radiaci\u00f3n ultravioleta. Utilizable en fuegos A, B y C (y con tensi\u00f3n el\u00e9ctrica).<\/p>\n","protected":false},"featured_media":3328,"template":"","meta":[],"product_cat":[20,84,101],"product_tag":[215],"yoast_head":"<!-- This site is optimized with the Yoast SEO plugin v22.1 - https:\/\/yoast.com\/wordpress\/plugins\/seo\/ -->\n<title>Extintor polvo con ruedas 50 kg - Anber<\/title>\n<meta name=\"description\" content=\"Extintor polvo con ruedas 50 kg con pintura resistente a la radiaci\u00f3n ultravioleta. Utilizable en fuegos A, B y C (y con tensi\u00f3n el\u00e9ctrica).\" \/>\n<meta name=\"robots\" content=\"index, follow, max-snippet:-1, max-image-preview:large, max-video-preview:-1\" \/>\n<link rel=\"canonical\" href=\"https:\/\/anber.es\/web\/producto\/extintor-polvo-con-ruedas-50-kg\/\" \/>\n<meta property=\"og:locale\" content=\"es_ES\" \/>\n<meta property=\"og:type\" content=\"article\" \/>\n<meta property=\"og:title\" content=\"Extintor polvo con ruedas 50 kg - Anber\" \/>\n<meta property=\"og:description\" content=\"Extintor polvo con ruedas 50 kg con pintura resistente a la radiaci\u00f3n ultravioleta. Utilizable en fuegos A, B y C (y con tensi\u00f3n el\u00e9ctrica).\" \/>\n<meta property=\"og:url\" content=\"https:\/\/anber.es\/web\/producto\/extintor-polvo-con-ruedas-50-kg\/\" \/>\n<meta property=\"og:site_name\" content=\"Anber\" \/>\n<meta property=\"article:modified_time\" content=\"2021-11-23T10:33:33+00:00\" \/>\n<meta property=\"og:image\" content=\"https:\/\/anber.es\/web\/wp-content\/uploads\/2021\/05\/extintor_con_ruedas_50kg.png\" \/>\n\t<meta property=\"og:image:width\" content=\"1000\" \/>\n\t<meta property=\"og:image:height\" content=\"1000\" \/>\n\t<meta property=\"og:image:type\" content=\"image\/png\" \/>\n<meta name=\"twitter:card\" content=\"summary_large_image\" \/>\n<meta name=\"twitter:label1\" content=\"Tiempo de lectura\" \/>\n\t<meta name=\"twitter:data1\" content=\"1 minuto\" \/>\n<script type=\"application\/ld+json\" class=\"yoast-schema-graph\">{\"@context\":\"https:\/\/schema.org\",\"@graph\":[{\"@type\":\"WebPage\",\"@id\":\"https:\/\/anber.es\/web\/producto\/extintor-polvo-con-ruedas-50-kg\/\",\"url\":\"https:\/\/anber.es\/web\/producto\/extintor-polvo-con-ruedas-50-kg\/\",\"name\":\"Extintor polvo con ruedas 50 kg - Anber\",\"isPartOf\":{\"@id\":\"https:\/\/anber.es\/web\/#website\"},\"datePublished\":\"2021-02-08T09:38:44+00:00\",\"dateModified\":\"2021-11-23T10:33:33+00:00\",\"description\":\"Extintor polvo con ruedas 50 kg con pintura resistente a la radiaci\u00f3n ultravioleta. Utilizable en fuegos A, B y C (y con tensi\u00f3n el\u00e9ctrica).\",\"breadcrumb\":{\"@id\":\"https:\/\/anber.es\/web\/producto\/extintor-polvo-con-ruedas-50-kg\/#breadcrumb\"},\"inLanguage\":\"es\",\"potentialAction\":[{\"@type\":\"ReadAction\",\"target\":[\"https:\/\/anber.es\/web\/producto\/extintor-polvo-con-ruedas-50-kg\/\"]}]},{\"@type\":\"BreadcrumbList\",\"@id\":\"https:\/\/anber.es\/web\/producto\/extintor-polvo-con-ruedas-50-kg\/#breadcrumb\",\"itemListElement\":[{\"@type\":\"ListItem\",\"position\":1,\"name\":\"Portada\",\"item\":\"https:\/\/anber.es\/web\/\"},{\"@type\":\"ListItem\",\"position\":2,\"name\":\"Productos\",\"item\":\"https:\/\/anber.es\/web\/productos\/\"},{\"@type\":\"ListItem\",\"position\":3,\"name\":\"Extintor polvo con ruedas 50 kg\"}]},{\"@type\":\"WebSite\",\"@id\":\"https:\/\/anber.es\/web\/#website\",\"url\":\"https:\/\/anber.es\/web\/\",\"name\":\"Anber\",\"description\":\"Sistemas de protecci\u00f3n contra incendios\",\"publisher\":{\"@id\":\"https:\/\/anber.es\/web\/#organization\"},\"potentialAction\":[{\"@type\":\"SearchAction\",\"target\":{\"@type\":\"EntryPoint\",\"urlTemplate\":\"https:\/\/anber.es\/web\/?s={search_term_string}\"},\"query-input\":\"required name=search_term_string\"}],\"inLanguage\":\"es\"},{\"@type\":\"Organization\",\"@id\":\"https:\/\/anber.es\/web\/#organization\",\"name\":\"Anber\",\"url\":\"https:\/\/anber.es\/web\/\",\"logo\":{\"@type\":\"ImageObject\",\"inLanguage\":\"es\",\"@id\":\"https:\/\/anber.es\/web\/#\/schema\/logo\/image\/\",\"url\":\"https:\/\/anber.es\/web\/wp-content\/uploads\/2021\/03\/logo-anber.png\",\"contentUrl\":\"https:\/\/anber.es\/web\/wp-content\/uploads\/2021\/03\/logo-anber.png\",\"width\":2208,\"height\":500,\"caption\":\"Anber\"},\"image\":{\"@id\":\"https:\/\/anber.es\/web\/#\/schema\/logo\/image\/\"}}]}<\/script>\n<!-- \/ Yoast SEO plugin. -->","yoast_head_json":{"title":"Extintor polvo con ruedas 50 kg - Anber","description":"Extintor polvo con ruedas 50 kg con pintura resistente a la radiaci\u00f3n ultravioleta. Utilizable en fuegos A, B y C (y con tensi\u00f3n el\u00e9ctrica).","robots":{"index":"index","follow":"follow","max-snippet":"max-snippet:-1","max-image-preview":"max-image-preview:large","max-video-preview":"max-video-preview:-1"},"canonical":"https:\/\/anber.es\/web\/producto\/extintor-polvo-con-ruedas-50-kg\/","og_locale":"es_ES","og_type":"article","og_title":"Extintor polvo con ruedas 50 kg - Anber","og_description":"Extintor polvo con ruedas 50 kg con pintura resistente a la radiaci\u00f3n ultravioleta. Utilizable en fuegos A, B y C (y con tensi\u00f3n el\u00e9ctrica).","og_url":"https:\/\/anber.es\/web\/producto\/extintor-polvo-con-ruedas-50-kg\/","og_site_name":"Anber","article_modified_time":"2021-11-23T10:33:33+00:00","og_image":[{"width":1000,"height":1000,"url":"https:\/\/anber.es\/web\/wp-content\/uploads\/2021\/05\/extintor_con_ruedas_50kg.png","type":"image\/png"}],"twitter_card":"summary_large_image","twitter_misc":{"Tiempo de lectura":"1 minuto"},"schema":{"@context":"https:\/\/schema.org","@graph":[{"@type":"WebPage","@id":"https:\/\/anber.es\/web\/producto\/extintor-polvo-con-ruedas-50-kg\/","url":"https:\/\/anber.es\/web\/producto\/extintor-polvo-con-ruedas-50-kg\/","name":"Extintor polvo con ruedas 50 kg - Anber","isPartOf":{"@id":"https:\/\/anber.es\/web\/#website"},"datePublished":"2021-02-08T09:38:44+00:00","dateModified":"2021-11-23T10:33:33+00:00","description":"Extintor polvo con ruedas 50 kg con pintura resistente a la radiaci\u00f3n ultravioleta. Utilizable en fuegos A, B y C (y con tensi\u00f3n el\u00e9ctrica).","breadcrumb":{"@id":"https:\/\/anber.es\/web\/producto\/extintor-polvo-con-ruedas-50-kg\/#breadcrumb"},"inLanguage":"es","potentialAction":[{"@type":"ReadAction","target":["https:\/\/anber.es\/web\/producto\/extintor-polvo-con-ruedas-50-kg\/"]}]},{"@type":"BreadcrumbList","@id":"https:\/\/anber.es\/web\/producto\/extintor-polvo-con-ruedas-50-kg\/#breadcrumb","itemListElement":[{"@type":"ListItem","position":1,"name":"Portada","item":"https:\/\/anber.es\/web\/"},{"@type":"ListItem","position":2,"name":"Productos","item":"https:\/\/anber.es\/web\/productos\/"},{"@type":"ListItem","position":3,"name":"Extintor polvo con ruedas 50 kg"}]},{"@type":"WebSite","@id":"https:\/\/anber.es\/web\/#website","url":"https:\/\/anber.es\/web\/","name":"Anber","description":"Sistemas de protecci\u00f3n contra incendios","publisher":{"@id":"https:\/\/anber.es\/web\/#organization"},"potentialAction":[{"@type":"SearchAction","target":{"@type":"EntryPoint","urlTemplate":"https:\/\/anber.es\/web\/?s={search_term_string}"},"query-input":"required name=search_term_string"}],"inLanguage":"es"},{"@type":"Organization","@id":"https:\/\/anber.es\/web\/#organization","name":"Anber","url":"https:\/\/anber.es\/web\/","logo":{"@type":"ImageObject","inLanguage":"es","@id":"https:\/\/anber.es\/web\/#\/schema\/logo\/image\/","url":"https:\/\/anber.es\/web\/wp-content\/uploads\/2021\/03\/logo-anber.png","contentUrl":"https:\/\/anber.es\/web\/wp-content\/uploads\/2021\/03\/logo-anber.png","width":2208,"height":500,"caption":"Anber"},"image":{"@id":"https:\/\/anber.es\/web\/#\/schema\/logo\/image\/"}}]}},"_links":{"self":[{"href":"https:\/\/anber.es\/web\/wp-json\/wp\/v2\/product\/1862"}],"collection":[{"href":"https:\/\/anber.es\/web\/wp-json\/wp\/v2\/product"}],"about":[{"href":"https:\/\/anber.es\/web\/wp-json\/wp\/v2\/types\/product"}],"wp:featuredmedia":[{"embeddable":true,"href":"https:\/\/anber.es\/web\/wp-json\/wp\/v2\/media\/3328"}],"wp:attachment":[{"href":"https:\/\/anber.es\/web\/wp-json\/wp\/v2\/media?parent=1862"}],"wp:term":[{"taxonomy":"product_cat","embeddable":true,"href":"https:\/\/anber.es\/web\/wp-json\/wp\/v2\/product_cat?post=1862"},{"taxonomy":"product_tag","embeddable":true,"href":"https:\/\/anber.es\/web\/wp-json\/wp\/v2\/product_tag?post=1862"}],"curies":[{"name":"wp","href":"https:\/\/api.w.org\/{rel}","templated":true}]}}