{"id":1896,"date":"2021-02-09T13:51:34","date_gmt":"2021-02-09T11:51:34","guid":{"rendered":"http:\/\/anber.es\/web\/?post_type=product&#038;p=1896"},"modified":"2024-05-16T08:35:40","modified_gmt":"2024-05-16T06:35:40","slug":"valvula-de-flotador-angular-con-boya-pn16-embridada","status":"publish","type":"product","link":"https:\/\/anber.es\/web\/producto\/valvula-de-flotador-angular-con-boya-pn16-embridada\/","title":{"rendered":"V\u00e1lvula de flotador angular con boya PN16 embridada"},"content":{"rendered":"<p>La <strong>v\u00e1lvula de flotador angular con boya PN16 <\/strong>sirve para controlar los niveles de cierre en dep\u00f3sitos para redes de distribuci\u00f3n de agua, protecci\u00f3n contra incendios y riego.<\/p>\n<p>Conexi\u00f3n: embridada.<br \/>\nM\u00e1xima presi\u00f3n de trabajo: 16 bar.<br \/>\nTemperatura de trabajo: 0\u00baC \/ +80\u00baC.<br \/>\nPresi\u00f3n de inflado del flotador: 0,15 bar.<br \/>\nRango desde DN50 hasta DN250.<\/p>\n<p>Referencia: VLCAF.<\/p>\n<p><a href=\"\/web\/wp-content\/uploads\/2024\/05\/Ficha_tecnica-valvula_de_flotador_angular_con_boya_PVC.pdf\" target=\"_blank\" rel=\"noopener noreferrer\"><button>Descarga ficha<\/button><\/a><br \/>\n<a class=\"insta-link\" href=\"https:\/\/www.instagram.com\/aqlproteccion\/?hl=es\" target=\"_blank\" rel=\"noopener noreferrer\">Instagram<\/a><\/p>\n","protected":false},"excerpt":{"rendered":"<p>La v\u00e1lvula de flotador angular con boya sirve para controlar los niveles de cierre en dep\u00f3sitos para redes de distribuci\u00f3n de agua, riego, etc<\/p>\n","protected":false},"featured_media":9389,"template":"","meta":[],"product_cat":[45,141],"product_tag":[215],"yoast_head":"<!-- This site is optimized with the Yoast SEO plugin v22.1 - https:\/\/yoast.com\/wordpress\/plugins\/seo\/ -->\n<title>V\u00e1lvula de flotador angular con boya PN16 embridada - Anber<\/title>\n<meta name=\"description\" content=\"La v\u00e1lvula de flotador angular con boya sirve para controlar los niveles de cierre en dep\u00f3sitos para redes de distribuci\u00f3n de agua, riego, etc\" \/>\n<meta name=\"robots\" content=\"index, follow, max-snippet:-1, max-image-preview:large, max-video-preview:-1\" \/>\n<link rel=\"canonical\" href=\"https:\/\/anber.es\/web\/producto\/valvula-de-flotador-angular-con-boya-pn16-embridada\/\" \/>\n<meta property=\"og:locale\" content=\"es_ES\" \/>\n<meta property=\"og:type\" content=\"article\" \/>\n<meta property=\"og:title\" content=\"V\u00e1lvula de flotador angular con boya PN16 embridada - Anber\" \/>\n<meta property=\"og:description\" content=\"La v\u00e1lvula de flotador angular con boya sirve para controlar los niveles de cierre en dep\u00f3sitos para redes de distribuci\u00f3n de agua, riego, etc\" \/>\n<meta property=\"og:url\" content=\"https:\/\/anber.es\/web\/producto\/valvula-de-flotador-angular-con-boya-pn16-embridada\/\" \/>\n<meta property=\"og:site_name\" content=\"Anber\" \/>\n<meta property=\"article:modified_time\" content=\"2024-05-16T06:35:40+00:00\" \/>\n<meta property=\"og:image\" content=\"https:\/\/anber.es\/web\/wp-content\/uploads\/2024\/05\/valvula_de_flotador_angular_con_boya_PVC.png\" \/>\n\t<meta property=\"og:image:width\" content=\"1000\" \/>\n\t<meta property=\"og:image:height\" content=\"1000\" \/>\n\t<meta property=\"og:image:type\" content=\"image\/png\" \/>\n<meta name=\"twitter:card\" content=\"summary_large_image\" \/>\n<meta name=\"twitter:label1\" content=\"Tiempo de lectura\" \/>\n\t<meta name=\"twitter:data1\" content=\"1 minuto\" \/>\n<script type=\"application\/ld+json\" class=\"yoast-schema-graph\">{\"@context\":\"https:\/\/schema.org\",\"@graph\":[{\"@type\":\"WebPage\",\"@id\":\"https:\/\/anber.es\/web\/producto\/valvula-de-flotador-angular-con-boya-pn16-embridada\/\",\"url\":\"https:\/\/anber.es\/web\/producto\/valvula-de-flotador-angular-con-boya-pn16-embridada\/\",\"name\":\"V\u00e1lvula de flotador angular con boya PN16 embridada - Anber\",\"isPartOf\":{\"@id\":\"https:\/\/anber.es\/web\/#website\"},\"datePublished\":\"2021-02-09T11:51:34+00:00\",\"dateModified\":\"2024-05-16T06:35:40+00:00\",\"description\":\"La v\u00e1lvula de flotador angular con boya sirve para controlar los niveles de cierre en dep\u00f3sitos para redes de distribuci\u00f3n de agua, riego, etc\",\"breadcrumb\":{\"@id\":\"https:\/\/anber.es\/web\/producto\/valvula-de-flotador-angular-con-boya-pn16-embridada\/#breadcrumb\"},\"inLanguage\":\"es\",\"potentialAction\":[{\"@type\":\"ReadAction\",\"target\":[\"https:\/\/anber.es\/web\/producto\/valvula-de-flotador-angular-con-boya-pn16-embridada\/\"]}]},{\"@type\":\"BreadcrumbList\",\"@id\":\"https:\/\/anber.es\/web\/producto\/valvula-de-flotador-angular-con-boya-pn16-embridada\/#breadcrumb\",\"itemListElement\":[{\"@type\":\"ListItem\",\"position\":1,\"name\":\"Portada\",\"item\":\"https:\/\/anber.es\/web\/\"},{\"@type\":\"ListItem\",\"position\":2,\"name\":\"Productos\",\"item\":\"https:\/\/anber.es\/web\/productos\/\"},{\"@type\":\"ListItem\",\"position\":3,\"name\":\"V\u00e1lvula de flotador angular con boya PN16 embridada\"}]},{\"@type\":\"WebSite\",\"@id\":\"https:\/\/anber.es\/web\/#website\",\"url\":\"https:\/\/anber.es\/web\/\",\"name\":\"Anber\",\"description\":\"Sistemas de protecci\u00f3n contra incendios\",\"publisher\":{\"@id\":\"https:\/\/anber.es\/web\/#organization\"},\"potentialAction\":[{\"@type\":\"SearchAction\",\"target\":{\"@type\":\"EntryPoint\",\"urlTemplate\":\"https:\/\/anber.es\/web\/?s={search_term_string}\"},\"query-input\":\"required name=search_term_string\"}],\"inLanguage\":\"es\"},{\"@type\":\"Organization\",\"@id\":\"https:\/\/anber.es\/web\/#organization\",\"name\":\"Anber\",\"url\":\"https:\/\/anber.es\/web\/\",\"logo\":{\"@type\":\"ImageObject\",\"inLanguage\":\"es\",\"@id\":\"https:\/\/anber.es\/web\/#\/schema\/logo\/image\/\",\"url\":\"https:\/\/anber.es\/web\/wp-content\/uploads\/2021\/03\/logo-anber.png\",\"contentUrl\":\"https:\/\/anber.es\/web\/wp-content\/uploads\/2021\/03\/logo-anber.png\",\"width\":2208,\"height\":500,\"caption\":\"Anber\"},\"image\":{\"@id\":\"https:\/\/anber.es\/web\/#\/schema\/logo\/image\/\"}}]}<\/script>\n<!-- \/ Yoast SEO plugin. -->","yoast_head_json":{"title":"V\u00e1lvula de flotador angular con boya PN16 embridada - Anber","description":"La v\u00e1lvula de flotador angular con boya sirve para controlar los niveles de cierre en dep\u00f3sitos para redes de distribuci\u00f3n de agua, riego, etc","robots":{"index":"index","follow":"follow","max-snippet":"max-snippet:-1","max-image-preview":"max-image-preview:large","max-video-preview":"max-video-preview:-1"},"canonical":"https:\/\/anber.es\/web\/producto\/valvula-de-flotador-angular-con-boya-pn16-embridada\/","og_locale":"es_ES","og_type":"article","og_title":"V\u00e1lvula de flotador angular con boya PN16 embridada - Anber","og_description":"La v\u00e1lvula de flotador angular con boya sirve para controlar los niveles de cierre en dep\u00f3sitos para redes de distribuci\u00f3n de agua, riego, etc","og_url":"https:\/\/anber.es\/web\/producto\/valvula-de-flotador-angular-con-boya-pn16-embridada\/","og_site_name":"Anber","article_modified_time":"2024-05-16T06:35:40+00:00","og_image":[{"width":1000,"height":1000,"url":"https:\/\/anber.es\/web\/wp-content\/uploads\/2024\/05\/valvula_de_flotador_angular_con_boya_PVC.png","type":"image\/png"}],"twitter_card":"summary_large_image","twitter_misc":{"Tiempo de lectura":"1 minuto"},"schema":{"@context":"https:\/\/schema.org","@graph":[{"@type":"WebPage","@id":"https:\/\/anber.es\/web\/producto\/valvula-de-flotador-angular-con-boya-pn16-embridada\/","url":"https:\/\/anber.es\/web\/producto\/valvula-de-flotador-angular-con-boya-pn16-embridada\/","name":"V\u00e1lvula de flotador angular con boya PN16 embridada - Anber","isPartOf":{"@id":"https:\/\/anber.es\/web\/#website"},"datePublished":"2021-02-09T11:51:34+00:00","dateModified":"2024-05-16T06:35:40+00:00","description":"La v\u00e1lvula de flotador angular con boya sirve para controlar los niveles de cierre en dep\u00f3sitos para redes de distribuci\u00f3n de agua, riego, etc","breadcrumb":{"@id":"https:\/\/anber.es\/web\/producto\/valvula-de-flotador-angular-con-boya-pn16-embridada\/#breadcrumb"},"inLanguage":"es","potentialAction":[{"@type":"ReadAction","target":["https:\/\/anber.es\/web\/producto\/valvula-de-flotador-angular-con-boya-pn16-embridada\/"]}]},{"@type":"BreadcrumbList","@id":"https:\/\/anber.es\/web\/producto\/valvula-de-flotador-angular-con-boya-pn16-embridada\/#breadcrumb","itemListElement":[{"@type":"ListItem","position":1,"name":"Portada","item":"https:\/\/anber.es\/web\/"},{"@type":"ListItem","position":2,"name":"Productos","item":"https:\/\/anber.es\/web\/productos\/"},{"@type":"ListItem","position":3,"name":"V\u00e1lvula de flotador angular con boya PN16 embridada"}]},{"@type":"WebSite","@id":"https:\/\/anber.es\/web\/#website","url":"https:\/\/anber.es\/web\/","name":"Anber","description":"Sistemas de protecci\u00f3n contra incendios","publisher":{"@id":"https:\/\/anber.es\/web\/#organization"},"potentialAction":[{"@type":"SearchAction","target":{"@type":"EntryPoint","urlTemplate":"https:\/\/anber.es\/web\/?s={search_term_string}"},"query-input":"required name=search_term_string"}],"inLanguage":"es"},{"@type":"Organization","@id":"https:\/\/anber.es\/web\/#organization","name":"Anber","url":"https:\/\/anber.es\/web\/","logo":{"@type":"ImageObject","inLanguage":"es","@id":"https:\/\/anber.es\/web\/#\/schema\/logo\/image\/","url":"https:\/\/anber.es\/web\/wp-content\/uploads\/2021\/03\/logo-anber.png","contentUrl":"https:\/\/anber.es\/web\/wp-content\/uploads\/2021\/03\/logo-anber.png","width":2208,"height":500,"caption":"Anber"},"image":{"@id":"https:\/\/anber.es\/web\/#\/schema\/logo\/image\/"}}]}},"_links":{"self":[{"href":"https:\/\/anber.es\/web\/wp-json\/wp\/v2\/product\/1896"}],"collection":[{"href":"https:\/\/anber.es\/web\/wp-json\/wp\/v2\/product"}],"about":[{"href":"https:\/\/anber.es\/web\/wp-json\/wp\/v2\/types\/product"}],"wp:featuredmedia":[{"embeddable":true,"href":"https:\/\/anber.es\/web\/wp-json\/wp\/v2\/media\/9389"}],"wp:attachment":[{"href":"https:\/\/anber.es\/web\/wp-json\/wp\/v2\/media?parent=1896"}],"wp:term":[{"taxonomy":"product_cat","embeddable":true,"href":"https:\/\/anber.es\/web\/wp-json\/wp\/v2\/product_cat?post=1896"},{"taxonomy":"product_tag","embeddable":true,"href":"https:\/\/anber.es\/web\/wp-json\/wp\/v2\/product_tag?post=1896"}],"curies":[{"name":"wp","href":"https:\/\/api.w.org\/{rel}","templated":true}]}}