{"id":2233,"date":"2021-02-25T10:13:53","date_gmt":"2021-02-25T08:13:53","guid":{"rendered":"http:\/\/anber.es\/web\/?post_type=product&#038;p=2233"},"modified":"2024-05-27T08:55:26","modified_gmt":"2024-05-27T06:55:26","slug":"filtro-en-y-roscado","status":"publish","type":"product","link":"https:\/\/anber.es\/web\/producto\/filtro-en-y-roscado\/","title":{"rendered":"Filtro en \u00abY\u00bb roscado H-H"},"content":{"rendered":"<p>El <strong> filtro en Y roscado<\/strong> se usa para retener agentes extra\u00f1os que se encuentran en las instalaciones de fluido. Su uso protege a todos los equipos de la instalaci\u00f3n como bombas, v\u00e1lvulas, etc, evitando da\u00f1os y paradas.<\/p>\n<p>Presi\u00f3n m\u00e1xima de trabajo: 16bar.<br \/>\nTemperatura M\u00ednima: -20\u00baC.<br \/>\nTemperatura M\u00e1xima: 180\u00baC.<\/p>\n<p>Referencia: VFY.<\/p>\n<p><a href=\"\/web\/wp-content\/uploads\/2024\/05\/Ficha_tecnica-filtro_en_y_roscado_H-H.pdf\" target=\"_blank\" rel=\"noopener noreferrer\"><button>Descarga ficha <\/button><\/a><\/p>\n<p><a href=\"\/web\/wp-content\/uploads\/2024\/05\/Ficha_tecnica-filtro_en_y_roscado_H-H_grandes.pdf\" target=\"_blank\" rel=\"noopener noreferrer\"><button>Descarga ficha 2 1\/2&#8243; a 4&#8243;<\/button><\/a><br \/>\n<a class=\"insta-link\" href=\"https:\/\/www.instagram.com\/aqlproteccion\/?hl=es\" target=\"_blank\" rel=\"noopener noreferrer\">Instagram<\/a><\/p>\n","protected":false},"excerpt":{"rendered":"<p>El filtro en Y roscado se usa para retener agentes extra\u00f1os que se encuentran en las instalaciones de fluido para evitar da\u00f1os y paradas.<\/p>\n","protected":false},"featured_media":3319,"template":"","meta":[],"product_cat":[45,80],"product_tag":[],"yoast_head":"<!-- This site is optimized with the Yoast SEO plugin v22.1 - https:\/\/yoast.com\/wordpress\/plugins\/seo\/ -->\n<title>Filtro en &quot;Y&quot; roscado H-H - Anber<\/title>\n<meta name=\"description\" content=\"El filtro en Y roscado se usa para retener agentes extra\u00f1os que se encuentran en las instalaciones de fluido para evitar da\u00f1os y paradas.\" \/>\n<meta name=\"robots\" content=\"index, follow, max-snippet:-1, max-image-preview:large, max-video-preview:-1\" \/>\n<link rel=\"canonical\" href=\"https:\/\/anber.es\/web\/producto\/filtro-en-y-roscado\/\" \/>\n<meta property=\"og:locale\" content=\"es_ES\" \/>\n<meta property=\"og:type\" content=\"article\" \/>\n<meta property=\"og:title\" content=\"Filtro en &quot;Y&quot; roscado H-H - Anber\" \/>\n<meta property=\"og:description\" content=\"El filtro en Y roscado se usa para retener agentes extra\u00f1os que se encuentran en las instalaciones de fluido para evitar da\u00f1os y paradas.\" \/>\n<meta property=\"og:url\" content=\"https:\/\/anber.es\/web\/producto\/filtro-en-y-roscado\/\" \/>\n<meta property=\"og:site_name\" content=\"Anber\" \/>\n<meta property=\"article:modified_time\" content=\"2024-05-27T06:55:26+00:00\" \/>\n<meta property=\"og:image\" content=\"https:\/\/anber.es\/web\/wp-content\/uploads\/2021\/05\/filtro_en_y_roscado_H-H.png\" \/>\n\t<meta property=\"og:image:width\" content=\"1000\" \/>\n\t<meta property=\"og:image:height\" content=\"1000\" \/>\n\t<meta property=\"og:image:type\" content=\"image\/png\" \/>\n<meta name=\"twitter:card\" content=\"summary_large_image\" \/>\n<meta name=\"twitter:label1\" content=\"Tiempo de lectura\" \/>\n\t<meta name=\"twitter:data1\" content=\"1 minuto\" \/>\n<script type=\"application\/ld+json\" class=\"yoast-schema-graph\">{\"@context\":\"https:\/\/schema.org\",\"@graph\":[{\"@type\":\"WebPage\",\"@id\":\"https:\/\/anber.es\/web\/producto\/filtro-en-y-roscado\/\",\"url\":\"https:\/\/anber.es\/web\/producto\/filtro-en-y-roscado\/\",\"name\":\"Filtro en \\\"Y\\\" roscado H-H - Anber\",\"isPartOf\":{\"@id\":\"https:\/\/anber.es\/web\/#website\"},\"datePublished\":\"2021-02-25T08:13:53+00:00\",\"dateModified\":\"2024-05-27T06:55:26+00:00\",\"description\":\"El filtro en Y roscado se usa para retener agentes extra\u00f1os que se encuentran en las instalaciones de fluido para evitar da\u00f1os y paradas.\",\"breadcrumb\":{\"@id\":\"https:\/\/anber.es\/web\/producto\/filtro-en-y-roscado\/#breadcrumb\"},\"inLanguage\":\"es\",\"potentialAction\":[{\"@type\":\"ReadAction\",\"target\":[\"https:\/\/anber.es\/web\/producto\/filtro-en-y-roscado\/\"]}]},{\"@type\":\"BreadcrumbList\",\"@id\":\"https:\/\/anber.es\/web\/producto\/filtro-en-y-roscado\/#breadcrumb\",\"itemListElement\":[{\"@type\":\"ListItem\",\"position\":1,\"name\":\"Portada\",\"item\":\"https:\/\/anber.es\/web\/\"},{\"@type\":\"ListItem\",\"position\":2,\"name\":\"Productos\",\"item\":\"https:\/\/anber.es\/web\/productos\/\"},{\"@type\":\"ListItem\",\"position\":3,\"name\":\"Filtro en \u00abY\u00bb roscado H-H\"}]},{\"@type\":\"WebSite\",\"@id\":\"https:\/\/anber.es\/web\/#website\",\"url\":\"https:\/\/anber.es\/web\/\",\"name\":\"Anber\",\"description\":\"Sistemas de protecci\u00f3n contra incendios\",\"publisher\":{\"@id\":\"https:\/\/anber.es\/web\/#organization\"},\"potentialAction\":[{\"@type\":\"SearchAction\",\"target\":{\"@type\":\"EntryPoint\",\"urlTemplate\":\"https:\/\/anber.es\/web\/?s={search_term_string}\"},\"query-input\":\"required name=search_term_string\"}],\"inLanguage\":\"es\"},{\"@type\":\"Organization\",\"@id\":\"https:\/\/anber.es\/web\/#organization\",\"name\":\"Anber\",\"url\":\"https:\/\/anber.es\/web\/\",\"logo\":{\"@type\":\"ImageObject\",\"inLanguage\":\"es\",\"@id\":\"https:\/\/anber.es\/web\/#\/schema\/logo\/image\/\",\"url\":\"https:\/\/anber.es\/web\/wp-content\/uploads\/2021\/03\/logo-anber.png\",\"contentUrl\":\"https:\/\/anber.es\/web\/wp-content\/uploads\/2021\/03\/logo-anber.png\",\"width\":2208,\"height\":500,\"caption\":\"Anber\"},\"image\":{\"@id\":\"https:\/\/anber.es\/web\/#\/schema\/logo\/image\/\"}}]}<\/script>\n<!-- \/ Yoast SEO plugin. -->","yoast_head_json":{"title":"Filtro en \"Y\" roscado H-H - Anber","description":"El filtro en Y roscado se usa para retener agentes extra\u00f1os que se encuentran en las instalaciones de fluido para evitar da\u00f1os y paradas.","robots":{"index":"index","follow":"follow","max-snippet":"max-snippet:-1","max-image-preview":"max-image-preview:large","max-video-preview":"max-video-preview:-1"},"canonical":"https:\/\/anber.es\/web\/producto\/filtro-en-y-roscado\/","og_locale":"es_ES","og_type":"article","og_title":"Filtro en \"Y\" roscado H-H - Anber","og_description":"El filtro en Y roscado se usa para retener agentes extra\u00f1os que se encuentran en las instalaciones de fluido para evitar da\u00f1os y paradas.","og_url":"https:\/\/anber.es\/web\/producto\/filtro-en-y-roscado\/","og_site_name":"Anber","article_modified_time":"2024-05-27T06:55:26+00:00","og_image":[{"width":1000,"height":1000,"url":"https:\/\/anber.es\/web\/wp-content\/uploads\/2021\/05\/filtro_en_y_roscado_H-H.png","type":"image\/png"}],"twitter_card":"summary_large_image","twitter_misc":{"Tiempo de lectura":"1 minuto"},"schema":{"@context":"https:\/\/schema.org","@graph":[{"@type":"WebPage","@id":"https:\/\/anber.es\/web\/producto\/filtro-en-y-roscado\/","url":"https:\/\/anber.es\/web\/producto\/filtro-en-y-roscado\/","name":"Filtro en \"Y\" roscado H-H - Anber","isPartOf":{"@id":"https:\/\/anber.es\/web\/#website"},"datePublished":"2021-02-25T08:13:53+00:00","dateModified":"2024-05-27T06:55:26+00:00","description":"El filtro en Y roscado se usa para retener agentes extra\u00f1os que se encuentran en las instalaciones de fluido para evitar da\u00f1os y paradas.","breadcrumb":{"@id":"https:\/\/anber.es\/web\/producto\/filtro-en-y-roscado\/#breadcrumb"},"inLanguage":"es","potentialAction":[{"@type":"ReadAction","target":["https:\/\/anber.es\/web\/producto\/filtro-en-y-roscado\/"]}]},{"@type":"BreadcrumbList","@id":"https:\/\/anber.es\/web\/producto\/filtro-en-y-roscado\/#breadcrumb","itemListElement":[{"@type":"ListItem","position":1,"name":"Portada","item":"https:\/\/anber.es\/web\/"},{"@type":"ListItem","position":2,"name":"Productos","item":"https:\/\/anber.es\/web\/productos\/"},{"@type":"ListItem","position":3,"name":"Filtro en \u00abY\u00bb roscado H-H"}]},{"@type":"WebSite","@id":"https:\/\/anber.es\/web\/#website","url":"https:\/\/anber.es\/web\/","name":"Anber","description":"Sistemas de protecci\u00f3n contra incendios","publisher":{"@id":"https:\/\/anber.es\/web\/#organization"},"potentialAction":[{"@type":"SearchAction","target":{"@type":"EntryPoint","urlTemplate":"https:\/\/anber.es\/web\/?s={search_term_string}"},"query-input":"required name=search_term_string"}],"inLanguage":"es"},{"@type":"Organization","@id":"https:\/\/anber.es\/web\/#organization","name":"Anber","url":"https:\/\/anber.es\/web\/","logo":{"@type":"ImageObject","inLanguage":"es","@id":"https:\/\/anber.es\/web\/#\/schema\/logo\/image\/","url":"https:\/\/anber.es\/web\/wp-content\/uploads\/2021\/03\/logo-anber.png","contentUrl":"https:\/\/anber.es\/web\/wp-content\/uploads\/2021\/03\/logo-anber.png","width":2208,"height":500,"caption":"Anber"},"image":{"@id":"https:\/\/anber.es\/web\/#\/schema\/logo\/image\/"}}]}},"_links":{"self":[{"href":"https:\/\/anber.es\/web\/wp-json\/wp\/v2\/product\/2233"}],"collection":[{"href":"https:\/\/anber.es\/web\/wp-json\/wp\/v2\/product"}],"about":[{"href":"https:\/\/anber.es\/web\/wp-json\/wp\/v2\/types\/product"}],"wp:featuredmedia":[{"embeddable":true,"href":"https:\/\/anber.es\/web\/wp-json\/wp\/v2\/media\/3319"}],"wp:attachment":[{"href":"https:\/\/anber.es\/web\/wp-json\/wp\/v2\/media?parent=2233"}],"wp:term":[{"taxonomy":"product_cat","embeddable":true,"href":"https:\/\/anber.es\/web\/wp-json\/wp\/v2\/product_cat?post=2233"},{"taxonomy":"product_tag","embeddable":true,"href":"https:\/\/anber.es\/web\/wp-json\/wp\/v2\/product_tag?post=2233"}],"curies":[{"name":"wp","href":"https:\/\/api.w.org\/{rel}","templated":true}]}}