{"id":3100,"date":"2021-05-28T10:02:42","date_gmt":"2021-05-28T08:02:42","guid":{"rendered":"https:\/\/anber.es\/producto\/central-analogica-kentec-taktis\/"},"modified":"2023-08-21T09:48:44","modified_gmt":"2023-08-21T07:48:44","slug":"central-analogica-hochiki-hfp-latitude","status":"publish","type":"product","link":"https:\/\/anber.es\/web\/producto\/central-analogica-hochiki-hfp-latitude\/","title":{"rendered":"Central anal\u00f3gica Hochiki HFP L@titude"},"content":{"rendered":"<p>La <strong>central anal\u00f3gica Hochiki HFP L@titude<\/strong> es la central de incendios direccionable anal\u00f3gica m\u00e1s potente y sofisticada de Hochiki.<b> Ha sido dise\u00f1ada como uno de los productos de alarma contra incendios m\u00e1s potentes, inteligentes y t\u00e9cnicamente robustos disponibles<\/b>. Con capacidades mejoradas de integraci\u00f3n y redes, HFP L@titude satisface las necesidades actuales y futuras de las instalaciones de edificios.<\/p>\n<p>Disponible en variantes de 4 y 8 ranuras,<B> el panel de control de incendios HFP L@titude var\u00eda de 2 a 16 lazos <\/B>de detecci\u00f3n. HFP L@titude puede conectar en red hasta 127 paneles, lo que lo hace ideal para los sitios m\u00e1s grandes, como escuelas, hospitales, tiendas minoristas \/ supermercados de m\u00faltiples sitios, infraestructura cr\u00edtica y las principales instalaciones comerciales e industriales.<\/p>\n<p>Referencia hasta 8 lazos a 5,25Ah: DALHAEE11010.<br \/>\nReferencia hasta 8 lazos a 10,25Ah: DALHAEE13010.<br \/>\nReferencia hasta 16 lazos: DALHBED13010.<\/p>\n<p><a href=\"\/web\/wp-content\/uploads\/2022\/11\/Ficha_tecnica-central_analogica_HFP_latitude2-8.pdf\" target=\"_blank\" rel=\"noopener noreferrer\"><button>Descargar ficha 2 a 8 lazos<\/button><\/a> <a href=\"\/web\/wp-content\/uploads\/2022\/11\/Ficha_tecnica-central_analogica_HFP_latitude2-16.pdf\" target=\"_blank\" rel=\"noopener noreferrer\"><button>Descargar ficha 2 a 16 lazos<\/button><\/a><br \/>\n<a class=\"insta-link\" href=\"https:\/\/www.instagram.com\/aqlproteccion\/?hl=es\" target=\"_blank\" rel=\"noopener noreferrer\">Instagram<\/a><\/p>\n","protected":false},"excerpt":{"rendered":"<p>La central anal\u00f3gica Hochiki HFP L@titude es la central de incendios direccionable anal\u00f3gica m\u00e1s potente y sofisticada de Hochiki.<\/p>\n","protected":false},"featured_media":8820,"template":"","meta":[],"product_cat":[143,48,23],"product_tag":[215],"yoast_head":"<!-- This site is optimized with the Yoast SEO plugin v22.1 - https:\/\/yoast.com\/wordpress\/plugins\/seo\/ -->\n<title>Central anal\u00f3gica Hochiki HFP L@titude - Anber<\/title>\n<meta name=\"description\" content=\"La central anal\u00f3gica Hochiki HFP L@titude es la central de incendios direccionable anal\u00f3gica m\u00e1s potente y sofisticada de Hochiki.\" \/>\n<meta name=\"robots\" content=\"index, follow, max-snippet:-1, max-image-preview:large, max-video-preview:-1\" \/>\n<link rel=\"canonical\" href=\"https:\/\/anber.es\/web\/producto\/central-analogica-hochiki-hfp-latitude\/\" \/>\n<meta property=\"og:locale\" content=\"es_ES\" \/>\n<meta property=\"og:type\" content=\"article\" \/>\n<meta property=\"og:title\" content=\"Central anal\u00f3gica Hochiki HFP L@titude - Anber\" \/>\n<meta property=\"og:description\" content=\"La central anal\u00f3gica Hochiki HFP L@titude es la central de incendios direccionable anal\u00f3gica m\u00e1s potente y sofisticada de Hochiki.\" \/>\n<meta property=\"og:url\" content=\"https:\/\/anber.es\/web\/producto\/central-analogica-hochiki-hfp-latitude\/\" \/>\n<meta property=\"og:site_name\" content=\"Anber\" \/>\n<meta property=\"article:modified_time\" content=\"2023-08-21T07:48:44+00:00\" \/>\n<meta property=\"og:image\" content=\"https:\/\/anber.es\/web\/wp-content\/uploads\/2023\/08\/central_analogica_HFP_latitude.webp\" \/>\n\t<meta property=\"og:image:width\" content=\"1000\" \/>\n\t<meta property=\"og:image:height\" content=\"1000\" \/>\n\t<meta property=\"og:image:type\" content=\"image\/webp\" \/>\n<meta name=\"twitter:card\" content=\"summary_large_image\" \/>\n<meta name=\"twitter:label1\" content=\"Tiempo de lectura\" \/>\n\t<meta name=\"twitter:data1\" content=\"1 minuto\" \/>\n<script type=\"application\/ld+json\" class=\"yoast-schema-graph\">{\"@context\":\"https:\/\/schema.org\",\"@graph\":[{\"@type\":\"WebPage\",\"@id\":\"https:\/\/anber.es\/web\/producto\/central-analogica-hochiki-hfp-latitude\/\",\"url\":\"https:\/\/anber.es\/web\/producto\/central-analogica-hochiki-hfp-latitude\/\",\"name\":\"Central anal\u00f3gica Hochiki HFP L@titude - Anber\",\"isPartOf\":{\"@id\":\"https:\/\/anber.es\/web\/#website\"},\"datePublished\":\"2021-05-28T08:02:42+00:00\",\"dateModified\":\"2023-08-21T07:48:44+00:00\",\"description\":\"La central anal\u00f3gica Hochiki HFP L@titude es la central de incendios direccionable anal\u00f3gica m\u00e1s potente y sofisticada de Hochiki.\",\"breadcrumb\":{\"@id\":\"https:\/\/anber.es\/web\/producto\/central-analogica-hochiki-hfp-latitude\/#breadcrumb\"},\"inLanguage\":\"es\",\"potentialAction\":[{\"@type\":\"ReadAction\",\"target\":[\"https:\/\/anber.es\/web\/producto\/central-analogica-hochiki-hfp-latitude\/\"]}]},{\"@type\":\"BreadcrumbList\",\"@id\":\"https:\/\/anber.es\/web\/producto\/central-analogica-hochiki-hfp-latitude\/#breadcrumb\",\"itemListElement\":[{\"@type\":\"ListItem\",\"position\":1,\"name\":\"Portada\",\"item\":\"https:\/\/anber.es\/web\/\"},{\"@type\":\"ListItem\",\"position\":2,\"name\":\"Productos\",\"item\":\"https:\/\/anber.es\/web\/productos\/\"},{\"@type\":\"ListItem\",\"position\":3,\"name\":\"Central anal\u00f3gica Hochiki HFP L@titude\"}]},{\"@type\":\"WebSite\",\"@id\":\"https:\/\/anber.es\/web\/#website\",\"url\":\"https:\/\/anber.es\/web\/\",\"name\":\"Anber\",\"description\":\"Sistemas de protecci\u00f3n contra incendios\",\"publisher\":{\"@id\":\"https:\/\/anber.es\/web\/#organization\"},\"potentialAction\":[{\"@type\":\"SearchAction\",\"target\":{\"@type\":\"EntryPoint\",\"urlTemplate\":\"https:\/\/anber.es\/web\/?s={search_term_string}\"},\"query-input\":\"required name=search_term_string\"}],\"inLanguage\":\"es\"},{\"@type\":\"Organization\",\"@id\":\"https:\/\/anber.es\/web\/#organization\",\"name\":\"Anber\",\"url\":\"https:\/\/anber.es\/web\/\",\"logo\":{\"@type\":\"ImageObject\",\"inLanguage\":\"es\",\"@id\":\"https:\/\/anber.es\/web\/#\/schema\/logo\/image\/\",\"url\":\"https:\/\/anber.es\/web\/wp-content\/uploads\/2021\/03\/logo-anber.png\",\"contentUrl\":\"https:\/\/anber.es\/web\/wp-content\/uploads\/2021\/03\/logo-anber.png\",\"width\":2208,\"height\":500,\"caption\":\"Anber\"},\"image\":{\"@id\":\"https:\/\/anber.es\/web\/#\/schema\/logo\/image\/\"}}]}<\/script>\n<!-- \/ Yoast SEO plugin. -->","yoast_head_json":{"title":"Central anal\u00f3gica Hochiki HFP L@titude - Anber","description":"La central anal\u00f3gica Hochiki HFP L@titude es la central de incendios direccionable anal\u00f3gica m\u00e1s potente y sofisticada de Hochiki.","robots":{"index":"index","follow":"follow","max-snippet":"max-snippet:-1","max-image-preview":"max-image-preview:large","max-video-preview":"max-video-preview:-1"},"canonical":"https:\/\/anber.es\/web\/producto\/central-analogica-hochiki-hfp-latitude\/","og_locale":"es_ES","og_type":"article","og_title":"Central anal\u00f3gica Hochiki HFP L@titude - Anber","og_description":"La central anal\u00f3gica Hochiki HFP L@titude es la central de incendios direccionable anal\u00f3gica m\u00e1s potente y sofisticada de Hochiki.","og_url":"https:\/\/anber.es\/web\/producto\/central-analogica-hochiki-hfp-latitude\/","og_site_name":"Anber","article_modified_time":"2023-08-21T07:48:44+00:00","og_image":[{"width":1000,"height":1000,"url":"https:\/\/anber.es\/web\/wp-content\/uploads\/2023\/08\/central_analogica_HFP_latitude.webp","type":"image\/webp"}],"twitter_card":"summary_large_image","twitter_misc":{"Tiempo de lectura":"1 minuto"},"schema":{"@context":"https:\/\/schema.org","@graph":[{"@type":"WebPage","@id":"https:\/\/anber.es\/web\/producto\/central-analogica-hochiki-hfp-latitude\/","url":"https:\/\/anber.es\/web\/producto\/central-analogica-hochiki-hfp-latitude\/","name":"Central anal\u00f3gica Hochiki HFP L@titude - Anber","isPartOf":{"@id":"https:\/\/anber.es\/web\/#website"},"datePublished":"2021-05-28T08:02:42+00:00","dateModified":"2023-08-21T07:48:44+00:00","description":"La central anal\u00f3gica Hochiki HFP L@titude es la central de incendios direccionable anal\u00f3gica m\u00e1s potente y sofisticada de Hochiki.","breadcrumb":{"@id":"https:\/\/anber.es\/web\/producto\/central-analogica-hochiki-hfp-latitude\/#breadcrumb"},"inLanguage":"es","potentialAction":[{"@type":"ReadAction","target":["https:\/\/anber.es\/web\/producto\/central-analogica-hochiki-hfp-latitude\/"]}]},{"@type":"BreadcrumbList","@id":"https:\/\/anber.es\/web\/producto\/central-analogica-hochiki-hfp-latitude\/#breadcrumb","itemListElement":[{"@type":"ListItem","position":1,"name":"Portada","item":"https:\/\/anber.es\/web\/"},{"@type":"ListItem","position":2,"name":"Productos","item":"https:\/\/anber.es\/web\/productos\/"},{"@type":"ListItem","position":3,"name":"Central anal\u00f3gica Hochiki HFP L@titude"}]},{"@type":"WebSite","@id":"https:\/\/anber.es\/web\/#website","url":"https:\/\/anber.es\/web\/","name":"Anber","description":"Sistemas de protecci\u00f3n contra incendios","publisher":{"@id":"https:\/\/anber.es\/web\/#organization"},"potentialAction":[{"@type":"SearchAction","target":{"@type":"EntryPoint","urlTemplate":"https:\/\/anber.es\/web\/?s={search_term_string}"},"query-input":"required name=search_term_string"}],"inLanguage":"es"},{"@type":"Organization","@id":"https:\/\/anber.es\/web\/#organization","name":"Anber","url":"https:\/\/anber.es\/web\/","logo":{"@type":"ImageObject","inLanguage":"es","@id":"https:\/\/anber.es\/web\/#\/schema\/logo\/image\/","url":"https:\/\/anber.es\/web\/wp-content\/uploads\/2021\/03\/logo-anber.png","contentUrl":"https:\/\/anber.es\/web\/wp-content\/uploads\/2021\/03\/logo-anber.png","width":2208,"height":500,"caption":"Anber"},"image":{"@id":"https:\/\/anber.es\/web\/#\/schema\/logo\/image\/"}}]}},"_links":{"self":[{"href":"https:\/\/anber.es\/web\/wp-json\/wp\/v2\/product\/3100"}],"collection":[{"href":"https:\/\/anber.es\/web\/wp-json\/wp\/v2\/product"}],"about":[{"href":"https:\/\/anber.es\/web\/wp-json\/wp\/v2\/types\/product"}],"wp:featuredmedia":[{"embeddable":true,"href":"https:\/\/anber.es\/web\/wp-json\/wp\/v2\/media\/8820"}],"wp:attachment":[{"href":"https:\/\/anber.es\/web\/wp-json\/wp\/v2\/media?parent=3100"}],"wp:term":[{"taxonomy":"product_cat","embeddable":true,"href":"https:\/\/anber.es\/web\/wp-json\/wp\/v2\/product_cat?post=3100"},{"taxonomy":"product_tag","embeddable":true,"href":"https:\/\/anber.es\/web\/wp-json\/wp\/v2\/product_tag?post=3100"}],"curies":[{"name":"wp","href":"https:\/\/api.w.org\/{rel}","templated":true}]}}