{"id":3104,"date":"2021-05-28T10:02:55","date_gmt":"2021-05-28T08:02:55","guid":{"rendered":"https:\/\/anber.es\/producto\/central-de-extincion-sigma-xt\/"},"modified":"2021-12-17T12:37:04","modified_gmt":"2021-12-17T10:37:04","slug":"central-de-extincion-sigma-xt","status":"publish","type":"product","link":"https:\/\/anber.es\/web\/producto\/central-de-extincion-sigma-xt\/","title":{"rendered":"Central de extinci\u00f3n Sigma XT"},"content":{"rendered":"<p>La <strong> Central de extinci\u00f3n Sigma XT<\/strong> ofrece un valor y un rendimiento excepcional para todas las instalaciones peque\u00f1as y medianas de extinci\u00f3n de incendios fijas.<\/p>\n<p>Con tres zonas de detecci\u00f3n de serie, la liberaci\u00f3n de extintor se puede configurar para que se active desde cualquier combinaci\u00f3n de entradas de zona de detecci\u00f3n.<\/p>\n<p>Los paneles Sigma XT son robustos y f\u00e1ciles de instalar, ya que tienen todos los componentes electr\u00f3nicos montados en una sola placa de acero f\u00e1cilmente extra\u00edble.<\/p>\n<p>Referencia: DCKK.<\/p>\n<p><a href=\"\/web\/wp-content\/uploads\/2021\/05\/Ficha_tecnica-central_convencional_de_extincion.pdf\" target=\"_blank\" rel=\"noopener noreferrer\"><button>Descarga ficha<\/button><\/a><br \/>\n<a class=\"insta-link\" href=\"https:\/\/www.instagram.com\/aqlproteccion\/?hl=es\" target=\"_blank\" rel=\"noopener noreferrer\">Instagram<\/a><\/p>\n","protected":false},"excerpt":{"rendered":"<p>La Central de extinci\u00f3n Sigma XT ofrece un valor y un rendimiento excepcional para todas las instalaciones peque\u00f1as y medianas de extinci\u00f3n de incendios fijas.<\/p>\n","protected":false},"featured_media":3103,"template":"","meta":[],"product_cat":[148,49,23],"product_tag":[],"yoast_head":"<!-- This site is optimized with the Yoast SEO plugin v22.1 - https:\/\/yoast.com\/wordpress\/plugins\/seo\/ -->\n<title>Central de extinci\u00f3n Sigma XT - Anber<\/title>\n<meta name=\"description\" content=\"La Central de extinci\u00f3n Sigma XT ofrece un valor y rendimiento excepcional para las instalaciones peque\u00f1as y medianas de extinci\u00f3n.\" \/>\n<meta name=\"robots\" content=\"index, follow, max-snippet:-1, max-image-preview:large, max-video-preview:-1\" \/>\n<link rel=\"canonical\" href=\"https:\/\/anber.es\/web\/producto\/central-de-extincion-sigma-xt\/\" \/>\n<meta property=\"og:locale\" content=\"es_ES\" \/>\n<meta property=\"og:type\" content=\"article\" \/>\n<meta property=\"og:title\" content=\"Central de extinci\u00f3n Sigma XT - Anber\" \/>\n<meta property=\"og:description\" content=\"La Central de extinci\u00f3n Sigma XT ofrece un valor y rendimiento excepcional para las instalaciones peque\u00f1as y medianas de extinci\u00f3n.\" \/>\n<meta property=\"og:url\" content=\"https:\/\/anber.es\/web\/producto\/central-de-extincion-sigma-xt\/\" \/>\n<meta property=\"og:site_name\" content=\"Anber\" \/>\n<meta property=\"article:modified_time\" content=\"2021-12-17T10:37:04+00:00\" \/>\n<meta property=\"og:image\" content=\"https:\/\/anber.es\/web\/wp-content\/uploads\/2021\/05\/central_convencional_de_extincion.jpg\" \/>\n\t<meta property=\"og:image:width\" content=\"1000\" \/>\n\t<meta property=\"og:image:height\" content=\"1000\" \/>\n\t<meta property=\"og:image:type\" content=\"image\/jpeg\" \/>\n<meta name=\"twitter:card\" content=\"summary_large_image\" \/>\n<script type=\"application\/ld+json\" class=\"yoast-schema-graph\">{\"@context\":\"https:\/\/schema.org\",\"@graph\":[{\"@type\":\"WebPage\",\"@id\":\"https:\/\/anber.es\/web\/producto\/central-de-extincion-sigma-xt\/\",\"url\":\"https:\/\/anber.es\/web\/producto\/central-de-extincion-sigma-xt\/\",\"name\":\"Central de extinci\u00f3n Sigma XT - Anber\",\"isPartOf\":{\"@id\":\"https:\/\/anber.es\/web\/#website\"},\"datePublished\":\"2021-05-28T08:02:55+00:00\",\"dateModified\":\"2021-12-17T10:37:04+00:00\",\"description\":\"La Central de extinci\u00f3n Sigma XT ofrece un valor y rendimiento excepcional para las instalaciones peque\u00f1as y medianas de extinci\u00f3n.\",\"breadcrumb\":{\"@id\":\"https:\/\/anber.es\/web\/producto\/central-de-extincion-sigma-xt\/#breadcrumb\"},\"inLanguage\":\"es\",\"potentialAction\":[{\"@type\":\"ReadAction\",\"target\":[\"https:\/\/anber.es\/web\/producto\/central-de-extincion-sigma-xt\/\"]}]},{\"@type\":\"BreadcrumbList\",\"@id\":\"https:\/\/anber.es\/web\/producto\/central-de-extincion-sigma-xt\/#breadcrumb\",\"itemListElement\":[{\"@type\":\"ListItem\",\"position\":1,\"name\":\"Portada\",\"item\":\"https:\/\/anber.es\/web\/\"},{\"@type\":\"ListItem\",\"position\":2,\"name\":\"Productos\",\"item\":\"https:\/\/anber.es\/web\/productos\/\"},{\"@type\":\"ListItem\",\"position\":3,\"name\":\"Central de extinci\u00f3n Sigma XT\"}]},{\"@type\":\"WebSite\",\"@id\":\"https:\/\/anber.es\/web\/#website\",\"url\":\"https:\/\/anber.es\/web\/\",\"name\":\"Anber\",\"description\":\"Sistemas de protecci\u00f3n contra incendios\",\"publisher\":{\"@id\":\"https:\/\/anber.es\/web\/#organization\"},\"potentialAction\":[{\"@type\":\"SearchAction\",\"target\":{\"@type\":\"EntryPoint\",\"urlTemplate\":\"https:\/\/anber.es\/web\/?s={search_term_string}\"},\"query-input\":\"required name=search_term_string\"}],\"inLanguage\":\"es\"},{\"@type\":\"Organization\",\"@id\":\"https:\/\/anber.es\/web\/#organization\",\"name\":\"Anber\",\"url\":\"https:\/\/anber.es\/web\/\",\"logo\":{\"@type\":\"ImageObject\",\"inLanguage\":\"es\",\"@id\":\"https:\/\/anber.es\/web\/#\/schema\/logo\/image\/\",\"url\":\"https:\/\/anber.es\/web\/wp-content\/uploads\/2021\/03\/logo-anber.png\",\"contentUrl\":\"https:\/\/anber.es\/web\/wp-content\/uploads\/2021\/03\/logo-anber.png\",\"width\":2208,\"height\":500,\"caption\":\"Anber\"},\"image\":{\"@id\":\"https:\/\/anber.es\/web\/#\/schema\/logo\/image\/\"}}]}<\/script>\n<!-- \/ Yoast SEO plugin. -->","yoast_head_json":{"title":"Central de extinci\u00f3n Sigma XT - Anber","description":"La Central de extinci\u00f3n Sigma XT ofrece un valor y rendimiento excepcional para las instalaciones peque\u00f1as y medianas de extinci\u00f3n.","robots":{"index":"index","follow":"follow","max-snippet":"max-snippet:-1","max-image-preview":"max-image-preview:large","max-video-preview":"max-video-preview:-1"},"canonical":"https:\/\/anber.es\/web\/producto\/central-de-extincion-sigma-xt\/","og_locale":"es_ES","og_type":"article","og_title":"Central de extinci\u00f3n Sigma XT - Anber","og_description":"La Central de extinci\u00f3n Sigma XT ofrece un valor y rendimiento excepcional para las instalaciones peque\u00f1as y medianas de extinci\u00f3n.","og_url":"https:\/\/anber.es\/web\/producto\/central-de-extincion-sigma-xt\/","og_site_name":"Anber","article_modified_time":"2021-12-17T10:37:04+00:00","og_image":[{"width":1000,"height":1000,"url":"https:\/\/anber.es\/web\/wp-content\/uploads\/2021\/05\/central_convencional_de_extincion.jpg","type":"image\/jpeg"}],"twitter_card":"summary_large_image","schema":{"@context":"https:\/\/schema.org","@graph":[{"@type":"WebPage","@id":"https:\/\/anber.es\/web\/producto\/central-de-extincion-sigma-xt\/","url":"https:\/\/anber.es\/web\/producto\/central-de-extincion-sigma-xt\/","name":"Central de extinci\u00f3n Sigma XT - Anber","isPartOf":{"@id":"https:\/\/anber.es\/web\/#website"},"datePublished":"2021-05-28T08:02:55+00:00","dateModified":"2021-12-17T10:37:04+00:00","description":"La Central de extinci\u00f3n Sigma XT ofrece un valor y rendimiento excepcional para las instalaciones peque\u00f1as y medianas de extinci\u00f3n.","breadcrumb":{"@id":"https:\/\/anber.es\/web\/producto\/central-de-extincion-sigma-xt\/#breadcrumb"},"inLanguage":"es","potentialAction":[{"@type":"ReadAction","target":["https:\/\/anber.es\/web\/producto\/central-de-extincion-sigma-xt\/"]}]},{"@type":"BreadcrumbList","@id":"https:\/\/anber.es\/web\/producto\/central-de-extincion-sigma-xt\/#breadcrumb","itemListElement":[{"@type":"ListItem","position":1,"name":"Portada","item":"https:\/\/anber.es\/web\/"},{"@type":"ListItem","position":2,"name":"Productos","item":"https:\/\/anber.es\/web\/productos\/"},{"@type":"ListItem","position":3,"name":"Central de extinci\u00f3n Sigma XT"}]},{"@type":"WebSite","@id":"https:\/\/anber.es\/web\/#website","url":"https:\/\/anber.es\/web\/","name":"Anber","description":"Sistemas de protecci\u00f3n contra incendios","publisher":{"@id":"https:\/\/anber.es\/web\/#organization"},"potentialAction":[{"@type":"SearchAction","target":{"@type":"EntryPoint","urlTemplate":"https:\/\/anber.es\/web\/?s={search_term_string}"},"query-input":"required name=search_term_string"}],"inLanguage":"es"},{"@type":"Organization","@id":"https:\/\/anber.es\/web\/#organization","name":"Anber","url":"https:\/\/anber.es\/web\/","logo":{"@type":"ImageObject","inLanguage":"es","@id":"https:\/\/anber.es\/web\/#\/schema\/logo\/image\/","url":"https:\/\/anber.es\/web\/wp-content\/uploads\/2021\/03\/logo-anber.png","contentUrl":"https:\/\/anber.es\/web\/wp-content\/uploads\/2021\/03\/logo-anber.png","width":2208,"height":500,"caption":"Anber"},"image":{"@id":"https:\/\/anber.es\/web\/#\/schema\/logo\/image\/"}}]}},"_links":{"self":[{"href":"https:\/\/anber.es\/web\/wp-json\/wp\/v2\/product\/3104"}],"collection":[{"href":"https:\/\/anber.es\/web\/wp-json\/wp\/v2\/product"}],"about":[{"href":"https:\/\/anber.es\/web\/wp-json\/wp\/v2\/types\/product"}],"wp:featuredmedia":[{"embeddable":true,"href":"https:\/\/anber.es\/web\/wp-json\/wp\/v2\/media\/3103"}],"wp:attachment":[{"href":"https:\/\/anber.es\/web\/wp-json\/wp\/v2\/media?parent=3104"}],"wp:term":[{"taxonomy":"product_cat","embeddable":true,"href":"https:\/\/anber.es\/web\/wp-json\/wp\/v2\/product_cat?post=3104"},{"taxonomy":"product_tag","embeddable":true,"href":"https:\/\/anber.es\/web\/wp-json\/wp\/v2\/product_tag?post=3104"}],"curies":[{"name":"wp","href":"https:\/\/api.w.org\/{rel}","templated":true}]}}