{"id":3112,"date":"2021-05-28T10:03:14","date_gmt":"2021-05-28T08:03:14","guid":{"rendered":"https:\/\/anber.es\/producto\/rotametro-de-insercion\/"},"modified":"2024-04-08T16:38:46","modified_gmt":"2024-04-08T14:38:46","slug":"rotametro-de-insercion","status":"publish","type":"product","link":"https:\/\/anber.es\/web\/producto\/rotametro-de-insercion\/","title":{"rendered":"Rot\u00e1metro de inserci\u00f3n"},"content":{"rendered":"<p>El <strong>rot\u00e1metro de inserci\u00f3n<\/strong> es un instrumento tubo de Pilot utilizado para <b>medir la velocidad de un fluido<\/b> y su funcionamiento se basa en la definici\u00f3n de presi\u00f3n total.<\/p>\n<p>Este rot\u00e1metro s\u00f3lo debe ser instalado en tuber\u00edas con di\u00e1metros para los cuales han sido dise\u00f1ados, su instalaci\u00f3n en tuber\u00edas de di\u00e1metros no adecuados origina lecturas err\u00f3neas y problemas de goteo.<\/p>\n<p>Presi\u00f3n m\u00e1xima de trabajo:<b> 10 bar<\/b>.<\/p>\n<p>Precisi\u00f3n: \u00b1 10%.<\/p>\n<p>Tememos varios tama\u00f1os: <b>desde 2&#8243; hasta 8&#8243;<\/b>.<\/p>\n<p>Referencia: GCI.<\/p>\n<p><a href=\"\/web\/wp-content\/uploads\/2024\/04\/Ficha_tecnica-rotametro_de_insercion.pdf\" target=\"_blank\" rel=\"noopener noreferrer\"><button>Descarga ficha<\/button><\/a><br \/>\n<a class=\"insta-link\" href=\"https:\/\/www.instagram.com\/aqlproteccion\/?hl=es\" target=\"_blank\" rel=\"noopener noreferrer\">Instagram<\/a><\/p>\n","protected":false},"excerpt":{"rendered":"<p>El rot\u00e1metro de inserci\u00f3n es un instrumento tubo de Pilot utilizado para medir la velocidad de un fluido. Presi\u00f3n m\u00e1xima de trabajo: 10 bar. De 2&#8243; a 8&#8243;.<\/p>\n","protected":false},"featured_media":8810,"template":"","meta":[],"product_cat":[199,195,177],"product_tag":[215],"yoast_head":"<!-- This site is optimized with the Yoast SEO plugin v22.1 - https:\/\/yoast.com\/wordpress\/plugins\/seo\/ -->\n<title>Rot\u00e1metro de inserci\u00f3n - Anber<\/title>\n<meta name=\"description\" content=\"El rot\u00e1metro de inserci\u00f3n es un instrumento tubo de Pilot utilizado para medir la velocidad de un fluido. Presi\u00f3n m\u00e1xima de trabajo: 10 bar. De 2&quot; a 8&quot;.\" \/>\n<meta name=\"robots\" content=\"index, follow, max-snippet:-1, max-image-preview:large, max-video-preview:-1\" \/>\n<link rel=\"canonical\" href=\"https:\/\/anber.es\/web\/producto\/rotametro-de-insercion\/\" \/>\n<meta property=\"og:locale\" content=\"es_ES\" \/>\n<meta property=\"og:type\" content=\"article\" \/>\n<meta property=\"og:title\" content=\"Rot\u00e1metro de inserci\u00f3n - Anber\" \/>\n<meta property=\"og:description\" content=\"El rot\u00e1metro de inserci\u00f3n es un instrumento tubo de Pilot utilizado para medir la velocidad de un fluido. Presi\u00f3n m\u00e1xima de trabajo: 10 bar. De 2&quot; a 8&quot;.\" \/>\n<meta property=\"og:url\" content=\"https:\/\/anber.es\/web\/producto\/rotametro-de-insercion\/\" \/>\n<meta property=\"og:site_name\" content=\"Anber\" \/>\n<meta property=\"article:modified_time\" content=\"2024-04-08T14:38:46+00:00\" \/>\n<meta property=\"og:image\" content=\"https:\/\/anber.es\/web\/wp-content\/uploads\/2023\/08\/rotametro_de_insercion.webp\" \/>\n\t<meta property=\"og:image:width\" content=\"1000\" \/>\n\t<meta property=\"og:image:height\" content=\"1000\" \/>\n\t<meta property=\"og:image:type\" content=\"image\/webp\" \/>\n<meta name=\"twitter:card\" content=\"summary_large_image\" \/>\n<meta name=\"twitter:label1\" content=\"Tiempo de lectura\" \/>\n\t<meta name=\"twitter:data1\" content=\"1 minuto\" \/>\n<script type=\"application\/ld+json\" class=\"yoast-schema-graph\">{\"@context\":\"https:\/\/schema.org\",\"@graph\":[{\"@type\":\"WebPage\",\"@id\":\"https:\/\/anber.es\/web\/producto\/rotametro-de-insercion\/\",\"url\":\"https:\/\/anber.es\/web\/producto\/rotametro-de-insercion\/\",\"name\":\"Rot\u00e1metro de inserci\u00f3n - Anber\",\"isPartOf\":{\"@id\":\"https:\/\/anber.es\/web\/#website\"},\"datePublished\":\"2021-05-28T08:03:14+00:00\",\"dateModified\":\"2024-04-08T14:38:46+00:00\",\"description\":\"El rot\u00e1metro de inserci\u00f3n es un instrumento tubo de Pilot utilizado para medir la velocidad de un fluido. Presi\u00f3n m\u00e1xima de trabajo: 10 bar. De 2\\\" a 8\\\".\",\"breadcrumb\":{\"@id\":\"https:\/\/anber.es\/web\/producto\/rotametro-de-insercion\/#breadcrumb\"},\"inLanguage\":\"es\",\"potentialAction\":[{\"@type\":\"ReadAction\",\"target\":[\"https:\/\/anber.es\/web\/producto\/rotametro-de-insercion\/\"]}]},{\"@type\":\"BreadcrumbList\",\"@id\":\"https:\/\/anber.es\/web\/producto\/rotametro-de-insercion\/#breadcrumb\",\"itemListElement\":[{\"@type\":\"ListItem\",\"position\":1,\"name\":\"Portada\",\"item\":\"https:\/\/anber.es\/web\/\"},{\"@type\":\"ListItem\",\"position\":2,\"name\":\"Productos\",\"item\":\"https:\/\/anber.es\/web\/productos\/\"},{\"@type\":\"ListItem\",\"position\":3,\"name\":\"Rot\u00e1metro de inserci\u00f3n\"}]},{\"@type\":\"WebSite\",\"@id\":\"https:\/\/anber.es\/web\/#website\",\"url\":\"https:\/\/anber.es\/web\/\",\"name\":\"Anber\",\"description\":\"Sistemas de protecci\u00f3n contra incendios\",\"publisher\":{\"@id\":\"https:\/\/anber.es\/web\/#organization\"},\"potentialAction\":[{\"@type\":\"SearchAction\",\"target\":{\"@type\":\"EntryPoint\",\"urlTemplate\":\"https:\/\/anber.es\/web\/?s={search_term_string}\"},\"query-input\":\"required name=search_term_string\"}],\"inLanguage\":\"es\"},{\"@type\":\"Organization\",\"@id\":\"https:\/\/anber.es\/web\/#organization\",\"name\":\"Anber\",\"url\":\"https:\/\/anber.es\/web\/\",\"logo\":{\"@type\":\"ImageObject\",\"inLanguage\":\"es\",\"@id\":\"https:\/\/anber.es\/web\/#\/schema\/logo\/image\/\",\"url\":\"https:\/\/anber.es\/web\/wp-content\/uploads\/2021\/03\/logo-anber.png\",\"contentUrl\":\"https:\/\/anber.es\/web\/wp-content\/uploads\/2021\/03\/logo-anber.png\",\"width\":2208,\"height\":500,\"caption\":\"Anber\"},\"image\":{\"@id\":\"https:\/\/anber.es\/web\/#\/schema\/logo\/image\/\"}}]}<\/script>\n<!-- \/ Yoast SEO plugin. -->","yoast_head_json":{"title":"Rot\u00e1metro de inserci\u00f3n - Anber","description":"El rot\u00e1metro de inserci\u00f3n es un instrumento tubo de Pilot utilizado para medir la velocidad de un fluido. Presi\u00f3n m\u00e1xima de trabajo: 10 bar. De 2\" a 8\".","robots":{"index":"index","follow":"follow","max-snippet":"max-snippet:-1","max-image-preview":"max-image-preview:large","max-video-preview":"max-video-preview:-1"},"canonical":"https:\/\/anber.es\/web\/producto\/rotametro-de-insercion\/","og_locale":"es_ES","og_type":"article","og_title":"Rot\u00e1metro de inserci\u00f3n - Anber","og_description":"El rot\u00e1metro de inserci\u00f3n es un instrumento tubo de Pilot utilizado para medir la velocidad de un fluido. Presi\u00f3n m\u00e1xima de trabajo: 10 bar. De 2\" a 8\".","og_url":"https:\/\/anber.es\/web\/producto\/rotametro-de-insercion\/","og_site_name":"Anber","article_modified_time":"2024-04-08T14:38:46+00:00","og_image":[{"width":1000,"height":1000,"url":"https:\/\/anber.es\/web\/wp-content\/uploads\/2023\/08\/rotametro_de_insercion.webp","type":"image\/webp"}],"twitter_card":"summary_large_image","twitter_misc":{"Tiempo de lectura":"1 minuto"},"schema":{"@context":"https:\/\/schema.org","@graph":[{"@type":"WebPage","@id":"https:\/\/anber.es\/web\/producto\/rotametro-de-insercion\/","url":"https:\/\/anber.es\/web\/producto\/rotametro-de-insercion\/","name":"Rot\u00e1metro de inserci\u00f3n - Anber","isPartOf":{"@id":"https:\/\/anber.es\/web\/#website"},"datePublished":"2021-05-28T08:03:14+00:00","dateModified":"2024-04-08T14:38:46+00:00","description":"El rot\u00e1metro de inserci\u00f3n es un instrumento tubo de Pilot utilizado para medir la velocidad de un fluido. Presi\u00f3n m\u00e1xima de trabajo: 10 bar. De 2\" a 8\".","breadcrumb":{"@id":"https:\/\/anber.es\/web\/producto\/rotametro-de-insercion\/#breadcrumb"},"inLanguage":"es","potentialAction":[{"@type":"ReadAction","target":["https:\/\/anber.es\/web\/producto\/rotametro-de-insercion\/"]}]},{"@type":"BreadcrumbList","@id":"https:\/\/anber.es\/web\/producto\/rotametro-de-insercion\/#breadcrumb","itemListElement":[{"@type":"ListItem","position":1,"name":"Portada","item":"https:\/\/anber.es\/web\/"},{"@type":"ListItem","position":2,"name":"Productos","item":"https:\/\/anber.es\/web\/productos\/"},{"@type":"ListItem","position":3,"name":"Rot\u00e1metro de inserci\u00f3n"}]},{"@type":"WebSite","@id":"https:\/\/anber.es\/web\/#website","url":"https:\/\/anber.es\/web\/","name":"Anber","description":"Sistemas de protecci\u00f3n contra incendios","publisher":{"@id":"https:\/\/anber.es\/web\/#organization"},"potentialAction":[{"@type":"SearchAction","target":{"@type":"EntryPoint","urlTemplate":"https:\/\/anber.es\/web\/?s={search_term_string}"},"query-input":"required name=search_term_string"}],"inLanguage":"es"},{"@type":"Organization","@id":"https:\/\/anber.es\/web\/#organization","name":"Anber","url":"https:\/\/anber.es\/web\/","logo":{"@type":"ImageObject","inLanguage":"es","@id":"https:\/\/anber.es\/web\/#\/schema\/logo\/image\/","url":"https:\/\/anber.es\/web\/wp-content\/uploads\/2021\/03\/logo-anber.png","contentUrl":"https:\/\/anber.es\/web\/wp-content\/uploads\/2021\/03\/logo-anber.png","width":2208,"height":500,"caption":"Anber"},"image":{"@id":"https:\/\/anber.es\/web\/#\/schema\/logo\/image\/"}}]}},"_links":{"self":[{"href":"https:\/\/anber.es\/web\/wp-json\/wp\/v2\/product\/3112"}],"collection":[{"href":"https:\/\/anber.es\/web\/wp-json\/wp\/v2\/product"}],"about":[{"href":"https:\/\/anber.es\/web\/wp-json\/wp\/v2\/types\/product"}],"wp:featuredmedia":[{"embeddable":true,"href":"https:\/\/anber.es\/web\/wp-json\/wp\/v2\/media\/8810"}],"wp:attachment":[{"href":"https:\/\/anber.es\/web\/wp-json\/wp\/v2\/media?parent=3112"}],"wp:term":[{"taxonomy":"product_cat","embeddable":true,"href":"https:\/\/anber.es\/web\/wp-json\/wp\/v2\/product_cat?post=3112"},{"taxonomy":"product_tag","embeddable":true,"href":"https:\/\/anber.es\/web\/wp-json\/wp\/v2\/product_tag?post=3112"}],"curies":[{"name":"wp","href":"https:\/\/api.w.org\/{rel}","templated":true}]}}