{"id":3114,"date":"2021-05-28T10:03:18","date_gmt":"2021-05-28T08:03:18","guid":{"rendered":"https:\/\/anber.es\/producto\/caudalimetro-placa-entre-bridas\/"},"modified":"2024-06-14T08:35:21","modified_gmt":"2024-06-14T06:35:21","slug":"caudalimetro-placa-entre-bridas","status":"publish","type":"product","link":"https:\/\/anber.es\/web\/producto\/caudalimetro-placa-entre-bridas\/","title":{"rendered":"Caudal\u00edmetro placa entre bridas"},"content":{"rendered":"<p>El <strong>caudal\u00edmetro placa entre bridas<\/strong> en un equipo de medici\u00f3n de caudal que se instala en una tuber\u00eda mediante bridas.<br \/>\nEl caudal que circula por el caudal\u00edmetro es proporcional a la ra\u00edz cuadrada de la presi\u00f3n diferencial. La lectura indicada en el caudal\u00edmetro, es directa, expresada en m\u00b3\/h.<\/p>\n<p><strong>Para que la medici\u00f3n del caudal\u00edmetro placa entre bridas sea correcta<\/strong> se requiere un tramo recto de por lo menos 10 di\u00e1metros nominales antes del equipo y 5 despu\u00e9s.<br \/>\nEl equipo se puede montar vertical ascendente u horizontal.<br \/>\nSe desaconseja la instalaci\u00f3n vertical descendente.<\/p>\n<p>Tenemos desde 2&#8243; hasta 12&#8243; con diferentes escalas de medici\u00f3n.<\/p>\n<p>Referencia: GCB.<\/p>\n<p><a href=\"https:\/\/anber.es\/web\/wp-content\/uploads\/2024\/06\/Caudalimetro_placa_entre_bridas.pdf\" target=\"_blank\" rel=\"noopener noreferrer\"><button>Descarga ficha<\/button><\/a><br \/>\n<a class=\"insta-link\" href=\"https:\/\/www.instagram.com\/aqlproteccion\/?hl=es\" target=\"_blank\" rel=\"noopener noreferrer\">Instagram<\/a><\/p>\n","protected":false},"excerpt":{"rendered":"<p>El caudal\u00edmetro placa entre bridas en un equipo de medici\u00f3n de caudal que se instala en una tuber\u00eda mediante bridas.<\/p>\n","protected":false},"featured_media":8505,"template":"","meta":[],"product_cat":[199,195,177],"product_tag":[215],"yoast_head":"<!-- This site is optimized with the Yoast SEO plugin v22.1 - https:\/\/yoast.com\/wordpress\/plugins\/seo\/ -->\n<title>Caudal\u00edmetro placa entre bridas - Anber<\/title>\n<meta name=\"description\" content=\"El caudal\u00edmetro placa entre bridas mide el caudal que se instala en una tuber\u00eda mediante bridas. Montar vertical ascendente u horizontal.\" \/>\n<meta name=\"robots\" content=\"index, follow, max-snippet:-1, max-image-preview:large, max-video-preview:-1\" \/>\n<link rel=\"canonical\" href=\"https:\/\/anber.es\/web\/producto\/caudalimetro-placa-entre-bridas\/\" \/>\n<meta property=\"og:locale\" content=\"es_ES\" \/>\n<meta property=\"og:type\" content=\"article\" \/>\n<meta property=\"og:title\" content=\"Caudal\u00edmetro placa entre bridas - Anber\" \/>\n<meta property=\"og:description\" content=\"El caudal\u00edmetro placa entre bridas mide el caudal que se instala en una tuber\u00eda mediante bridas. Montar vertical ascendente u horizontal.\" \/>\n<meta property=\"og:url\" content=\"https:\/\/anber.es\/web\/producto\/caudalimetro-placa-entre-bridas\/\" \/>\n<meta property=\"og:site_name\" content=\"Anber\" \/>\n<meta property=\"article:modified_time\" content=\"2024-06-14T06:35:21+00:00\" \/>\n<meta property=\"og:image\" content=\"https:\/\/anber.es\/web\/wp-content\/uploads\/2023\/05\/caudalimetro_placa_entre_bridas.webp\" \/>\n\t<meta property=\"og:image:width\" content=\"1000\" \/>\n\t<meta property=\"og:image:height\" content=\"1000\" \/>\n\t<meta property=\"og:image:type\" content=\"image\/webp\" \/>\n<meta name=\"twitter:card\" content=\"summary_large_image\" \/>\n<meta name=\"twitter:label1\" content=\"Tiempo de lectura\" \/>\n\t<meta name=\"twitter:data1\" content=\"1 minuto\" \/>\n<script type=\"application\/ld+json\" class=\"yoast-schema-graph\">{\"@context\":\"https:\/\/schema.org\",\"@graph\":[{\"@type\":\"WebPage\",\"@id\":\"https:\/\/anber.es\/web\/producto\/caudalimetro-placa-entre-bridas\/\",\"url\":\"https:\/\/anber.es\/web\/producto\/caudalimetro-placa-entre-bridas\/\",\"name\":\"Caudal\u00edmetro placa entre bridas - Anber\",\"isPartOf\":{\"@id\":\"https:\/\/anber.es\/web\/#website\"},\"datePublished\":\"2021-05-28T08:03:18+00:00\",\"dateModified\":\"2024-06-14T06:35:21+00:00\",\"description\":\"El caudal\u00edmetro placa entre bridas mide el caudal que se instala en una tuber\u00eda mediante bridas. Montar vertical ascendente u horizontal.\",\"breadcrumb\":{\"@id\":\"https:\/\/anber.es\/web\/producto\/caudalimetro-placa-entre-bridas\/#breadcrumb\"},\"inLanguage\":\"es\",\"potentialAction\":[{\"@type\":\"ReadAction\",\"target\":[\"https:\/\/anber.es\/web\/producto\/caudalimetro-placa-entre-bridas\/\"]}]},{\"@type\":\"BreadcrumbList\",\"@id\":\"https:\/\/anber.es\/web\/producto\/caudalimetro-placa-entre-bridas\/#breadcrumb\",\"itemListElement\":[{\"@type\":\"ListItem\",\"position\":1,\"name\":\"Portada\",\"item\":\"https:\/\/anber.es\/web\/\"},{\"@type\":\"ListItem\",\"position\":2,\"name\":\"Productos\",\"item\":\"https:\/\/anber.es\/web\/productos\/\"},{\"@type\":\"ListItem\",\"position\":3,\"name\":\"Caudal\u00edmetro placa entre bridas\"}]},{\"@type\":\"WebSite\",\"@id\":\"https:\/\/anber.es\/web\/#website\",\"url\":\"https:\/\/anber.es\/web\/\",\"name\":\"Anber\",\"description\":\"Sistemas de protecci\u00f3n contra incendios\",\"publisher\":{\"@id\":\"https:\/\/anber.es\/web\/#organization\"},\"potentialAction\":[{\"@type\":\"SearchAction\",\"target\":{\"@type\":\"EntryPoint\",\"urlTemplate\":\"https:\/\/anber.es\/web\/?s={search_term_string}\"},\"query-input\":\"required name=search_term_string\"}],\"inLanguage\":\"es\"},{\"@type\":\"Organization\",\"@id\":\"https:\/\/anber.es\/web\/#organization\",\"name\":\"Anber\",\"url\":\"https:\/\/anber.es\/web\/\",\"logo\":{\"@type\":\"ImageObject\",\"inLanguage\":\"es\",\"@id\":\"https:\/\/anber.es\/web\/#\/schema\/logo\/image\/\",\"url\":\"https:\/\/anber.es\/web\/wp-content\/uploads\/2021\/03\/logo-anber.png\",\"contentUrl\":\"https:\/\/anber.es\/web\/wp-content\/uploads\/2021\/03\/logo-anber.png\",\"width\":2208,\"height\":500,\"caption\":\"Anber\"},\"image\":{\"@id\":\"https:\/\/anber.es\/web\/#\/schema\/logo\/image\/\"}}]}<\/script>\n<!-- \/ Yoast SEO plugin. -->","yoast_head_json":{"title":"Caudal\u00edmetro placa entre bridas - Anber","description":"El caudal\u00edmetro placa entre bridas mide el caudal que se instala en una tuber\u00eda mediante bridas. Montar vertical ascendente u horizontal.","robots":{"index":"index","follow":"follow","max-snippet":"max-snippet:-1","max-image-preview":"max-image-preview:large","max-video-preview":"max-video-preview:-1"},"canonical":"https:\/\/anber.es\/web\/producto\/caudalimetro-placa-entre-bridas\/","og_locale":"es_ES","og_type":"article","og_title":"Caudal\u00edmetro placa entre bridas - Anber","og_description":"El caudal\u00edmetro placa entre bridas mide el caudal que se instala en una tuber\u00eda mediante bridas. Montar vertical ascendente u horizontal.","og_url":"https:\/\/anber.es\/web\/producto\/caudalimetro-placa-entre-bridas\/","og_site_name":"Anber","article_modified_time":"2024-06-14T06:35:21+00:00","og_image":[{"width":1000,"height":1000,"url":"https:\/\/anber.es\/web\/wp-content\/uploads\/2023\/05\/caudalimetro_placa_entre_bridas.webp","type":"image\/webp"}],"twitter_card":"summary_large_image","twitter_misc":{"Tiempo de lectura":"1 minuto"},"schema":{"@context":"https:\/\/schema.org","@graph":[{"@type":"WebPage","@id":"https:\/\/anber.es\/web\/producto\/caudalimetro-placa-entre-bridas\/","url":"https:\/\/anber.es\/web\/producto\/caudalimetro-placa-entre-bridas\/","name":"Caudal\u00edmetro placa entre bridas - Anber","isPartOf":{"@id":"https:\/\/anber.es\/web\/#website"},"datePublished":"2021-05-28T08:03:18+00:00","dateModified":"2024-06-14T06:35:21+00:00","description":"El caudal\u00edmetro placa entre bridas mide el caudal que se instala en una tuber\u00eda mediante bridas. Montar vertical ascendente u horizontal.","breadcrumb":{"@id":"https:\/\/anber.es\/web\/producto\/caudalimetro-placa-entre-bridas\/#breadcrumb"},"inLanguage":"es","potentialAction":[{"@type":"ReadAction","target":["https:\/\/anber.es\/web\/producto\/caudalimetro-placa-entre-bridas\/"]}]},{"@type":"BreadcrumbList","@id":"https:\/\/anber.es\/web\/producto\/caudalimetro-placa-entre-bridas\/#breadcrumb","itemListElement":[{"@type":"ListItem","position":1,"name":"Portada","item":"https:\/\/anber.es\/web\/"},{"@type":"ListItem","position":2,"name":"Productos","item":"https:\/\/anber.es\/web\/productos\/"},{"@type":"ListItem","position":3,"name":"Caudal\u00edmetro placa entre bridas"}]},{"@type":"WebSite","@id":"https:\/\/anber.es\/web\/#website","url":"https:\/\/anber.es\/web\/","name":"Anber","description":"Sistemas de protecci\u00f3n contra incendios","publisher":{"@id":"https:\/\/anber.es\/web\/#organization"},"potentialAction":[{"@type":"SearchAction","target":{"@type":"EntryPoint","urlTemplate":"https:\/\/anber.es\/web\/?s={search_term_string}"},"query-input":"required name=search_term_string"}],"inLanguage":"es"},{"@type":"Organization","@id":"https:\/\/anber.es\/web\/#organization","name":"Anber","url":"https:\/\/anber.es\/web\/","logo":{"@type":"ImageObject","inLanguage":"es","@id":"https:\/\/anber.es\/web\/#\/schema\/logo\/image\/","url":"https:\/\/anber.es\/web\/wp-content\/uploads\/2021\/03\/logo-anber.png","contentUrl":"https:\/\/anber.es\/web\/wp-content\/uploads\/2021\/03\/logo-anber.png","width":2208,"height":500,"caption":"Anber"},"image":{"@id":"https:\/\/anber.es\/web\/#\/schema\/logo\/image\/"}}]}},"_links":{"self":[{"href":"https:\/\/anber.es\/web\/wp-json\/wp\/v2\/product\/3114"}],"collection":[{"href":"https:\/\/anber.es\/web\/wp-json\/wp\/v2\/product"}],"about":[{"href":"https:\/\/anber.es\/web\/wp-json\/wp\/v2\/types\/product"}],"wp:featuredmedia":[{"embeddable":true,"href":"https:\/\/anber.es\/web\/wp-json\/wp\/v2\/media\/8505"}],"wp:attachment":[{"href":"https:\/\/anber.es\/web\/wp-json\/wp\/v2\/media?parent=3114"}],"wp:term":[{"taxonomy":"product_cat","embeddable":true,"href":"https:\/\/anber.es\/web\/wp-json\/wp\/v2\/product_cat?post=3114"},{"taxonomy":"product_tag","embeddable":true,"href":"https:\/\/anber.es\/web\/wp-json\/wp\/v2\/product_tag?post=3114"}],"curies":[{"name":"wp","href":"https:\/\/api.w.org\/{rel}","templated":true}]}}