{"id":3116,"date":"2021-05-28T10:03:23","date_gmt":"2021-05-28T08:03:23","guid":{"rendered":"https:\/\/anber.es\/producto\/caudalimetro-ranurado-turbo-lux-3\/"},"modified":"2025-01-14T09:55:06","modified_gmt":"2025-01-14T07:55:06","slug":"caudalimetro-ranurado-turbo-lux-3","status":"publish","type":"product","link":"https:\/\/anber.es\/web\/producto\/caudalimetro-ranurado-turbo-lux-3\/","title":{"rendered":"Caudal\u00edmetro ranurado TURBO LUX-3"},"content":{"rendered":"<p>El <strong>caudal\u00edmetro ranurado TURBO LUX-3<\/strong> es un equipo de medici\u00f3n de caudal con diafragma que sirve para medir el flujo volum\u00e9trico del agua en las tuber\u00edas de prueba de los abastecimientos de agua de instalaciones de extinci\u00f3n de agua fijas. Puede elegirse libremente el lugar y la posici\u00f3n de montaje, as\u00ed como la direcci\u00f3n del caudal teniendo en cuenta el sentido de la flecha.<\/p>\n<p>Disponemos de <b>2&#8243; hasta 12&#8243; con diferentes escalas de medici\u00f3n<\/b>.<\/p>\n<p>Certificados:<br \/>\n&#8211; <b>FM<\/b> Approval 0003044464.<br \/>\n&#8211; <b>LPCB<\/b> Certificate Number 1385a.<br \/>\n&#8211; <b>VdS<\/b> G415006.<\/p>\n<p>Referencia: GCRR.<\/p>\n<p><a href=\"\/web\/wp-content\/uploads\/2025\/01\/Ficha_tecnica-caudalimetro_ranurado_TURBO-LUX-3.pdf\" target=\"_blank\" rel=\"noopener noreferrer\"><button>Descarga ficha<\/button><\/a><br \/>\n<a class=\"insta-link\" href=\"https:\/\/www.instagram.com\/aqlproteccion\/?hl=es\" target=\"_blank\" rel=\"noopener noreferrer\">Instagram<\/a><\/p>\n","protected":false},"excerpt":{"rendered":"<p>El caudal\u00edmetro ranurado TURBO LUX-3 es un equipo de medici\u00f3n de caudal con diafragma que sirve para medir el flujo volum\u00e9trico del agua en las tuber\u00edas de prueba de los abastecimientos de agua de instalaciones de extinci\u00f3n de agua fijas.<\/p>\n","protected":false},"featured_media":8566,"template":"","meta":[],"product_cat":[199,195,177],"product_tag":[215],"yoast_head":"<!-- This site is optimized with the Yoast SEO plugin v22.1 - https:\/\/yoast.com\/wordpress\/plugins\/seo\/ -->\n<title>Caudal\u00edmetro ranurado TURBO LUX-3 - Anber<\/title>\n<meta name=\"description\" content=\"El caudal\u00edmetro ranurado TURBO LUX-3 es un equipo de medici\u00f3n de caudal con diafragma que mide el flujo volum\u00e9trico del agua en las tuber\u00edas.\" \/>\n<meta name=\"robots\" content=\"index, follow, max-snippet:-1, max-image-preview:large, max-video-preview:-1\" \/>\n<link rel=\"canonical\" href=\"https:\/\/anber.es\/web\/producto\/caudalimetro-ranurado-turbo-lux-3\/\" \/>\n<meta property=\"og:locale\" content=\"es_ES\" \/>\n<meta property=\"og:type\" content=\"article\" \/>\n<meta property=\"og:title\" content=\"Caudal\u00edmetro ranurado TURBO LUX-3 - Anber\" \/>\n<meta property=\"og:description\" content=\"El caudal\u00edmetro ranurado TURBO LUX-3 es un equipo de medici\u00f3n de caudal con diafragma que mide el flujo volum\u00e9trico del agua en las tuber\u00edas.\" \/>\n<meta property=\"og:url\" content=\"https:\/\/anber.es\/web\/producto\/caudalimetro-ranurado-turbo-lux-3\/\" \/>\n<meta property=\"og:site_name\" content=\"Anber\" \/>\n<meta property=\"article:modified_time\" content=\"2025-01-14T07:55:06+00:00\" \/>\n<meta property=\"og:image\" content=\"https:\/\/anber.es\/web\/wp-content\/uploads\/2023\/06\/caudalimetro_ranurado_TURBO-LUX-3.webp\" \/>\n\t<meta property=\"og:image:width\" content=\"1000\" \/>\n\t<meta property=\"og:image:height\" content=\"1000\" \/>\n\t<meta property=\"og:image:type\" content=\"image\/webp\" \/>\n<meta name=\"twitter:card\" content=\"summary_large_image\" \/>\n<meta name=\"twitter:label1\" content=\"Tiempo de lectura\" \/>\n\t<meta name=\"twitter:data1\" content=\"1 minuto\" \/>\n<script type=\"application\/ld+json\" class=\"yoast-schema-graph\">{\"@context\":\"https:\/\/schema.org\",\"@graph\":[{\"@type\":\"WebPage\",\"@id\":\"https:\/\/anber.es\/web\/producto\/caudalimetro-ranurado-turbo-lux-3\/\",\"url\":\"https:\/\/anber.es\/web\/producto\/caudalimetro-ranurado-turbo-lux-3\/\",\"name\":\"Caudal\u00edmetro ranurado TURBO LUX-3 - Anber\",\"isPartOf\":{\"@id\":\"https:\/\/anber.es\/web\/#website\"},\"datePublished\":\"2021-05-28T08:03:23+00:00\",\"dateModified\":\"2025-01-14T07:55:06+00:00\",\"description\":\"El caudal\u00edmetro ranurado TURBO LUX-3 es un equipo de medici\u00f3n de caudal con diafragma que mide el flujo volum\u00e9trico del agua en las tuber\u00edas.\",\"breadcrumb\":{\"@id\":\"https:\/\/anber.es\/web\/producto\/caudalimetro-ranurado-turbo-lux-3\/#breadcrumb\"},\"inLanguage\":\"es\",\"potentialAction\":[{\"@type\":\"ReadAction\",\"target\":[\"https:\/\/anber.es\/web\/producto\/caudalimetro-ranurado-turbo-lux-3\/\"]}]},{\"@type\":\"BreadcrumbList\",\"@id\":\"https:\/\/anber.es\/web\/producto\/caudalimetro-ranurado-turbo-lux-3\/#breadcrumb\",\"itemListElement\":[{\"@type\":\"ListItem\",\"position\":1,\"name\":\"Portada\",\"item\":\"https:\/\/anber.es\/web\/\"},{\"@type\":\"ListItem\",\"position\":2,\"name\":\"Productos\",\"item\":\"https:\/\/anber.es\/web\/productos\/\"},{\"@type\":\"ListItem\",\"position\":3,\"name\":\"Caudal\u00edmetro ranurado TURBO LUX-3\"}]},{\"@type\":\"WebSite\",\"@id\":\"https:\/\/anber.es\/web\/#website\",\"url\":\"https:\/\/anber.es\/web\/\",\"name\":\"Anber\",\"description\":\"Sistemas de protecci\u00f3n contra incendios\",\"publisher\":{\"@id\":\"https:\/\/anber.es\/web\/#organization\"},\"potentialAction\":[{\"@type\":\"SearchAction\",\"target\":{\"@type\":\"EntryPoint\",\"urlTemplate\":\"https:\/\/anber.es\/web\/?s={search_term_string}\"},\"query-input\":\"required name=search_term_string\"}],\"inLanguage\":\"es\"},{\"@type\":\"Organization\",\"@id\":\"https:\/\/anber.es\/web\/#organization\",\"name\":\"Anber\",\"url\":\"https:\/\/anber.es\/web\/\",\"logo\":{\"@type\":\"ImageObject\",\"inLanguage\":\"es\",\"@id\":\"https:\/\/anber.es\/web\/#\/schema\/logo\/image\/\",\"url\":\"https:\/\/anber.es\/web\/wp-content\/uploads\/2021\/03\/logo-anber.png\",\"contentUrl\":\"https:\/\/anber.es\/web\/wp-content\/uploads\/2021\/03\/logo-anber.png\",\"width\":2208,\"height\":500,\"caption\":\"Anber\"},\"image\":{\"@id\":\"https:\/\/anber.es\/web\/#\/schema\/logo\/image\/\"}}]}<\/script>\n<!-- \/ Yoast SEO plugin. -->","yoast_head_json":{"title":"Caudal\u00edmetro ranurado TURBO LUX-3 - Anber","description":"El caudal\u00edmetro ranurado TURBO LUX-3 es un equipo de medici\u00f3n de caudal con diafragma que mide el flujo volum\u00e9trico del agua en las tuber\u00edas.","robots":{"index":"index","follow":"follow","max-snippet":"max-snippet:-1","max-image-preview":"max-image-preview:large","max-video-preview":"max-video-preview:-1"},"canonical":"https:\/\/anber.es\/web\/producto\/caudalimetro-ranurado-turbo-lux-3\/","og_locale":"es_ES","og_type":"article","og_title":"Caudal\u00edmetro ranurado TURBO LUX-3 - Anber","og_description":"El caudal\u00edmetro ranurado TURBO LUX-3 es un equipo de medici\u00f3n de caudal con diafragma que mide el flujo volum\u00e9trico del agua en las tuber\u00edas.","og_url":"https:\/\/anber.es\/web\/producto\/caudalimetro-ranurado-turbo-lux-3\/","og_site_name":"Anber","article_modified_time":"2025-01-14T07:55:06+00:00","og_image":[{"width":1000,"height":1000,"url":"https:\/\/anber.es\/web\/wp-content\/uploads\/2023\/06\/caudalimetro_ranurado_TURBO-LUX-3.webp","type":"image\/webp"}],"twitter_card":"summary_large_image","twitter_misc":{"Tiempo de lectura":"1 minuto"},"schema":{"@context":"https:\/\/schema.org","@graph":[{"@type":"WebPage","@id":"https:\/\/anber.es\/web\/producto\/caudalimetro-ranurado-turbo-lux-3\/","url":"https:\/\/anber.es\/web\/producto\/caudalimetro-ranurado-turbo-lux-3\/","name":"Caudal\u00edmetro ranurado TURBO LUX-3 - Anber","isPartOf":{"@id":"https:\/\/anber.es\/web\/#website"},"datePublished":"2021-05-28T08:03:23+00:00","dateModified":"2025-01-14T07:55:06+00:00","description":"El caudal\u00edmetro ranurado TURBO LUX-3 es un equipo de medici\u00f3n de caudal con diafragma que mide el flujo volum\u00e9trico del agua en las tuber\u00edas.","breadcrumb":{"@id":"https:\/\/anber.es\/web\/producto\/caudalimetro-ranurado-turbo-lux-3\/#breadcrumb"},"inLanguage":"es","potentialAction":[{"@type":"ReadAction","target":["https:\/\/anber.es\/web\/producto\/caudalimetro-ranurado-turbo-lux-3\/"]}]},{"@type":"BreadcrumbList","@id":"https:\/\/anber.es\/web\/producto\/caudalimetro-ranurado-turbo-lux-3\/#breadcrumb","itemListElement":[{"@type":"ListItem","position":1,"name":"Portada","item":"https:\/\/anber.es\/web\/"},{"@type":"ListItem","position":2,"name":"Productos","item":"https:\/\/anber.es\/web\/productos\/"},{"@type":"ListItem","position":3,"name":"Caudal\u00edmetro ranurado TURBO LUX-3"}]},{"@type":"WebSite","@id":"https:\/\/anber.es\/web\/#website","url":"https:\/\/anber.es\/web\/","name":"Anber","description":"Sistemas de protecci\u00f3n contra incendios","publisher":{"@id":"https:\/\/anber.es\/web\/#organization"},"potentialAction":[{"@type":"SearchAction","target":{"@type":"EntryPoint","urlTemplate":"https:\/\/anber.es\/web\/?s={search_term_string}"},"query-input":"required name=search_term_string"}],"inLanguage":"es"},{"@type":"Organization","@id":"https:\/\/anber.es\/web\/#organization","name":"Anber","url":"https:\/\/anber.es\/web\/","logo":{"@type":"ImageObject","inLanguage":"es","@id":"https:\/\/anber.es\/web\/#\/schema\/logo\/image\/","url":"https:\/\/anber.es\/web\/wp-content\/uploads\/2021\/03\/logo-anber.png","contentUrl":"https:\/\/anber.es\/web\/wp-content\/uploads\/2021\/03\/logo-anber.png","width":2208,"height":500,"caption":"Anber"},"image":{"@id":"https:\/\/anber.es\/web\/#\/schema\/logo\/image\/"}}]}},"_links":{"self":[{"href":"https:\/\/anber.es\/web\/wp-json\/wp\/v2\/product\/3116"}],"collection":[{"href":"https:\/\/anber.es\/web\/wp-json\/wp\/v2\/product"}],"about":[{"href":"https:\/\/anber.es\/web\/wp-json\/wp\/v2\/types\/product"}],"wp:featuredmedia":[{"embeddable":true,"href":"https:\/\/anber.es\/web\/wp-json\/wp\/v2\/media\/8566"}],"wp:attachment":[{"href":"https:\/\/anber.es\/web\/wp-json\/wp\/v2\/media?parent=3116"}],"wp:term":[{"taxonomy":"product_cat","embeddable":true,"href":"https:\/\/anber.es\/web\/wp-json\/wp\/v2\/product_cat?post=3116"},{"taxonomy":"product_tag","embeddable":true,"href":"https:\/\/anber.es\/web\/wp-json\/wp\/v2\/product_tag?post=3116"}],"curies":[{"name":"wp","href":"https:\/\/api.w.org\/{rel}","templated":true}]}}