{"id":3126,"date":"2021-05-28T10:03:43","date_gmt":"2021-05-28T08:03:43","guid":{"rendered":"https:\/\/anber.es\/producto\/valvula-bola-inoxidable-mh-roscada-pn63\/"},"modified":"2025-01-07T13:55:55","modified_gmt":"2025-01-07T11:55:55","slug":"valvula-bola-inoxidable-mh-roscada-pn63","status":"publish","type":"product","link":"https:\/\/anber.es\/web\/producto\/valvula-bola-inoxidable-mh-roscada-pn63\/","title":{"rendered":"V\u00e1lvula bola inoxidable M-H roscada PN63"},"content":{"rendered":"<p>La <strong>v\u00e1lvula bola inoxidable M-H (AISI 316) PN63 <\/strong> se usa para abrir y cerrar completamente el paso de fluidos. <\/p>\n<p>Las v\u00e1lvulas de bola se pueden instalar en <B>vertical y en horizontal<\/B>. Revisar la estanqueidad de las uniones antes de poner en servicio la instalaci\u00f3n.<\/p>\n<p>Instalaciones de agua fr\u00eda y caliente, vapor, aceite y qu\u00edmicos.<\/p>\n<p>Temperatura de trabajo: <B>-20\u00baC a 180\u00baC<\/B>.<br \/>\nPresi\u00f3n m\u00e1xima de trabajo: <B>63 bar<\/B>.<\/p>\n<p>Referencia: VEINOXMH.<\/p>\n<p><a href=\"\/web\/wp-content\/uploads\/2025\/01\/Ficha_tecnica-valvula_bola_roscada_MH_PN63_inox.pdf\" target=\"_blank\" rel=\"noopener noreferrer\"><button>Descarga ficha<\/button><\/a><br \/>\n<a class=\"insta-link\" href=\"https:\/\/www.instagram.com\/aqlproteccion\/?hl=es\" target=\"_blank\" rel=\"noopener noreferrer\">Instagram<\/a><\/p>\n","protected":false},"excerpt":{"rendered":"<p>La v\u00e1lvula bola inoxidable M-H (AISI 316) PN63 se usa para abrir y cerrar completamente el paso de fluidos. Instalaci\u00f3n vertical y horizontal.<\/p>\n","protected":false},"featured_media":9681,"template":"","meta":[],"product_cat":[225,45],"product_tag":[215],"yoast_head":"<!-- This site is optimized with the Yoast SEO plugin v22.1 - https:\/\/yoast.com\/wordpress\/plugins\/seo\/ -->\n<title>V\u00e1lvula bola inoxidable M-H roscada PN63 - Anber<\/title>\n<meta name=\"description\" content=\"La v\u00e1lvula bola inoxidable M-H (AISI 316) PN63 se usa para abrir y cerrar completamente el paso de fluidos. Instalaci\u00f3n vertical y horizontal.\" \/>\n<meta name=\"robots\" content=\"index, follow, max-snippet:-1, max-image-preview:large, max-video-preview:-1\" \/>\n<link rel=\"canonical\" href=\"https:\/\/anber.es\/web\/producto\/valvula-bola-inoxidable-mh-roscada-pn63\/\" \/>\n<meta property=\"og:locale\" content=\"es_ES\" \/>\n<meta property=\"og:type\" content=\"article\" \/>\n<meta property=\"og:title\" content=\"V\u00e1lvula bola inoxidable M-H roscada PN63 - Anber\" \/>\n<meta property=\"og:description\" content=\"La v\u00e1lvula bola inoxidable M-H (AISI 316) PN63 se usa para abrir y cerrar completamente el paso de fluidos. Instalaci\u00f3n vertical y horizontal.\" \/>\n<meta property=\"og:url\" content=\"https:\/\/anber.es\/web\/producto\/valvula-bola-inoxidable-mh-roscada-pn63\/\" \/>\n<meta property=\"og:site_name\" content=\"Anber\" \/>\n<meta property=\"article:modified_time\" content=\"2025-01-07T11:55:55+00:00\" \/>\n<meta property=\"og:image\" content=\"https:\/\/anber.es\/web\/wp-content\/uploads\/2025\/01\/valvula_bola_roscada_MH_PN63_inox.webp\" \/>\n\t<meta property=\"og:image:width\" content=\"1000\" \/>\n\t<meta property=\"og:image:height\" content=\"1000\" \/>\n\t<meta property=\"og:image:type\" content=\"image\/webp\" \/>\n<meta name=\"twitter:card\" content=\"summary_large_image\" \/>\n<meta name=\"twitter:label1\" content=\"Tiempo de lectura\" \/>\n\t<meta name=\"twitter:data1\" content=\"1 minuto\" \/>\n<script type=\"application\/ld+json\" class=\"yoast-schema-graph\">{\"@context\":\"https:\/\/schema.org\",\"@graph\":[{\"@type\":\"WebPage\",\"@id\":\"https:\/\/anber.es\/web\/producto\/valvula-bola-inoxidable-mh-roscada-pn63\/\",\"url\":\"https:\/\/anber.es\/web\/producto\/valvula-bola-inoxidable-mh-roscada-pn63\/\",\"name\":\"V\u00e1lvula bola inoxidable M-H roscada PN63 - Anber\",\"isPartOf\":{\"@id\":\"https:\/\/anber.es\/web\/#website\"},\"datePublished\":\"2021-05-28T08:03:43+00:00\",\"dateModified\":\"2025-01-07T11:55:55+00:00\",\"description\":\"La v\u00e1lvula bola inoxidable M-H (AISI 316) PN63 se usa para abrir y cerrar completamente el paso de fluidos. Instalaci\u00f3n vertical y horizontal.\",\"breadcrumb\":{\"@id\":\"https:\/\/anber.es\/web\/producto\/valvula-bola-inoxidable-mh-roscada-pn63\/#breadcrumb\"},\"inLanguage\":\"es\",\"potentialAction\":[{\"@type\":\"ReadAction\",\"target\":[\"https:\/\/anber.es\/web\/producto\/valvula-bola-inoxidable-mh-roscada-pn63\/\"]}]},{\"@type\":\"BreadcrumbList\",\"@id\":\"https:\/\/anber.es\/web\/producto\/valvula-bola-inoxidable-mh-roscada-pn63\/#breadcrumb\",\"itemListElement\":[{\"@type\":\"ListItem\",\"position\":1,\"name\":\"Portada\",\"item\":\"https:\/\/anber.es\/web\/\"},{\"@type\":\"ListItem\",\"position\":2,\"name\":\"Productos\",\"item\":\"https:\/\/anber.es\/web\/productos\/\"},{\"@type\":\"ListItem\",\"position\":3,\"name\":\"V\u00e1lvula bola inoxidable M-H roscada PN63\"}]},{\"@type\":\"WebSite\",\"@id\":\"https:\/\/anber.es\/web\/#website\",\"url\":\"https:\/\/anber.es\/web\/\",\"name\":\"Anber\",\"description\":\"Sistemas de protecci\u00f3n contra incendios\",\"publisher\":{\"@id\":\"https:\/\/anber.es\/web\/#organization\"},\"potentialAction\":[{\"@type\":\"SearchAction\",\"target\":{\"@type\":\"EntryPoint\",\"urlTemplate\":\"https:\/\/anber.es\/web\/?s={search_term_string}\"},\"query-input\":\"required name=search_term_string\"}],\"inLanguage\":\"es\"},{\"@type\":\"Organization\",\"@id\":\"https:\/\/anber.es\/web\/#organization\",\"name\":\"Anber\",\"url\":\"https:\/\/anber.es\/web\/\",\"logo\":{\"@type\":\"ImageObject\",\"inLanguage\":\"es\",\"@id\":\"https:\/\/anber.es\/web\/#\/schema\/logo\/image\/\",\"url\":\"https:\/\/anber.es\/web\/wp-content\/uploads\/2021\/03\/logo-anber.png\",\"contentUrl\":\"https:\/\/anber.es\/web\/wp-content\/uploads\/2021\/03\/logo-anber.png\",\"width\":2208,\"height\":500,\"caption\":\"Anber\"},\"image\":{\"@id\":\"https:\/\/anber.es\/web\/#\/schema\/logo\/image\/\"}}]}<\/script>\n<!-- \/ Yoast SEO plugin. -->","yoast_head_json":{"title":"V\u00e1lvula bola inoxidable M-H roscada PN63 - Anber","description":"La v\u00e1lvula bola inoxidable M-H (AISI 316) PN63 se usa para abrir y cerrar completamente el paso de fluidos. Instalaci\u00f3n vertical y horizontal.","robots":{"index":"index","follow":"follow","max-snippet":"max-snippet:-1","max-image-preview":"max-image-preview:large","max-video-preview":"max-video-preview:-1"},"canonical":"https:\/\/anber.es\/web\/producto\/valvula-bola-inoxidable-mh-roscada-pn63\/","og_locale":"es_ES","og_type":"article","og_title":"V\u00e1lvula bola inoxidable M-H roscada PN63 - Anber","og_description":"La v\u00e1lvula bola inoxidable M-H (AISI 316) PN63 se usa para abrir y cerrar completamente el paso de fluidos. Instalaci\u00f3n vertical y horizontal.","og_url":"https:\/\/anber.es\/web\/producto\/valvula-bola-inoxidable-mh-roscada-pn63\/","og_site_name":"Anber","article_modified_time":"2025-01-07T11:55:55+00:00","og_image":[{"width":1000,"height":1000,"url":"https:\/\/anber.es\/web\/wp-content\/uploads\/2025\/01\/valvula_bola_roscada_MH_PN63_inox.webp","type":"image\/webp"}],"twitter_card":"summary_large_image","twitter_misc":{"Tiempo de lectura":"1 minuto"},"schema":{"@context":"https:\/\/schema.org","@graph":[{"@type":"WebPage","@id":"https:\/\/anber.es\/web\/producto\/valvula-bola-inoxidable-mh-roscada-pn63\/","url":"https:\/\/anber.es\/web\/producto\/valvula-bola-inoxidable-mh-roscada-pn63\/","name":"V\u00e1lvula bola inoxidable M-H roscada PN63 - Anber","isPartOf":{"@id":"https:\/\/anber.es\/web\/#website"},"datePublished":"2021-05-28T08:03:43+00:00","dateModified":"2025-01-07T11:55:55+00:00","description":"La v\u00e1lvula bola inoxidable M-H (AISI 316) PN63 se usa para abrir y cerrar completamente el paso de fluidos. Instalaci\u00f3n vertical y horizontal.","breadcrumb":{"@id":"https:\/\/anber.es\/web\/producto\/valvula-bola-inoxidable-mh-roscada-pn63\/#breadcrumb"},"inLanguage":"es","potentialAction":[{"@type":"ReadAction","target":["https:\/\/anber.es\/web\/producto\/valvula-bola-inoxidable-mh-roscada-pn63\/"]}]},{"@type":"BreadcrumbList","@id":"https:\/\/anber.es\/web\/producto\/valvula-bola-inoxidable-mh-roscada-pn63\/#breadcrumb","itemListElement":[{"@type":"ListItem","position":1,"name":"Portada","item":"https:\/\/anber.es\/web\/"},{"@type":"ListItem","position":2,"name":"Productos","item":"https:\/\/anber.es\/web\/productos\/"},{"@type":"ListItem","position":3,"name":"V\u00e1lvula bola inoxidable M-H roscada PN63"}]},{"@type":"WebSite","@id":"https:\/\/anber.es\/web\/#website","url":"https:\/\/anber.es\/web\/","name":"Anber","description":"Sistemas de protecci\u00f3n contra incendios","publisher":{"@id":"https:\/\/anber.es\/web\/#organization"},"potentialAction":[{"@type":"SearchAction","target":{"@type":"EntryPoint","urlTemplate":"https:\/\/anber.es\/web\/?s={search_term_string}"},"query-input":"required name=search_term_string"}],"inLanguage":"es"},{"@type":"Organization","@id":"https:\/\/anber.es\/web\/#organization","name":"Anber","url":"https:\/\/anber.es\/web\/","logo":{"@type":"ImageObject","inLanguage":"es","@id":"https:\/\/anber.es\/web\/#\/schema\/logo\/image\/","url":"https:\/\/anber.es\/web\/wp-content\/uploads\/2021\/03\/logo-anber.png","contentUrl":"https:\/\/anber.es\/web\/wp-content\/uploads\/2021\/03\/logo-anber.png","width":2208,"height":500,"caption":"Anber"},"image":{"@id":"https:\/\/anber.es\/web\/#\/schema\/logo\/image\/"}}]}},"_links":{"self":[{"href":"https:\/\/anber.es\/web\/wp-json\/wp\/v2\/product\/3126"}],"collection":[{"href":"https:\/\/anber.es\/web\/wp-json\/wp\/v2\/product"}],"about":[{"href":"https:\/\/anber.es\/web\/wp-json\/wp\/v2\/types\/product"}],"wp:featuredmedia":[{"embeddable":true,"href":"https:\/\/anber.es\/web\/wp-json\/wp\/v2\/media\/9681"}],"wp:attachment":[{"href":"https:\/\/anber.es\/web\/wp-json\/wp\/v2\/media?parent=3126"}],"wp:term":[{"taxonomy":"product_cat","embeddable":true,"href":"https:\/\/anber.es\/web\/wp-json\/wp\/v2\/product_cat?post=3126"},{"taxonomy":"product_tag","embeddable":true,"href":"https:\/\/anber.es\/web\/wp-json\/wp\/v2\/product_tag?post=3126"}],"curies":[{"name":"wp","href":"https:\/\/api.w.org\/{rel}","templated":true}]}}