{"id":3128,"date":"2021-05-28T10:03:47","date_gmt":"2021-05-28T08:03:47","guid":{"rendered":"https:\/\/anber.es\/producto\/ventosa-trifuncional-pn10-16-metalica-d-043\/"},"modified":"2025-11-20T16:06:29","modified_gmt":"2025-11-20T14:06:29","slug":"ventosa-trifuncional-metalica-embridada-pn16","status":"publish","type":"product","link":"https:\/\/anber.es\/web\/producto\/ventosa-trifuncional-metalica-embridada-pn16\/","title":{"rendered":"Ventosa trifuncional met\u00e1lica embridada PN16"},"content":{"rendered":"<p>La<strong> ventosa  trifuncional met\u00e1lica embridada PN16<\/strong> es una v\u00e1lvula con paso completo dise\u00f1ada para optimizar la gesti\u00f3n del aire en sistemas de tuber\u00edas presurizadas.<\/p>\n<p>Combina una <b>v\u00e1lvula de aire y vac\u00edo<\/b>, y una <b>autom\u00e1tica<\/b>.<\/p>\n<p>\u00b7 Rango de presiones: <b>0,1 a 16 bar<\/b>.<br \/>\n\u00b7 Presi\u00f3n de prueba:<b> 24 bar<\/b>.<br \/>\n\u00b7 Temperatura m\u00e1xima de trabajo: <b>60\u00baC<\/b>.<\/p>\n<p>Referencia: VLD043.<\/p>\n<p><a href=\"\/web\/wp-content\/uploads\/2025\/11\/Ficha_tecnica-ventosa_trifuncional_PN16_metalica_D-043.pdf\" target=\"_blank\" rel=\"noopener noreferrer\"><button>Descarga ficha <\/button><\/a><br \/>\n<a class=\"insta-link\" href=\"https:\/\/www.instagram.com\/aqlproteccion\/?hl=es\" target=\"_blank\" rel=\"noopener noreferrer\">Instagram<\/a><\/p>\n","protected":false},"excerpt":{"rendered":"<p>La ventosa  trifuncional met\u00e1lica embridada PN16 es una v\u00e1lvula con paso completo dise\u00f1ada para optimizar la gesti\u00f3n del aire en sistemas de tuber\u00edas presurizadas. Combina una v\u00e1lvula de aire y vac\u00edo, y una autom\u00e1tica.<\/p>\n","protected":false},"featured_media":10062,"template":"","meta":[],"product_cat":[45,83],"product_tag":[215],"yoast_head":"<!-- This site is optimized with the Yoast SEO plugin v22.1 - https:\/\/yoast.com\/wordpress\/plugins\/seo\/ -->\n<title>Ventosa trifuncional met\u00e1lica embridada PN16 - Anber<\/title>\n<meta name=\"description\" content=\"La ventosa trifuncional met\u00e1lica embridada PN16 es una v\u00e1lvula con paso completo dise\u00f1ada para optimizar la gesti\u00f3n del aire en sistemas de tuber\u00edas\" \/>\n<meta name=\"robots\" content=\"index, follow, max-snippet:-1, max-image-preview:large, max-video-preview:-1\" \/>\n<link rel=\"canonical\" href=\"https:\/\/anber.es\/web\/producto\/ventosa-trifuncional-metalica-embridada-pn16\/\" \/>\n<meta property=\"og:locale\" content=\"es_ES\" \/>\n<meta property=\"og:type\" content=\"article\" \/>\n<meta property=\"og:title\" content=\"Ventosa trifuncional met\u00e1lica embridada PN16 - Anber\" \/>\n<meta property=\"og:description\" content=\"La ventosa trifuncional met\u00e1lica embridada PN16 es una v\u00e1lvula con paso completo dise\u00f1ada para optimizar la gesti\u00f3n del aire en sistemas de tuber\u00edas\" \/>\n<meta property=\"og:url\" content=\"https:\/\/anber.es\/web\/producto\/ventosa-trifuncional-metalica-embridada-pn16\/\" \/>\n<meta property=\"og:site_name\" content=\"Anber\" \/>\n<meta property=\"article:modified_time\" content=\"2025-11-20T14:06:29+00:00\" \/>\n<meta property=\"og:image\" content=\"https:\/\/anber.es\/web\/wp-content\/uploads\/2025\/06\/ventosa_trifuncional_PN16_metalica_D-043.webp\" \/>\n\t<meta property=\"og:image:width\" content=\"1000\" \/>\n\t<meta property=\"og:image:height\" content=\"1000\" \/>\n\t<meta property=\"og:image:type\" content=\"image\/webp\" \/>\n<meta name=\"twitter:card\" content=\"summary_large_image\" \/>\n<meta name=\"twitter:label1\" content=\"Tiempo de lectura\" \/>\n\t<meta name=\"twitter:data1\" content=\"1 minuto\" \/>\n<script type=\"application\/ld+json\" class=\"yoast-schema-graph\">{\"@context\":\"https:\/\/schema.org\",\"@graph\":[{\"@type\":\"WebPage\",\"@id\":\"https:\/\/anber.es\/web\/producto\/ventosa-trifuncional-metalica-embridada-pn16\/\",\"url\":\"https:\/\/anber.es\/web\/producto\/ventosa-trifuncional-metalica-embridada-pn16\/\",\"name\":\"Ventosa trifuncional met\u00e1lica embridada PN16 - Anber\",\"isPartOf\":{\"@id\":\"https:\/\/anber.es\/web\/#website\"},\"datePublished\":\"2021-05-28T08:03:47+00:00\",\"dateModified\":\"2025-11-20T14:06:29+00:00\",\"description\":\"La ventosa trifuncional met\u00e1lica embridada PN16 es una v\u00e1lvula con paso completo dise\u00f1ada para optimizar la gesti\u00f3n del aire en sistemas de tuber\u00edas\",\"breadcrumb\":{\"@id\":\"https:\/\/anber.es\/web\/producto\/ventosa-trifuncional-metalica-embridada-pn16\/#breadcrumb\"},\"inLanguage\":\"es\",\"potentialAction\":[{\"@type\":\"ReadAction\",\"target\":[\"https:\/\/anber.es\/web\/producto\/ventosa-trifuncional-metalica-embridada-pn16\/\"]}]},{\"@type\":\"BreadcrumbList\",\"@id\":\"https:\/\/anber.es\/web\/producto\/ventosa-trifuncional-metalica-embridada-pn16\/#breadcrumb\",\"itemListElement\":[{\"@type\":\"ListItem\",\"position\":1,\"name\":\"Portada\",\"item\":\"https:\/\/anber.es\/web\/\"},{\"@type\":\"ListItem\",\"position\":2,\"name\":\"Productos\",\"item\":\"https:\/\/anber.es\/web\/productos\/\"},{\"@type\":\"ListItem\",\"position\":3,\"name\":\"Ventosa trifuncional met\u00e1lica embridada PN16\"}]},{\"@type\":\"WebSite\",\"@id\":\"https:\/\/anber.es\/web\/#website\",\"url\":\"https:\/\/anber.es\/web\/\",\"name\":\"Anber\",\"description\":\"Sistemas de protecci\u00f3n contra incendios\",\"publisher\":{\"@id\":\"https:\/\/anber.es\/web\/#organization\"},\"potentialAction\":[{\"@type\":\"SearchAction\",\"target\":{\"@type\":\"EntryPoint\",\"urlTemplate\":\"https:\/\/anber.es\/web\/?s={search_term_string}\"},\"query-input\":\"required name=search_term_string\"}],\"inLanguage\":\"es\"},{\"@type\":\"Organization\",\"@id\":\"https:\/\/anber.es\/web\/#organization\",\"name\":\"Anber\",\"url\":\"https:\/\/anber.es\/web\/\",\"logo\":{\"@type\":\"ImageObject\",\"inLanguage\":\"es\",\"@id\":\"https:\/\/anber.es\/web\/#\/schema\/logo\/image\/\",\"url\":\"https:\/\/anber.es\/web\/wp-content\/uploads\/2021\/03\/logo-anber.png\",\"contentUrl\":\"https:\/\/anber.es\/web\/wp-content\/uploads\/2021\/03\/logo-anber.png\",\"width\":2208,\"height\":500,\"caption\":\"Anber\"},\"image\":{\"@id\":\"https:\/\/anber.es\/web\/#\/schema\/logo\/image\/\"}}]}<\/script>\n<!-- \/ Yoast SEO plugin. -->","yoast_head_json":{"title":"Ventosa trifuncional met\u00e1lica embridada PN16 - Anber","description":"La ventosa trifuncional met\u00e1lica embridada PN16 es una v\u00e1lvula con paso completo dise\u00f1ada para optimizar la gesti\u00f3n del aire en sistemas de tuber\u00edas","robots":{"index":"index","follow":"follow","max-snippet":"max-snippet:-1","max-image-preview":"max-image-preview:large","max-video-preview":"max-video-preview:-1"},"canonical":"https:\/\/anber.es\/web\/producto\/ventosa-trifuncional-metalica-embridada-pn16\/","og_locale":"es_ES","og_type":"article","og_title":"Ventosa trifuncional met\u00e1lica embridada PN16 - Anber","og_description":"La ventosa trifuncional met\u00e1lica embridada PN16 es una v\u00e1lvula con paso completo dise\u00f1ada para optimizar la gesti\u00f3n del aire en sistemas de tuber\u00edas","og_url":"https:\/\/anber.es\/web\/producto\/ventosa-trifuncional-metalica-embridada-pn16\/","og_site_name":"Anber","article_modified_time":"2025-11-20T14:06:29+00:00","og_image":[{"width":1000,"height":1000,"url":"https:\/\/anber.es\/web\/wp-content\/uploads\/2025\/06\/ventosa_trifuncional_PN16_metalica_D-043.webp","type":"image\/webp"}],"twitter_card":"summary_large_image","twitter_misc":{"Tiempo de lectura":"1 minuto"},"schema":{"@context":"https:\/\/schema.org","@graph":[{"@type":"WebPage","@id":"https:\/\/anber.es\/web\/producto\/ventosa-trifuncional-metalica-embridada-pn16\/","url":"https:\/\/anber.es\/web\/producto\/ventosa-trifuncional-metalica-embridada-pn16\/","name":"Ventosa trifuncional met\u00e1lica embridada PN16 - Anber","isPartOf":{"@id":"https:\/\/anber.es\/web\/#website"},"datePublished":"2021-05-28T08:03:47+00:00","dateModified":"2025-11-20T14:06:29+00:00","description":"La ventosa trifuncional met\u00e1lica embridada PN16 es una v\u00e1lvula con paso completo dise\u00f1ada para optimizar la gesti\u00f3n del aire en sistemas de tuber\u00edas","breadcrumb":{"@id":"https:\/\/anber.es\/web\/producto\/ventosa-trifuncional-metalica-embridada-pn16\/#breadcrumb"},"inLanguage":"es","potentialAction":[{"@type":"ReadAction","target":["https:\/\/anber.es\/web\/producto\/ventosa-trifuncional-metalica-embridada-pn16\/"]}]},{"@type":"BreadcrumbList","@id":"https:\/\/anber.es\/web\/producto\/ventosa-trifuncional-metalica-embridada-pn16\/#breadcrumb","itemListElement":[{"@type":"ListItem","position":1,"name":"Portada","item":"https:\/\/anber.es\/web\/"},{"@type":"ListItem","position":2,"name":"Productos","item":"https:\/\/anber.es\/web\/productos\/"},{"@type":"ListItem","position":3,"name":"Ventosa trifuncional met\u00e1lica embridada PN16"}]},{"@type":"WebSite","@id":"https:\/\/anber.es\/web\/#website","url":"https:\/\/anber.es\/web\/","name":"Anber","description":"Sistemas de protecci\u00f3n contra incendios","publisher":{"@id":"https:\/\/anber.es\/web\/#organization"},"potentialAction":[{"@type":"SearchAction","target":{"@type":"EntryPoint","urlTemplate":"https:\/\/anber.es\/web\/?s={search_term_string}"},"query-input":"required name=search_term_string"}],"inLanguage":"es"},{"@type":"Organization","@id":"https:\/\/anber.es\/web\/#organization","name":"Anber","url":"https:\/\/anber.es\/web\/","logo":{"@type":"ImageObject","inLanguage":"es","@id":"https:\/\/anber.es\/web\/#\/schema\/logo\/image\/","url":"https:\/\/anber.es\/web\/wp-content\/uploads\/2021\/03\/logo-anber.png","contentUrl":"https:\/\/anber.es\/web\/wp-content\/uploads\/2021\/03\/logo-anber.png","width":2208,"height":500,"caption":"Anber"},"image":{"@id":"https:\/\/anber.es\/web\/#\/schema\/logo\/image\/"}}]}},"_links":{"self":[{"href":"https:\/\/anber.es\/web\/wp-json\/wp\/v2\/product\/3128"}],"collection":[{"href":"https:\/\/anber.es\/web\/wp-json\/wp\/v2\/product"}],"about":[{"href":"https:\/\/anber.es\/web\/wp-json\/wp\/v2\/types\/product"}],"wp:featuredmedia":[{"embeddable":true,"href":"https:\/\/anber.es\/web\/wp-json\/wp\/v2\/media\/10062"}],"wp:attachment":[{"href":"https:\/\/anber.es\/web\/wp-json\/wp\/v2\/media?parent=3128"}],"wp:term":[{"taxonomy":"product_cat","embeddable":true,"href":"https:\/\/anber.es\/web\/wp-json\/wp\/v2\/product_cat?post=3128"},{"taxonomy":"product_tag","embeddable":true,"href":"https:\/\/anber.es\/web\/wp-json\/wp\/v2\/product_tag?post=3128"}],"curies":[{"name":"wp","href":"https:\/\/api.w.org\/{rel}","templated":true}]}}