{"id":3130,"date":"2021-05-28T10:03:54","date_gmt":"2021-05-28T08:03:54","guid":{"rendered":"https:\/\/anber.es\/producto\/valvula-angular-de-asiento-para-puestos-de-control-hh\/"},"modified":"2026-03-26T12:38:23","modified_gmt":"2026-03-26T10:38:23","slug":"valvula-angular-de-asiento-para-puestos-de-control-hh","status":"publish","type":"product","link":"https:\/\/anber.es\/web\/producto\/valvula-angular-de-asiento-para-puestos-de-control-hh\/","title":{"rendered":"V\u00e1lvula angular de asiento para puestos de control HH"},"content":{"rendered":"<p>Los componentes de la <strong>v\u00e1lvula angular de asiento para puestos de control<\/strong> est\u00e1n fabricadas con material anticorrosi\u00f3n. <\/p>\n<p><b>Caracter\u00edsticas:<\/b><br \/>\n\u00b7 Baja p\u00e9rdida de carga.<br \/>\n\u00b7 Sellado resistente.<br \/>\n\u00b7 Adecuado para una amplia variedad de aplicaciones.<br \/>\n\u00b7 Conexi\u00f3n de rosca: NPT o BSPT.<br \/>\n\u00b7 Presi\u00f3n m\u00e1xima de trabajo:<b> 14 bar<\/b>.<br \/>\n\u00b7 Presi\u00f3n m\u00e1xima de prueba: 28 bar.<br \/>\n\u00b7 Temperatura m\u00e1xima de trabajo: 100 \u00baC.<\/p>\n<p>Referencia: VH3116.<\/p>\n<p><a href=\"\/web\/wp-content\/uploads\/2021\/05\/Ficha_tecnica-valvula_angular_de_asiento_para_puestos_de_control_HH.pdf\" target=\"_blank\" rel=\"noopener noreferrer\"><button>Descarga ficha<\/button><\/a><br \/>\n<a class=\"insta-link\" href=\"https:\/\/www.instagram.com\/aqlproteccion\/?hl=es\" target=\"_blank\" rel=\"noopener noreferrer\">Instagram<\/a><\/p>\n","protected":false},"excerpt":{"rendered":"<p>Los componentes de la v\u00e1lvula angular de asiento para puestos de control est\u00e1n fabricadas con material anticorrosi\u00f3n. <\/p>\n","protected":false},"featured_media":10108,"template":"","meta":[],"product_cat":[121,119,182,45,216],"product_tag":[215],"yoast_head":"<!-- This site is optimized with the Yoast SEO plugin v22.1 - https:\/\/yoast.com\/wordpress\/plugins\/seo\/ -->\n<title>V\u00e1lvula angular de asiento para puestos de control HH - Anber<\/title>\n<meta name=\"description\" content=\"Los componentes de la v\u00e1lvula angular de asiento para puestos de control est\u00e1n fabricadas con material anticorrosi\u00f3n.\" \/>\n<meta name=\"robots\" content=\"index, follow, max-snippet:-1, max-image-preview:large, max-video-preview:-1\" \/>\n<link rel=\"canonical\" href=\"https:\/\/anber.es\/web\/producto\/valvula-angular-de-asiento-para-puestos-de-control-hh\/\" \/>\n<meta property=\"og:locale\" content=\"es_ES\" \/>\n<meta property=\"og:type\" content=\"article\" \/>\n<meta property=\"og:title\" content=\"V\u00e1lvula angular de asiento para puestos de control HH - Anber\" \/>\n<meta property=\"og:description\" content=\"Los componentes de la v\u00e1lvula angular de asiento para puestos de control est\u00e1n fabricadas con material anticorrosi\u00f3n.\" \/>\n<meta property=\"og:url\" content=\"https:\/\/anber.es\/web\/producto\/valvula-angular-de-asiento-para-puestos-de-control-hh\/\" \/>\n<meta property=\"og:site_name\" content=\"Anber\" \/>\n<meta property=\"article:modified_time\" content=\"2026-03-26T10:38:23+00:00\" \/>\n<meta property=\"og:image\" content=\"https:\/\/anber.es\/web\/wp-content\/uploads\/2025\/07\/valvula_angular_de_asiento_para_puestos_de_control_HH.webp\" \/>\n\t<meta property=\"og:image:width\" content=\"1000\" \/>\n\t<meta property=\"og:image:height\" content=\"1000\" \/>\n\t<meta property=\"og:image:type\" content=\"image\/webp\" \/>\n<meta name=\"twitter:card\" content=\"summary_large_image\" \/>\n<meta name=\"twitter:label1\" content=\"Tiempo de lectura\" \/>\n\t<meta name=\"twitter:data1\" content=\"1 minuto\" \/>\n<script type=\"application\/ld+json\" class=\"yoast-schema-graph\">{\"@context\":\"https:\/\/schema.org\",\"@graph\":[{\"@type\":\"WebPage\",\"@id\":\"https:\/\/anber.es\/web\/producto\/valvula-angular-de-asiento-para-puestos-de-control-hh\/\",\"url\":\"https:\/\/anber.es\/web\/producto\/valvula-angular-de-asiento-para-puestos-de-control-hh\/\",\"name\":\"V\u00e1lvula angular de asiento para puestos de control HH - Anber\",\"isPartOf\":{\"@id\":\"https:\/\/anber.es\/web\/#website\"},\"datePublished\":\"2021-05-28T08:03:54+00:00\",\"dateModified\":\"2026-03-26T10:38:23+00:00\",\"description\":\"Los componentes de la v\u00e1lvula angular de asiento para puestos de control est\u00e1n fabricadas con material anticorrosi\u00f3n.\",\"breadcrumb\":{\"@id\":\"https:\/\/anber.es\/web\/producto\/valvula-angular-de-asiento-para-puestos-de-control-hh\/#breadcrumb\"},\"inLanguage\":\"es\",\"potentialAction\":[{\"@type\":\"ReadAction\",\"target\":[\"https:\/\/anber.es\/web\/producto\/valvula-angular-de-asiento-para-puestos-de-control-hh\/\"]}]},{\"@type\":\"BreadcrumbList\",\"@id\":\"https:\/\/anber.es\/web\/producto\/valvula-angular-de-asiento-para-puestos-de-control-hh\/#breadcrumb\",\"itemListElement\":[{\"@type\":\"ListItem\",\"position\":1,\"name\":\"Portada\",\"item\":\"https:\/\/anber.es\/web\/\"},{\"@type\":\"ListItem\",\"position\":2,\"name\":\"Productos\",\"item\":\"https:\/\/anber.es\/web\/productos\/\"},{\"@type\":\"ListItem\",\"position\":3,\"name\":\"V\u00e1lvula angular de asiento para puestos de control HH\"}]},{\"@type\":\"WebSite\",\"@id\":\"https:\/\/anber.es\/web\/#website\",\"url\":\"https:\/\/anber.es\/web\/\",\"name\":\"Anber\",\"description\":\"Sistemas de protecci\u00f3n contra incendios\",\"publisher\":{\"@id\":\"https:\/\/anber.es\/web\/#organization\"},\"potentialAction\":[{\"@type\":\"SearchAction\",\"target\":{\"@type\":\"EntryPoint\",\"urlTemplate\":\"https:\/\/anber.es\/web\/?s={search_term_string}\"},\"query-input\":\"required name=search_term_string\"}],\"inLanguage\":\"es\"},{\"@type\":\"Organization\",\"@id\":\"https:\/\/anber.es\/web\/#organization\",\"name\":\"Anber\",\"url\":\"https:\/\/anber.es\/web\/\",\"logo\":{\"@type\":\"ImageObject\",\"inLanguage\":\"es\",\"@id\":\"https:\/\/anber.es\/web\/#\/schema\/logo\/image\/\",\"url\":\"https:\/\/anber.es\/web\/wp-content\/uploads\/2021\/03\/logo-anber.png\",\"contentUrl\":\"https:\/\/anber.es\/web\/wp-content\/uploads\/2021\/03\/logo-anber.png\",\"width\":2208,\"height\":500,\"caption\":\"Anber\"},\"image\":{\"@id\":\"https:\/\/anber.es\/web\/#\/schema\/logo\/image\/\"}}]}<\/script>\n<!-- \/ Yoast SEO plugin. -->","yoast_head_json":{"title":"V\u00e1lvula angular de asiento para puestos de control HH - Anber","description":"Los componentes de la v\u00e1lvula angular de asiento para puestos de control est\u00e1n fabricadas con material anticorrosi\u00f3n.","robots":{"index":"index","follow":"follow","max-snippet":"max-snippet:-1","max-image-preview":"max-image-preview:large","max-video-preview":"max-video-preview:-1"},"canonical":"https:\/\/anber.es\/web\/producto\/valvula-angular-de-asiento-para-puestos-de-control-hh\/","og_locale":"es_ES","og_type":"article","og_title":"V\u00e1lvula angular de asiento para puestos de control HH - Anber","og_description":"Los componentes de la v\u00e1lvula angular de asiento para puestos de control est\u00e1n fabricadas con material anticorrosi\u00f3n.","og_url":"https:\/\/anber.es\/web\/producto\/valvula-angular-de-asiento-para-puestos-de-control-hh\/","og_site_name":"Anber","article_modified_time":"2026-03-26T10:38:23+00:00","og_image":[{"width":1000,"height":1000,"url":"https:\/\/anber.es\/web\/wp-content\/uploads\/2025\/07\/valvula_angular_de_asiento_para_puestos_de_control_HH.webp","type":"image\/webp"}],"twitter_card":"summary_large_image","twitter_misc":{"Tiempo de lectura":"1 minuto"},"schema":{"@context":"https:\/\/schema.org","@graph":[{"@type":"WebPage","@id":"https:\/\/anber.es\/web\/producto\/valvula-angular-de-asiento-para-puestos-de-control-hh\/","url":"https:\/\/anber.es\/web\/producto\/valvula-angular-de-asiento-para-puestos-de-control-hh\/","name":"V\u00e1lvula angular de asiento para puestos de control HH - Anber","isPartOf":{"@id":"https:\/\/anber.es\/web\/#website"},"datePublished":"2021-05-28T08:03:54+00:00","dateModified":"2026-03-26T10:38:23+00:00","description":"Los componentes de la v\u00e1lvula angular de asiento para puestos de control est\u00e1n fabricadas con material anticorrosi\u00f3n.","breadcrumb":{"@id":"https:\/\/anber.es\/web\/producto\/valvula-angular-de-asiento-para-puestos-de-control-hh\/#breadcrumb"},"inLanguage":"es","potentialAction":[{"@type":"ReadAction","target":["https:\/\/anber.es\/web\/producto\/valvula-angular-de-asiento-para-puestos-de-control-hh\/"]}]},{"@type":"BreadcrumbList","@id":"https:\/\/anber.es\/web\/producto\/valvula-angular-de-asiento-para-puestos-de-control-hh\/#breadcrumb","itemListElement":[{"@type":"ListItem","position":1,"name":"Portada","item":"https:\/\/anber.es\/web\/"},{"@type":"ListItem","position":2,"name":"Productos","item":"https:\/\/anber.es\/web\/productos\/"},{"@type":"ListItem","position":3,"name":"V\u00e1lvula angular de asiento para puestos de control HH"}]},{"@type":"WebSite","@id":"https:\/\/anber.es\/web\/#website","url":"https:\/\/anber.es\/web\/","name":"Anber","description":"Sistemas de protecci\u00f3n contra incendios","publisher":{"@id":"https:\/\/anber.es\/web\/#organization"},"potentialAction":[{"@type":"SearchAction","target":{"@type":"EntryPoint","urlTemplate":"https:\/\/anber.es\/web\/?s={search_term_string}"},"query-input":"required name=search_term_string"}],"inLanguage":"es"},{"@type":"Organization","@id":"https:\/\/anber.es\/web\/#organization","name":"Anber","url":"https:\/\/anber.es\/web\/","logo":{"@type":"ImageObject","inLanguage":"es","@id":"https:\/\/anber.es\/web\/#\/schema\/logo\/image\/","url":"https:\/\/anber.es\/web\/wp-content\/uploads\/2021\/03\/logo-anber.png","contentUrl":"https:\/\/anber.es\/web\/wp-content\/uploads\/2021\/03\/logo-anber.png","width":2208,"height":500,"caption":"Anber"},"image":{"@id":"https:\/\/anber.es\/web\/#\/schema\/logo\/image\/"}}]}},"_links":{"self":[{"href":"https:\/\/anber.es\/web\/wp-json\/wp\/v2\/product\/3130"}],"collection":[{"href":"https:\/\/anber.es\/web\/wp-json\/wp\/v2\/product"}],"about":[{"href":"https:\/\/anber.es\/web\/wp-json\/wp\/v2\/types\/product"}],"wp:featuredmedia":[{"embeddable":true,"href":"https:\/\/anber.es\/web\/wp-json\/wp\/v2\/media\/10108"}],"wp:attachment":[{"href":"https:\/\/anber.es\/web\/wp-json\/wp\/v2\/media?parent=3130"}],"wp:term":[{"taxonomy":"product_cat","embeddable":true,"href":"https:\/\/anber.es\/web\/wp-json\/wp\/v2\/product_cat?post=3130"},{"taxonomy":"product_tag","embeddable":true,"href":"https:\/\/anber.es\/web\/wp-json\/wp\/v2\/product_tag?post=3130"}],"curies":[{"name":"wp","href":"https:\/\/api.w.org\/{rel}","templated":true}]}}