{"id":3134,"date":"2021-05-28T10:04:03","date_gmt":"2021-05-28T08:04:03","guid":{"rendered":"https:\/\/anber.es\/producto\/valvula-hidraulica-con-electrovalvula-pn16-gal100\/"},"modified":"2026-04-14T11:58:30","modified_gmt":"2026-04-14T09:58:30","slug":"valvula-hidraulica-con-electrovalvula-pn16-gal100","status":"publish","type":"product","link":"https:\/\/anber.es\/web\/producto\/valvula-hidraulica-con-electrovalvula-pn16-gal100\/","title":{"rendered":"Electrov\u00e1lvula PN16"},"content":{"rendered":"<p>La <STRONG> electrov\u00e1lvula PN16<\/STRONG> modelo GAL100, es una v\u00e1lvula equipada con solenoide de tres v\u00eda que, mediante activaci\u00f3n el\u00e9ctrica, permite la apertura o el cierre del paso del fluido.<br \/>\nLa versi\u00f3n est\u00e1ndar se suministra en posici\u00f3n normalmente cerrada 24 VCC (NC). De forma opcional, puede suministrarse en posici\u00f3n normalmente abierta (NO).<\/p>\n<p>\u00b7 <b>Activaci\u00f3n el\u00e9ctrica<\/b>.<br \/>\n\u00b7 Tiempo de respuesta r\u00e1pida.<br \/>\n\u00b7 Dise\u00f1o compacto, fiable y de f\u00e1cil integraci\u00f3n.<br \/>\n\u00b7 Conexi\u00f3n: <b>roscada, embridada o ranurada<\/b>. <\/p>\n<p>*Consultar medidas y conexiones en ficha t\u00e9cnica.<\/p>\n<p>Referencia: VNGAL.<\/p>\n<p><a href=\"\/web\/wp-content\/uploads\/2026\/04\/Ficha_tecnica-electrovalvula_GAL100_PN16.pdf\" target=\"_blank\" rel=\"noopener noreferrer\"><button>Descarga ficha<\/button><\/a><br \/>\n<a class=\"insta-link\" href=\"https:\/\/www.instagram.com\/aqlproteccion\/?hl=es\" target=\"_blank\" rel=\"noopener noreferrer\">Instagram<\/a><\/p>\n","protected":false},"excerpt":{"rendered":"<p>modelo GAL100, es una v\u00e1lvula equipada con solenoide de tres v\u00eda que, mediante activaci\u00f3n el\u00e9ctrica, permite la apertura o el cierre del paso del fluido.<\/p>\n","protected":false},"featured_media":11053,"template":"","meta":[],"product_cat":[45,81],"product_tag":[215],"yoast_head":"<!-- This site is optimized with the Yoast SEO plugin v22.1 - https:\/\/yoast.com\/wordpress\/plugins\/seo\/ -->\n<title>Electrov\u00e1lvula PN16 - Anber<\/title>\n<meta name=\"description\" content=\"La electrov\u00e1lvula es una v\u00e1lvula equipada con solenoide de tres v\u00eda que, mediante activaci\u00f3n el\u00e9ctrica, permite la apertura o el cierre del paso del fluido.\" \/>\n<meta name=\"robots\" content=\"index, follow, max-snippet:-1, max-image-preview:large, max-video-preview:-1\" \/>\n<link rel=\"canonical\" href=\"https:\/\/anber.es\/web\/producto\/valvula-hidraulica-con-electrovalvula-pn16-gal100\/\" \/>\n<meta property=\"og:locale\" content=\"es_ES\" \/>\n<meta property=\"og:type\" content=\"article\" \/>\n<meta property=\"og:title\" content=\"Electrov\u00e1lvula PN16 - Anber\" \/>\n<meta property=\"og:description\" content=\"La electrov\u00e1lvula es una v\u00e1lvula equipada con solenoide de tres v\u00eda que, mediante activaci\u00f3n el\u00e9ctrica, permite la apertura o el cierre del paso del fluido.\" \/>\n<meta property=\"og:url\" content=\"https:\/\/anber.es\/web\/producto\/valvula-hidraulica-con-electrovalvula-pn16-gal100\/\" \/>\n<meta property=\"og:site_name\" content=\"Anber\" \/>\n<meta property=\"article:modified_time\" content=\"2026-04-14T09:58:30+00:00\" \/>\n<meta property=\"og:image\" content=\"https:\/\/anber.es\/web\/wp-content\/uploads\/2026\/04\/electrovalvula_GAL100_PN16.webp\" \/>\n\t<meta property=\"og:image:width\" content=\"1000\" \/>\n\t<meta property=\"og:image:height\" content=\"1000\" \/>\n\t<meta property=\"og:image:type\" content=\"image\/webp\" \/>\n<meta name=\"twitter:card\" content=\"summary_large_image\" \/>\n<meta name=\"twitter:label1\" content=\"Tiempo de lectura\" \/>\n\t<meta name=\"twitter:data1\" content=\"1 minuto\" \/>\n<script type=\"application\/ld+json\" class=\"yoast-schema-graph\">{\"@context\":\"https:\/\/schema.org\",\"@graph\":[{\"@type\":\"WebPage\",\"@id\":\"https:\/\/anber.es\/web\/producto\/valvula-hidraulica-con-electrovalvula-pn16-gal100\/\",\"url\":\"https:\/\/anber.es\/web\/producto\/valvula-hidraulica-con-electrovalvula-pn16-gal100\/\",\"name\":\"Electrov\u00e1lvula PN16 - Anber\",\"isPartOf\":{\"@id\":\"https:\/\/anber.es\/web\/#website\"},\"datePublished\":\"2021-05-28T08:04:03+00:00\",\"dateModified\":\"2026-04-14T09:58:30+00:00\",\"description\":\"La electrov\u00e1lvula es una v\u00e1lvula equipada con solenoide de tres v\u00eda que, mediante activaci\u00f3n el\u00e9ctrica, permite la apertura o el cierre del paso del fluido.\",\"breadcrumb\":{\"@id\":\"https:\/\/anber.es\/web\/producto\/valvula-hidraulica-con-electrovalvula-pn16-gal100\/#breadcrumb\"},\"inLanguage\":\"es\",\"potentialAction\":[{\"@type\":\"ReadAction\",\"target\":[\"https:\/\/anber.es\/web\/producto\/valvula-hidraulica-con-electrovalvula-pn16-gal100\/\"]}]},{\"@type\":\"BreadcrumbList\",\"@id\":\"https:\/\/anber.es\/web\/producto\/valvula-hidraulica-con-electrovalvula-pn16-gal100\/#breadcrumb\",\"itemListElement\":[{\"@type\":\"ListItem\",\"position\":1,\"name\":\"Portada\",\"item\":\"https:\/\/anber.es\/web\/\"},{\"@type\":\"ListItem\",\"position\":2,\"name\":\"Productos\",\"item\":\"https:\/\/anber.es\/web\/productos\/\"},{\"@type\":\"ListItem\",\"position\":3,\"name\":\"Electrov\u00e1lvula PN16\"}]},{\"@type\":\"WebSite\",\"@id\":\"https:\/\/anber.es\/web\/#website\",\"url\":\"https:\/\/anber.es\/web\/\",\"name\":\"Anber\",\"description\":\"Sistemas de protecci\u00f3n contra incendios\",\"publisher\":{\"@id\":\"https:\/\/anber.es\/web\/#organization\"},\"potentialAction\":[{\"@type\":\"SearchAction\",\"target\":{\"@type\":\"EntryPoint\",\"urlTemplate\":\"https:\/\/anber.es\/web\/?s={search_term_string}\"},\"query-input\":\"required name=search_term_string\"}],\"inLanguage\":\"es\"},{\"@type\":\"Organization\",\"@id\":\"https:\/\/anber.es\/web\/#organization\",\"name\":\"Anber\",\"url\":\"https:\/\/anber.es\/web\/\",\"logo\":{\"@type\":\"ImageObject\",\"inLanguage\":\"es\",\"@id\":\"https:\/\/anber.es\/web\/#\/schema\/logo\/image\/\",\"url\":\"https:\/\/anber.es\/web\/wp-content\/uploads\/2021\/03\/logo-anber.png\",\"contentUrl\":\"https:\/\/anber.es\/web\/wp-content\/uploads\/2021\/03\/logo-anber.png\",\"width\":2208,\"height\":500,\"caption\":\"Anber\"},\"image\":{\"@id\":\"https:\/\/anber.es\/web\/#\/schema\/logo\/image\/\"}}]}<\/script>\n<!-- \/ Yoast SEO plugin. -->","yoast_head_json":{"title":"Electrov\u00e1lvula PN16 - Anber","description":"La electrov\u00e1lvula es una v\u00e1lvula equipada con solenoide de tres v\u00eda que, mediante activaci\u00f3n el\u00e9ctrica, permite la apertura o el cierre del paso del fluido.","robots":{"index":"index","follow":"follow","max-snippet":"max-snippet:-1","max-image-preview":"max-image-preview:large","max-video-preview":"max-video-preview:-1"},"canonical":"https:\/\/anber.es\/web\/producto\/valvula-hidraulica-con-electrovalvula-pn16-gal100\/","og_locale":"es_ES","og_type":"article","og_title":"Electrov\u00e1lvula PN16 - Anber","og_description":"La electrov\u00e1lvula es una v\u00e1lvula equipada con solenoide de tres v\u00eda que, mediante activaci\u00f3n el\u00e9ctrica, permite la apertura o el cierre del paso del fluido.","og_url":"https:\/\/anber.es\/web\/producto\/valvula-hidraulica-con-electrovalvula-pn16-gal100\/","og_site_name":"Anber","article_modified_time":"2026-04-14T09:58:30+00:00","og_image":[{"width":1000,"height":1000,"url":"https:\/\/anber.es\/web\/wp-content\/uploads\/2026\/04\/electrovalvula_GAL100_PN16.webp","type":"image\/webp"}],"twitter_card":"summary_large_image","twitter_misc":{"Tiempo de lectura":"1 minuto"},"schema":{"@context":"https:\/\/schema.org","@graph":[{"@type":"WebPage","@id":"https:\/\/anber.es\/web\/producto\/valvula-hidraulica-con-electrovalvula-pn16-gal100\/","url":"https:\/\/anber.es\/web\/producto\/valvula-hidraulica-con-electrovalvula-pn16-gal100\/","name":"Electrov\u00e1lvula PN16 - Anber","isPartOf":{"@id":"https:\/\/anber.es\/web\/#website"},"datePublished":"2021-05-28T08:04:03+00:00","dateModified":"2026-04-14T09:58:30+00:00","description":"La electrov\u00e1lvula es una v\u00e1lvula equipada con solenoide de tres v\u00eda que, mediante activaci\u00f3n el\u00e9ctrica, permite la apertura o el cierre del paso del fluido.","breadcrumb":{"@id":"https:\/\/anber.es\/web\/producto\/valvula-hidraulica-con-electrovalvula-pn16-gal100\/#breadcrumb"},"inLanguage":"es","potentialAction":[{"@type":"ReadAction","target":["https:\/\/anber.es\/web\/producto\/valvula-hidraulica-con-electrovalvula-pn16-gal100\/"]}]},{"@type":"BreadcrumbList","@id":"https:\/\/anber.es\/web\/producto\/valvula-hidraulica-con-electrovalvula-pn16-gal100\/#breadcrumb","itemListElement":[{"@type":"ListItem","position":1,"name":"Portada","item":"https:\/\/anber.es\/web\/"},{"@type":"ListItem","position":2,"name":"Productos","item":"https:\/\/anber.es\/web\/productos\/"},{"@type":"ListItem","position":3,"name":"Electrov\u00e1lvula PN16"}]},{"@type":"WebSite","@id":"https:\/\/anber.es\/web\/#website","url":"https:\/\/anber.es\/web\/","name":"Anber","description":"Sistemas de protecci\u00f3n contra incendios","publisher":{"@id":"https:\/\/anber.es\/web\/#organization"},"potentialAction":[{"@type":"SearchAction","target":{"@type":"EntryPoint","urlTemplate":"https:\/\/anber.es\/web\/?s={search_term_string}"},"query-input":"required name=search_term_string"}],"inLanguage":"es"},{"@type":"Organization","@id":"https:\/\/anber.es\/web\/#organization","name":"Anber","url":"https:\/\/anber.es\/web\/","logo":{"@type":"ImageObject","inLanguage":"es","@id":"https:\/\/anber.es\/web\/#\/schema\/logo\/image\/","url":"https:\/\/anber.es\/web\/wp-content\/uploads\/2021\/03\/logo-anber.png","contentUrl":"https:\/\/anber.es\/web\/wp-content\/uploads\/2021\/03\/logo-anber.png","width":2208,"height":500,"caption":"Anber"},"image":{"@id":"https:\/\/anber.es\/web\/#\/schema\/logo\/image\/"}}]}},"_links":{"self":[{"href":"https:\/\/anber.es\/web\/wp-json\/wp\/v2\/product\/3134"}],"collection":[{"href":"https:\/\/anber.es\/web\/wp-json\/wp\/v2\/product"}],"about":[{"href":"https:\/\/anber.es\/web\/wp-json\/wp\/v2\/types\/product"}],"wp:featuredmedia":[{"embeddable":true,"href":"https:\/\/anber.es\/web\/wp-json\/wp\/v2\/media\/11053"}],"wp:attachment":[{"href":"https:\/\/anber.es\/web\/wp-json\/wp\/v2\/media?parent=3134"}],"wp:term":[{"taxonomy":"product_cat","embeddable":true,"href":"https:\/\/anber.es\/web\/wp-json\/wp\/v2\/product_cat?post=3134"},{"taxonomy":"product_tag","embeddable":true,"href":"https:\/\/anber.es\/web\/wp-json\/wp\/v2\/product_tag?post=3134"}],"curies":[{"name":"wp","href":"https:\/\/api.w.org\/{rel}","templated":true}]}}