{"id":3138,"date":"2021-05-28T10:04:12","date_gmt":"2021-05-28T08:04:12","guid":{"rendered":"https:\/\/anber.es\/producto\/interruptor-de-supervision-para-valvulas-mariposa-y-poste-indicador-pcvs\/"},"modified":"2024-12-30T10:35:41","modified_gmt":"2024-12-30T08:35:41","slug":"interruptor-valvulas-mariposa-y-poste-indicador-wip","status":"publish","type":"product","link":"https:\/\/anber.es\/web\/producto\/interruptor-valvulas-mariposa-y-poste-indicador-wip\/","title":{"rendered":"Interruptor de supervisi\u00f3n para v\u00e1lvulas mariposa y poste indicador WIP"},"content":{"rendered":"<p>El <strong>interruptor de supervisi\u00f3n para v\u00e1lvulas mariposa y poste indicador WIP<\/strong> es un interruptor resistente a la intemperie y a las manipulaciones.<\/p>\n<p>Sirve para dar una se\u00f1al cuando la v\u00e1lvula no est\u00e1 en la posici\u00f3n abierta y se instala en un orificio roscado NPT de 1\/2&#8243; en la v\u00e1lvula correspondiente.<\/p>\n<p>Disponible dos modelos:<br \/>\n  &#8211; Un contacto SPDT.<br \/>\n  &#8211; Dos contactos SPDT.<\/p>\n<p>Referencia: SDWIP.<\/p>\n<p><a href=\"\/web\/wp-content\/uploads\/2024\/12\/Ficha_tecnica-interruptor_valvula_mariposa_poste_WIP1.pdf\" target=\"_blank\" rel=\"noopener noreferrer\"><button>Descarga ficha<\/button><\/a><br \/>\n<a class=\"insta-link\" href=\"https:\/\/www.instagram.com\/aqlproteccion\/?hl=es\" target=\"_blank\" rel=\"noopener noreferrer\">Instagram<\/a><\/p>\n","protected":false},"excerpt":{"rendered":"<p>El interruptor de supervisi\u00f3n para v\u00e1lvulas mariposa y poste indicador WIP es un interruptor resistente a la intemperie y a las manipulaciones.<br \/>\nSirve para dar una se\u00f1al cuando la v\u00e1lvula no est\u00e1 en la posici\u00f3n abierta y se instala en un orificio roscado NPT de 1\/2&#8243; en la v\u00e1lvula correspondiente.<\/p>\n","protected":false},"featured_media":9636,"template":"","meta":[],"product_cat":[237,45,23,57],"product_tag":[215],"yoast_head":"<!-- This site is optimized with the Yoast SEO plugin v22.1 - https:\/\/yoast.com\/wordpress\/plugins\/seo\/ -->\n<title>Interruptor v\u00e1lvulas mariposa y poste indicador WIP<\/title>\n<meta name=\"description\" content=\"El interruptor de supervisi\u00f3n para v\u00e1lvulas mariposa y poste indicador sirve para supervisar la posici\u00f3n de apertura de las v\u00e1lvulas.\" \/>\n<meta name=\"robots\" content=\"index, follow, max-snippet:-1, max-image-preview:large, max-video-preview:-1\" \/>\n<link rel=\"canonical\" href=\"https:\/\/anber.es\/web\/producto\/interruptor-valvulas-mariposa-y-poste-indicador-wip\/\" \/>\n<meta property=\"og:locale\" content=\"es_ES\" \/>\n<meta property=\"og:type\" content=\"article\" \/>\n<meta property=\"og:title\" content=\"Interruptor v\u00e1lvulas mariposa y poste indicador WIP\" \/>\n<meta property=\"og:description\" content=\"El interruptor de supervisi\u00f3n para v\u00e1lvulas mariposa y poste indicador sirve para supervisar la posici\u00f3n de apertura de las v\u00e1lvulas.\" \/>\n<meta property=\"og:url\" content=\"https:\/\/anber.es\/web\/producto\/interruptor-valvulas-mariposa-y-poste-indicador-wip\/\" \/>\n<meta property=\"og:site_name\" content=\"Anber\" \/>\n<meta property=\"article:modified_time\" content=\"2024-12-30T08:35:41+00:00\" \/>\n<meta property=\"og:image\" content=\"https:\/\/anber.es\/web\/wp-content\/uploads\/2024\/12\/interruptor_supervision_mariposa_poste_WIP.webp\" \/>\n\t<meta property=\"og:image:width\" content=\"1000\" \/>\n\t<meta property=\"og:image:height\" content=\"1000\" \/>\n\t<meta property=\"og:image:type\" content=\"image\/webp\" \/>\n<meta name=\"twitter:card\" content=\"summary_large_image\" \/>\n<meta name=\"twitter:label1\" content=\"Tiempo de lectura\" \/>\n\t<meta name=\"twitter:data1\" content=\"1 minuto\" \/>\n<script type=\"application\/ld+json\" class=\"yoast-schema-graph\">{\"@context\":\"https:\/\/schema.org\",\"@graph\":[{\"@type\":\"WebPage\",\"@id\":\"https:\/\/anber.es\/web\/producto\/interruptor-valvulas-mariposa-y-poste-indicador-wip\/\",\"url\":\"https:\/\/anber.es\/web\/producto\/interruptor-valvulas-mariposa-y-poste-indicador-wip\/\",\"name\":\"Interruptor v\u00e1lvulas mariposa y poste indicador WIP\",\"isPartOf\":{\"@id\":\"https:\/\/anber.es\/web\/#website\"},\"datePublished\":\"2021-05-28T08:04:12+00:00\",\"dateModified\":\"2024-12-30T08:35:41+00:00\",\"description\":\"El interruptor de supervisi\u00f3n para v\u00e1lvulas mariposa y poste indicador sirve para supervisar la posici\u00f3n de apertura de las v\u00e1lvulas.\",\"breadcrumb\":{\"@id\":\"https:\/\/anber.es\/web\/producto\/interruptor-valvulas-mariposa-y-poste-indicador-wip\/#breadcrumb\"},\"inLanguage\":\"es\",\"potentialAction\":[{\"@type\":\"ReadAction\",\"target\":[\"https:\/\/anber.es\/web\/producto\/interruptor-valvulas-mariposa-y-poste-indicador-wip\/\"]}]},{\"@type\":\"BreadcrumbList\",\"@id\":\"https:\/\/anber.es\/web\/producto\/interruptor-valvulas-mariposa-y-poste-indicador-wip\/#breadcrumb\",\"itemListElement\":[{\"@type\":\"ListItem\",\"position\":1,\"name\":\"Portada\",\"item\":\"https:\/\/anber.es\/web\/\"},{\"@type\":\"ListItem\",\"position\":2,\"name\":\"Productos\",\"item\":\"https:\/\/anber.es\/web\/productos\/\"},{\"@type\":\"ListItem\",\"position\":3,\"name\":\"Interruptor de supervisi\u00f3n para v\u00e1lvulas mariposa y poste indicador WIP\"}]},{\"@type\":\"WebSite\",\"@id\":\"https:\/\/anber.es\/web\/#website\",\"url\":\"https:\/\/anber.es\/web\/\",\"name\":\"Anber\",\"description\":\"Sistemas de protecci\u00f3n contra incendios\",\"publisher\":{\"@id\":\"https:\/\/anber.es\/web\/#organization\"},\"potentialAction\":[{\"@type\":\"SearchAction\",\"target\":{\"@type\":\"EntryPoint\",\"urlTemplate\":\"https:\/\/anber.es\/web\/?s={search_term_string}\"},\"query-input\":\"required name=search_term_string\"}],\"inLanguage\":\"es\"},{\"@type\":\"Organization\",\"@id\":\"https:\/\/anber.es\/web\/#organization\",\"name\":\"Anber\",\"url\":\"https:\/\/anber.es\/web\/\",\"logo\":{\"@type\":\"ImageObject\",\"inLanguage\":\"es\",\"@id\":\"https:\/\/anber.es\/web\/#\/schema\/logo\/image\/\",\"url\":\"https:\/\/anber.es\/web\/wp-content\/uploads\/2021\/03\/logo-anber.png\",\"contentUrl\":\"https:\/\/anber.es\/web\/wp-content\/uploads\/2021\/03\/logo-anber.png\",\"width\":2208,\"height\":500,\"caption\":\"Anber\"},\"image\":{\"@id\":\"https:\/\/anber.es\/web\/#\/schema\/logo\/image\/\"}}]}<\/script>\n<!-- \/ Yoast SEO plugin. -->","yoast_head_json":{"title":"Interruptor v\u00e1lvulas mariposa y poste indicador WIP","description":"El interruptor de supervisi\u00f3n para v\u00e1lvulas mariposa y poste indicador sirve para supervisar la posici\u00f3n de apertura de las v\u00e1lvulas.","robots":{"index":"index","follow":"follow","max-snippet":"max-snippet:-1","max-image-preview":"max-image-preview:large","max-video-preview":"max-video-preview:-1"},"canonical":"https:\/\/anber.es\/web\/producto\/interruptor-valvulas-mariposa-y-poste-indicador-wip\/","og_locale":"es_ES","og_type":"article","og_title":"Interruptor v\u00e1lvulas mariposa y poste indicador WIP","og_description":"El interruptor de supervisi\u00f3n para v\u00e1lvulas mariposa y poste indicador sirve para supervisar la posici\u00f3n de apertura de las v\u00e1lvulas.","og_url":"https:\/\/anber.es\/web\/producto\/interruptor-valvulas-mariposa-y-poste-indicador-wip\/","og_site_name":"Anber","article_modified_time":"2024-12-30T08:35:41+00:00","og_image":[{"width":1000,"height":1000,"url":"https:\/\/anber.es\/web\/wp-content\/uploads\/2024\/12\/interruptor_supervision_mariposa_poste_WIP.webp","type":"image\/webp"}],"twitter_card":"summary_large_image","twitter_misc":{"Tiempo de lectura":"1 minuto"},"schema":{"@context":"https:\/\/schema.org","@graph":[{"@type":"WebPage","@id":"https:\/\/anber.es\/web\/producto\/interruptor-valvulas-mariposa-y-poste-indicador-wip\/","url":"https:\/\/anber.es\/web\/producto\/interruptor-valvulas-mariposa-y-poste-indicador-wip\/","name":"Interruptor v\u00e1lvulas mariposa y poste indicador WIP","isPartOf":{"@id":"https:\/\/anber.es\/web\/#website"},"datePublished":"2021-05-28T08:04:12+00:00","dateModified":"2024-12-30T08:35:41+00:00","description":"El interruptor de supervisi\u00f3n para v\u00e1lvulas mariposa y poste indicador sirve para supervisar la posici\u00f3n de apertura de las v\u00e1lvulas.","breadcrumb":{"@id":"https:\/\/anber.es\/web\/producto\/interruptor-valvulas-mariposa-y-poste-indicador-wip\/#breadcrumb"},"inLanguage":"es","potentialAction":[{"@type":"ReadAction","target":["https:\/\/anber.es\/web\/producto\/interruptor-valvulas-mariposa-y-poste-indicador-wip\/"]}]},{"@type":"BreadcrumbList","@id":"https:\/\/anber.es\/web\/producto\/interruptor-valvulas-mariposa-y-poste-indicador-wip\/#breadcrumb","itemListElement":[{"@type":"ListItem","position":1,"name":"Portada","item":"https:\/\/anber.es\/web\/"},{"@type":"ListItem","position":2,"name":"Productos","item":"https:\/\/anber.es\/web\/productos\/"},{"@type":"ListItem","position":3,"name":"Interruptor de supervisi\u00f3n para v\u00e1lvulas mariposa y poste indicador WIP"}]},{"@type":"WebSite","@id":"https:\/\/anber.es\/web\/#website","url":"https:\/\/anber.es\/web\/","name":"Anber","description":"Sistemas de protecci\u00f3n contra incendios","publisher":{"@id":"https:\/\/anber.es\/web\/#organization"},"potentialAction":[{"@type":"SearchAction","target":{"@type":"EntryPoint","urlTemplate":"https:\/\/anber.es\/web\/?s={search_term_string}"},"query-input":"required name=search_term_string"}],"inLanguage":"es"},{"@type":"Organization","@id":"https:\/\/anber.es\/web\/#organization","name":"Anber","url":"https:\/\/anber.es\/web\/","logo":{"@type":"ImageObject","inLanguage":"es","@id":"https:\/\/anber.es\/web\/#\/schema\/logo\/image\/","url":"https:\/\/anber.es\/web\/wp-content\/uploads\/2021\/03\/logo-anber.png","contentUrl":"https:\/\/anber.es\/web\/wp-content\/uploads\/2021\/03\/logo-anber.png","width":2208,"height":500,"caption":"Anber"},"image":{"@id":"https:\/\/anber.es\/web\/#\/schema\/logo\/image\/"}}]}},"_links":{"self":[{"href":"https:\/\/anber.es\/web\/wp-json\/wp\/v2\/product\/3138"}],"collection":[{"href":"https:\/\/anber.es\/web\/wp-json\/wp\/v2\/product"}],"about":[{"href":"https:\/\/anber.es\/web\/wp-json\/wp\/v2\/types\/product"}],"wp:featuredmedia":[{"embeddable":true,"href":"https:\/\/anber.es\/web\/wp-json\/wp\/v2\/media\/9636"}],"wp:attachment":[{"href":"https:\/\/anber.es\/web\/wp-json\/wp\/v2\/media?parent=3138"}],"wp:term":[{"taxonomy":"product_cat","embeddable":true,"href":"https:\/\/anber.es\/web\/wp-json\/wp\/v2\/product_cat?post=3138"},{"taxonomy":"product_tag","embeddable":true,"href":"https:\/\/anber.es\/web\/wp-json\/wp\/v2\/product_tag?post=3138"}],"curies":[{"name":"wp","href":"https:\/\/api.w.org\/{rel}","templated":true}]}}