{"id":3146,"date":"2021-05-28T10:04:32","date_gmt":"2021-05-28T08:04:32","guid":{"rendered":"https:\/\/anber.es\/producto\/valvula-de-bola-embridada-pn16-aisi316\/"},"modified":"2024-05-07T17:28:58","modified_gmt":"2024-05-07T15:28:58","slug":"valvula-de-bola-embridada-pn16-aisi316","status":"publish","type":"product","link":"https:\/\/anber.es\/web\/producto\/valvula-de-bola-embridada-pn16-aisi316\/","title":{"rendered":"V\u00e1lvula de bola embridada PN16 inoxidable AISI 316"},"content":{"rendered":"<p>Las <strong>v\u00e1lvulas de bola embridadas <\/strong> de 2 piezas se usan para abrir y cerrar completamente el paso de fluidos.<\/p>\n<p>Se usan para instalaciones de agua fr\u00eda y caliente, vapor, aceite y qu\u00edmicos.<\/p>\n<p>Las v\u00e1lvulas de bola se pueden instalar en vertical y en horizontal. Revisar su estanqueidad de las uniones antes de poner en servicio la instalaci\u00f3n. Seguir las normas locales.<\/p>\n<p>Temperatura de trabajo: -30\u00ba a 180\u00baC.<br \/>\nPresi\u00f3n m\u00e1xima de trabajo: 16 bar.<\/p>\n<p>Referencia: VEINOXBB.<\/p>\n<p><a href=\"\/web\/wp-content\/uploads\/2024\/05\/Ficha_tecnica-valvula_bola_embridada_PN16.pdf\" target=\"_blank\" rel=\"noopener noreferrer\"><button>Descarga ficha<\/button><\/a><br \/>\n<a class=\"insta-link\" href=\"https:\/\/www.instagram.com\/aqlproteccion\/?hl=es\" target=\"_blank\" rel=\"noopener noreferrer\">Instagram<\/a><\/p>\n","protected":false},"excerpt":{"rendered":"<p>Las v\u00e1lvulas de bola embridadas de 2 piezas se usan para abrir y cerrar completamente el paso de fluidos en agua fr\u00eda, caliente, aceite y qu\u00edmicos.<\/p>\n","protected":false},"featured_media":3145,"template":"","meta":[],"product_cat":[225,45],"product_tag":[],"yoast_head":"<!-- This site is optimized with the Yoast SEO plugin v22.1 - https:\/\/yoast.com\/wordpress\/plugins\/seo\/ -->\n<title>V\u00e1lvula de bola embridada PN16 inoxidable AISI 316 - Anber<\/title>\n<meta name=\"description\" content=\"La v\u00e1lvula de bola embridada de 2 piezas se usa para abrir y cerrar completamente el paso de fluidos en agua fr\u00eda, caliente, aceite y qu\u00edmicos\" \/>\n<meta name=\"robots\" content=\"index, follow, max-snippet:-1, max-image-preview:large, max-video-preview:-1\" \/>\n<link rel=\"canonical\" href=\"https:\/\/anber.es\/web\/producto\/valvula-de-bola-embridada-pn16-aisi316\/\" \/>\n<meta property=\"og:locale\" content=\"es_ES\" \/>\n<meta property=\"og:type\" content=\"article\" \/>\n<meta property=\"og:title\" content=\"V\u00e1lvula de bola embridada PN16 inoxidable AISI 316 - Anber\" \/>\n<meta property=\"og:description\" content=\"La v\u00e1lvula de bola embridada de 2 piezas se usa para abrir y cerrar completamente el paso de fluidos en agua fr\u00eda, caliente, aceite y qu\u00edmicos\" \/>\n<meta property=\"og:url\" content=\"https:\/\/anber.es\/web\/producto\/valvula-de-bola-embridada-pn16-aisi316\/\" \/>\n<meta property=\"og:site_name\" content=\"Anber\" \/>\n<meta property=\"article:modified_time\" content=\"2024-05-07T15:28:58+00:00\" \/>\n<meta property=\"og:image\" content=\"https:\/\/anber.es\/web\/wp-content\/uploads\/2021\/05\/valvula_bola_embridada_PN16.png\" \/>\n\t<meta property=\"og:image:width\" content=\"1000\" \/>\n\t<meta property=\"og:image:height\" content=\"1000\" \/>\n\t<meta property=\"og:image:type\" content=\"image\/png\" \/>\n<meta name=\"twitter:card\" content=\"summary_large_image\" \/>\n<meta name=\"twitter:label1\" content=\"Tiempo de lectura\" \/>\n\t<meta name=\"twitter:data1\" content=\"1 minuto\" \/>\n<script type=\"application\/ld+json\" class=\"yoast-schema-graph\">{\"@context\":\"https:\/\/schema.org\",\"@graph\":[{\"@type\":\"WebPage\",\"@id\":\"https:\/\/anber.es\/web\/producto\/valvula-de-bola-embridada-pn16-aisi316\/\",\"url\":\"https:\/\/anber.es\/web\/producto\/valvula-de-bola-embridada-pn16-aisi316\/\",\"name\":\"V\u00e1lvula de bola embridada PN16 inoxidable AISI 316 - Anber\",\"isPartOf\":{\"@id\":\"https:\/\/anber.es\/web\/#website\"},\"datePublished\":\"2021-05-28T08:04:32+00:00\",\"dateModified\":\"2024-05-07T15:28:58+00:00\",\"description\":\"La v\u00e1lvula de bola embridada de 2 piezas se usa para abrir y cerrar completamente el paso de fluidos en agua fr\u00eda, caliente, aceite y qu\u00edmicos\",\"breadcrumb\":{\"@id\":\"https:\/\/anber.es\/web\/producto\/valvula-de-bola-embridada-pn16-aisi316\/#breadcrumb\"},\"inLanguage\":\"es\",\"potentialAction\":[{\"@type\":\"ReadAction\",\"target\":[\"https:\/\/anber.es\/web\/producto\/valvula-de-bola-embridada-pn16-aisi316\/\"]}]},{\"@type\":\"BreadcrumbList\",\"@id\":\"https:\/\/anber.es\/web\/producto\/valvula-de-bola-embridada-pn16-aisi316\/#breadcrumb\",\"itemListElement\":[{\"@type\":\"ListItem\",\"position\":1,\"name\":\"Portada\",\"item\":\"https:\/\/anber.es\/web\/\"},{\"@type\":\"ListItem\",\"position\":2,\"name\":\"Productos\",\"item\":\"https:\/\/anber.es\/web\/productos\/\"},{\"@type\":\"ListItem\",\"position\":3,\"name\":\"V\u00e1lvula de bola embridada PN16 inoxidable AISI 316\"}]},{\"@type\":\"WebSite\",\"@id\":\"https:\/\/anber.es\/web\/#website\",\"url\":\"https:\/\/anber.es\/web\/\",\"name\":\"Anber\",\"description\":\"Sistemas de protecci\u00f3n contra incendios\",\"publisher\":{\"@id\":\"https:\/\/anber.es\/web\/#organization\"},\"potentialAction\":[{\"@type\":\"SearchAction\",\"target\":{\"@type\":\"EntryPoint\",\"urlTemplate\":\"https:\/\/anber.es\/web\/?s={search_term_string}\"},\"query-input\":\"required name=search_term_string\"}],\"inLanguage\":\"es\"},{\"@type\":\"Organization\",\"@id\":\"https:\/\/anber.es\/web\/#organization\",\"name\":\"Anber\",\"url\":\"https:\/\/anber.es\/web\/\",\"logo\":{\"@type\":\"ImageObject\",\"inLanguage\":\"es\",\"@id\":\"https:\/\/anber.es\/web\/#\/schema\/logo\/image\/\",\"url\":\"https:\/\/anber.es\/web\/wp-content\/uploads\/2021\/03\/logo-anber.png\",\"contentUrl\":\"https:\/\/anber.es\/web\/wp-content\/uploads\/2021\/03\/logo-anber.png\",\"width\":2208,\"height\":500,\"caption\":\"Anber\"},\"image\":{\"@id\":\"https:\/\/anber.es\/web\/#\/schema\/logo\/image\/\"}}]}<\/script>\n<!-- \/ Yoast SEO plugin. -->","yoast_head_json":{"title":"V\u00e1lvula de bola embridada PN16 inoxidable AISI 316 - Anber","description":"La v\u00e1lvula de bola embridada de 2 piezas se usa para abrir y cerrar completamente el paso de fluidos en agua fr\u00eda, caliente, aceite y qu\u00edmicos","robots":{"index":"index","follow":"follow","max-snippet":"max-snippet:-1","max-image-preview":"max-image-preview:large","max-video-preview":"max-video-preview:-1"},"canonical":"https:\/\/anber.es\/web\/producto\/valvula-de-bola-embridada-pn16-aisi316\/","og_locale":"es_ES","og_type":"article","og_title":"V\u00e1lvula de bola embridada PN16 inoxidable AISI 316 - Anber","og_description":"La v\u00e1lvula de bola embridada de 2 piezas se usa para abrir y cerrar completamente el paso de fluidos en agua fr\u00eda, caliente, aceite y qu\u00edmicos","og_url":"https:\/\/anber.es\/web\/producto\/valvula-de-bola-embridada-pn16-aisi316\/","og_site_name":"Anber","article_modified_time":"2024-05-07T15:28:58+00:00","og_image":[{"width":1000,"height":1000,"url":"https:\/\/anber.es\/web\/wp-content\/uploads\/2021\/05\/valvula_bola_embridada_PN16.png","type":"image\/png"}],"twitter_card":"summary_large_image","twitter_misc":{"Tiempo de lectura":"1 minuto"},"schema":{"@context":"https:\/\/schema.org","@graph":[{"@type":"WebPage","@id":"https:\/\/anber.es\/web\/producto\/valvula-de-bola-embridada-pn16-aisi316\/","url":"https:\/\/anber.es\/web\/producto\/valvula-de-bola-embridada-pn16-aisi316\/","name":"V\u00e1lvula de bola embridada PN16 inoxidable AISI 316 - Anber","isPartOf":{"@id":"https:\/\/anber.es\/web\/#website"},"datePublished":"2021-05-28T08:04:32+00:00","dateModified":"2024-05-07T15:28:58+00:00","description":"La v\u00e1lvula de bola embridada de 2 piezas se usa para abrir y cerrar completamente el paso de fluidos en agua fr\u00eda, caliente, aceite y qu\u00edmicos","breadcrumb":{"@id":"https:\/\/anber.es\/web\/producto\/valvula-de-bola-embridada-pn16-aisi316\/#breadcrumb"},"inLanguage":"es","potentialAction":[{"@type":"ReadAction","target":["https:\/\/anber.es\/web\/producto\/valvula-de-bola-embridada-pn16-aisi316\/"]}]},{"@type":"BreadcrumbList","@id":"https:\/\/anber.es\/web\/producto\/valvula-de-bola-embridada-pn16-aisi316\/#breadcrumb","itemListElement":[{"@type":"ListItem","position":1,"name":"Portada","item":"https:\/\/anber.es\/web\/"},{"@type":"ListItem","position":2,"name":"Productos","item":"https:\/\/anber.es\/web\/productos\/"},{"@type":"ListItem","position":3,"name":"V\u00e1lvula de bola embridada PN16 inoxidable AISI 316"}]},{"@type":"WebSite","@id":"https:\/\/anber.es\/web\/#website","url":"https:\/\/anber.es\/web\/","name":"Anber","description":"Sistemas de protecci\u00f3n contra incendios","publisher":{"@id":"https:\/\/anber.es\/web\/#organization"},"potentialAction":[{"@type":"SearchAction","target":{"@type":"EntryPoint","urlTemplate":"https:\/\/anber.es\/web\/?s={search_term_string}"},"query-input":"required name=search_term_string"}],"inLanguage":"es"},{"@type":"Organization","@id":"https:\/\/anber.es\/web\/#organization","name":"Anber","url":"https:\/\/anber.es\/web\/","logo":{"@type":"ImageObject","inLanguage":"es","@id":"https:\/\/anber.es\/web\/#\/schema\/logo\/image\/","url":"https:\/\/anber.es\/web\/wp-content\/uploads\/2021\/03\/logo-anber.png","contentUrl":"https:\/\/anber.es\/web\/wp-content\/uploads\/2021\/03\/logo-anber.png","width":2208,"height":500,"caption":"Anber"},"image":{"@id":"https:\/\/anber.es\/web\/#\/schema\/logo\/image\/"}}]}},"_links":{"self":[{"href":"https:\/\/anber.es\/web\/wp-json\/wp\/v2\/product\/3146"}],"collection":[{"href":"https:\/\/anber.es\/web\/wp-json\/wp\/v2\/product"}],"about":[{"href":"https:\/\/anber.es\/web\/wp-json\/wp\/v2\/types\/product"}],"wp:featuredmedia":[{"embeddable":true,"href":"https:\/\/anber.es\/web\/wp-json\/wp\/v2\/media\/3145"}],"wp:attachment":[{"href":"https:\/\/anber.es\/web\/wp-json\/wp\/v2\/media?parent=3146"}],"wp:term":[{"taxonomy":"product_cat","embeddable":true,"href":"https:\/\/anber.es\/web\/wp-json\/wp\/v2\/product_cat?post=3146"},{"taxonomy":"product_tag","embeddable":true,"href":"https:\/\/anber.es\/web\/wp-json\/wp\/v2\/product_tag?post=3146"}],"curies":[{"name":"wp","href":"https:\/\/api.w.org\/{rel}","templated":true}]}}