{"id":3148,"date":"2021-05-28T10:04:37","date_gmt":"2021-05-28T08:04:37","guid":{"rendered":"https:\/\/anber.es\/producto\/detector-de-flujo-atex-vsr-fex\/"},"modified":"2025-01-07T13:05:50","modified_gmt":"2025-01-07T11:05:50","slug":"detector-de-flujo-atex-vsr-fex","status":"publish","type":"product","link":"https:\/\/anber.es\/web\/producto\/detector-de-flujo-atex-vsr-fex\/","title":{"rendered":"Detector de flujo ATEX (VSR-FEX)"},"content":{"rendered":"<p>El <strong>detector de flujo ATEX (VSR-FEX) <\/strong>es un detector de flujo de agua de tipo paleta para usar en sistemas de sprinklers h\u00famedos ubicados en ubicaciones peligrosas. Tambi\u00e9n se puede utilizar como detector de flujo de agua seccional en sistemas grandes.<\/p>\n<p>Contiene <b>dos interruptores de acci\u00f3n r\u00e1pida<\/b>, unipolares, de doble tiro y un retardo neum\u00e1tico ajustable que recicla instant\u00e1neamente. <b>Los interruptores se activan cuando se produce un flujo de 138 Lpm o superior aguas abajo<\/b> del dispositivo. La condici\u00f3n de flujo debe existir durante un per\u00edodo de tiempo necesario para superar el per\u00edodo de retardo seleccionado.<\/p>\n<p>Certificaciones: DEMKO 08 ATEX 0728480X, EN 60079-0:2012+A11:2013, EN 60079-1:2014, EN 60079-31:2014, Ex db IIB T6;  Ex tb IIIC T85\u00b0C Db IP66.<\/p>\n<p>Referencia: SI11132.<\/p>\n<p><a href=\"\/web\/wp-content\/uploads\/2025\/01\/Ficha_tecnica-detector_de_flujo_ATEX.pdf\" target=\"_blank\" rel=\"noopener noreferrer\"><button>Descarga ficha<\/button><\/a><br \/>\n<a class=\"insta-link\" href=\"https:\/\/www.instagram.com\/aqlproteccion\/?hl=es\" target=\"_blank\" rel=\"noopener noreferrer\">Instagram<\/a><\/p>\n","protected":false},"excerpt":{"rendered":"<p>El detector de flujo VSR-FEX es un detector de tipo paleta para usar en sistemas de rociadores h\u00famedos ubicados en ubicaciones peligrosas.<\/p>\n","protected":false},"featured_media":9676,"template":"","meta":[],"product_cat":[23,56],"product_tag":[215],"yoast_head":"<!-- This site is optimized with the Yoast SEO plugin v22.1 - https:\/\/yoast.com\/wordpress\/plugins\/seo\/ -->\n<title>Detector de flujo ATEX (VSR-FEX) - Anber<\/title>\n<meta name=\"description\" content=\"El detector de flujo ATEX es un detector de tipo paleta para usar en sistemas de rociadores h\u00famedos ubicados en ubicaciones peligrosas.\" \/>\n<meta name=\"robots\" content=\"index, follow, max-snippet:-1, max-image-preview:large, max-video-preview:-1\" \/>\n<link rel=\"canonical\" href=\"https:\/\/anber.es\/web\/producto\/detector-de-flujo-atex-vsr-fex\/\" \/>\n<meta property=\"og:locale\" content=\"es_ES\" \/>\n<meta property=\"og:type\" content=\"article\" \/>\n<meta property=\"og:title\" content=\"Detector de flujo ATEX (VSR-FEX) - Anber\" \/>\n<meta property=\"og:description\" content=\"El detector de flujo ATEX es un detector de tipo paleta para usar en sistemas de rociadores h\u00famedos ubicados en ubicaciones peligrosas.\" \/>\n<meta property=\"og:url\" content=\"https:\/\/anber.es\/web\/producto\/detector-de-flujo-atex-vsr-fex\/\" \/>\n<meta property=\"og:site_name\" content=\"Anber\" \/>\n<meta property=\"article:modified_time\" content=\"2025-01-07T11:05:50+00:00\" \/>\n<meta property=\"og:image\" content=\"https:\/\/anber.es\/web\/wp-content\/uploads\/2025\/01\/detector_de_flujo_ATEX.webp\" \/>\n\t<meta property=\"og:image:width\" content=\"1000\" \/>\n\t<meta property=\"og:image:height\" content=\"1000\" \/>\n\t<meta property=\"og:image:type\" content=\"image\/webp\" \/>\n<meta name=\"twitter:card\" content=\"summary_large_image\" \/>\n<meta name=\"twitter:label1\" content=\"Tiempo de lectura\" \/>\n\t<meta name=\"twitter:data1\" content=\"1 minuto\" \/>\n<script type=\"application\/ld+json\" class=\"yoast-schema-graph\">{\"@context\":\"https:\/\/schema.org\",\"@graph\":[{\"@type\":\"WebPage\",\"@id\":\"https:\/\/anber.es\/web\/producto\/detector-de-flujo-atex-vsr-fex\/\",\"url\":\"https:\/\/anber.es\/web\/producto\/detector-de-flujo-atex-vsr-fex\/\",\"name\":\"Detector de flujo ATEX (VSR-FEX) - Anber\",\"isPartOf\":{\"@id\":\"https:\/\/anber.es\/web\/#website\"},\"datePublished\":\"2021-05-28T08:04:37+00:00\",\"dateModified\":\"2025-01-07T11:05:50+00:00\",\"description\":\"El detector de flujo ATEX es un detector de tipo paleta para usar en sistemas de rociadores h\u00famedos ubicados en ubicaciones peligrosas.\",\"breadcrumb\":{\"@id\":\"https:\/\/anber.es\/web\/producto\/detector-de-flujo-atex-vsr-fex\/#breadcrumb\"},\"inLanguage\":\"es\",\"potentialAction\":[{\"@type\":\"ReadAction\",\"target\":[\"https:\/\/anber.es\/web\/producto\/detector-de-flujo-atex-vsr-fex\/\"]}]},{\"@type\":\"BreadcrumbList\",\"@id\":\"https:\/\/anber.es\/web\/producto\/detector-de-flujo-atex-vsr-fex\/#breadcrumb\",\"itemListElement\":[{\"@type\":\"ListItem\",\"position\":1,\"name\":\"Portada\",\"item\":\"https:\/\/anber.es\/web\/\"},{\"@type\":\"ListItem\",\"position\":2,\"name\":\"Productos\",\"item\":\"https:\/\/anber.es\/web\/productos\/\"},{\"@type\":\"ListItem\",\"position\":3,\"name\":\"Detector de flujo ATEX (VSR-FEX)\"}]},{\"@type\":\"WebSite\",\"@id\":\"https:\/\/anber.es\/web\/#website\",\"url\":\"https:\/\/anber.es\/web\/\",\"name\":\"Anber\",\"description\":\"Sistemas de protecci\u00f3n contra incendios\",\"publisher\":{\"@id\":\"https:\/\/anber.es\/web\/#organization\"},\"potentialAction\":[{\"@type\":\"SearchAction\",\"target\":{\"@type\":\"EntryPoint\",\"urlTemplate\":\"https:\/\/anber.es\/web\/?s={search_term_string}\"},\"query-input\":\"required name=search_term_string\"}],\"inLanguage\":\"es\"},{\"@type\":\"Organization\",\"@id\":\"https:\/\/anber.es\/web\/#organization\",\"name\":\"Anber\",\"url\":\"https:\/\/anber.es\/web\/\",\"logo\":{\"@type\":\"ImageObject\",\"inLanguage\":\"es\",\"@id\":\"https:\/\/anber.es\/web\/#\/schema\/logo\/image\/\",\"url\":\"https:\/\/anber.es\/web\/wp-content\/uploads\/2021\/03\/logo-anber.png\",\"contentUrl\":\"https:\/\/anber.es\/web\/wp-content\/uploads\/2021\/03\/logo-anber.png\",\"width\":2208,\"height\":500,\"caption\":\"Anber\"},\"image\":{\"@id\":\"https:\/\/anber.es\/web\/#\/schema\/logo\/image\/\"}}]}<\/script>\n<!-- \/ Yoast SEO plugin. -->","yoast_head_json":{"title":"Detector de flujo ATEX (VSR-FEX) - Anber","description":"El detector de flujo ATEX es un detector de tipo paleta para usar en sistemas de rociadores h\u00famedos ubicados en ubicaciones peligrosas.","robots":{"index":"index","follow":"follow","max-snippet":"max-snippet:-1","max-image-preview":"max-image-preview:large","max-video-preview":"max-video-preview:-1"},"canonical":"https:\/\/anber.es\/web\/producto\/detector-de-flujo-atex-vsr-fex\/","og_locale":"es_ES","og_type":"article","og_title":"Detector de flujo ATEX (VSR-FEX) - Anber","og_description":"El detector de flujo ATEX es un detector de tipo paleta para usar en sistemas de rociadores h\u00famedos ubicados en ubicaciones peligrosas.","og_url":"https:\/\/anber.es\/web\/producto\/detector-de-flujo-atex-vsr-fex\/","og_site_name":"Anber","article_modified_time":"2025-01-07T11:05:50+00:00","og_image":[{"width":1000,"height":1000,"url":"https:\/\/anber.es\/web\/wp-content\/uploads\/2025\/01\/detector_de_flujo_ATEX.webp","type":"image\/webp"}],"twitter_card":"summary_large_image","twitter_misc":{"Tiempo de lectura":"1 minuto"},"schema":{"@context":"https:\/\/schema.org","@graph":[{"@type":"WebPage","@id":"https:\/\/anber.es\/web\/producto\/detector-de-flujo-atex-vsr-fex\/","url":"https:\/\/anber.es\/web\/producto\/detector-de-flujo-atex-vsr-fex\/","name":"Detector de flujo ATEX (VSR-FEX) - Anber","isPartOf":{"@id":"https:\/\/anber.es\/web\/#website"},"datePublished":"2021-05-28T08:04:37+00:00","dateModified":"2025-01-07T11:05:50+00:00","description":"El detector de flujo ATEX es un detector de tipo paleta para usar en sistemas de rociadores h\u00famedos ubicados en ubicaciones peligrosas.","breadcrumb":{"@id":"https:\/\/anber.es\/web\/producto\/detector-de-flujo-atex-vsr-fex\/#breadcrumb"},"inLanguage":"es","potentialAction":[{"@type":"ReadAction","target":["https:\/\/anber.es\/web\/producto\/detector-de-flujo-atex-vsr-fex\/"]}]},{"@type":"BreadcrumbList","@id":"https:\/\/anber.es\/web\/producto\/detector-de-flujo-atex-vsr-fex\/#breadcrumb","itemListElement":[{"@type":"ListItem","position":1,"name":"Portada","item":"https:\/\/anber.es\/web\/"},{"@type":"ListItem","position":2,"name":"Productos","item":"https:\/\/anber.es\/web\/productos\/"},{"@type":"ListItem","position":3,"name":"Detector de flujo ATEX (VSR-FEX)"}]},{"@type":"WebSite","@id":"https:\/\/anber.es\/web\/#website","url":"https:\/\/anber.es\/web\/","name":"Anber","description":"Sistemas de protecci\u00f3n contra incendios","publisher":{"@id":"https:\/\/anber.es\/web\/#organization"},"potentialAction":[{"@type":"SearchAction","target":{"@type":"EntryPoint","urlTemplate":"https:\/\/anber.es\/web\/?s={search_term_string}"},"query-input":"required name=search_term_string"}],"inLanguage":"es"},{"@type":"Organization","@id":"https:\/\/anber.es\/web\/#organization","name":"Anber","url":"https:\/\/anber.es\/web\/","logo":{"@type":"ImageObject","inLanguage":"es","@id":"https:\/\/anber.es\/web\/#\/schema\/logo\/image\/","url":"https:\/\/anber.es\/web\/wp-content\/uploads\/2021\/03\/logo-anber.png","contentUrl":"https:\/\/anber.es\/web\/wp-content\/uploads\/2021\/03\/logo-anber.png","width":2208,"height":500,"caption":"Anber"},"image":{"@id":"https:\/\/anber.es\/web\/#\/schema\/logo\/image\/"}}]}},"_links":{"self":[{"href":"https:\/\/anber.es\/web\/wp-json\/wp\/v2\/product\/3148"}],"collection":[{"href":"https:\/\/anber.es\/web\/wp-json\/wp\/v2\/product"}],"about":[{"href":"https:\/\/anber.es\/web\/wp-json\/wp\/v2\/types\/product"}],"wp:featuredmedia":[{"embeddable":true,"href":"https:\/\/anber.es\/web\/wp-json\/wp\/v2\/media\/9676"}],"wp:attachment":[{"href":"https:\/\/anber.es\/web\/wp-json\/wp\/v2\/media?parent=3148"}],"wp:term":[{"taxonomy":"product_cat","embeddable":true,"href":"https:\/\/anber.es\/web\/wp-json\/wp\/v2\/product_cat?post=3148"},{"taxonomy":"product_tag","embeddable":true,"href":"https:\/\/anber.es\/web\/wp-json\/wp\/v2\/product_tag?post=3148"}],"curies":[{"name":"wp","href":"https:\/\/api.w.org\/{rel}","templated":true}]}}